{"id":2511,"date":"2020-08-13T21:01:09","date_gmt":"2020-08-13T20:01:09","guid":{"rendered":"https:\/\/pharmacima.dz\/?post_type=product&#038;p=2511"},"modified":"2024-09-04T12:53:00","modified_gmt":"2024-09-04T11:53:00","slug":"bioderma-atoderm-intensive-gel-moussant-200ml","status":"publish","type":"product","link":"https:\/\/pharmacima.com\/ar\/product\/bioderma-atoderm-intensive-gel-moussant-200ml\/","title":{"rendered":"\u062c\u0644 \u0627\u062a\u0648\u062f\u064a\u0631\u0645 \u0627\u0644\u0631\u063a\u0648\u064a \u0627\u0644\u0645\u0643\u062b\u0641 200 \u0645\u0644 \u0645\u0646 \u0628\u064a\u0648\u062f\u064a\u0631\u0645\u0627"},"content":{"rendered":"<h2><strong>Description<\/strong><\/h2>\n<div class=\"specifications\">ATODERM INTENSIVE Gel moussant apaise les sensations d&rsquo;inconfort et les irritations et contribue \u00e0 renforcer biologiquement la barri\u00e8re cutan\u00e9e. Convient aussi bien pour l&rsquo;hygi\u00e8ne du corps que du visage.<\/div>\n<div><\/div>\n<div class=\"specifications\">Sans paraben. Sans parfum. Sans savon. Hypoallerg\u00e9nique.<\/div>\n<div><\/div>\n<div>\n<section class=\"row product atoderm\">\n<div class=\"reveal product__buy col-12 col-lg-5 offset-lg-7 col-xl-4 offset-xl-8 grid-offset-gutter revealed\">\n<div class=\"product__tab-content\">\n<p>B\u00c9N\u00c9FICES:<\/p>\n<div class=\"tab-content\">\n<div id=\"benefice\" class=\"tab-pane fade show active\" role=\"tabpanel\" aria-labelledby=\"benefice-tab\">\n<ul>\n<li>Nettoie, relipide, prot\u00e8ge;<\/li>\n<li>Apaise les sensations d&rsquo;inconfort;<\/li>\n<li>Calme les d\u00e9mangeaisons;<\/li>\n<li>Prot\u00e8ge de la s\u00e9cheresse cutan\u00e9e;<\/li>\n<li>Respecte l\u2019\u00e9quilibre de la peau gr\u00e2ce \u00e0 sa base nettoyante surgrasse;<\/li>\n<li>Tr\u00e8s bonne tol\u00e9rance;<\/li>\n<li>Sans savon;<\/li>\n<li>Non parfum\u00e9;<\/li>\n<li>Non com\u00e9dog\u00e8ne.<\/li>\n<\/ul>\n<\/div>\n<\/div>\n<\/div>\n<div class=\"product_price_wrapper\">\n<div class=\"select-wrapper select2\">\n<div id=\"commerce-product-add-to-cart-form\">\n<div id=\"edit-purchased-entity-wrapper\" class=\"field--type-entity-reference field--name-purchased-entity field--widget-bioderma-product-ajax-variation-attributes js-form-wrapper form-wrapper\" data-drupal-selector=\"edit-purchased-entity-wrapper\">\n<div id=\"edit-purchased-entity-0-attributes\" class=\"attribute-widgets js-form-wrapper form-wrapper\" data-drupal-selector=\"edit-purchased-entity-0-attributes\"><\/div>\n<\/div>\n<\/div>\n<\/div>\n<\/div>\n<div class=\"buttons product-actions-icons product-actions-top\">\n<hr>\n<\/div>\n<\/div>\n<\/section>\n<section class=\"section video atoderm product__video reveal anim-fade-in-up revealed\">\n<div class=\"title-dash col-lg-6 offset-lg-4\">\n<h2><\/h2>\n<\/div>\n<\/section>\n<\/div>\n<h2><span style=\"color: #333399\" data-mce-style=\"color: #333399;\"><strong>Conseil d&rsquo;utilisation<\/strong><\/span><\/h2>\n<div class=\"specifications\">1 \u00e0 2 fois par jour, appliquez Atoderm Intensive P Gel moussant sur la peau pr\u00e9alablement mouill\u00e9e. Faites mousser, puis rincez abondamment. S\u00e9chez d\u00e9licatement.<\/div>\n<hr>\n<h2><strong>Composition<\/strong><\/h2>\n<div class=\"specifications\">AQUA\/WATER\/EAU, SODIUM LAURETH SULFATE, LAURYL GLUCOSIDE, PEG-200 HYDROGENATED GLYCERYL PALMATE, DISODIUM EDTA, PEG-7 GLYCERYL COCOATE, MANNITOL, XYLITOL, RHAMNOSE, FRUCTOOLIGOSACCHARIDES, SACCHARIDES, SODIUM CHLORIDE, ZINC SULFATE, COPPER SULFATE, NIACINAMIDE, CITRIC ACID, SODIUM HYDROXIDE. [BI 655]<\/div>\n","protected":false},"excerpt":{"rendered":"<div id=\"woocommerce-tabs\" class=\"woocommerce-tabs wc-tabs-wrapper\">\n<div id=\"tab-description\" class=\"woocommerce-Tabs-panel woocommerce-Tabs-panel--description panel entry-content wc-tab\" role=\"tabpanel\" aria-labelledby=\"tab-title-description\"><\/div>\n<\/div>\n<div id=\"product-related\" class=\"related products tbay-addon tbay-addon-products\">\n<h3><span style=\"color: #333399\" data-mce-style=\"color: #333399;\"><strong>\u062c\u0644 \u0645\u0646\u0638\u0641 \u0644\u0637\u064a\u0641 \u0648\u0645\u0646\u0642\u064a \u0648\u0645\u0636\u0627\u062f \u0644\u0644\u062d\u0643\u0629.<\/strong><\/span><\/h3>\n<p><em><strong>\u0633\u0639\u0629<\/strong><\/em>: 200 \u0645\u0644<\/p>\n<\/div>","protected":false},"featured_media":78444,"comment_status":"open","ping_status":"closed","template":"","meta":{"_acf_changed":false},"product_brand":[],"product_cat":[102,139,147,137],"product_tag":[],"class_list":{"0":"post-2511","1":"product","2":"type-product","3":"status-publish","4":"has-post-thumbnail","6":"product_cat-soin-et-bien-etre","7":"product_cat-corps_","8":"product_cat-enfant_","9":"product_cat-visage","11":"first","12":"outofstock","13":"sale","14":"taxable","15":"shipping-taxable","16":"purchasable","17":"product-type-simple"},"acf":[],"_links":{"self":[{"href":"https:\/\/pharmacima.com\/ar\/wp-json\/wp\/v2\/product\/2511","targetHints":{"allow":["GET"]}}],"collection":[{"href":"https:\/\/pharmacima.com\/ar\/wp-json\/wp\/v2\/product"}],"about":[{"href":"https:\/\/pharmacima.com\/ar\/wp-json\/wp\/v2\/types\/product"}],"replies":[{"embeddable":true,"href":"https:\/\/pharmacima.com\/ar\/wp-json\/wp\/v2\/comments?post=2511"}],"wp:featuredmedia":[{"embeddable":true,"href":"https:\/\/pharmacima.com\/ar\/wp-json\/wp\/v2\/media\/78444"}],"wp:attachment":[{"href":"https:\/\/pharmacima.com\/ar\/wp-json\/wp\/v2\/media?parent=2511"}],"wp:term":[{"taxonomy":"product_brand","embeddable":true,"href":"https:\/\/pharmacima.com\/ar\/wp-json\/wp\/v2\/product_brand?post=2511"},{"taxonomy":"product_cat","embeddable":true,"href":"https:\/\/pharmacima.com\/ar\/wp-json\/wp\/v2\/product_cat?post=2511"},{"taxonomy":"product_tag","embeddable":true,"href":"https:\/\/pharmacima.com\/ar\/wp-json\/wp\/v2\/product_tag?post=2511"}],"curies":[{"name":"wp","href":"https:\/\/api.w.org\/{rel}","templated":true}]}}