{"id":2566,"date":"2020-08-15T00:34:30","date_gmt":"2020-08-14T23:34:30","guid":{"rendered":"https:\/\/pharmacima.dz\/?post_type=product&#038;p=2566"},"modified":"2026-04-23T16:28:18","modified_gmt":"2026-04-23T15:28:18","slug":"bioderma-sebium-gel-moussant","status":"publish","type":"product","link":"https:\/\/pharmacima.com\/ar\/product\/bioderma-sebium-gel-moussant\/","title":{"rendered":"\u062c\u0644 \u0633\u064a\u0628\u064a\u0648\u0645 \u0627\u0644\u0631\u063a\u0648\u064a 200 \u0645\u0644 \u0645\u0646 \u0628\u064a\u0648\u062f\u064a\u0631\u0645\u0627"},"content":{"rendered":"<h1><strong>DESCRIPTION :<\/strong><\/h1>\n<h2>BIODERMA Sebium Gel moussant.<br \/>\nNettoyant purifiant , Peaux mixtes \u00e0 grasses , Non dess\u00e9chant<br \/>\nLe\u00a0<strong>gel moussant Sebium<\/strong>\u00a0est un\u00a0<strong>nettoyant<\/strong>\u00a0qui va purifier la peau tout en la nettoyant.<\/h2>\n<p>Il convient parfaitement aux<strong>\u00a0peaux mixtes \u00e0 grasses<\/strong>\u00a0puisque ce gel moussant va limiter la s\u00e9cr\u00e9tion du s\u00e9bum.<br \/>\nLa base lavante est\u00a0<strong>sans savon<\/strong>, avec une excellente tol\u00e9rance cutan\u00e9e et oculaire.<\/p>\n<p>Le gel va r\u00e9duire le nombre des\u00a0<strong>imperfections<\/strong>.Id\u00e9al pour le nettoyage du visage, le gel moussant S\u00e9bium de Bioderma n&rsquo;a pas les inconv\u00e9nients d&rsquo;un gel classique \u00e0 base de savon. Il ne pique pas et n&rsquo;agresse pas la peau. Il est parfaitement tol\u00e9r\u00e9. Il respecte la couche lipidique du visage et contribue \u00e0 l&rsquo;hygi\u00e8ne au quotidien sans dess\u00e9cher.Gr\u00e2ce \u00e0 S\u00e9bium gel moussant, votre peau est nette et propre et son \u00e9quilibre est conserv\u00e9. Votre s\u00e9ance de soins est un vrai bonheur et vous ne redoutez plus le moment de la toilette.<\/p>\n<p>Vous en profitez comme d&rsquo;une invitation \u00e0 la d\u00e9tente. Le gel moussant S\u00e9bium de Bioderma contient une association unique de cuivre et de zinc, pour une action anti inflammatoire et purifiante.<\/p>\n<p>B\u00c9N\u00c9FICES:<\/p>\n<ul>\n<li>Nettoie en douceur sans ass\u00e9cher<\/li>\n<li>Purifie la peau<\/li>\n<li>Elimine l&rsquo;exc\u00e8s de s\u00e9bum<\/li>\n<\/ul>\n<p>Bonne tol\u00e9rance cutan\u00e9e et oculaire &#8211; Non com\u00e9dog\u00e8ne<\/p>\n<h2><strong>CONSEIL D&rsquo;UTILISATTION :<\/strong><\/h2>\n<p>Comme tous les gels moussants, S\u00e9bium de Bioderma est destin\u00e9 \u00e0 une utilisation pour le nettoyage du visage, matin et soir. Vous n&rsquo;utilisez pas de coton, mais uniquement vos mains pr\u00e9alablement lav\u00e9es pour une application tout en douceur. S\u00e9bium gel moussant est donc \u00e9cologique et pratique \u00e0 la fois.<\/p>\n<p>Attention au rin\u00e7age, qui doit \u00eatre soigneux et au s\u00e9chage de la peau : veillez \u00e0 ne pas agresser l&rsquo;\u00e9piderme en frottant, mais contentez-vous de tapoter la peau. Il est conseill\u00e9 d&rsquo;utiliser une serviette \u00e9ponge douce en coton et de la changer r\u00e9guli\u00e8rement, pour assurer l&rsquo;hygi\u00e8ne de la peau.<\/p>\n<h2><strong>COMPOSITION :<\/strong><\/h2>\n<p>La\u00a0liste\u00a0des\u00a0ingr\u00e9dients\u00a0peut\u00a0\u00eatre\u00a0soumise\u00a0\u00e0\u00a0des\u00a0variations,\u00a0nous\u00a0vous\u00a0conseillons\u00a0de\u00a0toujours\u00a0v\u00e9rifier\u00a0la\u00a0liste\u00a0figurant\u00a0sur\u00a0le\u00a0produit\u00a0achet\u00e9.<\/p>\n<p>Formule INCI :\u00a0Aqua\/Water\/Eau, Sodium Cocoamphoacetate, Sodium Laureth Sulfate, Methylpropanediol, Disodium Edta, Mannitol, Xylitol, Rhamnose, Fructooligosaccharides, Zinc Sulfate, Copper Sulfate, Ginkgo Biloba Leaf Extract, Peg-90 Glyceryl Isostearate, Lactic Acid, Laureth-2, Potassium Sorbate, Sodium Chloride, Propylene Glycol, Sodium Hydroxide, Fragrance (Parfum). [Bi 419]<\/p>\n","protected":false},"excerpt":{"rendered":"<h3><span style=\"color: #99cc00;\">\u0627\u0644\u0645\u0637\u0647\u0631 \u0627\u0644\u0644\u0637\u064a\u0641. \u064a\u0632\u064a\u0644 \u0627\u0644\u0634\u0648\u0627\u0626\u0628\u060c \u0648\u064a\u062a\u062d\u0643\u0645 \u0641\u064a \u0627\u0644\u0644\u0645\u0639\u0627\u0646.<\/span><\/h3>\n<p><em><strong>\u0627\u0644\u0632\u062c\u0627\u062c\u0629: 200 \u0645\u0644.<\/strong><\/em><\/p>","protected":false},"featured_media":105437,"comment_status":"open","ping_status":"closed","template":"","meta":{"_acf_changed":false},"product_brand":[1416],"product_cat":[102,137],"product_tag":[],"class_list":{"0":"post-2566","1":"product","2":"type-product","3":"status-publish","4":"has-post-thumbnail","6":"product_brand-bioderma","7":"product_cat-soin-et-bien-etre","8":"product_cat-visage","9":"pa_contenance_-200_ml","10":"pa_contenance_-500-_ml","12":"first","13":"instock","14":"taxable","15":"shipping-taxable","16":"purchasable","17":"product-type-simple"},"acf":[],"_links":{"self":[{"href":"https:\/\/pharmacima.com\/ar\/wp-json\/wp\/v2\/product\/2566","targetHints":{"allow":["GET"]}}],"collection":[{"href":"https:\/\/pharmacima.com\/ar\/wp-json\/wp\/v2\/product"}],"about":[{"href":"https:\/\/pharmacima.com\/ar\/wp-json\/wp\/v2\/types\/product"}],"replies":[{"embeddable":true,"href":"https:\/\/pharmacima.com\/ar\/wp-json\/wp\/v2\/comments?post=2566"}],"wp:featuredmedia":[{"embeddable":true,"href":"https:\/\/pharmacima.com\/ar\/wp-json\/wp\/v2\/media\/105437"}],"wp:attachment":[{"href":"https:\/\/pharmacima.com\/ar\/wp-json\/wp\/v2\/media?parent=2566"}],"wp:term":[{"taxonomy":"product_brand","embeddable":true,"href":"https:\/\/pharmacima.com\/ar\/wp-json\/wp\/v2\/product_brand?post=2566"},{"taxonomy":"product_cat","embeddable":true,"href":"https:\/\/pharmacima.com\/ar\/wp-json\/wp\/v2\/product_cat?post=2566"},{"taxonomy":"product_tag","embeddable":true,"href":"https:\/\/pharmacima.com\/ar\/wp-json\/wp\/v2\/product_tag?post=2566"}],"curies":[{"name":"wp","href":"https:\/\/api.w.org\/{rel}","templated":true}]}}