{"id":26791,"date":"2023-01-25T15:31:24","date_gmt":"2023-01-25T14:31:24","guid":{"rendered":"https:\/\/pharmacima.dz\/?post_type=product&#038;p=26791"},"modified":"2026-05-09T11:43:16","modified_gmt":"2026-05-09T10:43:16","slug":"test-de-grossesse-precose-digital-clearblue","status":"publish","type":"product","link":"https:\/\/pharmacima.com\/ar\/product\/test-de-grossesse-precose-digital-clearblue\/","title":{"rendered":"\u0627\u062e\u062a\u0628\u0627\u0631 \u0627\u0644\u062d\u0645\u0644 \u0627\u0644\u0643\u0634\u0641 \u0627\u0644\u0645\u0628\u0643\u0631 \u0627\u0644\u0641\u0627\u0626\u0642 \u062f\u064a\u062c\u064a\u062a\u0627\u0644 Clearblue"},"content":{"rendered":"<h2><strong>\u0648\u0635\u0641 :\u00a0<\/strong><\/h2>\n<div class=\"claim-container\">\n<div class=\"claim\">\n<div class=\"claim-text\">\n<h3 class=\"color-dark-blue\"><strong>\u062d\u0633\u0627\u0633 \u062c\u062f\u0627<\/strong><\/h3>\n<p>\u064a\u0643\u0634\u0641 \u0627\u062e\u062a\u0628\u0627\u0631 \u0627\u0644\u062d\u0645\u0644 \u0627\u0644\u0631\u0642\u0645\u064a \u0627\u0644\u0623\u0643\u062b\u0631 \u062d\u0633\u0627\u0633\u064a\u0629 \u0639\u0646 \u0647\u0631\u0645\u0648\u0646 \u0627\u0644\u062d\u0645\u0644\u060c hCG\u060c \u0628\u062d\u0633\u0627\u0633\u064a\u0629 \u062a\u0628\u0644\u063a 10 mIU\/ml.<\/p>\n<\/div>\n<\/div>\n<div class=\"claim\">\n<div class=\"claim-text\">\n<h3 class=\"color-dark-blue\"><strong>\u0641\u064a \u0648\u0642\u062a \u0645\u0628\u0643\u0631 \u062c\u062f\u0627<\/strong><\/h3>\n<p>\u062a\u0638\u0647\u0631 \u0627\u0644\u0646\u062a\u0627\u0626\u062c \u0642\u0628\u0644 6 \u0623\u064a\u0627\u0645 \u0645\u0646 \u062a\u0623\u062e\u0631 \u0627\u0644\u062f\u0648\u0631\u0629 \u0627\u0644\u0634\u0647\u0631\u064a\u0629 (\u0623\u064a \u0642\u0628\u0644 5 \u0623\u064a\u0627\u0645 \u0645\u0646 \u0627\u0644\u0645\u0648\u0639\u062f \u0627\u0644\u0645\u062a\u0648\u0642\u0639 \u0644\u0644\u062f\u0648\u0631\u0629). \u064a\u0645\u0643\u0646 \u0627\u0643\u062a\u0634\u0627\u0641 78 \u062d\u0627\u0644\u0629 \u062d\u0645\u0644 % \u0642\u0628\u0644 6 \u0623\u064a\u0627\u0645 \u0645\u0646 \u063a\u064a\u0627\u0628 \u0627\u0644\u062f\u0648\u0631\u0629 \u0627\u0644\u0634\u0647\u0631\u064a\u0629\u060c \u064893 \u062d\u0627\u0644\u0629 \u062d\u0645\u0644 % \u0642\u0628\u0644 5 \u0623\u064a\u0627\u0645 \u064899 \u062d\u0627\u0644\u0629 \u062d\u0645\u0644 % \u0623\u0648 \u0623\u0643\u062b\u0631 \u0642\u0628\u0644 4 \u0623\u064a\u0627\u0645 \u0645\u0646 \u063a\u064a\u0627\u0628 \u0627\u0644\u062f\u0648\u0631\u0629 \u0627\u0644\u0634\u0647\u0631\u064a\u0629.<\/p>\n<\/div>\n<\/div>\n<div class=\"claim\">\n<div class=\"claim-text\">\n<h3 class=\"color-dark-blue\"><strong>\u0648\u0627\u0636\u062d \u062c\u062f\u0627<\/strong><\/h3>\n<p>\u0627\u0644\u0646\u062a\u064a\u062c\u0629 \u0627\u0644\u0631\u0642\u0645\u064a\u0629 &quot;\u062d\u0627\u0645\u0644&quot; \u0623\u0648 &quot;\u063a\u064a\u0631 \u062d\u0627\u0645\u0644&quot; \u0643\u0627\u0645\u0644\u0629 \u062d\u062a\u0649 \u062a\u0643\u0648\u0646\u064a \u0645\u062a\u0623\u0643\u062f\u0629 \u0623\u0643\u062b\u0631 \u0645\u0646 \u0646\u062a\u064a\u062c\u062a\u0643 \u0627\u0644\u0645\u0628\u0643\u0631\u0629.<\/p>\n<\/div>\n<\/div>\n<div class=\"clearboth\"><\/div>\n<\/div>\n<div class=\"claim\">\n<div class=\"picleft\"><img decoding=\"async\" class=\"left lazyloaded\" src=\"https:\/\/fr.clearblue.com\/sites\/default\/files\/wysiwyg\/products\/features\/CB15-4.gif\" alt=\"\" data-entity-type=\"\" data-entity-uuid=\"\" data-src=\"\/sites\/default\/files\/wysiwyg\/products\/features\/CB15-4.gif\" \/><\/div>\n<div class=\"claim-text\">\n<p class=\"color-dark-blue\"><strong>\u0633\u0647\u0644 \u0627\u0644\u0627\u0633\u062a\u062e\u062f\u0627\u0645 \u0644\u0644\u063a\u0627\u064a\u0629<\/strong><\/p>\n<p>Clearblue Design ergonomique offrant une bonne prise en main, une tige extra-large pour un test facile \u00e0 r\u00e9aliser, et un voyant lumineux unique qui clignote pour vous indiquer quand vous avez recueilli suffisamment d\u2019urine. Le test dispose \u00e9galement de la Technologie Floodguard&#x2122; unique, Clearblue qui facilite le bon d\u00e9roulement du test. Gr\u00e2ce \u00e0 notre indicateur de progression, vous \u00eates rassur\u00e9e tout au long du test, jusqu\u2019\u00e0 l\u2019obtention de votre r\u00e9sultat digital clair en toutes lettres.<\/p>\n<\/div>\n<\/div>\n<div class=\"claim\">\n<div class=\"claim-text\">\n<h3 class=\"color-dark-blue\"><strong>\u0645\u0648\u062b\u0648\u0642 \u0628\u0647 \u0623\u0643\u062b\u0631 \u0645\u0646 99 %<\/strong><\/h3>\n<p>\u0645\u0646 \u0627\u0644\u0645\u0648\u0639\u062f \u0627\u0644\u0645\u062a\u0648\u0642\u0639 \u0644\u0644\u062f\u0648\u0631\u0629 \u0627\u0644\u0634\u0647\u0631\u064a\u0629.<\/p>\n<\/div>\n<\/div>","protected":false},"excerpt":{"rendered":"<h3><span style=\"color: #3366ff;\"><strong>\u0646\u062a\u0627\u0626\u062c \u0648\u0627\u0636\u062d\u0629 \u0643\u0627\u0645\u0644\u0629 \u0642\u0628\u0644 6 \u0623\u064a\u0627\u0645.<\/strong><\/span><\/h3>","protected":false},"featured_media":147910,"comment_status":"open","ping_status":"closed","template":"","meta":{"_acf_changed":false},"product_brand":[1404],"product_cat":[30],"product_tag":[],"class_list":{"0":"post-26791","1":"product","2":"type-product","3":"status-publish","4":"has-post-thumbnail","6":"product_brand-clearblue","7":"product_cat-diagnostic","9":"first","10":"instock","11":"taxable","12":"shipping-taxable","13":"purchasable","14":"product-type-simple"},"acf":[],"_links":{"self":[{"href":"https:\/\/pharmacima.com\/ar\/wp-json\/wp\/v2\/product\/26791","targetHints":{"allow":["GET"]}}],"collection":[{"href":"https:\/\/pharmacima.com\/ar\/wp-json\/wp\/v2\/product"}],"about":[{"href":"https:\/\/pharmacima.com\/ar\/wp-json\/wp\/v2\/types\/product"}],"replies":[{"embeddable":true,"href":"https:\/\/pharmacima.com\/ar\/wp-json\/wp\/v2\/comments?post=26791"}],"wp:featuredmedia":[{"embeddable":true,"href":"https:\/\/pharmacima.com\/ar\/wp-json\/wp\/v2\/media\/147910"}],"wp:attachment":[{"href":"https:\/\/pharmacima.com\/ar\/wp-json\/wp\/v2\/media?parent=26791"}],"wp:term":[{"taxonomy":"product_brand","embeddable":true,"href":"https:\/\/pharmacima.com\/ar\/wp-json\/wp\/v2\/product_brand?post=26791"},{"taxonomy":"product_cat","embeddable":true,"href":"https:\/\/pharmacima.com\/ar\/wp-json\/wp\/v2\/product_cat?post=26791"},{"taxonomy":"product_tag","embeddable":true,"href":"https:\/\/pharmacima.com\/ar\/wp-json\/wp\/v2\/product_tag?post=26791"}],"curies":[{"name":"wp","href":"https:\/\/api.w.org\/{rel}","templated":true}]}}