{"id":28011,"date":"2023-01-29T17:48:34","date_gmt":"2023-01-29T16:48:34","guid":{"rendered":"https:\/\/pharmacima.dz\/?post_type=product&#038;p=28011"},"modified":"2023-08-27T15:08:18","modified_gmt":"2023-08-21T22:11:15","slug":"lipikar-huile-lavante-ap-ecorecharge-400ml-la-roche-posay","status":"publish","type":"product","link":"https:\/\/pharmacima.com\/ar\/product\/lipikar-huile-lavante-ap-ecorecharge-400ml-la-roche-posay\/","title":{"rendered":"\u0632\u064a\u062a \u0644\u064a\u0628\u064a\u0643\u0627\u0631 \u0627\u0644\u0645\u0646\u0638\u0641 AP+ Ecorecharge 400 \u0645\u0644 \u0645\u0646 \u0644\u0627\u0631\u0648\u0634 \u0628\u0648\u0632\u064a\u0647"},"content":{"rendered":"<h2><strong>\u0648\u0635\u0641 :\u00a0<\/strong><\/h2>\n<p>\u064a\u0647\u062f\u0626 \u0639\u0644\u0649 \u0627\u0644\u0641\u0648\u0631\u00a0<strong>\u0623\u062d\u0627\u0633\u064a\u0633 \u0627\u0644\u062d\u0643\u0629<\/strong>\u00a0\u0645\u0646 \u0627\u0644\u062d\u0645\u0627\u0645\u060c \u0645\u0646 \u0627\u0644\u0631\u0636\u0639 \u0625\u0644\u0649 \u0627\u0644\u0628\u0627\u0644\u063a\u064a\u0646.<br \/>\u062a\u0645 \u0627\u062e\u062a\u0628\u0627\u0631\u0647 \u0639\u0644\u0649 \u0627\u0644\u062c\u0644\u062f\u00a0<strong>\u0627\u0644\u0645\u064a\u0644 \u0625\u0644\u0649 \u0627\u0644\u0623\u0643\u0632\u064a\u0645\u0627 \u0627\u0644\u062a\u0623\u062a\u0628\u064a\u0629<\/strong>.<br \/>\u0645\u0646\u0627\u0633\u0628 \u0644\u0641\u0631\u0648\u0629 \u0631\u0623\u0633 \u0627\u0644\u0623\u0637\u0641\u0627\u0644 \u0648\u0627\u0644\u0645\u0646\u0627\u0637\u0642 \u0627\u0644\u062d\u0645\u064a\u0645\u0629.<br \/>\u0644\u0627 \u062a\u0647\u064a\u062c \u0627\u0644\u0639\u064a\u0646\u064a\u0646.<\/p>\n<p>\u064a\u062a\u0645 \u062a\u0639\u0628\u0626\u0629 \u0632\u064a\u062a \u0627\u0644\u062a\u0646\u0638\u064a\u0641 \u0647\u0630\u0627 \u0628\u062a\u0646\u0633\u064a\u0642 ecorefill \u0627\u0644\u0630\u064a \u064a\u062a\u0645 \u0625\u0646\u062a\u0627\u062c\u0647 \u0628\u0627\u0633\u062a\u062e\u062f\u0627\u0645\u00a0<strong>73% \u0623\u0642\u0644 \u0645\u0646 \u0627\u0644\u0628\u0644\u0627\u0633\u062a\u064a\u0643<\/strong>\u00a0\u0645\u0646 \u0627\u0644\u0634\u0643\u0644 \u0627\u0644\u0643\u0644\u0627\u0633\u064a\u0643\u064a.<\/p>\n<h3><strong>\u062e\u0635\u0627\u0626\u0635<\/strong><\/h3>\n<p>\u0632\u064a\u062a \u0627\u0644\u0627\u0633\u062a\u062d\u0645\u0627\u0645<strong>\u00a0<\/strong><strong>\u0644\u064a\u0628\u064a\u0643\u0627\u0631<\/strong><strong>\u00a0<\/strong>\u0647\u0648 \u062d\u0644\u064a\u0641 \u0627\u0644\u0628\u0634\u0631\u0629 \u0627\u0644\u062c\u0627\u0641\u0629 \u0648\u0627\u0644\u0645\u0639\u0631\u0636\u0629 \u0644\u0644\u062a\u0623\u062a\u0628. \u062a\u0631\u0643\u064a\u0628\u062a\u0647 \u062a\u062d\u062a\u0631\u0645 \u062a\u0648\u0627\u0632\u0646 \u0627\u0644\u0645\u064a\u0643\u0631\u0648\u0628\u064a\u0648\u0645 \u0641\u064a \u0627\u0644\u0628\u0634\u0631\u0629\u060c \u0648\u062a\u0639\u064a\u062f \u0627\u0644\u0637\u0628\u0642\u0629 \u0627\u0644\u0647\u064a\u062f\u0631\u0648\u0644\u064a\u0628\u064a\u062f\u064a\u0629:<\/p>\n<p><strong>1\/ \u064a\u062d\u062a\u0631\u0645 \u0645\u064a\u0643\u0631\u0648\u0628\u064a\u0648\u0645 \u0627\u0644\u062c\u0644\u062f<\/strong><br \/>\u0627\u0644\u0645\u064a\u0643\u0631\u0648\u0628\u064a\u0648\u0645 \u0639\u0628\u0627\u0631\u0629 \u0639\u0646 \u0645\u062c\u0645\u0648\u0639\u0629 \u0645\u0646 \u0627\u0644\u0628\u0643\u062a\u064a\u0631\u064a\u0627 \u0627\u0644\u0645\u0648\u062c\u0648\u062f\u0629 \u0639\u0644\u0649 \u0633\u0637\u062d \u0627\u0644\u062c\u0644\u062f \u0648\u0627\u0644\u062a\u064a \u062a\u0633\u0627\u0647\u0645 \u0641\u064a \u0623\u062f\u0627\u0621 \u0648\u0638\u064a\u0641\u062a\u0647 \u0628\u0634\u0643\u0644 \u0633\u0644\u064a\u0645. \u0648\u0639\u0646\u062f\u0645\u0627 \u064a\u0635\u0628\u062d \u063a\u064a\u0631 \u0645\u062a\u0648\u0627\u0632\u0646\u060c \u064a\u0635\u0628\u062d \u0627\u0644\u062c\u0644\u062f \u0623\u0643\u062b\u0631 \u0647\u0634\u0627\u0634\u0629. \u064a\u0633\u0627\u0639\u062f Aqua Pos\u00e6 Filiformis\u060c \u0648\u0647\u0648 \u0645\u0643\u0648\u0646 \u0646\u0634\u0637 \u064a\u062c\u0645\u0639 \u0628\u064a\u0646 \u0645\u064a\u0627\u0647 La Roche-Posay \u0627\u0644\u062d\u0631\u0627\u0631\u064a\u0629 \u0627\u0644\u0645\u0647\u062f\u0626\u0629 \u0648\u0628\u0643\u062a\u064a\u0631\u064a\u0627 Vitreoscilla Filiformis\u060c \u0641\u064a \u0627\u0644\u062d\u0641\u0627\u0638 \u0639\u0644\u0649 \u062a\u0648\u0627\u0632\u0646 \u0627\u0644\u0645\u064a\u0643\u0631\u0648\u0628\u064a\u0648\u0645.<\/p>\n<p><strong>2\/ \u064a\u062d\u0627\u0641\u0638 \u0639\u0644\u0649 \u062d\u0627\u062c\u0632 \u0627\u0644\u062c\u0644\u062f<\/strong><br \/>\u064a\u062d\u062a\u0648\u064a \u0632\u064a\u062a \u062a\u0646\u0638\u064a\u0641 \u0627\u0644\u0628\u0634\u0631\u0629 \u0627\u0644\u062c\u0627\u0641\u0629 \u0647\u0630\u0627 \u0639\u0644\u0649 \u0645\u0643\u0648\u0646\u0627\u062a \u0646\u0634\u0637\u0629 \u0645\u063a\u0630\u064a\u0629 \u0648\u0645\u0647\u062f\u0626\u0629. \u0648\u0628\u0627\u0644\u062a\u0627\u0644\u064a \u062a\u0633\u062a\u0641\u064a\u062f \u0628\u0634\u0631\u062a\u0643 \u0645\u0646 \u0643\u0644 \u0630\u0644\u0643<strong>\u00a0<\/strong><strong>\u0641\u0648\u0627\u0626\u062f \u0632\u0628\u062f\u0629 \u0627\u0644\u0634\u064a\u0627<\/strong>\u060c \u0645\u063a\u0630\u064a\u0629 \u0628\u0634\u0643\u0644 \u0637\u0628\u064a\u0639\u064a \u0648\u062a\u062c\u062f\u064a\u062f \u0627\u0644\u062f\u0647\u0648\u0646. \u0647\u0646\u0627\u0643<strong>\u00a0<\/strong><strong>\u0646\u064a\u0627\u0633\u064a\u0646\u0627\u0645\u064a\u062f<\/strong>\u060c \u0623\u062d\u062f \u0623\u0634\u0643\u0627\u0644 \u0641\u064a\u062a\u0627\u0645\u064a\u0646 \u06283\u060c \u064a\u0642\u0644\u0644 \u0645\u0646 \u0645\u0634\u0627\u0639\u0631 \u0627\u0644\u062a\u0647\u064a\u062c. \u064a\u0645\u0643\u0646 \u0644\u0644\u0641\u064a\u0644\u0645 \u0627\u0644\u0647\u064a\u062f\u0631\u0648\u0644\u064a\u0628\u064a\u062f\u064a \u0627\u0644\u0645\u062d\u0641\u0648\u0638 \u0623\u0646 \u064a\u0644\u0639\u0628 \u062f\u0648\u0631\u0647 \u0628\u0627\u0644\u0643\u0627\u0645\u0644 \u0643\u062d\u0627\u062c\u0632 \u0644\u0644\u0628\u0634\u0631\u0629.<\/p>\n<p><strong>3\/ \u0635\u064a\u063a\u0629 \u0627\u0644\u062a\u0633\u0627\u0645\u062d \u0627\u0644\u0623\u0645\u062b\u0644<\/strong><br \/>\u062a\u0645 \u062a\u0635\u0645\u064a\u0645 \u0632\u064a\u062a \u0627\u0644\u0627\u0633\u062a\u062d\u0645\u0627\u0645 \u0627\u0644\u0645\u062c\u062f\u062f \u0644\u0644\u062f\u0647\u0648\u0646 \u0644\u064a\u0646\u0627\u0633\u0628 \u0628\u0634\u0631\u0629 \u062c\u0645\u064a\u0639 \u0623\u0641\u0631\u0627\u062f \u0627\u0644\u0623\u0633\u0631\u0629.<\/p>\n<h2><strong>\u0627\u0633\u062a\u062e\u062f\u0627\u0645 \u0627\u0644\u0645\u0634\u0648\u0631\u0629:\u00a0<\/strong><\/h2>\n<p>\u0628\u0645\u062c\u0631\u062f \u0623\u0646 \u062a\u0635\u0628\u062d \u0632\u062c\u0627\u062c\u0629 \u0632\u064a\u062a \u0644\u064a\u0628\u064a\u0643\u0627\u0631 \u0627\u0644\u0645\u0646\u0638\u0641 AP+ 400 \u0645\u0644 \u0641\u0627\u0631\u063a\u0629:<br \/>1. \u0642\u0645 \u0628\u0641\u0643 \u0627\u0644\u0645\u0636\u062e\u0629<br \/>2. \u0627\u0633\u062a\u062e\u062f\u0645\u064a \u0632\u064a\u062a Lipikar Cleansing Oil AP+ \u0627\u0644\u0635\u062f\u064a\u0642 \u0644\u0644\u0628\u064a\u0626\u0629 \u0644\u0645\u0644\u0621 \u0627\u0644\u0632\u062c\u0627\u062c\u0629 \u0627\u0644\u0641\u0627\u0631\u063a\u0629<br \/>3. \u0623\u063a\u0644\u0642 \u0627\u0644\u0645\u0636\u062e\u0629<\/p>\n<p>\u0644\u0627 \u062a\u063a\u0633\u0644 \u0627\u0644\u0632\u062c\u0627\u062c\u0629 \u0627\u0644\u0623\u0648\u0644\u064a\u0629 \u0628\u0627\u0644\u0645\u0627\u0621 \u0642\u0628\u0644 \u062a\u0639\u0628\u0626\u062a\u0647\u0627.<br \/>\u0644\u0627 \u062a\u062e\u0644\u0637 \u0645\u0639 \u0627\u0644\u0645\u0646\u062a\u062c\u0627\u062a \u0627\u0644\u0623\u062e\u0631\u0649.<\/p>\n<h2><strong>\u0627\u0644\u062a\u0631\u0643\u064a\u0628\u0629 :\u00a0\u00a0<\/strong><\/h2>\n<p>S-IGFEDIENTS: \u0623\u0643\u0648\u0627 \/ \u0645\u0627\u0621 \/ EAU \u2022 \u062c\u0644\u064a\u0633\u0631\u064a\u0646 \u2022 \u0633\u0643\u0631\u0648\u0632 \u2022 \u0643\u0628\u0631\u064a\u062a\u0627\u062a \u0644\u0648\u0631\u064a\u062b \u0627\u0644\u0635\u0648\u062f\u064a\u0648\u0645 \u2022 \u0643\u0648\u0643\u0648-\u0628\u064a\u062a\u064a \u201cSDI ESSLIFOROIDE-\u2022 \u062a\u062e\u0645\u064a\u0631 \u0641\u064a\u062a\u0631\u064a\u0648\u0633\u064a\u0644\u0627 \u2022- AIACINAMIDE \u2022 PEG-75 \u062c\u0644\u0633\u0631\u064a\u062f\u0627\u062a \u0632\u0628\u062f\u0629 \u0627\u0644\u0634\u064a\u0627 \u2022 POLISTEBRIE* SOMERDATE\u201d \u0639\u0637\u0631 \/ \u0639\u0637\u0631. (\u0631\u0645\u0632 \u0627\u0644\u0633\u0644\u0643: C254947\/1).<\/p>","protected":false},"excerpt":{"rendered":"<ul class=\"obj_pictos\">\n<li class=\"item\"><img decoding=\"async\" src=\"https:\/\/www.laroche-posay.fr\/site\/pages\/showImageResized.aspx?EncMediaId=SUVGU1pkWm15cXZpemZYQTEyN1BPUT09&amp;ImageFormatAppCode=IMAGEFORMAT_ORIGINAL&amp;v=20200113163916&amp;mode=0&amp;ShowCopyRight=False\" alt=\"ImgPicto_Corps\" data-mce-src=\"https:\/\/www.laroche-posay.fr\/site\/pages\/showImageResized.aspx?EncMediaId=SUVGU1pkWm15cXZpemZYQTEyN1BPUT09&amp;ImageFormatAppCode=IMAGEFORMAT_ORIGINAL&amp;v=20200113163916&amp;mode=0&amp;ShowCopyRight=False\"><em>\u0627\u0644\u062c\u0633\u0645<\/em><\/li>\n<li class=\"item\"><img decoding=\"async\" src=\"https:\/\/www.laroche-posay.fr\/site\/pages\/showImageResized.aspx?EncMediaId=NGs1NWtLWnF5MzNOR1lZWGtibFNjZz09&amp;ImageFormatAppCode=IMAGEFORMAT_ORIGINAL&amp;v=20200113163907&amp;mode=0&amp;ShowCopyRight=False\" alt=\"ImgPicto_B\u00e9b\u00e9s, enfants, adultes\" data-mce-src=\"https:\/\/www.laroche-posay.fr\/site\/pages\/showImageResized.aspx?EncMediaId=NGs1NWtLWnF5MzNOR1lZWGtibFNjZz09&amp;ImageFormatAppCode=IMAGEFORMAT_ORIGINAL&amp;v=20200113163907&amp;mode=0&amp;ShowCopyRight=False\"><em>\u0627\u0644\u0631\u0636\u0639 \u0648\u0627\u0644\u0623\u0637\u0641\u0627\u0644 \u0648\u0627\u0644\u0643\u0628\u0627\u0631<\/em><\/li>\n<li class=\"item\"><img decoding=\"async\" src=\"https:\/\/www.laroche-posay.fr\/site\/pages\/showImageResized.aspx?EncMediaId=QkRQa1AxVXNJVWRLY3lhQ0Q2djdBQT09&amp;ImageFormatAppCode=IMAGEFORMAT_ORIGINAL&amp;v=20200113163835&amp;mode=0&amp;ShowCopyRight=False\" alt=\"ImgPicto_ S\u00e9cheresses extr\u00eames, tendance \u00e0 l'ecz\u00e9ma atopique\" data-mce-src=\"https:\/\/www.laroche-posay.fr\/site\/pages\/showImageResized.aspx?EncMediaId=QkRQa1AxVXNJVWRLY3lhQ0Q2djdBQT09&amp;ImageFormatAppCode=IMAGEFORMAT_ORIGINAL&amp;v=20200113163835&amp;mode=0&amp;ShowCopyRight=False\"><em>\u0627\u0644\u062c\u0641\u0627\u0641 \u0627\u0644\u0634\u062f\u064a\u062f\u060c \u0648\u0627\u0644\u0645\u064a\u0644 \u0625\u0644\u0649 \u0627\u0644\u0623\u0643\u0632\u064a\u0645\u0627 \u0627\u0644\u062a\u0623\u062a\u0628\u064a\u0629<\/em><\/li>\n<\/ul>","protected":false},"featured_media":28012,"comment_status":"open","ping_status":"closed","template":"","meta":{"_acf_changed":false},"product_brand":[],"product_cat":[102,139],"product_tag":[742,741,967,858,793,921,957,804,1033],"class_list":{"0":"post-28011","1":"product","2":"type-product","3":"status-publish","4":"has-post-thumbnail","6":"product_cat-soin-et-bien-etre","7":"product_cat-corps_","8":"product_tag-Antidemangeaison","9":"product_tag-Antidessechement","10":"product_tag-CuirChevelure","11":"product_tag-Niacinamide","12":"product_tag-Nourrissant","13":"product_tag-Peauxseches","14":"product_tag-Protecteur","15":"product_tag-SoinApaisant","16":"product_tag-ZoneIntime","18":"first","19":"outofstock","20":"taxable","21":"shipping-taxable","22":"purchasable","23":"product-type-simple"},"acf":[],"_links":{"self":[{"href":"https:\/\/pharmacima.com\/ar\/wp-json\/wp\/v2\/product\/28011","targetHints":{"allow":["GET"]}}],"collection":[{"href":"https:\/\/pharmacima.com\/ar\/wp-json\/wp\/v2\/product"}],"about":[{"href":"https:\/\/pharmacima.com\/ar\/wp-json\/wp\/v2\/types\/product"}],"replies":[{"embeddable":true,"href":"https:\/\/pharmacima.com\/ar\/wp-json\/wp\/v2\/comments?post=28011"}],"wp:featuredmedia":[{"embeddable":true,"href":"https:\/\/pharmacima.com\/ar\/wp-json\/wp\/v2\/media\/28012"}],"wp:attachment":[{"href":"https:\/\/pharmacima.com\/ar\/wp-json\/wp\/v2\/media?parent=28011"}],"wp:term":[{"taxonomy":"product_brand","embeddable":true,"href":"https:\/\/pharmacima.com\/ar\/wp-json\/wp\/v2\/product_brand?post=28011"},{"taxonomy":"product_cat","embeddable":true,"href":"https:\/\/pharmacima.com\/ar\/wp-json\/wp\/v2\/product_cat?post=28011"},{"taxonomy":"product_tag","embeddable":true,"href":"https:\/\/pharmacima.com\/ar\/wp-json\/wp\/v2\/product_tag?post=28011"}],"curies":[{"name":"wp","href":"https:\/\/api.w.org\/{rel}","templated":true}]}}