{"id":34085,"date":"2023-02-12T13:27:39","date_gmt":"2023-02-12T12:27:39","guid":{"rendered":"https:\/\/pharmacima.dz\/?post_type=product&#038;p=34085"},"modified":"2024-02-10T15:25:25","modified_gmt":"2024-02-10T14:25:25","slug":"serum-skinactive-a-lacide-hyaluronique-30ml-garnier","status":"publish","type":"product","link":"https:\/\/pharmacima.com\/ar\/product\/serum-skinactive-a-lacide-hyaluronique-30ml-garnier\/","title":{"rendered":"\u0633\u064a\u0631\u0648\u0645 \u0633\u0643\u064a\u0646 \u0623\u0643\u062a\u064a\u0641 \u0645\u0639 \u062d\u0645\u0636 \u0627\u0644\u0647\u064a\u0627\u0644\u0648\u0631\u0648\u0646\u064a\u0643 30 \u0645\u0644 \u063a\u0627\u0631\u0646\u064a\u064a\u0647"},"content":{"rendered":"<h2><strong>DESCRIPTION :<\/strong><\/h2>\n<p>Le S\u00e9rum hydratant SkinActive \u00e0 l\u2019acide hyaluronique et \u00e0 l\u2019aloe vera de Garnier est le premier s\u00e9rum de Garnier concentr\u00e9 en 3 % de [Glyc\u00e9rine + Acide hyaluronique + Aloe vera]. Il repulpe, hydrate intens\u00e9ment et assouplit la peau apr\u00e8s seulement 1 utilisation ! Notre acide hyaluronique pur est obtenu par fermentation biologique. L\u2019acide hyaluronique est connu pour retenir jusqu\u2019\u00e0 1000x son poids en eau. Le s\u00e9rum contient \u00e9galement de la glyc\u00e9rine, pour un effet d\u2019hydratation suppl\u00e9mentaire. L\u2019aloe vera est r\u00e9put\u00e9 pour ses propri\u00e9t\u00e9s rafra\u00eechissantes et hydratantes. Directement apr\u00e8s l\u2019utilisation du s\u00e9rum, la peau est plus douce, hydrat\u00e9e et visiblement plus saine. Apr\u00e8s un mois d\u2019utilisation, la peau est repulp\u00e9e, plus lisse et a un \u00e9clat sain. Cette formule v\u00e9gane* est adapt\u00e9e aux peaux sensibles et \u00e0 une utilisation quotidienne. Ce s\u00e9rum \u00e0 l\u2019aloe vera et \u00e0 l\u2019acide hyaluronique a une formule v\u00e9gane* et est approuv\u00e9 sans cruaut\u00e9 animale par le programme Leaping Bunny.<\/p>\n<h2><strong>CONSEIL D&rsquo;UTILISATION :\u00a0<\/strong><\/h2>\n<p>Appliquez 1\u00a0pipette enti\u00e8re sur votre visage et le contour de vos yeux propres. Tapotez doucement dans la peau. Appliquez-la matin et soir avant la cr\u00e8me de jour ou de nuit.<\/p>\n<h2 id=\"ingredients\"><strong>COMPOSITION :\u00a0<\/strong><\/h2>\n<p><span data-iopelement=\"AQUA \/ WATER\">AQUA \/ WATER<\/span>\u00a0\u2022\u00a0<span data-iopelement=\"PENTYLENE GLYCOL\">PENTYLENE GLYCOL<\/span>\u00a0\u2022\u00a0<span data-iopelement=\"GLYCERIN\">GLYCERIN<\/span>\u00a0\u2022\u00a0<span data-iopelement=\"PEG\/PPG\/POLYBUTYLENE GLYCOL-8\/5\/3 GLYCERIN\">PEG\/PPG\/POLYBUTYLENE GLYCOL-8\/5\/3 GLYCERIN<\/span>\u00a0\u2022\u00a0<span data-iopelement=\"METHYL GLUCETH-20\">METHYL GLUCETH-20<\/span>\u00a0\u2022\u00a0<span data-iopelement=\"BUTYLENE GLYCOL\">BUTYLENE GLYCOL<\/span>\u00a0\u2022 ALOE BARBADENSIS LEAF JUICE POWDER \u2022\u00a0<span data-iopelement=\"PEG-60 HYDROGENATED CASTOR OIL\">PEG-60 HYDROGENATED CASTOR OIL<\/span>\u00a0\u2022\u00a0<span data-iopelement=\"CARBOMER\">CARBOMER<\/span>\u00a0\u2022\u00a0<span data-iopelement=\"SODIUM HYALURONATE\">SODIUM HYALURONATE<\/span>\u00a0\u2022\u00a0<span data-iopelement=\"SODIUM HYDROXIDE\">SODIUM HYDROXIDE<\/span>\u00a0\u2022\u00a0<span data-iopelement=\"CAPRYLYL GLYCOL\">CAPRYLYL GLYCOL<\/span>\u00a0\u2022 BIOSACCHARIDE GUM-1 \u2022\u00a0<span data-iopelement=\"MALTODEXTRIN\">MALTODEXTRIN<\/span>\u00a0\u2022\u00a0<span data-iopelement=\"PARFUM \/ FRAGRANCE\">PARFUM \/ FRAGRANCE<\/span><\/p>\n","protected":false},"excerpt":{"rendered":"<h3><span style=\"color: #339966\" data-mce-style=\"color: #339966;\"><em><strong>\u064a\u0645\u0644\u0623 \u0627\u0644\u0628\u0634\u0631\u0629 \u0648\u064a\u0631\u0637\u0628\u0647\u0627 \u0628\u0634\u0643\u0644 \u0645\u0643\u062b\u0641 \u0648\u064a\u0646\u0639\u0645\u0647\u0627 \u0628\u0639\u062f \u0627\u0633\u062a\u062e\u062f\u0627\u0645 \u0648\u0627\u062d\u062f \u0641\u0642\u0637!<\/strong><\/em><\/span><\/h3>","protected":false},"featured_media":34087,"comment_status":"open","ping_status":"closed","template":"","meta":{"_acf_changed":false},"product_brand":[],"product_cat":[102,137],"product_tag":[829,1035,1143,785,968,920,913],"class_list":{"0":"post-34085","1":"product","2":"type-product","3":"status-publish","4":"has-post-thumbnail","6":"product_cat-soin-et-bien-etre","7":"product_cat-visage","8":"product_tag-Acidehyaluronique","9":"product_tag-Aloeverra","10":"product_tag-Glycerine","11":"product_tag-Hydratant","12":"product_tag-peaudeshydratee","13":"product_tag-Peauxsensibles","14":"product_tag-serum","16":"first","17":"outofstock","18":"taxable","19":"shipping-taxable","20":"purchasable","21":"product-type-simple"},"acf":[],"_links":{"self":[{"href":"https:\/\/pharmacima.com\/ar\/wp-json\/wp\/v2\/product\/34085","targetHints":{"allow":["GET"]}}],"collection":[{"href":"https:\/\/pharmacima.com\/ar\/wp-json\/wp\/v2\/product"}],"about":[{"href":"https:\/\/pharmacima.com\/ar\/wp-json\/wp\/v2\/types\/product"}],"replies":[{"embeddable":true,"href":"https:\/\/pharmacima.com\/ar\/wp-json\/wp\/v2\/comments?post=34085"}],"wp:featuredmedia":[{"embeddable":true,"href":"https:\/\/pharmacima.com\/ar\/wp-json\/wp\/v2\/media\/34087"}],"wp:attachment":[{"href":"https:\/\/pharmacima.com\/ar\/wp-json\/wp\/v2\/media?parent=34085"}],"wp:term":[{"taxonomy":"product_brand","embeddable":true,"href":"https:\/\/pharmacima.com\/ar\/wp-json\/wp\/v2\/product_brand?post=34085"},{"taxonomy":"product_cat","embeddable":true,"href":"https:\/\/pharmacima.com\/ar\/wp-json\/wp\/v2\/product_cat?post=34085"},{"taxonomy":"product_tag","embeddable":true,"href":"https:\/\/pharmacima.com\/ar\/wp-json\/wp\/v2\/product_tag?post=34085"}],"curies":[{"name":"wp","href":"https:\/\/api.w.org\/{rel}","templated":true}]}}