{"id":3568,"date":"2020-09-23T10:17:32","date_gmt":"2020-09-23T09:17:32","guid":{"rendered":"https:\/\/pharmacima.dz\/?post_type=product&#038;p=3568"},"modified":"2024-07-01T16:16:48","modified_gmt":"2024-07-01T15:16:48","slug":"attache-bavette-10-unites","status":"publish","type":"product","link":"https:\/\/pharmacima.com\/ar\/product\/attache-bavette-10-unites\/","title":{"rendered":"\u0645\u0631\u0641\u0642\u0627\u062a \u0627\u0644\u0645\u0631\u064a\u0644\u0629 10 \u0648\u062d\u062f\u0627\u062a"},"content":{"rendered":"<ol>\n<li>\u0639\u0644\u0627\u0645\u0629 \u062a\u0628\u0648\u064a\u0628 \u0625\u0639\u0627\u062f\u0629 \u0627\u0644\u062a\u0639\u062f\u064a\u0644 \u0644\u0644\u0645\u0631\u0627\u064a\u0644 \u0648\u0627\u0644\u0623\u0642\u0646\u0639\u0629 \u0627\u0644\u0648\u0627\u0642\u064a\u0629.<\/li>\n<li>\u0627\u0644\u0645\u0648\u0627\u062f: \u0628\u0648\u0644\u064a \u0643\u0644\u0648\u0631\u064a\u062f \u0627\u0644\u0641\u064a\u0646\u064a\u0644<\/li>\n<li>\u0627\u0644\u062d\u062c\u0645: \u0639\u0627\u0644\u0645\u064a<\/li>\n<li>\u0627\u0644\u0644\u0648\u0646: \u0645\u062e\u062a\u0644\u0637<\/li>\n<li>\u0635\u0646\u0639 \u064a\u062f\u0648\u064a<\/li>\n<\/ol>","protected":false},"excerpt":{"rendered":"<p>Languette de r\u00e9ajustement pour les bavettes et masques de protection. Mati\u00e8re: en PVC Taille: Universal Couleur: mixte Fait \u00e0 la main<\/p>","protected":false},"featured_media":3569,"comment_status":"open","ping_status":"closed","template":"","meta":{"_acf_changed":false},"product_brand":[],"product_cat":[96],"product_tag":[],"class_list":{"0":"post-3568","1":"product","2":"type-product","3":"status-publish","4":"has-post-thumbnail","6":"product_cat-hygiene-protection","8":"first","9":"outofstock","10":"taxable","11":"shipping-taxable","12":"purchasable","13":"product-type-simple"},"acf":[],"_links":{"self":[{"href":"https:\/\/pharmacima.com\/ar\/wp-json\/wp\/v2\/product\/3568","targetHints":{"allow":["GET"]}}],"collection":[{"href":"https:\/\/pharmacima.com\/ar\/wp-json\/wp\/v2\/product"}],"about":[{"href":"https:\/\/pharmacima.com\/ar\/wp-json\/wp\/v2\/types\/product"}],"replies":[{"embeddable":true,"href":"https:\/\/pharmacima.com\/ar\/wp-json\/wp\/v2\/comments?post=3568"}],"wp:featuredmedia":[{"embeddable":true,"href":"https:\/\/pharmacima.com\/ar\/wp-json\/wp\/v2\/media\/3569"}],"wp:attachment":[{"href":"https:\/\/pharmacima.com\/ar\/wp-json\/wp\/v2\/media?parent=3568"}],"wp:term":[{"taxonomy":"product_brand","embeddable":true,"href":"https:\/\/pharmacima.com\/ar\/wp-json\/wp\/v2\/product_brand?post=3568"},{"taxonomy":"product_cat","embeddable":true,"href":"https:\/\/pharmacima.com\/ar\/wp-json\/wp\/v2\/product_cat?post=3568"},{"taxonomy":"product_tag","embeddable":true,"href":"https:\/\/pharmacima.com\/ar\/wp-json\/wp\/v2\/product_tag?post=3568"}],"curies":[{"name":"wp","href":"https:\/\/api.w.org\/{rel}","templated":true}]}}