{"id":3690,"date":"2020-10-03T20:47:35","date_gmt":"2020-10-03T19:47:35","guid":{"rendered":"https:\/\/pharmacima.dz\/?post_type=product&#038;p=3690"},"modified":"2026-04-22T11:57:05","modified_gmt":"2026-04-22T10:57:05","slug":"minoxidil-2-anti-chute-bailleul","status":"publish","type":"product","link":"https:\/\/pharmacima.com\/ar\/product\/minoxidil-2-anti-chute-bailleul\/","title":{"rendered":"Minoxidil 2% Anti chute Bailleul"},"content":{"rendered":"<h1><strong>\u0648\u0635\u0641 :<\/strong><\/h1>\n<h2 style=\"font-weight: 400;\"><strong style=\"font-style: inherit; font-weight: 600;\">\u062f\u0648\u0627\u0639\u064a \u0627\u0644\u0625\u0633\u062a\u0639\u0645\u0627\u0644:<\/strong><\/h2>\n<h2 style=\"font-weight: 400;\"><span style=\"font-style: inherit; font-weight: inherit;\">\u064a\u0633\u062a\u062e\u062f\u0645 \u0645\u064a\u0646\u0648\u0643\u0633\u064a\u062f\u064a\u0644 2% Bailleul \u0641\u064a \u062d\u0627\u0644\u0627\u062a \u062a\u0633\u0627\u0642\u0637 \u0627\u0644\u0634\u0639\u0631 \u0627\u0644\u0645\u0639\u062a\u062f\u0644 (\u0627\u0644\u062b\u0639\u0644\u0628\u0629 \u0627\u0644\u0623\u0646\u062f\u0631\u0648\u062c\u064a\u0646\u064a\u0629) \u0644\u062f\u0649 \u0627\u0644\u0628\u0627\u0644\u063a\u064a\u0646\u060c \u0627\u0644\u0631\u062c\u0627\u0644 \u0623\u0648 \u0627\u0644\u0646\u0633\u0627\u0621. \u064a\u0639\u0632\u0632 \u0646\u0645\u0648 \u0627\u0644\u0634\u0639\u0631 \u0648\u064a\u062b\u0628\u062a \u0638\u0627\u0647\u0631\u0629 \u062a\u0633\u0627\u0642\u0637 \u0627\u0644\u0634\u0639\u0631.<\/span><\/h2>\n<h2 style=\"font-weight: 400;\"><span style=\"font-style: inherit; font-weight: inherit;\">\u0627\u0644\u0645\u0627\u062f\u0629 \u0627\u0644\u0641\u0639\u0627\u0644\u0629 \u0647\u064a \u0627\u0644\u0645\u064a\u0646\u0648\u0643\u0633\u064a\u062f\u064a\u0644. 100 \u0645\u0644 \u0645\u0646 \u0627\u0644\u0645\u062d\u0644\u0648\u0644 \u064a\u062d\u062a\u0648\u064a \u0639\u0644\u0649 2 \u062c\u0645.<\/span><\/h2>\n<h2 style=\"font-weight: 400;\"><span style=\"font-style: inherit;\">\u0627\u0644\u0645\u0643\u0648\u0646\u0627\u062a \u0627\u0644\u0623\u062e\u0631\u0649 \u0647\u064a: \u0628\u0631\u0648\u0628\u064a\u0644\u064a\u0646 \u062c\u0644\u0627\u064a\u0643\u0648\u0644\u060c \u0625\u064a\u062b\u0627\u0646\u0648\u0644 96%\u060c \u0645\u0627\u0621 \u0646\u0642\u064a.<\/span><\/h2>\n<hr \/>\n<div class=\"desc-longue\">\n<h3><strong><span style=\"color: #1aa9d9;\">\u0644\u0645\u0627\u0630\u0627 \u0646\u0633\u062a\u062e\u062f\u0645 \u0645\u064a\u0646\u0648\u0643\u0633\u064a\u062f\u064a\u0644 2% \u0645\u0646 \u0628\u0627\u064a\u0648\u0644\u061f<\/span><\/strong><\/h3>\n<p>\u064a\u0639\u0627\u0644\u062c \u0645\u062d\u0644\u0648\u0644 \u0645\u064a\u0646\u0648\u0643\u0633\u064a\u062f\u064a\u0644 2% \u0627\u0644\u0635\u0644\u0639 \u0627\u0644\u0648\u0631\u0627\u062b\u064a\u060c \u0623\u064a \u062a\u0633\u0627\u0642\u0637 \u0627\u0644\u0634\u0639\u0631 \u0627\u0644\u0645\u0632\u0645\u0646 \u0628\u0634\u0643\u0644 \u0643\u0628\u064a\u0631 \u0648\u064a\u0648\u0645\u064a\u060c \u0645\u0645\u0627 \u064a\u0624\u062f\u064a \u0625\u0644\u0649 \u0627\u0644\u0635\u0644\u0639\u060c \u0644\u062f\u0649 \u0627\u0644\u0631\u062c\u0627\u0644 \u0648\u0627\u0644\u0646\u0633\u0627\u0621 \u0627\u0644\u0628\u0627\u0644\u063a\u064a\u0646. \u064a\u0645\u0643\u0646 \u0623\u0646 \u062a\u0638\u0647\u0631 \u0647\u0630\u0647 \u0627\u0644\u0633\u0642\u0648\u0637 \u0644\u0623\u0633\u0628\u0627\u0628 \u0645\u062e\u062a\u0644\u0641\u0629: \u0627\u0644\u0639\u0645\u0631\u060c \u0628\u0639\u062f \u0627\u0644\u0648\u0644\u0627\u062f\u0629\u060c \u0623\u062b\u0646\u0627\u0621 \u0627\u0644\u062a\u063a\u064a\u0631\u0627\u062a \u0641\u064a \u0627\u0644\u0645\u0648\u0633\u0645.<\/p>\n<p>\u0627\u0644\u0645\u064a\u0646\u0648\u0643\u0633\u064a\u062f\u064a\u0644 \u0647\u0648 \u0645\u0627\u062f\u0629 \u062a\u0639\u0645\u0644 \u0639\u0646\u062f \u062a\u0637\u0628\u064a\u0642\u0647\u0627 \u0645\u0628\u0627\u0634\u0631\u0629 \u0639\u0644\u0649 \u0641\u0631\u0648\u0629 \u0627\u0644\u0631\u0623\u0633 \u0639\u0644\u0649 \u062a\u062d\u0641\u064a\u0632 \u0646\u0645\u0648 \u0627\u0644\u0634\u0639\u0631 \u0648\u062a\u0633\u0627\u0639\u062f \u0639\u0644\u0649 \u0625\u0628\u0637\u0627\u0621 \u062a\u0633\u0627\u0642\u0637 \u0627\u0644\u0634\u0639\u0631. \u064a\u0633\u062a\u062e\u062f\u0645 \u0627\u0644\u0645\u064a\u0646\u0648\u0643\u0633\u064a\u062f\u064a\u0644 \u0628\u062c\u0631\u0639\u0629 2% \u0641\u064a \u0639\u0644\u0627\u062c \u062a\u0633\u0627\u0642\u0637 \u0627\u0644\u0634\u0639\u0631 \u0630\u0648 \u0627\u0644\u0623\u0635\u0644 \u0627\u0644\u0647\u0631\u0645\u0648\u0646\u064a\u060c \u0623\u064a \u0641\u064a \u062d\u0627\u0644\u0627\u062a \u0627\u0644\u062b\u0639\u0644\u0628\u0629 \u0627\u0644\u0623\u0646\u062f\u0631\u0648\u062c\u064a\u0646\u064a\u0629 \u0641\u0642\u0637.<\/p>\n<hr \/>\n<h2><span style=\"color: #0f5985;\">\u0643\u064a\u0641\u064a\u0629 \u062a\u0637\u0628\u064a\u0642 \u0645\u064a\u0646\u0648\u0643\u0633\u064a\u062f\u064a\u0644 2% \u0645\u0646 \u0628\u0627\u064a\u0648\u0644\u061f<\/span><\/h2>\n<p>\u0636\u0639\u064a \u062c\u0631\u0639\u0629 \u0648\u0627\u062d\u062f\u0629 \u0645\u0646 1 \u0645\u0644 \u0645\u0631\u062a\u064a\u0646 \u064a\u0648\u0645\u064a\u064b\u0627 \u0639\u0644\u0649 \u0641\u0631\u0648\u0629 \u0627\u0644\u0631\u0623\u0633\u060c \u0628\u062f\u0621\u064b\u0627 \u0645\u0646 \u0645\u0646\u062a\u0635\u0641 \u0627\u0644\u0645\u0646\u0637\u0642\u0629 \u0627\u0644\u0645\u0635\u0627\u0628\u0629. \u0627\u0646\u0634\u0631 \u0627\u0644\u0645\u0646\u062a\u062c \u0628\u0623\u0637\u0631\u0627\u0641 \u0623\u0635\u0627\u0628\u0639\u0643 \u0644\u062a\u063a\u0637\u064a\u0629 \u0627\u0644\u0645\u0646\u0637\u0642\u0629 \u0628\u0623\u0643\u0645\u0644\u0647\u0627.<\/p>\n<p><u>\u0627\u062d\u062a\u064a\u0627\u0637\u0627\u062a \u0627\u0644\u0639\u0645\u0644<\/u> : La dose de 1 ml doit \u00eatre respect\u00e9e quelle que soit la surface de la zone \u00e0 traiter. La dose quotidienne ne doit pas d\u00e9passer 2 ml. Avant et apr\u00e8s l&rsquo;application de la solution\u00a0 lavez-vous soigneusement les mains. Appliquez sur des cheveux et un cuir chevelu parfaitement secs.<\/p>\n<hr \/>\n<h2><span style=\"color: #638dad;\"><strong>\u0645\u0642\u062a\u0637\u0641 \u0645\u0646 \u0646\u0634\u0631\u0629 \u062d\u0632\u0645\u0629 \u0645\u064a\u0646\u0648\u0643\u0633\u064a\u062f\u064a\u0644 2%<\/strong><\/span><\/h2>\n<h3>\u062f\u0648\u0627\u0639\u064a \u0627\u0633\u062a\u0639\u0645\u0627\u0644 \u0645\u064a\u0646\u0648\u0643\u0633\u064a\u062f\u064a\u0644 \u0628\u0627\u064a\u0648\u0644 2%<\/h3>\n<p>Ce m\u00e9dicament \u00e0 base de est indiqu\u00e9 en cas de chute de cheveux mod\u00e9r\u00e9e ou alop\u00e9cie androg\u00e9n\u00e9tique de l&rsquo;adulte, homme ou femme. Il favorise la pousse des cheveux et stabilise le ph\u00e9nom\u00e8ne de chute.<\/p>\n<h3>\u062c\u0631\u0639\u0629 \u0645\u064a\u0646\u0648\u0643\u0633\u064a\u062f\u064a\u0644 2% \u0628\u0627\u064a\u0648\u0644<\/h3>\n<p>Appliquer 2 fois par jour une dose de 1 ml du spray Bailleul sur le cuir chevelu en prenant pour point de d\u00e9part le centre de la zone \u00e0 traiter. Cette dose doit \u00eatre respect\u00e9e quelle que soit l&rsquo;\u00e9tendue de la zone concern\u00e9e.La dose quotidienne totale ne doit pas d\u00e9passer 2 ml.<\/p>\n<p>\u0642\u0645 \u0628\u062a\u0648\u0632\u064a\u0639 \u0627\u0644\u0645\u0646\u062a\u062c \u0628\u0623\u0637\u0631\u0627\u0641 \u0623\u0635\u0627\u0628\u0639\u0643 \u0644\u062a\u063a\u0637\u064a\u0629 \u0627\u0644\u0645\u0646\u0637\u0642\u0629 \u0627\u0644\u0645\u0631\u0627\u062f \u0639\u0644\u0627\u062c\u0647\u0627 \u0628\u0627\u0644\u0643\u0627\u0645\u0644.<\/p>\n<p>\u0627\u063a\u0633\u0644 \u064a\u062f\u064a\u0643 \u062c\u064a\u062f\u064b\u0627 \u0642\u0628\u0644 \u0648\u0628\u0639\u062f \u062a\u0637\u0628\u064a\u0642 \u0627\u0644\u0645\u062d\u0644\u0648\u0644.<\/p>\n<p>Le soin bailleul 2% doit \u00eatre appliqu\u00e9 sur des cheveux et un cuir chevelu parfaitement secs.<\/p>\n<h2>\u0627\u0633\u062a\u062e\u062f\u0627\u0645 \u0627\u0644\u0645\u0634\u0648\u0631\u0629:<\/h2>\n<p>\u0644\u0645\u0639\u0627\u0644\u062c\u0629 \u0645\u0646\u0627\u0637\u0642 \u0648\u0627\u0633\u0639\u0629 \u0645\u0646 \u0641\u0631\u0648\u0629 \u0627\u0644\u0631\u0623\u0633\u060c \u0627\u0633\u062a\u062e\u062f\u0645 \u0627\u0644\u0628\u062e\u0627\u062e \u0627\u0644\u0645\u062a\u0648\u0641\u0631 \u0641\u064a \u0645\u064a\u0646\u0648\u0643\u0633\u064a\u062f\u064a\u0644 2% Bailleul<\/p>\n<p>1. \u0642\u0645 \u0628\u0625\u0632\u0627\u0644\u0629 \u063a\u0637\u0627\u0621 \u0627\u0644\u0632\u062c\u0627\u062c\u0629.<br \/>\n2. \u0642\u0645 \u0628\u062a\u0648\u062c\u064a\u0647 \u0627\u0644\u0645\u0636\u062e\u0629 \u0646\u062d\u0648 \u0645\u0646\u062a\u0635\u0641 \u0627\u0644\u0633\u0637\u062d \u0627\u0644\u0645\u0631\u0627\u062f \u0645\u0639\u0627\u0644\u062c\u062a\u0647\u060c \u0648\u0642\u0645 \u0628\u062a\u0646\u0634\u064a\u0637\u0647\u0627 \u0645\u0631\u0629 \u0648\u0627\u062d\u062f\u0629 \u062b\u0645 \u0642\u0645 \u0628\u062a\u0648\u0632\u064a\u0639 \u0627\u0644\u0645\u0646\u062a\u062c \u0628\u0623\u0637\u0631\u0627\u0641 \u0623\u0635\u0627\u0628\u0639\u0643 \u0644\u062a\u063a\u0637\u064a\u0629 \u0627\u0644\u0645\u0646\u0637\u0642\u0629 \u0627\u0644\u0645\u0631\u0627\u062f \u0645\u0639\u0627\u0644\u062c\u062a\u0647\u0627 \u0628\u0627\u0644\u0643\u0627\u0645\u0644. \u0643\u0631\u0631 \u0627\u0644\u0639\u0645\u0644\u064a\u0629 6 \u0645\u0631\u0627\u062a \u0644\u062a\u0637\u0628\u064a\u0642 \u062c\u0631\u0639\u0629 1 \u0645\u0644.<br \/>\n3. \u0627\u0634\u0637\u0641 \u0627\u0644\u0628\u062e\u0627\u062e \u0648\/\u0623\u0648 \u0623\u062f\u0627\u0629 \u0627\u0644\u062a\u0637\u0628\u064a\u0642 \u0648\u0623\u0639\u062f \u0648\u0636\u0639 \u063a\u0637\u0627\u0621 \u0627\u0644\u0632\u062c\u0627\u062c\u0629 \u0628\u0639\u062f \u0643\u0644 \u0627\u0633\u062a\u062e\u062f\u0627\u0645.<\/p>\n<p>\u0644\u0645\u0639\u0627\u0644\u062c\u0629 \u0645\u0646\u0627\u0637\u0642 \u0635\u063a\u064a\u0631\u0629 \u0645\u0646 \u0641\u0631\u0648\u0629 \u0627\u0644\u0631\u0623\u0633 \u0623\u0648 \u0648\u0636\u0639\u0647\u0627 \u062a\u062d\u062a \u0627\u0644\u0634\u0639\u0631\u060c \u0627\u0633\u062a\u062e\u062f\u0645\u064a \u0627\u0644\u0628\u062e\u0627\u062e \u0627\u0644\u0645\u062c\u0647\u0632 \u0628\u0623\u062f\u0627\u0629 \u0627\u0644\u062a\u0637\u0628\u064a\u0642.<\/p>\n<p>1. \u0642\u0645 \u0628\u0625\u0632\u0627\u0644\u0629 \u063a\u0637\u0627\u0621 \u0627\u0644\u0632\u062c\u0627\u062c\u0629.<br \/>\n2. \u0642\u0645 \u0628\u0625\u0632\u0627\u0644\u0629 \u0627\u0644\u0639\u0646\u0635\u0631 \u0627\u0644\u0639\u0644\u0648\u064a \u0645\u0646 \u0627\u0644\u0645\u0636\u062e\u0629. \u0642\u0645 \u0628\u062a\u0639\u062f\u064a\u0644 \u0623\u062f\u0627\u0629 \u0627\u0644\u062a\u0637\u0628\u064a\u0642 \u0648\u0627\u0636\u063a\u0637 \u0628\u0642\u0648\u0629.<br \/>\n3. \u062b\u0645 \u0642\u0645 \u0628\u0627\u0644\u062a\u0634\u063a\u064a\u0644 \u062d\u0633\u0628 \u0627\u0644\u0639\u0645\u0644\u064a\u0629 \u0627\u0644\u0645\u0648\u0635\u0648\u0641\u0629 \u0644\u062c\u0647\u0627\u0632 \u0627\u0644\u0631\u0634.<\/p>\n<p>\u0641\u064a \u062c\u0645\u064a\u0639 \u0627\u0644\u0623\u062d\u0648\u0627\u0644\u060c \u062a\u062c\u0646\u0628 \u0627\u0633\u062a\u0646\u0634\u0627\u0642 \u0645\u0646\u062a\u062c Minixidil 2% Bailleul.<\/p>\n<p><u>\u0627\u0644\u0639\u0631\u0636 \u0627\u0644\u062a\u0642\u062f\u064a\u0645\u064a \u0627\u0644\u0630\u064a \u062a\u0642\u062f\u0645\u0647 \u0627\u0644\u0635\u064a\u062f\u0644\u064a\u0629 \u0627\u0644\u062e\u0627\u0635\u0629 \u0628\u0643 \u0639\u0644\u0649 \u0627\u0644\u0625\u0646\u062a\u0631\u0646\u062a\u00a0<\/u><\/p>\n<p>\u0645\u064a\u0646\u0648\u0643\u0633\u064a\u0644 2% Bailleul Solution \u0644\u062a\u0637\u0628\u064a\u0642 \u0627\u0644\u062c\u0644\u062f 3 \u0632\u062c\u0627\u062c\u0627\u062a 50 \u0645\u0644.<\/p>\n<hr \/>\n<h2><i class=\"fa fa-fw fa-user-md\"><\/i>\u00a0<strong>\u0646\u0635\u064a\u062d\u0629 \u0627\u0644\u0635\u064a\u062f\u0644\u064a \u0628\u0634\u0623\u0646 \u0645\u064a\u0646\u0648\u0643\u0633\u064a\u062f\u064a\u0644 2% 3X60 \u0645\u0644<\/strong><\/h2>\n<p>\u0645\u064a\u0646\u0648\u0643\u0633\u064a\u062f\u064a\u0644 2% Bailleul \u064a\u0633\u0627\u0639\u062f \u0641\u064a \u0639\u0644\u0627\u062c \u0627\u0644\u062b\u0639\u0644\u0628\u0629 \u0627\u0644\u0627\u0646\u062f\u0631\u0648\u062c\u064a\u0646\u064a\u0629. \u0627\u0644\u062b\u0639\u0644\u0628\u0629 \u0627\u0644\u0623\u0646\u062f\u0631\u0648\u062c\u064a\u0646\u064a\u0629 \u0647\u064a \u062a\u0633\u0627\u0642\u0637 \u0627\u0644\u0634\u0639\u0631 \u0644\u0623\u0633\u0628\u0627\u0628 \u0647\u0631\u0645\u0648\u0646\u064a\u0629 \u064a\u0645\u0643\u0646 \u0623\u0646 \u064a\u062d\u062f\u062b \u0639\u0646\u062f \u0643\u0644 \u0645\u0646 \u0627\u0644\u0631\u062c\u0627\u0644 \u0648\u0627\u0644\u0646\u0633\u0627\u0621. \u064a\u0638\u0647\u0631 \u0647\u0630\u0627 \u0627\u0644\u062a\u0633\u0627\u0642\u0637 \u0627\u0644\u0643\u0628\u064a\u0631 \u0648\u0627\u0644\u064a\u0648\u0645\u064a \u0644\u0644\u0634\u0639\u0631 \u0628\u0634\u0643\u0644 \u0645\u062e\u062a\u0644\u0641 \u0639\u0646\u062f \u0627\u0644\u0646\u0633\u0627\u0621 \u0648\u0627\u0644\u0631\u062c\u0627\u0644:<\/p>\n<ul>\n<li>\u0648\u0639\u0646\u062f \u0627\u0644\u0631\u062c\u0627\u0644 \u064a\u0628\u062f\u0623 \u0628\u0627\u0644\u0641\u062c\u0648\u0627\u062a \u0627\u0644\u0635\u062f\u063a\u064a\u0629 \u0627\u0644\u062a\u064a \u062a\u0635\u0628\u062d \u0635\u0644\u0639\u0627\u0621\u060c \u062b\u0645 \u064a\u0633\u062a\u0645\u0631 \u062a\u0633\u0627\u0642\u0637 \u0627\u0644\u0634\u0639\u0631 \u0641\u064a \u0623\u0639\u0644\u0649 \u0627\u0644\u0631\u0623\u0633. \u0633\u062a\u062a\u0648\u0633\u0639 \u0647\u0627\u062a\u0627\u0646 \u0627\u0644\u0645\u0646\u0637\u0642\u062a\u0627\u0646 \u0628\u0639\u062f \u0630\u0644\u0643 \u0644\u062a\u062a\u0637\u0648\u0631 \u0625\u0644\u0649 \u0627\u0644\u0635\u0644\u0639.<\/li>\n<li>\u0623\u0645\u0627 \u0639\u0646\u062f \u0627\u0644\u0646\u0633\u0627\u0621\u060c \u0641\u062a\u0642\u0644 \u0643\u062b\u0627\u0641\u0629 \u0627\u0644\u0634\u0639\u0631 \u0628\u0634\u0643\u0644 \u0639\u0627\u0645\u060c \u0648\u064a\u0641\u062a\u062d \u0627\u0644\u0634\u0639\u0631 \u062a\u062f\u0631\u064a\u062c\u064a\u0627\u064b \u0628\u0639\u062f \u0627\u0644\u0641\u0631\u0627\u0642.<\/li>\n<\/ul>\n<\/div>","protected":false},"excerpt":{"rendered":"<h3><span style=\"color: #1581d4;\"><strong>\u062a\u0633\u0627\u0642\u0637 \u0627\u0644\u0634\u0639\u0631 \u0627\u0644\u0645\u0639\u062a\u062f\u0644.\u00a0<\/strong><\/span><\/h3>\n<p><span style=\"color: #ff0000;\"><em><strong>Pour Homme est <\/strong><\/em><strong>\u0646\u062d\u064a\u0641<\/strong><em><strong>.<\/strong><\/em><\/span><\/p>","protected":false},"featured_media":148584,"comment_status":"open","ping_status":"closed","template":"","meta":{"_acf_changed":false},"product_brand":[1546],"product_cat":[102,138],"product_tag":[],"class_list":{"0":"post-3690","1":"product","2":"type-product","3":"status-publish","4":"has-post-thumbnail","6":"product_brand-baileul","7":"product_cat-soin-et-bien-etre","8":"product_cat-cheveux_","10":"first","11":"instock","12":"taxable","13":"shipping-taxable","14":"purchasable","15":"product-type-simple"},"acf":[],"_links":{"self":[{"href":"https:\/\/pharmacima.com\/ar\/wp-json\/wp\/v2\/product\/3690","targetHints":{"allow":["GET"]}}],"collection":[{"href":"https:\/\/pharmacima.com\/ar\/wp-json\/wp\/v2\/product"}],"about":[{"href":"https:\/\/pharmacima.com\/ar\/wp-json\/wp\/v2\/types\/product"}],"replies":[{"embeddable":true,"href":"https:\/\/pharmacima.com\/ar\/wp-json\/wp\/v2\/comments?post=3690"}],"wp:featuredmedia":[{"embeddable":true,"href":"https:\/\/pharmacima.com\/ar\/wp-json\/wp\/v2\/media\/148584"}],"wp:attachment":[{"href":"https:\/\/pharmacima.com\/ar\/wp-json\/wp\/v2\/media?parent=3690"}],"wp:term":[{"taxonomy":"product_brand","embeddable":true,"href":"https:\/\/pharmacima.com\/ar\/wp-json\/wp\/v2\/product_brand?post=3690"},{"taxonomy":"product_cat","embeddable":true,"href":"https:\/\/pharmacima.com\/ar\/wp-json\/wp\/v2\/product_cat?post=3690"},{"taxonomy":"product_tag","embeddable":true,"href":"https:\/\/pharmacima.com\/ar\/wp-json\/wp\/v2\/product_tag?post=3690"}],"curies":[{"name":"wp","href":"https:\/\/api.w.org\/{rel}","templated":true}]}}