{"id":3771,"date":"2020-10-06T16:11:19","date_gmt":"2020-10-06T15:11:19","guid":{"rendered":"https:\/\/pharmacima.dz\/?post_type=product&#038;p=3771"},"modified":"2026-05-12T12:27:58","modified_gmt":"2026-05-12T11:27:58","slug":"cicaplast-40ml-baume-b5-la-rohe-posay","status":"publish","type":"product","link":"https:\/\/pharmacima.com\/ar\/product\/cicaplast-40ml-baume-b5-la-rohe-posay\/","title":{"rendered":"Cicaplast 40ML Baume B5+ La rohe posay"},"content":{"rendered":"<div class=\"product-tabs\">\n<h3 class=\"tabs-title\"><strong>\u0648\u0635\u0641<\/strong><\/h3>\n<div class=\"std new-std\">\n<h2><strong>LA ROCHE-POSAY Cicaplast Baume B5 \u0628\u0644\u0633\u0645 \u0625\u0635\u0644\u0627\u062d \u0645\u0647\u062f\u0626 \u0644\u0644\u0628\u0634\u0631\u0629 \u0627\u0644\u062d\u0633\u0627\u0633\u0629<\/strong><br \/>\n<strong>40 \u0645\u0644<\/strong><\/h2>\n<h2>\u0627\u0643\u062a\u0634\u0641 \u0645\u062c\u0645\u0648\u0639\u0629 Cicaplast B5 \u0645\u0646 La Roche-Posay\u060c\u00a0<strong>\u0648\u0636\u0639\u062a \u0644\u062c\u0645\u064a\u0639 \u0623\u0641\u0631\u0627\u062f \u0627\u0644\u0623\u0633\u0631\u0629<\/strong>\u00a0(\u0627\u0644\u0631\u0636\u0639 \u0648\u0627\u0644\u0623\u0637\u0641\u0627\u0644 \u0648\u0627\u0644\u0643\u0628\u0627\u0631) \u0648\u062e\u0627\u0644\u064a \u0645\u0646 \u0627\u0644\u0639\u0637\u0648\u0631\u060c \u0641\u0647\u0648 \u064a\u0639\u0645\u0644 \u0639\u0644\u0649 \u0625\u0635\u0644\u0627\u062d \u0648\u062a\u063a\u0630\u064a\u0629 \u0648\u062a\u0647\u062f\u0626\u0629 \u0627\u0644\u0628\u0634\u0631\u0629\u00a0<strong>\u0627\u0644\u062c\u0644\u062f \u0627\u0644\u0636\u0639\u064a\u0641<\/strong>\u00a0(\u0627\u062d\u0645\u0631\u0627\u0631\u060c \u062a\u0633\u062e\u064a\u0646 \u0633\u0637\u062d\u064a\u060c \u0625\u0632\u0627\u0644\u0629 \u0627\u0644\u0634\u0639\u0631\u060c \u062a\u0647\u064a\u062c\u060c \u062c\u0641\u0627\u0641 \u0634\u062f\u064a\u062f\u060c \u062a\u0634\u0642\u0642\u0627\u062a\u060c \u0625\u062c\u0631\u0627\u0621\u0627\u062a \u062a\u062c\u0645\u064a\u0644\u064a\u0629\u060c \u0625\u0644\u062e.)<\/h2>\n<p>\u062a\u0645 \u062a\u0631\u0643\u064a\u0628 \u0633\u064a\u0643\u0627\u0628\u0644\u0627\u0633\u062a \u0628\u0645\u0643\u0648\u0646\u0627\u062a \u0645\u062e\u062a\u0644\u0641\u0629 \u062a\u0648\u0641\u0631 \u0645\u0641\u0639\u0648\u0644\u064b\u0627 \u0643\u0627\u0645\u0644\u0627\u064b<br \/>\n&#8211; Mad\u00e9cassoside, pour une action\u00a0r\u00e9paratrice<br \/>\n&#8211; Cuivre-Zinc, pour une action assainissante et\u00a0antibact\u00e9rienne<br \/>\n&#8211; Beurre de Karit\u00e9 + Glyc\u00e9rine, pour une action\u00a0hydratante<br \/>\n&#8211; Panth\u00e9nol 5%, pour\u00a0soulager intens\u00e9ment<\/p>\n<p>\u0646\u062a\u0627\u0626\u062c \u0628\u0644\u0633\u0645 CICAPLAST\u061f<br \/>\n\u2013 \u064a\u062a\u0645 \u062a\u0647\u062f\u0626\u0629 \u0627\u0644\u062c\u0644\u062f \u0648\u0625\u0631\u0627\u062d\u062a\u0647 \u0641\u064a \u062d\u0627\u0644\u0627\u062a 88%<br \/>\n\u2013 \u0627\u0644\u062a\u0631\u0643\u064a\u0628\u0629 \u063a\u064a\u0631 \u0644\u0632\u062c\u0629 \u0648\u062a\u062a\u063a\u0644\u063a\u0644 \u0639\u0644\u0649 \u0627\u0644\u0641\u0648\u0631 \u0644\u062f\u0649 96% \u0645\u0646 \u0627\u0644\u0645\u0631\u0636\u0649.<\/p>\n<p>\u062a\u0645 \u062a\u0635\u0646\u064a\u0639 \u0633\u064a\u0643\u0627\u0628\u0644\u0627\u0633\u062a \u0641\u064a \u0641\u0631\u0646\u0633\u0627\u060c \u0648\u062a\u0645 \u0627\u062e\u062a\u0628\u0627\u0631\u0647 \u062a\u062d\u062a \u0645\u0631\u0627\u0642\u0628\u0629 \u0623\u0637\u0628\u0627\u0621 \u0627\u0644\u062c\u0644\u062f \u0648\u0627\u0644\u0623\u0637\u0641\u0627\u0644.<br \/>\n\u0645\u062a\u0648\u0641\u0631 \u0628\u062b\u0644\u0627\u062b\u0629 \u0623\u0634\u0643\u0627\u0644 (15 \u0645\u0644\u060c 40 \u0645\u0644\u060c 100 \u0645\u0644)<br \/>\n\u0627\u0643\u062a\u0634\u0641 \u0623\u064a\u0636\u064b\u0627 Cicaplast Mains \u0623\u0648 Cicaplast Lips \u0623\u0648 Cicaplast Cleansing Gel \u0644\u0625\u0643\u0645\u0627\u0644 \u0645\u0641\u0639\u0648\u0644\u0647 \u0627\u0644\u062a\u0631\u0645\u064a\u0645\u064a.<br \/>\n*\u0627\u0644\u0628\u0631\u0648\u062a\u0648\u0643\u0648\u0644: 51 \u0628\u0627\u0644\u063a\u0627\u064b (18-68 \u0633\u0646\u0629) \u0628\u0627\u0644\u0645\u0646\u0627\u0637\u0642 \u0627\u0644\u062c\u0627\u0641\u0629. \u064a\u0648\u0636\u0639 \u0639\u0644\u0649 \u0627\u0644\u062c\u0633\u0645 \u0648\u0627\u0644\u0648\u062c\u0647 \u0648\u0627\u0644\u0634\u0641\u0627\u0647 \u0645\u0631\u062a\u064a\u0646 \u0639\u0644\u0649 \u0627\u0644\u0623\u0642\u0644 \u064a\u0648\u0645\u064a\u064b\u0627 \u0644\u0645\u062f\u0629 4 \u0623\u0633\u0627\u0628\u064a\u0639. \u0627\u0644\u062a\u0642\u064a\u064a\u0645\u0627\u062a \u0627\u0644\u0630\u0627\u062a\u064a\u0629 \u0641\u064a T4 \u0623\u0633\u0627\u0628\u064a\u0639.<\/p>\n<\/div>\n<\/div>\n<div class=\"product-tabs\">\n<h2 class=\"tabs-title\"><strong>\u0646\u0635\u0627\u0626\u062d \u0627\u0644\u0627\u0633\u062a\u0639\u0645\u0627\u0644<\/strong><\/h2>\n<div class=\"std new-std\">\n<p>\u0645\u062a\u0649 \u064a\u062a\u0645 \u062a\u0637\u0628\u064a\u0642 \u0643\u0631\u064a\u0645 \u0627\u0644\u0625\u0635\u0644\u0627\u062d Cicaplast\u061f<\/p>\n<p>\u0645\u0631\u062a\u064a\u0646 \u064a\u0648\u0645\u064a\u0627 \u0635\u0628\u0627\u062d\u0627 \u0648\u0645\u0633\u0627\u0621\u0627 \u0639\u0644\u0649 \u0633\u0637\u062d \u0646\u0638\u064a\u0641 \u0648\u062c\u0627\u0641.<br \/>\n\u062f\u0644\u0643\u064a \u0628\u0644\u0637\u0641 - \u064a\u0645\u0643\u0646\u0643 \u0623\u064a\u0636\u064b\u0627 \u0648\u0636\u0639\u0647 \u0628\u0637\u0628\u0642\u0629 \u0633\u0645\u064a\u0643\u0629.<\/p>\n<p>\u0623\u064a\u0646 \u064a\u0645\u0643\u0646 \u062a\u0637\u0628\u064a\u0642 \u0643\u0631\u064a\u0645 \u0627\u0644\u0625\u0635\u0644\u0627\u062d Cicaplast\u061f<\/p>\n<p>\u064a\u0645\u0643\u0646 \u062a\u0637\u0628\u064a\u0642\u0647 \u0639\u0644\u0649 \u0643\u0627\u0645\u0644 \u0627\u0644\u062c\u0633\u0645 \u0623\u0648 \u0627\u0644\u0648\u062c\u0647 \u0623\u0648 \u0627\u0644\u0634\u0641\u0627\u0647.<br \/>\n\u062a\u0648\u062c\u062f \u0623\u064a\u0636\u064b\u0627 \u0645\u0631\u0627\u062c\u0639 \u0645\u062d\u062f\u062f\u0629 \u0644\u0644\u0634\u0641\u0627\u0647 \u0648\u0627\u0644\u064a\u062f\u064a\u0646.<br \/>\n\u062a\u062c\u0646\u0628 \u0645\u0646\u0637\u0642\u0629 \u0627\u0644\u0639\u064a\u0646.<\/p>\n<\/div>\n<\/div>\n<div class=\"product-tabs\">\n<h2 class=\"tabs-title\"><strong>\u0627\u0644\u062a\u0631\u0643\u064a\u0628\u0629<\/strong><\/h2>\n<div class=\"std new-std\">\n<p>\u062a\u0631\u0643\u064a\u0628\u0629 INCI: \u0623\u0643\u0648\u0627 \/ \u0645\u0627\u0621\u060c \u0628\u0648\u0644\u064a \u0625\u064a\u0632\u0648\u0628\u0648\u062a\u064a\u0646 \u0645\u0647\u062f\u0631\u062c\u060c \u062b\u0646\u0627\u0626\u064a \u0627\u0644\u0645\u064a\u062b\u064a\u0643\u0648\u0646\u060c \u062c\u0644\u064a\u0633\u0631\u064a\u0646\u060c \u0632\u0628\u062f\u0629 \u0628\u0648\u062a\u064a\u0631\u0648\u0633\u0628\u064a\u0631\u0645 \u0628\u0627\u0631\u0643\u064a \/ \u0632\u0628\u062f\u0629 \u0627\u0644\u0634\u064a\u0627\u060c \u0628\u0627\u0646\u062b\u064a\u0646\u0648\u0644\u060c \u0628\u0631\u0648\u0628\u0627\u0646\u062f\u064a\u0648\u0644\u060c \u0628\u0648\u062a\u064a\u0644\u064a\u0646 \u062c\u0644\u0627\u064a\u0643\u0648\u0644\u060c \u0646\u0634\u0627 \u0627\u0644\u0623\u0644\u0648\u0645\u0646\u064a\u0648\u0645 \u0623\u0648\u0643\u062a\u064a\u0646\u0644\u0633\u0648\u062a\u0634\u064a\u0646\u0627\u062a\u060c \u0633\u064a\u062a\u064a\u0644 Peg\/Ppg-10\/1 \u062f\u0627\u064a\u0645\u064a\u062b\u064a\u0643\u0648\u0646\u060c \u062b\u0644\u0627\u062b\u064a \u0647\u064a\u062f\u0631\u0648\u0643\u0633\u064a\u0633\u062a\u064a\u0631\u064a\u0646\u060c \u063a\u0644\u0648\u0643\u0648\u0646\u0627\u062a \u0627\u0644\u0632\u0646\u0643\u060c \u0645\u0627\u062f\u064a\u0643\u0627\u0633\u0648\u0633\u064a\u062f\u060c \u0645\u0646\u063a\u0646\u064a\u0632. \u063a\u0644\u0648\u0643\u0648\u0646\u0627\u062a\u060c \u0633\u064a\u0644\u064a\u0643\u0627\u060c \u0647\u064a\u062f\u0631\u0648\u0643\u0633\u064a\u062f \u0627\u0644\u0623\u0644\u0648\u0645\u0646\u064a\u0648\u0645\u060c \u0643\u0628\u0631\u064a\u062a\u0627\u062a \u0627\u0644\u0645\u063a\u0646\u064a\u0633\u064a\u0648\u0645\u060c \u0625\u062f\u062a\u0627 \u062b\u0646\u0627\u0626\u064a \u0627\u0644\u0635\u0648\u062f\u064a\u0648\u0645\u060c \u063a\u0644\u0648\u0643\u0648\u0646\u0627\u062a \u0627\u0644\u0646\u062d\u0627\u0633\u060c \u0643\u0627\u0628\u0631\u064a\u0644\u0648\u064a\u0644 \u062c\u0644\u0627\u064a\u0633\u064a\u0646\u060c \u062d\u0627\u0645\u0636 \u0627\u0644\u0633\u062a\u0631\u064a\u0643\u060c \u0623\u0633\u064a\u062a\u064a\u0644 \u063a\u0644\u064a\u0643\u0648\u0644 \u0633\u062a\u064a\u0631\u0627\u062a\u060c \u0628\u0648\u0644\u064a \u062c\u0644\u064a\u0633\u0631\u064a\u0644 -4 \u0625\u064a\u0632\u0648\u0633\u062a\u064a\u0631\u0627\u062a\u060c \u062a\u0648\u0643\u0648\u0641\u064a\u0631\u0648\u0644\u060c \u0628\u0646\u062a\u0627\u064a\u0631\u064a\u062b\u0631\u064a\u062a\u064a\u0644 \u062a\u064a\u062a\u0631\u0627-\u062f\u064a-\u062a\u064a-\u0628\u0648\u062a\u064a\u0644 \u0647\u064a\u062f\u0631\u0648\u0643\u0633\u064a \u0647\u064a\u062f\u0631\u0648\u0633\u064a\u0646\u0627\u0645\u0627\u062a\u060c Ci 77891 \/ \u062b\u0627\u0646\u064a \u0623\u0643\u0633\u064a\u062f \u0627\u0644\u062a\u064a\u062a\u0627\u0646\u064a\u0648\u0645.<\/p>\n<\/div>\n<\/div>","protected":false},"excerpt":{"rendered":"<p>Description LA ROCHE-POSAY Cicaplast Baume B5 Baume r\u00e9parateur apaisant Peaux sensibles 40ml D\u00e9couvrez la gamme Cicaplast B5 de La Roche-Posay,\u00a0formul\u00e9e pour toute la famille\u00a0(nourrisson, enfants, adultes) et sans parfum, elle agit pour r\u00e9parer, nourrir et apaiser les\u00a0peaux fragilis\u00e9es\u00a0(rougeurs, \u00e9chauffements superficiels, \u00e9pilation, irritation, s\u00e9cheresse intense, ger\u00e7ures, actes esth\u00e9tiques&#8230;) Cicaplast est formul\u00e9 \u00e0 base de diff\u00e9rents ingr\u00e9dients [&hellip;]<\/p>\n","protected":false},"featured_media":24268,"comment_status":"open","ping_status":"closed","template":"","meta":{"_acf_changed":false},"product_brand":[1406],"product_cat":[102,139,137,141],"product_tag":[920],"class_list":{"0":"post-3771","1":"product","2":"type-product","3":"status-publish","4":"has-post-thumbnail","6":"product_brand-la-roche-posay","7":"product_cat-soin-et-bien-etre","8":"product_cat-corps_","9":"product_cat-visage","10":"product_cat-yeux","11":"product_tag-Peauxsensibles","13":"first","14":"instock","15":"taxable","16":"shipping-taxable","17":"purchasable","18":"product-type-simple"},"acf":[],"_links":{"self":[{"href":"https:\/\/pharmacima.com\/ar\/wp-json\/wp\/v2\/product\/3771","targetHints":{"allow":["GET"]}}],"collection":[{"href":"https:\/\/pharmacima.com\/ar\/wp-json\/wp\/v2\/product"}],"about":[{"href":"https:\/\/pharmacima.com\/ar\/wp-json\/wp\/v2\/types\/product"}],"replies":[{"embeddable":true,"href":"https:\/\/pharmacima.com\/ar\/wp-json\/wp\/v2\/comments?post=3771"}],"wp:featuredmedia":[{"embeddable":true,"href":"https:\/\/pharmacima.com\/ar\/wp-json\/wp\/v2\/media\/24268"}],"wp:attachment":[{"href":"https:\/\/pharmacima.com\/ar\/wp-json\/wp\/v2\/media?parent=3771"}],"wp:term":[{"taxonomy":"product_brand","embeddable":true,"href":"https:\/\/pharmacima.com\/ar\/wp-json\/wp\/v2\/product_brand?post=3771"},{"taxonomy":"product_cat","embeddable":true,"href":"https:\/\/pharmacima.com\/ar\/wp-json\/wp\/v2\/product_cat?post=3771"},{"taxonomy":"product_tag","embeddable":true,"href":"https:\/\/pharmacima.com\/ar\/wp-json\/wp\/v2\/product_tag?post=3771"}],"curies":[{"name":"wp","href":"https:\/\/api.w.org\/{rel}","templated":true}]}}