{"id":38897,"date":"2023-02-20T10:42:27","date_gmt":"2023-02-20T09:42:27","guid":{"rendered":"https:\/\/pharmacima.dz\/?post_type=product&#038;p=38897"},"modified":"2023-12-02T23:11:58","modified_gmt":"2023-12-02T23:11:53","slug":"double-extension-mascara-extra-black-loreal-paris","status":"publish","type":"product","link":"https:\/\/pharmacima.com\/ar\/product\/double-extension-mascara-extra-black-loreal-paris\/","title":{"rendered":"\u0645\u0627\u0633\u0643\u0627\u0631\u0627 \u0645\u0632\u062f\u0648\u062c\u0629 \u0627\u0644\u062a\u0645\u062f\u064a\u062f \u0623\u0633\u0648\u062f \u0625\u0636\u0627\u0641\u064a \u0644\u0648\u0631\u064a\u0627\u0644 \u0628\u0627\u0631\u064a\u0633"},"content":{"rendered":"<h3><strong>Description :<\/strong><\/h3>\n<p>*Extra volume et extra noir \u2013 gr\u00e2ce au mascara Double Extension Extra Noir de L\u2019Or\u00e9al Paris, vous obtenez enfin les cils de vos r\u00eaves: envo\u00fbtants, plus longs et plus \u00e9pais, en seulement deux \u00e9tapes.<\/p>\n<p>*Commencez par appliquer la base enrichie en c\u00e9ramide R et en fibres v\u00e9g\u00e9tales.<\/p>\n<p>*La c\u00e9ramide R renforce la structure des cils et les fibres v\u00e9g\u00e9tales offrent un effet allongeant.<\/p>\n<p>*La formule douce redonne toute leur expressivit\u00e9 \u00e0 vos cils pour un regard p\u00e9tillant instantan\u00e9ment.<\/p>\n<p>*Votre fra\u00eecheur est sublim\u00e9e et vos cils allong\u00e9s ouvrent votre regard.<\/p>\n<p>*Vos cils paraissent jusqu\u2019\u00e0 70% plus longs et l\u2019intensit\u00e9 des pigments les illumine de la racine \u00e0 la pointe.<\/p>\n<p>*La brosse fine s\u00e9pare parfaitement les cils et \u00e9vite l\u2019effet paquets. Ce mascara unique est disponible en deux variantes. Le Double Extension Noir Carbone contient des pigments de carbone, pour un regard envo\u00fbtant, tout en volupt\u00e9. La variante waterproof offre au mascara de L\u2019Or\u00e9al Paris une tenue longue dur\u00e9e, sans s\u2019estomper.<\/p>\n<p>*Le mascara ultra-allongeant est id\u00e9al pour une utilisation au quotidien. Vos cils sont renforc\u00e9s, votre regard est \u00e9clair\u00e9 et sa profondeur est sublim\u00e9e.<\/p>\n<h3><strong>Conseils d&rsquo;utilisation :<\/strong><\/h3>\n<p>Extension visuelle; mascara revigorant et visuellement ultra-allongeant en 2 \u00e9tapes.<br \/>&#8211; Aux c\u00e9ramides R et fibres fines<\/p>\n<p>Appliquez la base cr\u00e9meuse et blanche et utilisez-la pour pr\u00e9parer vos cils pour le mascara. Appliquez par la suite la couche de finition noire pour couvrir vos cils d\u2019un noir intens\u00e9ment opaque et s\u00e9duisant et en m\u00eame temps pour compl\u00e9ter le double effet visuellement extensible.<\/p>\n<h3><strong>Composition :<\/strong><\/h3>\n<p>AQUA \/ WATER , PARAFFIN , ETHYLENE \/ ACRYLIC ACID COPOLYMER , STEARETH-20 , CERA ALBA \/ BEESWAX , COPERNICIA CERIFERA CERA \/ CARNAUBA WAX \u00b7 ACACIA SENEGAL \/ ACACIA SENEGAL GUM , ALCOHOL DENAT. , BUTYLENE GLYCOL , STEARETH-2 , GLYCERIN , CETYL ALCOHOL , POTASSIUM CETYL PHOSPHATE , HYDROXYETHYLCELLULOSE , PHENOXYETHANOL , PANTHENOL , SODIUM POLYMETHACRYLATE , PEG \/ PPG-17 \/ 18 DIMETHICONE , SODIUM DEHYDROACETATE , 2-OLEAMIDO-1,3-OCTADECANEDIOL , DISODIUM EDTA , POLYQUATERNIUM-10 [+\/- MAY CONTAIN CI 77499 , IRON OXIDES] B 158380\/2 AQUA \/ WATER , PARAFFIN , ETHYLENE \/ ACRYLIC ACID COPOLYMER , STEARETH-20 , CERA ALBA \/ BEESWAX , COPERNICIA CERIFERA CERA \/ CARNAUBA WAX , ACACIA SENEGAL \/ ACACIA SENEGAL GUM , ALCOHOL DENAT. , BUTYLENE GLYCOL , STEARETH-2 , GLYCERIN , CETYL ALCOHOL , POTASSIUM CETYL PHOSPHATE , HYDROXYETHYLCELLULOSE , PHENOXYETHANOL , PANTHENOL , SODIUM POLYMETHACRYLATE , PEG \/ PPG-17 \/ 18 DIMETHICONE , SODIUM DEHYDROACETATE , 2-OLEAMIDO-1, 3-OCTADECANEDIOL , DISODIUM EDTA , POLYQUATERNIUM-10 [+\/- MAY CONTAIN CI 77499 , IRON OXIDES] B 158380\/2<\/p>\n","protected":false},"excerpt":{"rendered":"<h3 class=\"productStage__subtitle\"><span style=\"color: #ff9900\" data-mce-style=\"color: #ff9900;\">\u0645\u0627\u0633\u0643\u0627\u0631\u0627 \u0644\u0644\u062d\u0635\u0648\u0644 \u0639\u0644\u0649 \u0645\u0638\u0647\u0631 \u0622\u0633\u0631 \u0648\u0645\u0639\u0632\u0632 \u0628\u0634\u0643\u0644 \u0648\u0627\u0636\u062d<\/span><\/h3>\n<p>2 \u00d7 6 \u0645\u0644<\/p>\n<div data-e-ref=\"pdp-s3\" data-sku=\"1113574\">\n<div class=\"bgafkCZU\">\n<div class=\"bgaajuxK container\">\n<div class=\"bgajDmBo\">\n<div class=\"bgauqwm3\">\n<div class=\"\"><\/div>\n<\/div>\n<\/div>\n<\/div>\n<\/div>\n<\/div>","protected":false},"featured_media":38906,"comment_status":"open","ping_status":"closed","template":"","meta":{"_acf_changed":false},"product_brand":[],"product_cat":[296,1230],"product_tag":[1314],"class_list":{"0":"post-38897","1":"product","2":"type-product","3":"status-publish","4":"has-post-thumbnail","6":"product_cat-maquillage","7":"product_cat-yeux-maquillage","8":"product_tag-loreal","10":"first","11":"outofstock","12":"taxable","13":"shipping-taxable","14":"purchasable","15":"product-type-simple"},"acf":[],"_links":{"self":[{"href":"https:\/\/pharmacima.com\/ar\/wp-json\/wp\/v2\/product\/38897","targetHints":{"allow":["GET"]}}],"collection":[{"href":"https:\/\/pharmacima.com\/ar\/wp-json\/wp\/v2\/product"}],"about":[{"href":"https:\/\/pharmacima.com\/ar\/wp-json\/wp\/v2\/types\/product"}],"replies":[{"embeddable":true,"href":"https:\/\/pharmacima.com\/ar\/wp-json\/wp\/v2\/comments?post=38897"}],"wp:featuredmedia":[{"embeddable":true,"href":"https:\/\/pharmacima.com\/ar\/wp-json\/wp\/v2\/media\/38906"}],"wp:attachment":[{"href":"https:\/\/pharmacima.com\/ar\/wp-json\/wp\/v2\/media?parent=38897"}],"wp:term":[{"taxonomy":"product_brand","embeddable":true,"href":"https:\/\/pharmacima.com\/ar\/wp-json\/wp\/v2\/product_brand?post=38897"},{"taxonomy":"product_cat","embeddable":true,"href":"https:\/\/pharmacima.com\/ar\/wp-json\/wp\/v2\/product_cat?post=38897"},{"taxonomy":"product_tag","embeddable":true,"href":"https:\/\/pharmacima.com\/ar\/wp-json\/wp\/v2\/product_tag?post=38897"}],"curies":[{"name":"wp","href":"https:\/\/api.w.org\/{rel}","templated":true}]}}