{"id":5332,"date":"2020-12-24T18:57:06","date_gmt":"2020-12-24T17:57:06","guid":{"rendered":"https:\/\/pharmacima.dz\/?post_type=product&#038;p=5332"},"modified":"2026-02-11T11:49:03","modified_gmt":"2026-02-11T10:49:03","slug":"detranspirant-peaux-sensibles-15ml-etiaxil","status":"publish","type":"product","link":"https:\/\/pharmacima.com\/ar\/product\/detranspirant-peaux-sensibles-15ml-etiaxil\/","title":{"rendered":"\u0645\u0632\u064a\u0644 \u0631\u0627\u0626\u062d\u0629 \u0627\u0644\u0639\u0631\u0642 \u062a\u062d\u062a \u0627\u0644\u0625\u0628\u0637 \u0644\u0644\u0628\u0634\u0631\u0629 \u0627\u0644\u062d\u0633\u0627\u0633\u0629\u060c 15 \u0645\u0644 \u0625\u064a\u062a\u064a\u0627\u0643\u0633\u064a\u0644"},"content":{"rendered":"<div class=\"product-tabs\">\n<h3 class=\"tabs-title\"><strong>\u0648\u0635\u0641<\/strong><\/h3>\n<div class=\"std new-std\">\n<p>ETIAXIL Deperspirant \u0639\u0644\u0627\u062c \u0644\u0644\u062a\u0639\u0631\u0642 \u0627\u0644\u0632\u0627\u0626\u062f \u0641\u064a \u0627\u0644\u0625\u0628\u0637\u064a\u0646<br \/>\n\u0631\u0648\u0644 \u0623\u0648\u0646 \u0644\u0644\u0628\u0634\u0631\u0629 \u0627\u0644\u062d\u0633\u0627\u0633\u0629 \u0645\u0639\u0637\u0631 \u0648\u062e\u0627\u0644\u064a \u0645\u0646 \u0627\u0644\u0628\u0627\u0631\u0627\u0628\u064a\u0646 15 \u0645\u0644<\/p>\n<p>\u062a\u0645 \u062a\u0635\u0645\u064a\u0645 \u0645\u0632\u064a\u0644 \u0627\u0644\u0639\u0631\u0642 \u062a\u062d\u062a \u0627\u0644\u0625\u0628\u0637 Etiaxil \u0644\u0644\u0628\u0634\u0631\u0629 \u0627\u0644\u062d\u0633\u0627\u0633\u0629 \u0644\u0639\u0644\u0627\u062c \u0627\u0644\u062a\u0639\u0631\u0642 \u0627\u0644\u0645\u0641\u0631\u0637 \u062a\u062d\u062a \u0627\u0644\u0625\u0628\u0637 \u0628\u0634\u0643\u0644 \u0641\u0639\u0627\u0644\u060c \u0645\u0639 \u0627\u062d\u062a\u0631\u0627\u0645 \u0627\u0644\u0628\u0634\u0631\u0629 \u0627\u0644\u062d\u0633\u0627\u0633\u0629. \u0639\u0646\u062f \u062a\u0637\u0628\u064a\u0642\u0647 \u0639\u0644\u0649 \u0627\u0644\u0625\u0628\u0637\u064a\u0646\u060c \u064a\u0633\u0645\u062d \u0627\u0644\u0645\u0646\u062a\u062c \u0644\u0644\u063a\u062f\u062f \u0627\u0644\u0639\u0631\u0642\u064a\u0629\u060c \u0627\u0644\u0645\u0633\u0624\u0648\u0644\u0629 \u0639\u0646 \u0625\u0646\u062a\u0627\u062c \u0627\u0644\u0639\u0631\u0642\u060c \u0628\u0627\u0644\u0631\u0627\u062d\u0629. \u0648\u0628\u0627\u0644\u062a\u0627\u0644\u064a \u064a\u062a\u0645 \u0627\u0644\u062a\u062d\u0643\u0645 \u0641\u064a \u062a\u062f\u0641\u0642 \u0627\u0644\u0639\u0631\u0642 \u0644\u0639\u062f\u0629 \u0623\u064a\u0627\u0645<\/p>\n<\/div>\n<\/div>\n<div class=\"product-tabs\">\n<h3 class=\"tabs-title\"><strong>\u0646\u0635\u0627\u0626\u062d \u0627\u0644\u0627\u0633\u062a\u0639\u0645\u0627\u0644<\/strong><\/h3>\n<div class=\"std new-std\">\n<p>\u0642\u0645 \u0628\u062a\u0637\u0628\u064a\u0642 Etiaxil \u062a\u062d\u062a \u0627\u0644\u0625\u0628\u0637\u064a\u0646\u060c \u0645\u0639 \u0645\u0631\u0627\u0639\u0627\u0629 \u0642\u0627\u0639\u062f\u0629 &quot;3 S&quot; (\u0641\u064a \u0627\u0644\u0645\u0633\u0627\u0621\u060c \u0639\u0644\u0649 \u0628\u0634\u0631\u0629 \u062c\u0627\u0641\u0629 \u0648\u0635\u062d\u064a\u0629) \u0648\u062a\u0639\u0644\u064a\u0645\u0627\u062a \u0627\u0644\u0627\u0633\u062a\u062e\u062f\u0627\u0645 \u0627\u0644\u0645\u0648\u0636\u062d\u0629 \u0641\u064a \u0627\u0644\u062a\u0639\u0644\u064a\u0645\u0627\u062a.<br \/>\n\u062f\u0639\u0647\u0627 \u062a\u062c\u0641 \u0628\u0627\u0644\u0647\u0648\u0627\u0621 \u0628\u0634\u0643\u0644 \u0637\u0628\u064a\u0639\u064a. \u0641\u064a \u0635\u0628\u0627\u062d \u0627\u0644\u064a\u0648\u0645 \u0627\u0644\u062a\u0627\u0644\u064a\u060c \u0627\u0634\u0637\u0641\u064a\u0647 \u0628\u0627\u0644\u0645\u0627\u0621 \u0648\u0627\u0644\u0635\u0627\u0628\u0648\u0646.<br \/>\n\u0641\u064a \u0628\u062f\u0627\u064a\u0629 \u0627\u0644\u0639\u0644\u0627\u062c\u060c \u0642\u0645 \u0628\u062a\u0637\u0628\u064a\u0642 \u0625\u064a\u062a\u064a\u0627\u0643\u0633\u064a\u0644 \u0643\u0644 \u0645\u0633\u0627\u0621.<br \/>\n\u0639\u0646\u062f\u0645\u0627 \u064a\u062a\u0645 \u0627\u0644\u0648\u0635\u0648\u0644 \u0625\u0644\u0649 \u0627\u0644\u0645\u0633\u062a\u0648\u0649 \u0627\u0644\u0645\u0637\u0644\u0648\u0628 \u0645\u0646 \u0627\u0644\u0631\u0627\u062d\u0629 (\u0639\u0627\u062f\u0629 \u062e\u0644\u0627\u0644 2 \u0625\u0644\u0649 3 \u0623\u064a\u0627\u0645)\u060c \u0642\u0645 \u0628\u062a\u0637\u0628\u064a\u0642 Etiaxil 2 \u0625\u0644\u0649 3 \u0645\u0631\u0627\u062a \u0641\u064a \u0627\u0644\u0623\u0633\u0628\u0648\u0639.<\/p>\n<\/div>\n<\/div>\n<div class=\"product-tabs\">\n<h3 class=\"tabs-title\"><strong>\u0627\u0644\u062a\u0631\u0643\u064a\u0628\u0629<\/strong><\/h3>\n<div class=\"std new-std\">\n<p>\u0642\u062f \u062a\u062e\u0636\u0639 \u0642\u0627\u0626\u0645\u0629 \u0627\u0644\u0645\u0643\u0648\u0646\u0627\u062a \u0644\u0644\u062a\u063a\u064a\u0631\u0627\u062a\u060c \u0648\u0646\u0646\u0635\u062d\u0643 \u0628\u0627\u0644\u062a\u062d\u0642\u0642 \u062f\u0627\u0626\u0645\u064b\u0627 \u0645\u0646 \u0627\u0644\u0642\u0627\u0626\u0645\u0629 \u0627\u0644\u0645\u0648\u062c\u0648\u062f\u0629 \u0639\u0644\u0649 \u0627\u0644\u0645\u0646\u062a\u062c \u0627\u0644\u0630\u064a \u0627\u0634\u062a\u0631\u064a\u062a\u0647.<\/p>\n<p>\u062a\u0631\u0643\u064a\u0628\u0629 INCI: \u0643\u062d\u0648\u0644 \u062f\u064a\u0646\u0627\u062a\u060c \u0643\u0644\u0648\u0631\u064a\u062f \u0627\u0644\u0623\u0644\u0648\u0645\u0646\u064a\u0648\u0645\u060c \u0644\u0627\u0643\u062a\u0627\u062a \u0627\u0644\u0623\u0644\u0648\u0645\u0646\u064a\u0648\u0645\u060c \u0628\u0631\u0648\u0628\u064a\u0644\u064a\u0646 \u062c\u0644\u064a\u0643\u0648\u0644\u060c \u0633\u062a\u064a\u0631\u0627\u062a \u0627\u0644\u062c\u0644\u064a\u0633\u0631\u064a\u0644\u060c \u0633\u064a\u062a\u064a\u0644 \u0628\u0627\u0644\u0645\u064a\u062a\u0627\u062a\u060c \u0633\u064a\u0631\u0627 \u0645\u064a\u0643\u0631\u0648\u0643\u0631\u064a\u0633\u062a\u0627\u0644\u064a\u0646\u060c \u062b\u0644\u0627\u062b\u064a \u0647\u064a\u062f\u0631\u0648\u0643\u0633\u064a\u0633\u062a\u064a\u0631\u064a\u0646.<\/p>\n<\/div>\n<\/div>","protected":false},"excerpt":{"rendered":"<p>Description ETIAXIL D\u00e9transpirant Traitement transpiration excessive Aisselles Peaux sensibles Roll-on Sans parfum et sans paraben 15ml Le d\u00e9transpirant Etiaxil aisselles peaux sensibles a \u00e9t\u00e9 con\u00e7u pour traiter efficacement la transpiration excessive des aisselles, tout en respectant les peaux sensibles. Appliqu\u00e9 sur les aisselles, le produit permet de mettre au repos les glandes sudoripares, responsables de [&hellip;]<\/p>\n","protected":false},"featured_media":141954,"comment_status":"open","ping_status":"closed","template":"","meta":{"_acf_changed":false},"product_brand":[1405],"product_cat":[102,139,1383],"product_tag":[],"class_list":{"0":"post-5332","1":"product","2":"type-product","3":"status-publish","4":"has-post-thumbnail","6":"product_brand-etiaxil","7":"product_cat-soin-et-bien-etre","8":"product_cat-corps_","9":"product_cat-gros","11":"first","12":"instock","13":"sale","14":"taxable","15":"shipping-taxable","16":"purchasable","17":"product-type-simple"},"acf":[],"_links":{"self":[{"href":"https:\/\/pharmacima.com\/ar\/wp-json\/wp\/v2\/product\/5332","targetHints":{"allow":["GET"]}}],"collection":[{"href":"https:\/\/pharmacima.com\/ar\/wp-json\/wp\/v2\/product"}],"about":[{"href":"https:\/\/pharmacima.com\/ar\/wp-json\/wp\/v2\/types\/product"}],"replies":[{"embeddable":true,"href":"https:\/\/pharmacima.com\/ar\/wp-json\/wp\/v2\/comments?post=5332"}],"wp:featuredmedia":[{"embeddable":true,"href":"https:\/\/pharmacima.com\/ar\/wp-json\/wp\/v2\/media\/141954"}],"wp:attachment":[{"href":"https:\/\/pharmacima.com\/ar\/wp-json\/wp\/v2\/media?parent=5332"}],"wp:term":[{"taxonomy":"product_brand","embeddable":true,"href":"https:\/\/pharmacima.com\/ar\/wp-json\/wp\/v2\/product_brand?post=5332"},{"taxonomy":"product_cat","embeddable":true,"href":"https:\/\/pharmacima.com\/ar\/wp-json\/wp\/v2\/product_cat?post=5332"},{"taxonomy":"product_tag","embeddable":true,"href":"https:\/\/pharmacima.com\/ar\/wp-json\/wp\/v2\/product_tag?post=5332"}],"curies":[{"name":"wp","href":"https:\/\/api.w.org\/{rel}","templated":true}]}}