{"id":5755,"date":"2021-01-19T17:23:17","date_gmt":"2021-01-19T16:23:17","guid":{"rendered":"https:\/\/pharmacima.dz\/?post_type=product&#038;p=5755"},"modified":"2023-02-15T15:13:33","modified_gmt":"2023-02-15T15:13:33","slug":"minoxidil-2-anti-chute-des-cheveux-sandoz","status":"publish","type":"product","link":"https:\/\/pharmacima.com\/ar\/product\/minoxidil-2-anti-chute-des-cheveux-sandoz\/","title":{"rendered":"\u0645\u064a\u0646\u0648\u0643\u0633\u064a\u062f\u064a\u0644 2% \u0633\u0627\u0646\u062f\u0648\u0632 \u0645\u0636\u0627\u062f \u0644\u062a\u0633\u0627\u0642\u0637 \u0627\u0644\u0634\u0639\u0631"},"content":{"rendered":"<p><strong>\u0645\u0633\u0627\u0631 \u0627\u0644\u0625\u062f\u0627\u0631\u0629<\/strong><br \/>\n\u062c\u0644\u062f<\/p>\n<p><strong>\u0627\u0644\u062c\u0631\u0639\u0629<\/strong><br \/>\n\u0627\u0633\u062a\u062e\u062f\u0645 \u0647\u0630\u0627 \u0627\u0644\u062f\u0648\u0627\u0621 \u0641\u0642\u0637 \u0639\u0646\u062f \u0627\u0644\u0628\u0627\u0644\u063a\u064a\u0646.<br \/>\n\u0627\u0644\u062c\u0631\u0639\u0629:<br \/>\n\u062a\u0648\u0636\u0639 \u062c\u0631\u0639\u0629 1 \u0645\u0644 \u0645\u0631\u062a\u064a\u0646 \u064a\u0648\u0645\u064a\u0627\u064b \u0639\u0644\u0649 \u0641\u0631\u0648\u0629 \u0627\u0644\u0631\u0623\u0633\u060c \u0628\u062f\u0621\u0627\u064b \u0645\u0646 \u0645\u0646\u062a\u0635\u0641 \u0627\u0644\u0645\u0646\u0637\u0642\u0629 \u0627\u0644\u0645\u0631\u0627\u062f \u0639\u0644\u0627\u062c\u0647\u0627.<br \/>\n\u064a\u062c\u0628 \u0623\u0644\u0627 \u062a\u062a\u062c\u0627\u0648\u0632 \u0627\u0644\u062c\u0631\u0639\u0629 \u0627\u0644\u064a\u0648\u0645\u064a\u0629 2 \u0645\u0644\u060c \u0628\u063a\u0636 \u0627\u0644\u0646\u0638\u0631 \u0639\u0646 \u062d\u062c\u0645 \u0627\u0644\u0645\u0646\u0637\u0642\u0629 \u0627\u0644\u0645\u0631\u0627\u062f \u0639\u0644\u0627\u062c\u0647\u0627.<br \/>\n\u0642\u0645 \u0628\u062a\u0648\u0632\u064a\u0639 \u0627\u0644\u0645\u0646\u062a\u062c \u0628\u0623\u0637\u0631\u0627\u0641 \u0623\u0635\u0627\u0628\u0639\u0643 \u0644\u062a\u063a\u0637\u064a\u0629 \u0627\u0644\u0645\u0646\u0637\u0642\u0629 \u0627\u0644\u0645\u0631\u0627\u062f \u0639\u0644\u0627\u062c\u0647\u0627 \u0628\u0627\u0644\u0643\u0627\u0645\u0644.<br \/>\n\u0642\u0628\u0644 \u0648\u0628\u0639\u062f \u062a\u0637\u0628\u064a\u0642 \u0627\u0644\u0645\u062d\u0644\u0648\u0644\u060c \u0627\u063a\u0633\u0644 \u064a\u062f\u064a\u0643 \u062c\u064a\u062f\u064b\u0627.<br \/>\n\u062a\u0646\u0637\u0628\u0642 \u0639\u0644\u0649 \u0627\u0644\u0634\u0639\u0631 \u0648\u0641\u0631\u0648\u0629 \u0627\u0644\u0631\u0623\u0633 \u0627\u0644\u062c\u0627\u0641\u0629 \u062a\u0645\u0627\u0645\u0627.<\/p>\n<p><b><u>\u0637\u0631\u064a\u0642\u0629 \u0648\u0637\u0631\u064a\u0642\u0629 \u0627\u0644\u0625\u062f\u0627\u0631\u0629<\/u><\/b><br \/>\n\u062c\u0644\u062f\u064a.<br \/>\n\u0627\u0633\u062a\u0639\u0645\u0627\u0644 \u062e\u0627\u0631\u062c\u064a.<br \/>\n\u062a\u062e\u062a\u0644\u0641 \u0637\u0631\u064a\u0642\u0629 \u0627\u0644\u062a\u0637\u0628\u064a\u0642 \u062d\u0633\u0628 \u0646\u0638\u0627\u0645 \u0627\u0644\u062a\u0648\u0635\u064a\u0644 \u0627\u0644\u0645\u0633\u062a\u062e\u062f\u0645 \u0645\u0639 \u0627\u0644\u0632\u062c\u0627\u062c\u0629.<\/p>\n<p><b><u>\u0632\u062c\u0627\u062c\u0629 \u0645\u0646 \u0627\u0644\u0632\u062c\u0627\u062c \u0627\u0644\u0628\u0646\u064a \u0645\u0639 \u0645\u0636\u062e\u0629 \u0627\u0644\u062c\u0631\u0639\u0627\u062a<\/u><\/b><\/p>\n<p><u>\u0628\u062e\u0627\u062e<\/u>\u00a0: \u0647\u0630\u0627 \u0627\u0644\u0646\u0638\u0627\u0645 \u0645\u0646\u0627\u0633\u0628 \u0644\u0644\u062a\u0637\u0628\u064a\u0642 \u0639\u0644\u0649 \u0627\u0644\u0623\u0633\u0637\u062d \u0627\u0644\u0643\u0628\u064a\u0631\u0629.<br \/>\n<img decoding=\"async\" src=\"https:\/\/static.shop-pharmacie.fr\/pix\/bcb\/N0253776_image001.jpg\" width=\"624\" height=\"261\" border=\"0\" \/><br \/>\n<u>\u0627\u0644\u0628\u062e\u0627\u062e\u0629 \u0645\u062c\u0647\u0632\u0629 \u0628\u0623\u062f\u0627\u0629 \u062a\u0637\u0628\u064a\u0642:<\/u>\u00a0\u0647\u0630\u0627 \u0627\u0644\u0646\u0638\u0627\u0645 \u0645\u0646\u0627\u0633\u0628 \u0644\u0644\u062a\u0637\u0628\u064a\u0642 \u0639\u0644\u0649 \u0627\u0644\u0645\u0646\u0627\u0637\u0642 \u0627\u0644\u0635\u063a\u064a\u0631\u0629 \u0623\u0648 \u062a\u062d\u062a \u0627\u0644\u0634\u0639\u0631.<br \/>\n<img decoding=\"async\" src=\"https:\/\/static.shop-pharmacie.fr\/pix\/bcb\/N0253776_image002.jpg\" width=\"650\" height=\"281\" border=\"0\" \/><br \/>\n<b><u>\u0632\u062c\u0627\u062c\u0629 \u0645\u0646 \u0627\u0644\u0628\u0648\u0644\u064a \u0627\u064a\u062b\u064a\u0644\u064a\u0646 \u0645\u0639 \u0645\u0636\u062e\u0629 \u0627\u0644\u062c\u0631\u0639\u0627\u062a<\/u><\/b><br \/>\n<u>\u0628\u062e\u0627\u062e \u0631\u0634<\/u>: \u0647\u0630\u0627 \u0627\u0644\u0646\u0638\u0627\u0645 \u0645\u0646\u0627\u0633\u0628 \u0644\u0644\u062a\u0637\u0628\u064a\u0642 \u0639\u0644\u0649 \u0627\u0644\u0623\u0633\u0637\u062d \u0627\u0644\u0643\u0628\u064a\u0631\u0629.<br \/>\n<img decoding=\"async\" src=\"https:\/\/static.shop-pharmacie.fr\/pix\/bcb\/N0253776_image003.jpg\" width=\"518\" height=\"258\" border=\"0\" \/><br \/>\n<u>\u0627\u0644\u0628\u062e\u0627\u062e \u0645\u0632\u0648\u062f \u0628\u0637\u0631\u0641 \u0632\u0627\u0648\u064a\u0629 \u0648\u0645\u0641\u0635\u0644\u064a<\/u>: \u0647\u0630\u0627 \u0627\u0644\u0646\u0638\u0627\u0645 \u0645\u0646\u0627\u0633\u0628 \u0644\u0644\u062a\u0637\u0628\u064a\u0642 \u0639\u0644\u0649 \u0627\u0644\u0645\u0646\u0627\u0637\u0642 \u0627\u0644\u0635\u063a\u064a\u0631\u0629 \u0623\u0648 \u062a\u062d\u062a \u0627\u0644\u0634\u0639\u0631.<br \/>\n<img decoding=\"async\" src=\"https:\/\/static.shop-pharmacie.fr\/pix\/bcb\/N0253776_image004.jpg\" width=\"657\" height=\"238\" border=\"0\" \/><\/p>\n<h3><\/h3>\n<h3><strong>\u0627\u0644\u062a\u0631\u0643\u064a\u0628\u0629<\/strong><\/h3>\n<p>\u0645\u064a\u0646\u0648\u0643\u0633\u064a\u062f\u064a\u0644<\/p>\n<p>&nbsp;<\/p>\n<h3><strong>\u0645\u0648\u0627\u0646\u0639<\/strong><\/h3>\n<p>\u0644\u0627 \u062a\u0633\u062a\u062e\u062f\u0645 \u0623\u0628\u062f\u064b\u0627 \u0645\u062d\u0644\u0648\u0644 MINOXIDIL SANDOZ CONSEIL 2 % \u0644\u0644\u062a\u0637\u0628\u064a\u0642 \u0639\u0644\u0649 \u0627\u0644\u062c\u0644\u062f \u0641\u064a \u0627\u0644\u062d\u0627\u0644\u0627\u062a \u0627\u0644\u062a\u0627\u0644\u064a\u0629:<br \/>\n\u00b7 \u0625\u0630\u0627 \u0643\u0627\u0646 \u0644\u062f\u064a\u0643 \u062d\u0633\u0627\u0633\u064a\u0629 \u0645\u0646 \u0627\u0644\u0645\u064a\u0646\u0648\u0643\u0633\u064a\u062f\u064a\u0644 \u0623\u0648 \u0623\u064a \u0645\u0646 \u0627\u0644\u0645\u0643\u0648\u0646\u0627\u062a \u0627\u0644\u0623\u062e\u0631\u0649 \u0641\u064a \u0627\u0644\u0645\u062d\u0644\u0648\u0644.<br \/>\n\u0625\u0630\u0627 \u0643\u0646\u062a \u0641\u064a \u0634\u0643\u060c \u064a\u062c\u0628 \u0639\u0644\u064a\u0643 \u0637\u0644\u0628 \u0627\u0644\u0645\u0634\u0648\u0631\u0629 \u0645\u0646 \u0637\u0628\u064a\u0628\u0643 \u0623\u0648 \u0627\u0644\u0635\u064a\u062f\u0644\u064a.<\/p>\n<p>&nbsp;<\/p>\n<h3><strong>\u0627\u062d\u062a\u064a\u0627\u0637\u0627\u062a \u0627\u0644\u0639\u0645\u0644<\/strong><\/h3>\n<p>\u0627\u0639\u062a\u0646\u064a \u0628\u0627\u0633\u062a\u062e\u062f\u0627\u0645 MINOXIDIL SANDOZ CONSEIL 2 %\u060c \u0648\u0647\u0648 \u0645\u062d\u0644\u0648\u0644 \u0644\u0644\u062a\u0637\u0628\u064a\u0642 \u0639\u0644\u0649 \u0627\u0644\u062c\u0644\u062f:<br \/>\n\u062a\u062d\u0630\u064a\u0631\u0627\u062a \u062e\u0627\u0635\u0629<br \/>\n\u0641\u064a \u062d\u0627\u0644\u0629 \u0627\u0644\u0625\u0635\u0627\u0628\u0629 \u0628\u0623\u0645\u0631\u0627\u0636 \u0627\u0644\u0642\u0644\u0628\u060c \u062d\u062a\u0649 \u0627\u0644\u0642\u062f\u064a\u0645\u0629 \u0645\u0646\u0647\u0627\u060c \u0644\u0627 \u0628\u062f \u0645\u0646 \u0627\u0633\u062a\u0634\u0627\u0631\u0629 \u0627\u0644\u0637\u0628\u064a\u0628 \u0642\u0628\u0644 \u0627\u0633\u062a\u062e\u062f\u0627\u0645 \u0627\u0644\u0645\u064a\u0646\u0648\u0643\u0633\u064a\u062f\u064a\u0644 \u0644\u0623\u0648\u0644 \u0645\u0631\u0629.<br \/>\n\u0644\u0627 \u062a\u0633\u062a\u062e\u062f\u0645 \u0627\u0644\u0645\u064a\u0646\u0648\u0643\u0633\u064a\u062f\u064a\u0644:<br \/>\n\u00b7 \u0641\u064a \u062d\u0627\u0644\u0629 \u062a\u0633\u0627\u0642\u0637 \u0627\u0644\u0634\u0639\u0631 \u0627\u0644\u0645\u0641\u0627\u062c\u0626\u060c \u0623\u0648 \u062a\u0633\u0627\u0642\u0637 \u0627\u0644\u0634\u0639\u0631 \u0628\u0639\u062f \u0645\u0631\u0636 \u0623\u0648 \u0639\u0644\u0627\u062c \u062f\u0648\u0627\u0626\u064a\u060c \u0644\u0627 \u062a\u0633\u062a\u062e\u062f\u0645 \u0647\u0630\u0627 \u0627\u0644\u062f\u0648\u0627\u0621 \u0648\u0627\u0637\u0644\u0628 \u0646\u0635\u064a\u062d\u0629 \u0637\u0628\u064a\u0628\u0643. \u0641\u064a \u0627\u0644\u0648\u0627\u0642\u0639\u060c \u0627\u0644\u0645\u064a\u0646\u0648\u0643\u0633\u064a\u062f\u064a\u0644 \u0644\u0646 \u064a\u0643\u0648\u0646 \u0641\u0639\u0627\u0644\u0627\u064b \u0641\u064a \u0647\u0630\u0627 \u0627\u0644\u0646\u0648\u0639 \u0645\u0646 \u062a\u0633\u0627\u0642\u0637 \u0627\u0644\u0634\u0639\u0631 (\u0627\u0646\u0638\u0631 \u0627\u0644\u0646\u0635\u0627\u0626\u062d\/\u0627\u0644\u062a\u062b\u0642\u064a\u0641 \u0627\u0644\u0635\u062d\u064a).<br \/>\n\u00b7 \u0639\u0644\u0649 \u062c\u0632\u0621 \u0622\u062e\u0631 \u0645\u0646 \u0627\u0644\u062c\u0633\u0645.<br \/>\n\u00b7 \u062a\u0648\u0642\u0641 \u0639\u0646 \u0627\u0644\u0639\u0644\u0627\u062c \u0648\u0627\u0633\u062a\u0634\u0631 \u0637\u0628\u064a\u0628\u0643 \u0641\u064a \u062d\u0627\u0644\u0629 \u062d\u062f\u0648\u062b \u0627\u062d\u0645\u0631\u0627\u0631 \u0623\u0648 \u062a\u0647\u064a\u062c \u0645\u0633\u062a\u0645\u0631 \u0641\u064a \u0641\u0631\u0648\u0629 \u0627\u0644\u0631\u0623\u0633.<br \/>\n\u0645\u0646 \u0627\u0644\u0645\u0647\u0645 \u0627\u062d\u062a\u0631\u0627\u0645 \u0627\u0644\u062c\u0631\u0639\u0629 \u0627\u0644\u0645\u0648\u0635\u0649 \u0628\u0647\u0627 \u0648\u0637\u0631\u064a\u0642\u0629 \u0627\u0644\u0625\u0639\u0637\u0627\u0621:<br \/>\no \u0644\u0627 \u062a\u0632\u064a\u062f \u0627\u0644\u062c\u0631\u0639\u0629 \u0644\u0643\u0644 \u062a\u0637\u0628\u064a\u0642\u060c \u0644\u0627 \u062a\u0632\u064a\u062f \u0645\u0646 \u062a\u0643\u0631\u0627\u0631 \u0627\u0644\u062a\u0637\u0628\u064a\u0642\u0627\u062a\u060c<br \/>\no \u0636\u0639\u064a \u0627\u0644\u0645\u064a\u0646\u0648\u0643\u0633\u064a\u062f\u064a\u0644 \u0641\u0642\u0637 \u0639\u0644\u0649 \u0641\u0631\u0648\u0629 \u0631\u0623\u0633 \u0635\u062d\u064a\u0629. \u062a\u062c\u0646\u0628 \u0647\u0630\u0627 \u0627\u0644\u062a\u0637\u0628\u064a\u0642 \u0641\u064a \u062d\u0627\u0644\u0629 \u0627\u0644\u062a\u0647\u064a\u062c\u060c \u0648\u0627\u0644\u0627\u062d\u0645\u0631\u0627\u0631 \u0627\u0644\u0645\u0633\u062a\u0645\u0631\u060c \u0648\u0627\u0644\u0627\u0644\u062a\u0647\u0627\u0628\u060c \u0648\u0627\u0644\u0625\u062d\u0633\u0627\u0633 \u0627\u0644\u0645\u0624\u0644\u0645 \u0641\u064a \u0641\u0631\u0648\u0629 \u0627\u0644\u0631\u0623\u0633\u060c<br \/>\n\u0644\u0627 \u062a\u0633\u062a\u062e\u062f\u0645 \u0627\u0644\u0645\u064a\u0646\u0648\u0643\u0633\u064a\u062f\u064a\u0644 \u0641\u064a \u0646\u0641\u0633 \u0627\u0644\u0648\u0642\u062a \u0645\u0639 \u062d\u0645\u0636 \u0627\u0644\u0631\u064a\u062a\u064a\u0646\u0648\u064a\u0643 \u0623\u0648 \u0627\u0644\u0623\u0646\u062b\u0631\u0627\u0644\u064a\u0646 (\u0627\u0644\u0623\u062f\u0648\u064a\u0629 \u0627\u0644\u0645\u0633\u062a\u062e\u062f\u0645\u0629 \u0623\u062d\u064a\u0627\u0646\u064b\u0627 \u0641\u064a \u0627\u0644\u0623\u0645\u0631\u0627\u0636 \u0627\u0644\u062c\u0644\u062f\u064a\u0629) \u0623\u0648 \u0623\u064a \u062f\u0648\u0627\u0621 \u0622\u062e\u0631 \u0645\u0647\u064a\u062c \u0644\u0644\u0623\u0645\u0631\u0627\u0636 \u0627\u0644\u062c\u0644\u062f\u064a\u0629.<br \/>\n\u0625\u0630\u0627 \u0644\u0645 \u064a\u062a\u0645 \u0627\u062d\u062a\u0631\u0627\u0645 \u0627\u0644\u062c\u0631\u0639\u0629 \u0648\/\u0623\u0648 \u0637\u0631\u064a\u0642\u0629 \u0627\u0644\u0625\u0639\u0637\u0627\u0621 \u0627\u0644\u0645\u0648\u0635\u0649 \u0628\u0647\u0627\u060c \u0641\u0642\u062f \u064a\u0632\u062f\u0627\u062f \u0645\u0631\u0648\u0631 \u0627\u0644\u0645\u064a\u0646\u0648\u0643\u0633\u064a\u062f\u064a\u0644 \u0625\u0644\u0649 \u0627\u0644\u062f\u0648\u0631\u0629 \u0627\u0644\u062f\u0645\u0648\u064a\u0629 \u0627\u0644\u0639\u0627\u0645\u0629 \u0648\u064a\u0633\u0628\u0628 \u062a\u0623\u062b\u064a\u0631\u0627\u062a \u063a\u064a\u0631 \u0645\u0631\u063a\u0648\u0628 \u0641\u064a\u0647\u0627 \u0645\u062b\u0644 \u0623\u0644\u0645 \u0641\u064a \u0627\u0644\u0635\u062f\u0631\u060c \u0627\u0646\u062e\u0641\u0627\u0636 \u0641\u064a \u0636\u063a\u0637 \u0627\u0644\u062f\u0645\u060c \u0639\u062f\u0645 \u0627\u0646\u062a\u0638\u0627\u0645 \u062f\u0642\u0627\u062a \u0627\u0644\u0642\u0644\u0628 (\u062a\u0633\u0627\u0631\u0639 \u0636\u0631\u0628\u0627\u062a \u0627\u0644\u0642\u0644\u0628)\u060c \u0627\u0644\u062f\u0648\u062e\u0629 \u0623\u0648 \u0627\u0644\u062f\u0648\u062e\u0629\u060c \u0648\u0632\u064a\u0627\u062f\u0629 \u0627\u0644\u0648\u0632\u0646 \u0627\u0644\u0645\u0641\u0627\u062c\u0626\u0629 \u0648\u063a\u064a\u0631 \u0627\u0644\u0645\u0628\u0631\u0631\u0629\u060c \u0648\u062a\u0648\u0631\u0645 \u0627\u0644\u064a\u062f\u064a\u0646 \u0648\u0627\u0644\u0642\u062f\u0645\u064a\u0646.<br \/>\n\u0625\u0630\u0627 \u0638\u0647\u0631\u062a \u0647\u0630\u0647 \u0627\u0644\u0623\u0639\u0631\u0627\u0636: \u062a\u0648\u0642\u0641 \u0639\u0646 \u0627\u0644\u0639\u0644\u0627\u062c \u0648\u0627\u0633\u062a\u0634\u0631 \u0637\u0628\u064a\u0628\u0643.<br \/>\n\u0644\u0627 \u062a\u062a\u0631\u0643 \u0647\u0630\u0627 \u0627\u0644\u062f\u0648\u0627\u0621 \u0641\u064a \u0645\u062a\u0646\u0627\u0648\u0644 \u0627\u0644\u0623\u0637\u0641\u0627\u0644.<br \/>\n\u0644\u0627 \u0627\u0628\u062a\u0644\u0627\u0639.<br \/>\n\u0644\u0627 \u062a\u0633\u062a\u0646\u0634\u0642.<br \/>\n\u0627\u0633\u062a\u062e\u062f\u0645 \u0647\u0630\u0627 \u0627\u0644\u062f\u0648\u0627\u0621 \u0628\u062d\u0630\u0631 \u0641\u0642\u0637<br \/>\n\u0641\u064a \u062d\u0627\u0644\u0629 \u0627\u0644\u062a\u0644\u0627\u0645\u0633 \u0627\u0644\u0639\u0631\u0636\u064a \u0644\u0644\u0639\u064a\u0646 \u0623\u0648 \u0627\u0644\u062c\u0631\u062d \u0623\u0648 \u0627\u0644\u063a\u0634\u0627\u0621 \u0627\u0644\u0645\u062e\u0627\u0637\u064a\u060c \u0642\u062f \u064a\u0633\u0628\u0628 \u0627\u0644\u0645\u062d\u0644\u0648\u0644 (\u0627\u0644\u0630\u064a \u064a\u062d\u062a\u0648\u064a \u0639\u0644\u0649 \u0627\u0644\u0643\u062d\u0648\u0644 \u0627\u0644\u0625\u064a\u062b\u064a\u0644\u064a) \u0625\u062d\u0633\u0627\u0633\u064b\u0627 \u0628\u0627\u0644\u062d\u0631\u0642\u0627\u0646 \u0648\u0627\u0644\u062a\u0647\u064a\u062c: \u0627\u0634\u0637\u0641\u0647 \u062c\u064a\u062f\u064b\u0627 \u0628\u0627\u0644\u0645\u0627\u0621 \u0627\u0644\u062c\u0627\u0631\u064a.<br \/>\n\u0644\u0627 \u062a\u0639\u0631\u0636 \u0641\u0631\u0648\u0629 \u0627\u0644\u0631\u0623\u0633 \u0627\u0644\u0645\u0639\u0627\u0644\u062c\u0629 \u0644\u0623\u0634\u0639\u0629 \u0627\u0644\u0634\u0645\u0633: \u0627\u0644\u062d\u0645\u0627\u064a\u0629 \u0636\u0631\u0648\u0631\u064a\u0629 (\u0627\u0644\u0642\u0628\u0639\u0629).<br \/>\n\u064a\u062d\u062a\u0648\u064a \u0647\u0630\u0627 \u0627\u0644\u062f\u0648\u0627\u0621 \u0639\u0644\u0649 \u0627\u0644\u0628\u0631\u0648\u0628\u064a\u0644\u064a\u0646 \u062c\u0644\u064a\u0643\u0648\u0644 \u0648\u0642\u062f \u064a\u0633\u0628\u0628 \u062a\u0647\u064a\u062c \u0627\u0644\u062c\u0644\u062f.<br \/>\n\u0625\u0630\u0627 \u0643\u0646\u062a \u0641\u064a \u0634\u0643\u060c \u0641\u0644\u0627 \u062a\u062a\u0631\u062f\u062f \u0641\u064a \u0637\u0644\u0628 \u0646\u0635\u064a\u062d\u0629 \u0637\u0628\u064a\u0628\u0643 \u0623\u0648 \u0627\u0644\u0635\u064a\u062f\u0644\u064a.<\/p>\n<h3><strong>\u0627\u0644\u062c\u0631\u0639\u0629<\/strong><br \/>\n0,02<\/h3>\n<p><strong>\u0639\u0631\u0636<\/strong><br \/>\n\u0639\u0644\u0628\u0629 \u0628\u0647\u0627 3 \u0632\u062c\u0627\u062c\u0627\u062a (+ \u0645\u0636\u062e\u0627\u062a \u0627\u0644\u062c\u0631\u0639\u0627\u062a + 3 \u0623\u0637\u0631\u0627\u0641) \u0633\u0639\u0629 60 \u0645\u0644<\/p>","protected":false},"excerpt":{"rendered":"<p>Voie d&rsquo;administration cutan\u00e9e Posologie N&rsquo;utilisez ce m\u00e9dicament que chez l&rsquo;adulte. Posologie: Appliquer 2 fois par jour une dose de 1 ml sur le cuir chevelu en prenant pour point de d\u00e9part le centre de la zone \u00e0 traiter. La dose quotidienne ne doit pas d\u00e9passer 2 ml, quelle que soit l&rsquo;\u00e9tendue de la zone \u00e0 [&hellip;]<\/p>\n","protected":false},"featured_media":5756,"comment_status":"open","ping_status":"closed","template":"","meta":{"_acf_changed":false},"product_brand":[],"product_cat":[102,138],"product_tag":[],"class_list":{"0":"post-5755","1":"product","2":"type-product","3":"status-publish","4":"has-post-thumbnail","6":"product_cat-soin-et-bien-etre","7":"product_cat-cheveux_","9":"first","10":"outofstock","11":"taxable","12":"shipping-taxable","13":"purchasable","14":"product-type-simple"},"acf":[],"_links":{"self":[{"href":"https:\/\/pharmacima.com\/ar\/wp-json\/wp\/v2\/product\/5755","targetHints":{"allow":["GET"]}}],"collection":[{"href":"https:\/\/pharmacima.com\/ar\/wp-json\/wp\/v2\/product"}],"about":[{"href":"https:\/\/pharmacima.com\/ar\/wp-json\/wp\/v2\/types\/product"}],"replies":[{"embeddable":true,"href":"https:\/\/pharmacima.com\/ar\/wp-json\/wp\/v2\/comments?post=5755"}],"wp:featuredmedia":[{"embeddable":true,"href":"https:\/\/pharmacima.com\/ar\/wp-json\/wp\/v2\/media\/5756"}],"wp:attachment":[{"href":"https:\/\/pharmacima.com\/ar\/wp-json\/wp\/v2\/media?parent=5755"}],"wp:term":[{"taxonomy":"product_brand","embeddable":true,"href":"https:\/\/pharmacima.com\/ar\/wp-json\/wp\/v2\/product_brand?post=5755"},{"taxonomy":"product_cat","embeddable":true,"href":"https:\/\/pharmacima.com\/ar\/wp-json\/wp\/v2\/product_cat?post=5755"},{"taxonomy":"product_tag","embeddable":true,"href":"https:\/\/pharmacima.com\/ar\/wp-json\/wp\/v2\/product_tag?post=5755"}],"curies":[{"name":"wp","href":"https:\/\/api.w.org\/{rel}","templated":true}]}}