{"id":5838,"date":"2021-01-21T14:58:22","date_gmt":"2021-01-21T13:58:22","guid":{"rendered":"https:\/\/pharmacima.dz\/?post_type=product&#038;p=5838"},"modified":"2026-02-02T10:11:59","modified_gmt":"2026-02-02T09:11:59","slug":"cicastim-arnica-sachet-creme-apaisante-bt-14-scht-acm","status":"publish","type":"product","link":"https:\/\/pharmacima.com\/ar\/product\/cicastim-arnica-sachet-creme-apaisante-bt-14-scht-acm\/","title":{"rendered":"\u0633\u064a\u0643\u0627\u0633\u062a\u0645 \u0623\u0631\u0646\u064a\u0643\u0627 \u0643\u0631\u064a\u0645 \u0645\u0647\u062f\u0626 20 \u0645\u0644 ACM"},"content":{"rendered":"<h1>\u0648\u0635\u0641 :<\/h1>\n<h2 data-start=\"66\" data-end=\"462\">La cr\u00e8me apaisante Cicastim Arnica du laboratoire ACM est sp\u00e9cialement formul\u00e9e pour soulager les petites douleurs cutan\u00e9es li\u00e9es aux chocs, coups, ecchymoses et contusions. Enrichie en arnica, reconnu pour ses propri\u00e9t\u00e9s apaisantes et anti-inflammatoires, elle favorise la r\u00e9sorption des bleus et contribue \u00e0 calmer les sensations d\u2019inconfort.<\/h2>\n<p data-start=\"464\" data-end=\"744\">Sa texture l\u00e9g\u00e8re et non grasse p\u00e9n\u00e8tre rapidement sans laisser de film collant, permettant une application facile au quotidien. Elle convient \u00e0 toute la famille et peut \u00eatre utilis\u00e9e apr\u00e8s un choc ou une activit\u00e9 sportive pour apaiser la peau et soutenir la r\u00e9paration cutan\u00e9e.<\/p>\n<hr \/>\n<h2><span style=\"color: #800080;\"><strong>\u0646\u0635\u0627\u0626\u062d \u0627\u0644\u0627\u0633\u062a\u0639\u0645\u0627\u0644 :\u00a0<\/strong><\/span><\/h2>\n<p>\u064a\u064f\u0633\u062a\u062e\u062f\u0645 \u0639\u0644\u0649 \u0627\u0644\u0628\u0634\u0631\u0629 \u0627\u0644\u0645\u062c\u0641\u0641\u0629 \u0648\u0627\u0644\u0645\u0631\u0637\u0628\u0629 \u0645\u0633\u0628\u0642\u064b\u0627.<br \/>\n\u0636\u0639 \u0627\u0644\u0643\u0631\u064a\u0645 \u0641\u064a \u0637\u0628\u0642\u0629 \u0631\u0642\u064a\u0642\u0629\u060c 2 \u0625\u0644\u0649 3 \u0645\u0631\u0627\u062a \u0641\u064a \u0627\u0644\u064a\u0648\u0645. \u0642\u0645 \u0628\u0625\u062c\u0631\u0627\u0621 \u062a\u062f\u0644\u064a\u0643 \u062f\u0642\u064a\u0642 \u0644\u062c\u0639\u0644\u0647 \u064a\u062a\u063a\u0644\u063a\u0644.<\/p>\n<hr \/>\n<h2><span style=\"color: #808080;\"><strong>\u0627\u0644\u062a\u0631\u0643\u064a\u0628\u0629 :<\/strong><\/span><\/h2>\n<p>\u0623\u0643\u0648\u0627 (\u0645\u0627\u0621)\u060c \u0643\u0631\u0628\u0648\u0646\u0627\u062a \u062f\u064a\u0643\u0627\u0628\u0631\u064a\u0644\u060c \u0643\u0648\u0643\u0648\u062c\u064a\u0644\u064a\u0633\u0631\u064a\u062f\u0627\u062a\u060c \u0628\u0631\u0648\u0628\u064a\u0644\u064a\u0646 \u062c\u0644\u064a\u0643\u0648\u0644\u060c \u062c\u0644\u064a\u0633\u0631\u064a\u0646\u060c \u0623\u0643\u0627\u0633\u064a\u0627 \u062f\u064a\u0643\u0648\u0631\u064a\u0646\u0632\/\u0627\u0644\u062c\u0648\u062c\u0648\u0628\u0627\/\u0634\u0645\u0639 \u0628\u0630\u0648\u0631 \u0639\u0628\u0627\u062f \u0627\u0644\u0634\u0645\u0633\/\u0627\u0633\u062a\u0631\u0627\u062a \u0628\u0648\u0644\u064a \u062c\u0644\u064a\u0633\u0631\u064a\u0644-3\u060c \u0632\u064a\u062a \u0627\u0644\u0630\u0631\u0629 \u0627\u0644\u0645\u0624\u0643\u0633\u062f\u060c \u0633\u062a\u064a\u0631\u0627\u062a \u0627\u0644\u0633\u0643\u0631\u0648\u0632\u060c \u0633\u0643\u0631\u0648\u0632 \u0631\u0628\u0627\u0639\u064a \u0633\u062a\u064a\u0631\u0627\u062a \u062b\u0644\u0627\u062b\u064a \u0627\u0644\u0623\u0633\u064a\u062a\u0627\u062a\u060c \u0628\u0631\u0648\u0628\u0627\u0646\u062f\u064a\u0648\u0644\u060c \u0632\u064a\u062a \u0632\u0647\u0631\u0629 \u0647\u064a\u0644\u064a\u0643\u0631\u064a\u0633\u0648\u0645 \u0625\u064a\u062a\u0627\u0644\u064a\u0643\u0648\u0645\u060c \u0623\u0648\u0631\u0627\u0642 \u0627\u0644\u0646\u0639\u0646\u0627\u0639 \u0623\u0631\u0641\u064a\u0646\u0633\u064a\u0633. \u0632\u064a\u062a\u060c \u0623\u0644\u0627\u0646\u062a\u0648\u064a\u0646\u060c \u0645\u0633\u062a\u062e\u0644\u0635 \u0632\u0647\u0631\u0629 \u0623\u0631\u0646\u064a\u0643\u0627 \u0645\u0648\u0646\u062a\u0627\u0646\u0627\u060c \u062a\u0648\u0643\u0648\u0641\u064a\u0631\u0648\u0644\u060c \u0646-\u0647\u064a\u062f\u0631\u0648\u0643\u0633\u064a \u0633\u0648\u0643\u0633\u064a\u0646\u064a\u0645\u064a\u062f\u060c \u0643\u0631\u064a\u0633\u064a\u0646\u060c \u0628\u0627\u0644\u0645\u064a\u062a\u0648\u064a\u0644 \u062b\u0644\u0627\u062b\u064a \u0627\u0644\u0628\u0628\u062a\u064a\u062f-1\u060c \u0628\u0627\u0644\u0645\u064a\u062a\u0648\u064a\u0644 \u0631\u0628\u0627\u0639\u064a \u0627\u0644\u0628\u0628\u062a\u064a\u062f-7\u060c \u0643\u062d\u0648\u0644 \u0633\u062a\u064a\u0627\u0631\u064a\u0644\u064a\u060c C20-22 \u0623\u0644\u0643\u064a\u0644 \u0641\u0648\u0633\u0641\u0627\u062a\u060c \u062c\u0644\u064a\u0633\u064a\u0631\u064a\u0644 \u0628\u064a\u0647\u064a\u0646\u0627\u062a\u060c \u0643\u062d\u0648\u0644 C20-22\u060c \u0641\u064a\u0646\u0648\u0643\u0633\u064a \u0625\u064a\u062b\u0627\u0646\u0648\u0644\u060c \u0635\u0645\u063a \u0627\u0644\u0632\u0627\u0646\u062b\u0627\u0646\u060c \u0643\u0644\u0648\u0631\u0641\u064a\u0646\u064a\u0633\u064a\u0646. \u060c \u0633\u0648\u0631\u0628\u0627\u062a \u0627\u0644\u0628\u0648\u062a\u0627\u0633\u064a\u0648\u0645\u060c \u0633\u062a\u064a\u0631\u062b-20\u060c \u0647\u064a\u062f\u0631\u0648\u0643\u0633\u064a\u062f \u0627\u0644\u0635\u0648\u062f\u064a\u0648\u0645\u060c \u0644\u064a\u0646\u0627\u0644\u0648\u0644\u060c \u0644\u064a\u0645\u0648\u0646\u064a\u0646\u060c \u0643\u0644\u0648\u0631\u0647\u064a\u0643\u0633\u064a\u062f\u064a\u0646 \u062f\u064a\u062c\u0644\u0648\u0643\u0648\u0646\u0627\u062a\u060c \u0633\u062a\u0631\u0627\u062a \u0627\u0644\u0635\u0648\u062f\u064a\u0648\u0645\u060c \u062d\u0627\u0645\u0636 \u0627\u0644\u0633\u062a\u0631\u064a\u0643.<\/p>","protected":false},"excerpt":{"rendered":"<h4><span style=\"color: #99ccff;\">ACM,<\/span><span style=\"color: #99ccff;\"> Cr\u00e8me apaise les sensations d&rsquo;inconfort Favorise l&rsquo;\u00e9limination de la coloration bleue\u00a0<\/span><\/h4>\n<h4><span style=\"color: #800080;\"><strong>\u0628\u0639\u062f \u0627\u0644\u0635\u062f\u0645\u0629 \u0623\u0648 \u0627\u0644\u062a\u062f\u062e\u0644 \u0627\u0644\u062a\u062c\u0645\u064a\u0644\u064a<\/strong><\/span><\/h4>\n<p><strong><em>\u0627\u0644\u0633\u0639\u0629: 20 \u0645\u0644<\/em><\/strong><\/p>","protected":false},"featured_media":5839,"comment_status":"open","ping_status":"closed","template":"","meta":{"_acf_changed":false},"product_brand":[1567],"product_cat":[102,139,137],"product_tag":[],"class_list":{"0":"post-5838","1":"product","2":"type-product","3":"status-publish","4":"has-post-thumbnail","6":"product_brand-acm","7":"product_cat-soin-et-bien-etre","8":"product_cat-corps_","9":"product_cat-visage","11":"first","12":"instock","13":"taxable","14":"shipping-taxable","15":"purchasable","16":"product-type-simple"},"acf":[],"_links":{"self":[{"href":"https:\/\/pharmacima.com\/ar\/wp-json\/wp\/v2\/product\/5838","targetHints":{"allow":["GET"]}}],"collection":[{"href":"https:\/\/pharmacima.com\/ar\/wp-json\/wp\/v2\/product"}],"about":[{"href":"https:\/\/pharmacima.com\/ar\/wp-json\/wp\/v2\/types\/product"}],"replies":[{"embeddable":true,"href":"https:\/\/pharmacima.com\/ar\/wp-json\/wp\/v2\/comments?post=5838"}],"wp:featuredmedia":[{"embeddable":true,"href":"https:\/\/pharmacima.com\/ar\/wp-json\/wp\/v2\/media\/5839"}],"wp:attachment":[{"href":"https:\/\/pharmacima.com\/ar\/wp-json\/wp\/v2\/media?parent=5838"}],"wp:term":[{"taxonomy":"product_brand","embeddable":true,"href":"https:\/\/pharmacima.com\/ar\/wp-json\/wp\/v2\/product_brand?post=5838"},{"taxonomy":"product_cat","embeddable":true,"href":"https:\/\/pharmacima.com\/ar\/wp-json\/wp\/v2\/product_cat?post=5838"},{"taxonomy":"product_tag","embeddable":true,"href":"https:\/\/pharmacima.com\/ar\/wp-json\/wp\/v2\/product_tag?post=5838"}],"curies":[{"name":"wp","href":"https:\/\/api.w.org\/{rel}","templated":true}]}}