{"id":5919,"date":"2021-01-25T10:06:32","date_gmt":"2021-01-25T09:06:32","guid":{"rendered":"https:\/\/pharmacima.dz\/?post_type=product&#038;p=5919"},"modified":"2026-03-17T17:02:03","modified_gmt":"2026-03-17T16:02:03","slug":"rosakalm-creme-anti-rougeurs-40ml-acm","status":"publish","type":"product","link":"https:\/\/pharmacima.com\/ar\/product\/rosakalm-creme-anti-rougeurs-40ml-acm\/","title":{"rendered":"Rosakalm Creme anti rougeurs 40ml ACM"},"content":{"rendered":"<h1>\u0648\u0635\u0641 :<\/h1>\n<h2><strong>\u064a\u062e\u0641\u0641 \u0647\u0630\u0627 \u0627\u0644\u0643\u0631\u064a\u0645 \u0645\u0646 \u0627\u0644\u0625\u062d\u0633\u0627\u0633 \u0628\u0627\u0644\u0634\u062f \u0648\u0627\u0644\u0633\u062e\u0648\u0646\u0629 \u0641\u064a \u0627\u0644\u0628\u0634\u0631\u0629 \u0627\u0644\u062d\u0633\u0627\u0633\u0629 \u0648\u0627\u0644\u0645\u062a\u0641\u0627\u0639\u0644\u0629 \u0627\u0644\u0645\u0639\u0631\u0636\u0629 \u0644\u0644\u0627\u062d\u0645\u0631\u0627\u0631 \u0628\u0634\u0643\u0644 \u0641\u0648\u0631\u064a \u0648\u062f\u0627\u0626\u0645.<\/strong><\/h2>\n<h2>La cr\u00e8me anti-rougeurs Rosakalm ACM\u00a0 diminue les rougeurs et am\u00e9liore la microcirculation cutan\u00e9e, gr\u00e2ce \u00e0 l\u2019extrait de Ruscus et \u00e0 son complexe v\u00e9g\u00e9tal apaisant antioxydant RK*. Elle apaise les sensations d\u2019\u00e9chauffement, de tiraillements tout en hydratant et en prot\u00e9geant des agressions ext\u00e9rieures. La cr\u00e8me camoufle imm\u00e9diatement les rougeurs et unifie le teint.<\/h2>\n<h2>\u0627\u0644\u0646\u062a\u0627\u0626\u062c\u060c \u064a\u062a\u0645 \u062a\u0642\u0644\u064a\u0644 \u0627\u0644\u0627\u062d\u0645\u0631\u0627\u0631\u060c \u0648\u064a\u0635\u0628\u062d \u0627\u0644\u062c\u0644\u062f \u0623\u0642\u0644 \u062a\u0641\u0627\u0639\u0644\u0627\u064b\u060c \u0648\u0631\u0637\u0628\u064b\u0627 \u062a\u0645\u0627\u0645\u064b\u0627 \u0648\u064a\u0633\u062a\u0639\u064a\u062f \u0643\u0644 \u0631\u0627\u062d\u062a\u0647<\/h2>\n<hr \/>\n<h3><span style=\"color: #d63676;\">\u0646\u0635\u0627\u0626\u062d \u0627\u0644\u0627\u0633\u062a\u0639\u0645\u0627\u0644<\/span><\/h3>\n<p>\u0636\u0639\u064a\u0647 \u0635\u0628\u0627\u062d\u0627\u064b \u0648\/\u0623\u0648 \u0645\u0633\u0627\u0621\u064b \u0639\u0644\u0649 \u0627\u0644\u0648\u062c\u0647 \u0627\u0644\u0630\u064a \u0633\u0628\u0642 \u062a\u0646\u0638\u064a\u0641\u0647 \u0628\u0627\u0633\u062a\u062e\u062f\u0627\u0645 \u063a\u0633\u0648\u0644 Rosakalm \u0645\u064a\u0633\u064a\u0644\u0627\u0631. \u0628\u0645\u062c\u0631\u062f \u0627\u0645\u062a\u0635\u0627\u0635 \u0627\u0644\u0643\u0631\u064a\u0645\u060c \u064a\u0645\u0643\u0646 \u0648\u0636\u0639 \u0627\u0644\u0645\u0643\u064a\u0627\u062c. \u064a\u062c\u0628 \u0627\u0633\u062a\u062e\u062f\u0627\u0645 \u0627\u0644\u0643\u0631\u064a\u0645 \u0644\u0645\u062f\u0629 \u062b\u0644\u0627\u062b\u0629 \u0623\u0634\u0647\u0631 \u0639\u0644\u0649 \u0627\u0644\u0623\u0642\u0644.<\/p>\n<hr \/>\n<h3><span style=\"color: #999999;\">\u0627\u0644\u062a\u0631\u0643\u064a\u0628\u0629<\/span><\/h3>\n<p>\u0623\u0643\u0648\u0627\u060c \u062c\u0644\u064a\u0633\u0631\u064a\u0646\u060c \u0632\u064a\u062a \u0628\u0630\u0648\u0631 \u0633\u064a\u0645\u0648\u0646\u062f\u0633\u064a\u0627 \u062a\u0634\u064a\u0646\u064a\u0646\u0633\u064a\u0633 (\u0627\u0644\u062c\u0648\u062c\u0648\u0628\u0627)\u060c \u0632\u064a\u062a \u0628\u0630\u0648\u0631 \u0627\u0644\u0633\u0645\u0633\u0645 (\u0627\u0644\u0633\u0645\u0633\u0645)\u060c \u0644\u0648\u0631\u064a\u062a \u0627\u0644\u063a\u0627\u0631\u060c \u0643\u062d\u0648\u0644 \u0627\u0644\u0633\u064a\u062a\u0631\u064a\u0644\u060c \u0627\u0644\u0633\u0644\u064a\u0644\u0648\u0632 \u0627\u0644\u062c\u0631\u064a\u0632\u0648\u0641\u0648\u0644\u0641\u064a\u0646\u060c \u0645\u0627\u0646\u064a\u062a\u0648\u0644\u060c \u0645\u0633\u062a\u062e\u0644\u0635 \u062c\u0630\u0631 \u0631\u0648\u0633\u0643\u0648\u0633 \u0623\u0643\u0648\u0644\u064a\u062a\u0648\u0633 (\u0627\u0644\u062c\u0632\u0627\u0631\u0629)\u060c \u0647\u064a\u0627\u0644\u064a\u0631\u0648\u0646\u0627\u062a \u0627\u0644\u0635\u0648\u062f\u064a\u0648\u0645\u060c \u0645\u0633\u062a\u062e\u0644\u0635 \u0623\u0633\u062a\u0631 \u062a\u0631\u064a\u0628\u0644\u0633\u064a\u0646\u060c \u0632\u064a\u062a \u0627\u0644\u0648\u0633\u062a\u0627\u0631\u064a\u0629 (\u0641\u0648\u0644 \u0627\u0644\u0635\u0648\u064a\u0627). ) \u0645\u0633\u062a\u062e\u0644\u0635\u060c \u0645\u0633\u062a\u062e\u0644\u0635 \u0632\u0647\u0631\u0629 \u0633\u0627\u0645\u0628\u0648\u0643\u0648\u0633 \u0646\u064a\u062c\u0631\u0627\u060c \u0645\u0633\u062a\u062e\u0644\u0635 \u0623\u0648\u0631\u0627\u0642 \u0627\u0644\u0643\u0627\u0645\u064a\u0644\u064a\u0627 \u0633\u064a\u0646\u0627\u0646\u0633\u064a\u0633\u060c \u0645\u0633\u062a\u062e\u0644\u0635 \u0641\u0627\u0643\u0647\u0629 \u0647\u064a\u0628\u0648\u0628\u0647\u0627\u064a \u0631\u0627\u0645\u0646\u0648\u064a\u062f\u0633\u060c \u0645\u0633\u062a\u062e\u0644\u0635 \u0623\u0648\u0631\u0627\u0642 \u0623\u0648\u0644\u064a\u0627 \u0623\u0648\u0631\u0648\u0628\u0627 (\u0627\u0644\u0632\u064a\u062a\u0648\u0646)\u060c \u062a\u0648\u0643\u0648\u0641\u064a\u0631\u0648\u0644\u060c \u062c\u0644\u0648\u0643\u0648\u0633\u064a\u062f \u0627\u0644\u0633\u064a\u062a\u0631\u064a\u0644\u060c \u0635\u0645\u063a \u0627\u0644\u0633\u0644\u064a\u0644\u0648\u0632\u060c \u0633\u062a\u064a\u0631\u0627\u062a \u0627\u0644\u062c\u0644\u064a\u0633\u0631\u064a\u0644\u060c \u0633\u062a\u064a\u0631\u0627\u062a \u0628\u0648\u0644\u064a \u062c\u0644\u064a\u0633\u0631\u064a\u0644 -3\u060c \u0635\u0645\u063a \u0627\u0644\u0643\u0627\u0628\u0631\u064a\u0643 \u062b\u0644\u0627\u062b\u064a \u0627\u0644\u062c\u0644\u064a\u0633\u0631\u064a\u062f\u060c \u0645\u064a\u0643\u0627\u060c \u062c\u0644\u0648\u062a\u0627\u0645\u0627\u062a \u0631\u0628\u0627\u0639\u064a \u0627\u0644\u0635\u0648\u062f\u064a\u0648\u0645 \u062b\u0646\u0627\u0626\u064a \u0627\u0644\u0623\u0633\u064a\u062a\u0627\u062a\u060c \u062d\u0645\u0636 \u062f\u064a\u0647\u064a\u062f\u0631\u0648\u0627\u0633\u064a\u062a\u064a\u0643\u060c \u062d\u0627\u0645\u0636 \u0627\u0644\u0633\u062a\u0631\u064a\u0643\u060c \u0643\u062d\u0648\u0644 \u0627\u0644\u0628\u0646\u0632\u064a\u0644\u060c Cl 77891 (\u062b\u0627\u0646\u064a \u0623\u0643\u0633\u064a\u062f \u0627\u0644\u062a\u064a\u062a\u0627\u0646\u064a\u0648\u0645)\u060c Ci 77289 (\u0647\u064a\u062f\u0631\u0648\u0643\u0633\u064a\u062f \u0627\u0644\u0643\u0631\u0648\u0645 \u0627\u0644\u0623\u062e\u0636\u0631)\u060c \u0633\u0648\u0631\u0628\u0627\u062a \u0627\u0644\u0628\u0648\u062a\u0627\u0633\u064a\u0648\u0645\u060c \u0628\u0646\u0632\u0648\u0627\u062a \u0627\u0644\u0635\u0648\u062f\u064a\u0648\u0645\u060c \u0639\u0637\u0631 (\u0639\u0637\u0631).<\/p>\n<p>&nbsp;<\/p>\n<p>&nbsp;<\/p>\n<p>\u0627\u064a\u0647 \u0633\u064a \u0627\u0645<\/p>","protected":false},"excerpt":{"rendered":"<p><strong><span style=\"color: #de6495;\">\u0639\u0646\u0627\u064a\u0629 \u0645\u0647\u062f\u0626\u0629 \u0648\u0645\u0631\u0637\u0628\u0629 \u0644\u0644\u0628\u0634\u0631\u0629 \u0627\u0644\u062a\u0641\u0627\u0639\u0644\u064a\u0629<\/span><\/strong><\/p>\n<p><em><strong>\u0623\u0646\u0628\u0648\u0628 40 \u0645\u0644<\/strong><\/em><\/p>\n<p style=\"direction: rtl;\">","protected":false},"featured_media":10507,"comment_status":"open","ping_status":"closed","template":"","meta":{"_acf_changed":false},"product_brand":[1567],"product_cat":[102,137],"product_tag":[],"class_list":{"0":"post-5919","1":"product","2":"type-product","3":"status-publish","4":"has-post-thumbnail","6":"product_brand-acm","7":"product_cat-soin-et-bien-etre","8":"product_cat-visage","10":"first","11":"instock","12":"taxable","13":"shipping-taxable","14":"purchasable","15":"product-type-simple"},"acf":[],"_links":{"self":[{"href":"https:\/\/pharmacima.com\/ar\/wp-json\/wp\/v2\/product\/5919","targetHints":{"allow":["GET"]}}],"collection":[{"href":"https:\/\/pharmacima.com\/ar\/wp-json\/wp\/v2\/product"}],"about":[{"href":"https:\/\/pharmacima.com\/ar\/wp-json\/wp\/v2\/types\/product"}],"replies":[{"embeddable":true,"href":"https:\/\/pharmacima.com\/ar\/wp-json\/wp\/v2\/comments?post=5919"}],"wp:featuredmedia":[{"embeddable":true,"href":"https:\/\/pharmacima.com\/ar\/wp-json\/wp\/v2\/media\/10507"}],"wp:attachment":[{"href":"https:\/\/pharmacima.com\/ar\/wp-json\/wp\/v2\/media?parent=5919"}],"wp:term":[{"taxonomy":"product_brand","embeddable":true,"href":"https:\/\/pharmacima.com\/ar\/wp-json\/wp\/v2\/product_brand?post=5919"},{"taxonomy":"product_cat","embeddable":true,"href":"https:\/\/pharmacima.com\/ar\/wp-json\/wp\/v2\/product_cat?post=5919"},{"taxonomy":"product_tag","embeddable":true,"href":"https:\/\/pharmacima.com\/ar\/wp-json\/wp\/v2\/product_tag?post=5919"}],"curies":[{"name":"wp","href":"https:\/\/api.w.org\/{rel}","templated":true}]}}