{"id":5932,"date":"2021-01-25T11:05:40","date_gmt":"2021-01-25T10:05:40","guid":{"rendered":"https:\/\/pharmacima.dz\/?post_type=product&#038;p=5932"},"modified":"2026-03-15T16:03:25","modified_gmt":"2026-03-15T15:03:25","slug":"sensitelial-gel-nettoyant-surgras-200ml-acm","status":"publish","type":"product","link":"https:\/\/pharmacima.com\/ar\/product\/sensitelial-gel-nettoyant-surgras-200ml-acm\/","title":{"rendered":"Sensitelial Gel nettoyant surgras 200ml ACM"},"content":{"rendered":"<h1>\u0648\u0635\u0641 :<\/h1>\n<h2><strong data-start=\"165\" data-end=\"202\">Sensit\u00e9lial Gel Nettoyant Surgras ACM<\/strong>\u00a0\u0647\u0648 <strong data-start=\"210\" data-end=\"316\">gel nettoyant doux con\u00e7u pour nettoyer d\u00e9licatement les peaux s\u00e8ches, sensibles ou \u00e0 tendance atopique<\/strong> \u0627\u0644 <strong data-start=\"320\" data-end=\"342\">visage et du corps<\/strong>, chez l\u2019<strong data-start=\"351\" data-end=\"376\">adulte comme l\u2019enfant<\/strong>. Sa formule est sp\u00e9cialement pens\u00e9e pour <strong data-start=\"418\" data-end=\"479\">respecter la peau fragile sans l\u2019agresser ni la dess\u00e9cher<\/strong>, tout en <strong data-start=\"489\" data-end=\"536\">restaurer le film hydrolipidique protecteur<\/strong>.<\/h2>\n<p>&nbsp;<\/p>\n<hr \/>\n<h2><span style=\"color: #000000;\"><b>\u0646\u0635\u0627\u0626\u062d \u0627\u0644\u0627\u0633\u062a\u0639\u0645\u0627\u0644 :<\/b><\/span><\/h2>\n<p>\u0627\u0633\u062a\u062e\u062f\u0645\u064a \u062c\u0644 \u0627\u0644\u062a\u0646\u0638\u064a\u0641 Sensit\u00e9lial \u0644\u0644\u062a\u0646\u0638\u064a\u0641 \u0627\u0644\u064a\u0648\u0645\u064a \u0644\u0644\u0648\u062c\u0647 \u0648\u0627\u0644\u062c\u0633\u0645.<\/p>\n<p>\u062a\u0646\u0637\u0628\u0642 1-2 \u0645\u0631\u0627\u062a \u0641\u064a \u0627\u0644\u064a\u0648\u0645.<\/p>\n<hr \/>\n<h2><span style=\"color: #000000;\"><strong>\u0627\u0644\u062a\u0631\u0643\u064a\u0628\u0629:<\/strong><\/span><\/h2>\n<p>\u0623\u0643\u0648\u0627 (\u0645\u0627\u0621)\u060c \u0643\u0628\u0631\u064a\u062a\u0627\u062a \u0644\u0648\u0631\u064a\u062b \u0627\u0644\u0635\u0648\u062f\u064a\u0648\u0645\u060c \u0643\u0648\u0643\u0648 \u062c\u0644\u0648\u0643\u0648\u0633\u064a\u062f\u060c \u0628\u0648\u0644\u064a \u0625\u064a\u062b\u064a\u0644\u064a\u0646 \u062c\u0644\u0627\u064a\u0643\u0648\u0644-7 \u0643\u0648\u0643\u0648\u0627\u062a \u0627\u0644\u063a\u0644\u064a\u0633\u064a\u0631\u064a\u0644\u060c \u0643\u0644\u0648\u0631\u064a\u062f \u0627\u0644\u0635\u0648\u062f\u064a\u0648\u0645\u060c \u0628\u0648\u0644\u064a \u0625\u064a\u062b\u064a\u0644\u064a\u0646 \u062c\u0644\u0627\u064a\u0643\u0648\u0644-18 \u063a\u0644\u064a\u0633\u064a\u0631\u064a\u0644 \u0623\u0648\u0644\u064a\u0627\u062a\/\u0643\u0648\u0643\u0648\u0627\u062a\u060c \u0628\u0648\u0644\u064a \u0643\u0648\u0627\u062a\u064a\u0631\u0646\u064a\u0648\u0645-10\u060c \u0641\u064a\u0646\u0648\u0643\u0633\u064a \u0625\u064a\u062b\u0627\u0646\u0648\u0644\u060c \u0643\u0644\u0648\u0631\u0641\u064a\u0646\u064a\u0633\u064a\u0646\u060c \u062d\u0645\u0636 \u0627\u0644\u0633\u062a\u0631\u064a\u0643\u060c \u0628\u0646\u0632\u0648\u0627\u062a \u0627\u0644\u0635\u0648\u062f\u064a\u0648\u0645.<\/p>\n<p>&nbsp;<\/p>\n<p>&nbsp;<\/p>\n<p>\u0627\u064a\u0647 \u0633\u064a \u0627\u0645<\/p>","protected":false},"excerpt":{"rendered":"<h3><span style=\"color: #3366ff;\"><strong>\u0645\u0646\u0638\u0641 \u064a\u0648\u0645\u064a \u0644\u0637\u064a\u0641<\/strong><\/span><\/h3>\n<p><em><strong>\u0623\u0646\u0628\u0648\u0628 200 \u0645\u0644<\/strong><\/em><\/p>","protected":false},"featured_media":149587,"comment_status":"open","ping_status":"closed","template":"","meta":{"_acf_changed":false},"product_brand":[1567],"product_cat":[102,139,137],"product_tag":[897,792,921,932,922,868,804],"class_list":{"0":"post-5932","1":"product","2":"type-product","3":"status-publish","4":"has-post-thumbnail","6":"product_brand-acm","7":"product_cat-soin-et-bien-etre","8":"product_cat-corps_","9":"product_cat-visage","10":"product_tag-Gel","11":"product_tag-Nettoyant","12":"product_tag-Peauxseches","13":"product_tag-PeauxAtopique","14":"product_tag-PeauxSechesAtresSeches","15":"product_tag-Sanssavon","16":"product_tag-SoinApaisant","18":"first","19":"instock","20":"taxable","21":"shipping-taxable","22":"purchasable","23":"product-type-simple"},"acf":[],"_links":{"self":[{"href":"https:\/\/pharmacima.com\/ar\/wp-json\/wp\/v2\/product\/5932","targetHints":{"allow":["GET"]}}],"collection":[{"href":"https:\/\/pharmacima.com\/ar\/wp-json\/wp\/v2\/product"}],"about":[{"href":"https:\/\/pharmacima.com\/ar\/wp-json\/wp\/v2\/types\/product"}],"replies":[{"embeddable":true,"href":"https:\/\/pharmacima.com\/ar\/wp-json\/wp\/v2\/comments?post=5932"}],"wp:featuredmedia":[{"embeddable":true,"href":"https:\/\/pharmacima.com\/ar\/wp-json\/wp\/v2\/media\/149587"}],"wp:attachment":[{"href":"https:\/\/pharmacima.com\/ar\/wp-json\/wp\/v2\/media?parent=5932"}],"wp:term":[{"taxonomy":"product_brand","embeddable":true,"href":"https:\/\/pharmacima.com\/ar\/wp-json\/wp\/v2\/product_brand?post=5932"},{"taxonomy":"product_cat","embeddable":true,"href":"https:\/\/pharmacima.com\/ar\/wp-json\/wp\/v2\/product_cat?post=5932"},{"taxonomy":"product_tag","embeddable":true,"href":"https:\/\/pharmacima.com\/ar\/wp-json\/wp\/v2\/product_tag?post=5932"}],"curies":[{"name":"wp","href":"https:\/\/api.w.org\/{rel}","templated":true}]}}