{"id":5941,"date":"2021-01-25T13:36:17","date_gmt":"2021-01-25T12:36:17","guid":{"rendered":"https:\/\/pharmacima.dz\/?post_type=product&#038;p=5941"},"modified":"2025-12-30T12:56:53","modified_gmt":"2025-12-30T11:56:53","slug":"xerolys-10-soin-emollient-200ml-lysaskin","status":"publish","type":"product","link":"https:\/\/pharmacima.com\/ar\/product\/xerolys-10-soin-emollient-200ml-lysaskin\/","title":{"rendered":"XEROLYS 10 soin emollient 200ml Lysaskin"},"content":{"rendered":"<h1><strong>\u0648\u0635\u0641 :<\/strong><\/h1>\n<h2>XEROLYS10 soin emollient 200ml Lysaskin,<\/h2>\n<h2>XEROlys 10 est un <strong data-start=\"272\" data-end=\"303\">soin \u00e9mollient longue dur\u00e9e<\/strong> \u0648\u0636\u0639\u062a \u062e\u0635\u064a\u0635\u0627 \u0644 <strong data-start=\"330\" data-end=\"391\">hydrater intens\u00e9ment et durablement les peaux tr\u00e8s s\u00e8ches<\/strong>, en apportant <strong data-start=\"406\" data-end=\"451\">confort, souplesse et apaisement imm\u00e9diat<\/strong>. Il s\u2019agit d\u2019une <strong data-start=\"469\" data-end=\"507\">\u00e9mulsion corporelle huile-dans-eau<\/strong>, l\u00e9g\u00e8rement parfum\u00e9e avec un parfum exempt des 26 allerg\u00e8nes reconnus par la C.E.E., ce qui am\u00e9liore sa tol\u00e9rance cutan\u00e9e.<\/h2>\n<p><strong>\u064a\u062d\u062a\u0648\u064a XEROlys 10 \u0623\u064a\u0636\u064b\u0627 \u0639\u0644\u0649 \u0645\u0643\u0648\u0646\u0627\u062a \u0646\u0634\u0637\u0629:<\/strong><\/p>\n<ul>\n<li>\u0627\u0644\u0645\u0631\u0637\u0628\u0627\u062a (\u0643\u0644\u0648\u0631\u064a\u062f \u0627\u0644\u0635\u0648\u062f\u064a\u0648\u0645\u060c \u0627\u0644\u062c\u0644\u0633\u0631\u064a\u0646\u060c \u062d\u0645\u0636 \u0627\u0644\u0644\u0627\u0643\u062a\u064a\u0643\u060c \u0625\u0644\u062e)\u060c<\/li>\n<li>\u0625\u0639\u0627\u062f\u0629 \u0627\u0644\u062f\u0647\u0648\u0646 (\u0632\u0628\u062f\u0629 \u0627\u0644\u0634\u064a\u0627\u060c \u0632\u064a\u062a \u0627\u0644\u062c\u0648\u062c\u0648\u0628\u0627\u060c \u0634\u0645\u0639 \u0627\u0644\u0639\u0633\u0644\u060c \u0632\u064a\u062a \u0646\u0648\u0627\u0629 \u0627\u0644\u0645\u0634\u0645\u0634\u060c \u0625\u0644\u062e) \u0627\u0644\u062a\u064a \u062a\u0633\u0627\u0639\u062f \u0639\u0644\u0649 \u0627\u0633\u062a\u0639\u0627\u062f\u0629 \u0627\u0644\u0637\u0628\u0642\u0629 \u0627\u0644\u062f\u0647\u0646\u064a\u0629 \u0627\u0644\u0645\u0627\u0626\u064a\u0629 \u0648\u0648\u0638\u064a\u0641\u0629 \u0627\u0644\u062d\u0627\u062c\u0632 \u0627\u0644\u062c\u0644\u062f\u064a\u060c<\/li>\n<li>\u0645\u0647\u062f\u0626 (\u0622\u0644\u0627\u0646\u062a\u0648\u064a\u0646 \u060c \u0648\u0645\u0627 \u0625\u0644\u0649 \u0630\u0644\u0643) \u060c<\/li>\n<li>\u063a\u0646\u064a \u0648\u0645\u062c\u062f\u062f (\u0646\u0628\u0627\u062a \u0633\u062a\u064a\u0631\u0648\u0644\u060c \u0633\u0643\u0648\u0627\u0644\u0627\u0646\u060c \u0623\u0633\u064a\u062a\u0627\u062a \u0627\u0644\u062a\u0648\u0643\u0648\u0641\u064a\u0631\u0648\u0644\u060c \u062f-\u0628\u0627\u0646\u062b\u064a\u0646\u0648\u0644\u060c \u0632\u064a\u062a \u0644\u0633\u0627\u0646 \u0627\u0644\u062b\u0648\u0631\u060c \u0625\u0644\u062e).<\/li>\n<\/ul>\n<h2><strong>\u0646\u0635\u0627\u0626\u062d \u0627\u0644\u0627\u0633\u062a\u0639\u0645\u0627\u0644 :<\/strong><\/h2>\n<ul>\n<li data-start=\"2336\" data-end=\"2509\">\n<p data-start=\"2338\" data-end=\"2509\">\u064a\u062a\u0642\u062f\u0645 <strong data-start=\"2348\" data-end=\"2371\">1 \u0625\u0644\u0649 2 \u0645\u0631\u0627\u062a \u0641\u064a \u0627\u0644\u064a\u0648\u0645<\/strong>, de pr\u00e9f\u00e9rence <strong data-start=\"2387\" data-end=\"2417\">apr\u00e8s le bain ou la douche<\/strong>, sur l\u2019ensemble du corps ou les zones tr\u00e8s s\u00e8ches.<\/p>\n<\/li>\n<li data-start=\"2510\" data-end=\"2559\">\n<p data-start=\"2512\" data-end=\"2559\">Masser doucement jusqu\u2019\u00e0 absorption compl\u00e8te.<\/p>\n<\/li>\n<li data-start=\"2560\" data-end=\"2658\">\n<p data-start=\"2562\" data-end=\"2658\">Pour de meilleurs r\u00e9sultats, utiliser r\u00e9guli\u00e8rement, surtout en p\u00e9riode de s\u00e9cheresse cutan\u00e9e.<\/p>\n<\/li>\n<\/ul>\n<h2><strong>\u0627\u0644\u062a\u0631\u0643\u064a\u0628\u0629 :<\/strong><\/h2>\n<p>\u0623\u0643\u0648\u0627 (\u0645\u0627\u0621)\u060c \u064a\u0648\u0631\u064a\u0627\u060c \u0643\u0644\u0648\u0631\u064a\u062f \u0627\u0644\u0635\u0648\u062f\u064a\u0648\u0645\u060c \u062c\u0644\u064a\u0633\u0631\u064a\u0646\u060c \u0633\u0627\u0626\u0644 \u0627\u0644\u0628\u0627\u0631\u0627\u0641\u064a\u0646 (\u0632\u064a\u0648\u062a \u0645\u0639\u062f\u0646\u064a\u0629)\u060c \u0633\u062a\u064a\u0631\u062b-2\u060c \u0632\u0628\u062f\u0629 \u0628\u0648\u062a\u064a\u0631\u0648\u0633\u0628\u064a\u0631\u0645\u0648\u0645 \u0628\u0627\u0631\u0643\u064a\u060c \u0632\u064a\u062a \u0646\u0648\u0627\u0629 \u0628\u0631\u0648\u0646\u0648\u0633 \u0623\u0631\u0645\u064a\u0646\u064a\u0627\u0643\u0627 (\u0627\u0644\u0645\u0634\u0645\u0634)\u060c \u062d\u0645\u0636 \u0627\u0644\u0644\u0628\u0646\u060c \u0633\u064a\u0631\u0627 \u0623\u0644\u0628\u0627 (\u0634\u0645\u0639 \u0627\u0644\u0639\u0633\u0644)\u060c \u062d\u0645\u0636 \u0627\u0644\u0644\u0628\u0646\u064a\u0643\u060c \u0643\u062d\u0648\u0644 \u0633\u064a\u062a\u064a\u0644 \u0633\u064a\u0645\u0648\u0646\u062f\u0633\u064a\u0627. \u0632\u064a\u062a \u0628\u0630\u0648\u0631 \u0634\u064a\u0646\u064a\u0646\u0633\u064a\u0633 (\u0627\u0644\u062c\u0648\u062c\u0648\u0628\u0627)\u060c \u0633\u062a\u064a\u0631\u062b-21\u060c \u0632\u064a\u062a \u0628\u0630\u0648\u0631 \u0628\u0648\u0631\u0627\u062c\u0648 \u0623\u0648\u0641\u064a\u0633\u064a\u0646\u0627\u0644\u064a\u0633\u060c \u0633\u0643\u0648\u0627\u0644\u0627\u0646\u060c \u062c\u0644\u064a\u0633\u064a\u0646 \u0633\u0648\u062c\u0627 (\u0641\u0648\u0644 \u0627\u0644\u0635\u0648\u064a\u0627)\u060c \u0633\u062a\u064a\u0631\u0648\u0644\u060c \u0623\u0644\u0627\u0646\u062a\u0648\u064a\u0646\u060c \u0628\u0627\u0646\u062b\u064a\u0646\u0648\u0644\u060c \u0623\u0633\u064a\u062a\u0627\u062a \u062a\u0648\u0643\u0648\u0641\u064a\u0631\u064a\u0644\u060c \u062b\u0646\u0627\u0626\u064a \u0645\u064a\u062b\u064a\u0643\u0648\u0646\u060c \u0641\u064a\u0646\u0648\u0643\u0633\u064a \u0625\u064a\u062b\u0627\u0646\u0648\u0644\u060c \u0641\u0648\u0633\u0641\u0627\u062a \u0646\u0634\u0627 \u0647\u064a\u062f\u0631\u0648\u0643\u0633\u064a \u0628\u0631\u0648\u0628\u064a\u0644\u060c \u0635\u0645\u063a \u0627\u0644\u0632\u0627\u0646\u062b\u0627\u0646\u060c \u0627\u0644\u0635\u0648\u062f\u064a\u0648\u0645. \u0647\u064a\u062f\u0631\u0648\u0643\u0633\u064a\u062f\u060c \u0645\u064a\u062a \u0647\u0627\u064a\u0644 \u0628\u0627\u0631\u0627\u0628\u064a\u0646\u060c \u0628\u0631\u0648\u0628\u064a\u0644 \u0628\u0627\u0631\u0627\u0628\u064a\u0646\u060c \u0633\u064a\u0631\u0627 \u0645\u064a\u0643\u0631\u0648\u0643\u0631\u064a\u0633\u062a\u0627\u0644\u064a\u0646\u0627\u060c \u0628\u0627\u0631\u0627\u0641\u064a\u0646\u060c \u0639\u0637\u0631 (\u0639\u0637\u0631).<\/p>\n<p>&nbsp;<\/p>","protected":false},"excerpt":{"rendered":"<p><strong><span style=\"color: #cc99ff;\">XEROLYS 10 soin emollient longue duree 200ml Lysaskin\u00a0<\/span><\/strong><\/p>\n<p>Emulsion corporelle , Hydratante et relipidante \/ Pour la peau tr\u00e8s s\u00e8ches<\/p>","protected":false},"featured_media":21564,"comment_status":"open","ping_status":"closed","template":"","meta":{"_acf_changed":false},"product_brand":[1568],"product_cat":[139,102],"product_tag":[],"class_list":{"0":"post-5941","1":"product","2":"type-product","3":"status-publish","4":"has-post-thumbnail","6":"product_brand-lysaskin","7":"product_cat-corps_","8":"product_cat-soin-et-bien-etre","10":"first","11":"instock","12":"taxable","13":"shipping-taxable","14":"purchasable","15":"product-type-simple"},"acf":[],"_links":{"self":[{"href":"https:\/\/pharmacima.com\/ar\/wp-json\/wp\/v2\/product\/5941","targetHints":{"allow":["GET"]}}],"collection":[{"href":"https:\/\/pharmacima.com\/ar\/wp-json\/wp\/v2\/product"}],"about":[{"href":"https:\/\/pharmacima.com\/ar\/wp-json\/wp\/v2\/types\/product"}],"replies":[{"embeddable":true,"href":"https:\/\/pharmacima.com\/ar\/wp-json\/wp\/v2\/comments?post=5941"}],"wp:featuredmedia":[{"embeddable":true,"href":"https:\/\/pharmacima.com\/ar\/wp-json\/wp\/v2\/media\/21564"}],"wp:attachment":[{"href":"https:\/\/pharmacima.com\/ar\/wp-json\/wp\/v2\/media?parent=5941"}],"wp:term":[{"taxonomy":"product_brand","embeddable":true,"href":"https:\/\/pharmacima.com\/ar\/wp-json\/wp\/v2\/product_brand?post=5941"},{"taxonomy":"product_cat","embeddable":true,"href":"https:\/\/pharmacima.com\/ar\/wp-json\/wp\/v2\/product_cat?post=5941"},{"taxonomy":"product_tag","embeddable":true,"href":"https:\/\/pharmacima.com\/ar\/wp-json\/wp\/v2\/product_tag?post=5941"}],"curies":[{"name":"wp","href":"https:\/\/api.w.org\/{rel}","templated":true}]}}