{"id":6047,"date":"2021-01-30T18:38:05","date_gmt":"2021-01-30T17:38:05","guid":{"rendered":"https:\/\/pharmacima.dz\/?post_type=product&#038;p=6047"},"modified":"2024-05-28T12:18:00","modified_gmt":"2024-05-28T11:18:00","slug":"solution-tonifiante-a-lacide-glycolique-7-240ml-the-ordinary","status":"publish","type":"product","link":"https:\/\/pharmacima.com\/ar\/product\/solution-tonifiante-a-lacide-glycolique-7-240ml-the-ordinary\/","title":{"rendered":"\u0645\u062d\u0644\u0648\u0644 \u0627\u0644\u062a\u0646\u063a\u064a\u0645 \u0628\u062d\u0645\u0636 \u0627\u0644\u062c\u0644\u064a\u0643\u0648\u0644\u064a\u0643 7% \u2013 240 \u0645\u0644 \u0627\u0644\u0639\u0627\u062f\u064a"},"content":{"rendered":"<h3><strong>DESCRIPTION<\/strong><\/h3>\n<div id=\"description\" class=\"prdct__details-content\">\n<p>Solution Tonifiante \u00e0 base d&rsquo;Acide Glycolique<\/p>\n<p>peau mixte a grasse<\/p>\n<p>Cette solution tonifiante concentr\u00e9e \u00e0 7% offre une exfoliation l\u00e9g\u00e8re \u00e0 la peau pour am\u00e9liorer l\u2019\u00e9clat et la clart\u00e9 du teint. Cette formule am\u00e9liore \u00e9galement la texture de la peau sur le long terme. Ce produit contient un d\u00e9riv\u00e9 de baie poivr\u00e9e de Tasmanie pour r\u00e9duire l\u2019irritation souvent associ\u00e9e \u00e0 l\u2019utilisation d\u2019acides de fruits.<\/p>\n<p>Ce d\u00e9riv\u00e9 est d\u2019origine v\u00e9g\u00e9tale et sa couleur varie selon la saison. Cette variation de couleur peut \u00eatre apparente dans la formule de temps \u00e0 autre. La Solution Tonifiante \u00e0 l\u2019Acide Glycolique 7% contient \u00e9galement de la racine de Ginseng et de l\u2019Aloe Vera pour booster l\u2019\u00e9clat de la peau et l\u2019apaiser.<\/p>\n<p>normalh<br \/>Le pH de cette formule est d&rsquo;environ 3.6. L&rsquo;Acide Glycolique a un pKa. de 3,6. Le pKa est l&rsquo;indicateur le plus important \u00e0 consid\u00e9rer dans la formulation d&rsquo;acides. Lorsque le pKa est proche du pH, il y a un parfait \u00e9quilibre entre le sel et l&rsquo;acidit\u00e9 ce qui optimise l&rsquo;efficacit\u00e9 de l&rsquo;acide et r\u00e9duit l&rsquo;irritation.<\/p>\n<p>Contrindication : Cette formule ne doit pas \u00eatre utilis\u00e9e sur une peau sensible, abim\u00e9e ou une peau qui p\u00e8le.<br \/>Alerte coups de soleil :<br \/>Ce produit contient un Acide Alpha-Hydroxyl\u00e9 (AHA) qui peut augmenter la sensibilit\u00e9 de la peau au soleil, et le risque de coups de soleil. Utiliser un \u00e9cran solaire la journ\u00e9e et \u00e9viter l\u2019exposition au soleil lors de l\u2019utilisation de ce produit, et pendant une semaine suivant l\u2019utilisation.<\/p>\n<div class=\"prdct__details-benefits\">\n<hr>\n<h3 class=\"prdct__details-title\"><span style=\"color: #ff0000\" data-mce-style=\"color: #ff0000;\"><strong>B\u00e9n\u00e9fice produit<\/strong><\/span><\/h3>\n<p>-L&rsquo;acide glycolique est un acide alpha hydroxyl\u00e9 contribuant \u00e0 l&rsquo;exfoliation de la peau.<br \/>Cette lotion dos\u00e9e \u00e0 7 % propose une exfoliation douce pour une peau plus lumineuse et plus nette. Cette formule am\u00e9liore \u00e9galement le grain de peau en cas d&rsquo;utilisation plus prolong\u00e9e.<\/p>\n<p>-Elle contient un d\u00e9riv\u00e9 de poivre de Tasmanie, notamment \u00e9tudi\u00e9 pour sa contribution \u00e0 la r\u00e9duction des irritations li\u00e9es \u00e0 l&rsquo;utilisation d&rsquo;acides.<\/p>\n<p>-Ce d\u00e9riv\u00e9 est d&rsquo;origine v\u00e9g\u00e9tale et sa couleur varie selon les saisons: cette variation de couleur peut \u00eatre perceptible d&rsquo;un flacon \u00e0 l&rsquo;autre.<\/p>\n<p>-La formule est \u00e9galement enrichie gr\u00e2ce \u00e0 la pr\u00e9sence de racine de ginseng et d&rsquo;aloe vera, aux bienfaits apaisants et aux effets visibles sur l&rsquo;\u00e9clat de la peau.<\/p>\n<p>Cible visiblement les irr\u00e9gularit\u00e9s de texture et le teint terne<\/p>\n<\/div>\n<hr>\n<div class=\"prdct__details-benefits\"><\/div>\n<h3><span style=\"color: #808080\" data-mce-style=\"color: #808080;\"><strong>UTILISATION<\/strong><\/span><\/h3>\n<p>Utilisez id\u00e9alement le soir, seulement une fois par jour. Imbibez un coton de solution et assez-le sur le visage et le cou apr\u00e8s avoir nettoy\u00e9 la peau. \u00c9vitez le contact avec les yeux<br \/>et le contour des yeux. Ne pas rincer. Appliquez ensuite vos soins suppl\u00e9mentaires. En cas<br \/>d\u2019irritation persistante, cesser l\u2019utilisation et consulter un m\u00e9decin. Utiliser uniquement conform\u00e9ment au mode d&#8217;emploi. Limiter la fr\u00e9quence et la dur\u00e9e d&rsquo;utilisation.<\/p>\n<\/div>\n<hr>\n<h3><span style=\"color: #333399\" data-mce-style=\"color: #333399;\"><strong>COMPOSITION<\/strong><\/span><\/h3>\n<p>AQUA (WATER), GLYCOLIC ACID, ROSA DAMASCENA FLOWER WATER, CENTAUREA CYANUS FLOWER WATER, ALOE BARBADENSIS LEAF WATER, PROPANEDIOL, GLYCERIN, TRIETHANOLAMINE, AMINOMETHYL PROPANOL, PANAX GINSENG ROOT EXTRACT, TASMANNIA LANCEOLATA FRUIT\/LEAF EXTRACT, ASPARTIC ACID, ALANINE, GLYCINE, SERINE, VALINE, ISOLEUCINE, PROLINE, THREONINE, HISTIDINE, PHENYLALANINE, GLUTAMIC ACID, ARGININE, PCA, SODIUM PCA, SODIUM LACTATE, FRUCTOSE, GLUCOSE, SUCROSE, UREA, HEXYL NICOTINATE, DEXTRIN, CITRIC ACID, POLYSORBATE 20, GELLAN GUM, TRISODIUM ETHYLENEDIAMINE DISUCCINATE, SODIUM CHLORIDE, HEXYLENE GLYCOL, POTASSIUM SORBATE, SODIUM BENZOATE, 1,2-HEXANEDIOL, CAPRYLYL GLYCOL<\/p>\n<p><iframe title=\"[SEPHORA MARQUES] - SOIN VISAGE - The Ordinary -  Solution Tonifiante \u00e0 l&#039;Acide Glycolique 7%\" width=\"1020\" height=\"574\" src=\"https:\/\/www.youtube.com\/embed\/o-Q8Fc6xZiQ?feature=oembed\" frameborder=\"0\" allow=\"accelerometer; autoplay; clipboard-write; encrypted-media; gyroscope; picture-in-picture\" allowfullscreen><\/iframe><\/p>\n","protected":false},"excerpt":{"rendered":"<p><strong>\u0632\u062c\u0627\u062c\u0629 240 \u0645\u0644<\/strong><\/p>","protected":false},"featured_media":24712,"comment_status":"open","ping_status":"closed","template":"","meta":{"_acf_changed":false},"product_brand":[],"product_cat":[102,139,137],"product_tag":[],"class_list":{"0":"post-6047","1":"product","2":"type-product","3":"status-publish","4":"has-post-thumbnail","6":"product_cat-soin-et-bien-etre","7":"product_cat-corps_","8":"product_cat-visage","10":"first","11":"outofstock","12":"taxable","13":"shipping-taxable","14":"purchasable","15":"product-type-simple"},"acf":[],"_links":{"self":[{"href":"https:\/\/pharmacima.com\/ar\/wp-json\/wp\/v2\/product\/6047","targetHints":{"allow":["GET"]}}],"collection":[{"href":"https:\/\/pharmacima.com\/ar\/wp-json\/wp\/v2\/product"}],"about":[{"href":"https:\/\/pharmacima.com\/ar\/wp-json\/wp\/v2\/types\/product"}],"replies":[{"embeddable":true,"href":"https:\/\/pharmacima.com\/ar\/wp-json\/wp\/v2\/comments?post=6047"}],"wp:featuredmedia":[{"embeddable":true,"href":"https:\/\/pharmacima.com\/ar\/wp-json\/wp\/v2\/media\/24712"}],"wp:attachment":[{"href":"https:\/\/pharmacima.com\/ar\/wp-json\/wp\/v2\/media?parent=6047"}],"wp:term":[{"taxonomy":"product_brand","embeddable":true,"href":"https:\/\/pharmacima.com\/ar\/wp-json\/wp\/v2\/product_brand?post=6047"},{"taxonomy":"product_cat","embeddable":true,"href":"https:\/\/pharmacima.com\/ar\/wp-json\/wp\/v2\/product_cat?post=6047"},{"taxonomy":"product_tag","embeddable":true,"href":"https:\/\/pharmacima.com\/ar\/wp-json\/wp\/v2\/product_tag?post=6047"}],"curies":[{"name":"wp","href":"https:\/\/api.w.org\/{rel}","templated":true}]}}