{"id":62169,"date":"2023-04-17T14:35:32","date_gmt":"2023-04-17T13:35:32","guid":{"rendered":"https:\/\/pharmacima.dz\/?post_type=product&#038;p=62169"},"modified":"2024-01-11T10:21:59","modified_gmt":"2024-01-11T10:21:56","slug":"creme-mains-et-ongles-reve-de-miel-30ml-nuxe","status":"publish","type":"product","link":"https:\/\/pharmacima.com\/ar\/product\/creme-mains-et-ongles-reve-de-miel-30ml-nuxe\/","title":{"rendered":"\u0643\u0631\u064a\u0645 \u0627\u0644\u064a\u062f \u0648\u0627\u0644\u0623\u0638\u0627\u0641\u0631 \u0631\u064a\u0641 \u062f\u064a \u0645\u064a\u0644 30 \u0645\u0644 \u0646\u0648\u0643\u0633"},"content":{"rendered":"<h2><strong>DESCRIPTION :<\/strong><\/h2>\n<p>Cette cr\u00e8me hydratante mains, au Miel et Huiles V\u00e9g\u00e9tales pr\u00e9cieuses nourrit et r\u00e9pare les mains s\u00e8ches. Sa texture soyeuse au doux parfum de miel enveloppe les mains de douceur sans effet gras.<\/p>\n<p>&#8211; 91% des femmes trouvent leurs mains nourries, r\u00e9par\u00e9es et prot\u00e9g\u00e9es des agressions. ext\u00e9rieures (vent, froid)*.<br \/>&#8211; +66% d\u2019hydratation apr\u00e8s 2h**.<\/p>\n<p>Jour apr\u00e8s jour, les mains redeviennent douces.<\/p>\n<p>Formul\u00e9 et fabriqu\u00e9 en France.<\/p>\n<h2><strong>CONSEIL D&rsquo;UTILISATION :<\/strong><\/h2>\n<div class=\"productDescription_contentPropertyListItem productDescription_contentPropertyListItem_directions productDescription_contentPropertyListItem-active\" data-item=\"\">\n<div id=\"product-description-content-lg-15\" class=\"productDescription_contentProperties productDescription_contentProperties_list\" data-item-content=\"\" aria-labelledby=\"product-description-heading-lg-15\">\n<div class=\"productDescription_synopsisContent\">\n<div class=\"athenaProductPageSynopsisContent\">\n<p>Appliquez la Cr\u00e8me Mains et Ongles d\u00e8s que vous en ressentez le besoin, en insistant sur le contour des ongles.<\/p>\n<\/div>\n<\/div>\n<\/div>\n<\/div>\n<h2 class=\"productDescription_contentPropertyListItem productDescription_contentPropertyListItem_ingredients \"><strong>COMPOSITION :<\/strong><\/h2>\n<p>AQUA\/WATER, COCOS NUCIFERA (COCONUT) OIL, DIMETHICONE, GLYCERIN, PENTYLENE GLYCOL, PROPYLENE GLYCOL DICAPRYLATE\/DICAPRATE, PRUNUS AMYGDALUS DULCIS (SWEET ALMOND) OIL, BEHENYL ALCOHOL, ARACHIDYL ALCOHOL, CETEARYL ALCOHOL, CERA ALBA\/BEESWAX, MEL\/HONEY, PERSEA GRATISSIMA (AVOCADO) OIL, TOCOPHEROL, PARFUM\/FRAGRANCE, COCO-GLUCOSIDE, CAPRYLIC\/CAPRIC TRIGLYCERIDE, HELIANTHUS ANNUUS (SUNFLOWER) SEED OIL UNSAPONIFIABLES, TOCOPHERYL ACETATE, ARACHIDYL GLUCOSIDE, CARBOMER, GLYCINE SOJA (SOYBEAN) OIL, ETHYLHEXYLGLYCERIN, CAPRYLYL GLYCOL, ALLANTOIN, BUTYROSPERMUM PARKII (SHEA) BUTTER EXTRACT, 1,2-HEXANEDIOL, TETRASODIUM GLUTAMATE DIACETATE, SODIUM HYDROXIDE, ARGANIA SPINOSA KERNEL OIL, CALENDULA OFFICINALIS FLOWER EXTRACT, HORDEUM VULGARE CERA\/SPENT GRAIN WAX, TROPOLONE [N2001\/D].<\/p>\n","protected":false},"excerpt":{"rendered":"<h3><span style=\"color: #339966\" data-mce-style=\"color: #339966;\"><em><strong>\u064a\u0635\u0644\u062d \u0648\u064a\u063a\u0630\u064a \u0648\u064a\u062d\u0645\u064a.<\/strong><\/em><\/span><br \/><span style=\"color: #ff9900\" data-mce-style=\"color: #ff9900;\"><em><strong>\u0623\u064a\u062f \u062c\u0627\u0641\u0629.\u00a0<\/strong><\/em><\/span><\/h3>\n<p><strong>\u0627\u0644\u0633\u0639\u0629: 30 \u0645\u0644\u00a0<\/strong><\/p>","protected":false},"featured_media":62170,"comment_status":"open","ping_status":"closed","template":"","meta":{"_acf_changed":false},"product_brand":[],"product_cat":[102,140,712],"product_tag":[],"class_list":{"0":"post-62169","1":"product","2":"type-product","3":"status-publish","4":"has-post-thumbnail","6":"product_cat-soin-et-bien-etre","7":"product_cat-mains","8":"product_cat-ongles","10":"first","11":"outofstock","12":"sale","13":"taxable","14":"shipping-taxable","15":"purchasable","16":"product-type-simple"},"acf":[],"_links":{"self":[{"href":"https:\/\/pharmacima.com\/ar\/wp-json\/wp\/v2\/product\/62169","targetHints":{"allow":["GET"]}}],"collection":[{"href":"https:\/\/pharmacima.com\/ar\/wp-json\/wp\/v2\/product"}],"about":[{"href":"https:\/\/pharmacima.com\/ar\/wp-json\/wp\/v2\/types\/product"}],"replies":[{"embeddable":true,"href":"https:\/\/pharmacima.com\/ar\/wp-json\/wp\/v2\/comments?post=62169"}],"wp:featuredmedia":[{"embeddable":true,"href":"https:\/\/pharmacima.com\/ar\/wp-json\/wp\/v2\/media\/62170"}],"wp:attachment":[{"href":"https:\/\/pharmacima.com\/ar\/wp-json\/wp\/v2\/media?parent=62169"}],"wp:term":[{"taxonomy":"product_brand","embeddable":true,"href":"https:\/\/pharmacima.com\/ar\/wp-json\/wp\/v2\/product_brand?post=62169"},{"taxonomy":"product_cat","embeddable":true,"href":"https:\/\/pharmacima.com\/ar\/wp-json\/wp\/v2\/product_cat?post=62169"},{"taxonomy":"product_tag","embeddable":true,"href":"https:\/\/pharmacima.com\/ar\/wp-json\/wp\/v2\/product_tag?post=62169"}],"curies":[{"name":"wp","href":"https:\/\/api.w.org\/{rel}","templated":true}]}}