{"id":6500,"date":"2021-02-27T20:42:43","date_gmt":"2021-02-27T19:42:43","guid":{"rendered":"https:\/\/pharmacima.dz\/?post_type=product&#038;p=6500"},"modified":"2024-02-15T10:50:07","modified_gmt":"2024-02-15T09:50:07","slug":"toleriane_sensitive_riche_40ml_la-roche_posay","status":"publish","type":"product","link":"https:\/\/pharmacima.com\/ar\/product\/toleriane_sensitive_riche_40ml_la-roche_posay\/","title":{"rendered":"\u062a\u0648\u0644\u064a\u0631\u064a\u0627\u0646 \u0644\u0644\u0628\u0634\u0631\u0629 \u0627\u0644\u062d\u0633\u0627\u0633\u0629 40 \u0645\u0644 \u0644\u0627\u0631\u0648\u0634 \u0628\u0648\u0632\u064a\u0647"},"content":{"rendered":"<h3><strong>DESCRIPTION<\/strong><\/h3>\n<p>Pour les peaux sensibles \u00e0 tendance s\u00e8che \u00e0 tr\u00e8s s\u00e8che. Rougeurs occasionnelles, tiraillements, picotements, s\u00e9cheresse. Convient au b\u00e9b\u00e9s.<\/p>\n<p>TOLERIANE SENSITIVE :<br \/>\n&#8211; Hydrate pendant 48 heures. Prot\u00e8ge la barri\u00e8re cutan\u00e9e au quotidien.<br \/>\n&#8211; Apaise et r\u00e9duit les irritations cutan\u00e9es. Diminue les sensations de tiraillements, de picotements, de s\u00e9cheresse et les rougeurs occasionnelles.<\/p>\n<p>ACTIFS APAISANTS ET PROTECTEURS<br \/>\n[Glyc\u00e9rine] hydrate 48h.<br \/>\n[Beurre de Karit\u00e9] r\u00e9pare et prot\u00e8ge la barri\u00e8re cutan\u00e9e.<br \/>\n[Vitamine B3] apaise et r\u00e9duit la sensibilit\u00e9 cutan\u00e9e.<br \/>\n[Eau thermale de La Roche-Posay] aux propri\u00e9t\u00e9s pr\u00e9biotiques, apaise et r\u00e9duit les irritations, aide \u00e0 maintenir la peau en bonne sant\u00e9.<\/p>\n<p>Non com\u00e9dog\u00e8ne.<br \/>\nNon irritant\/non sensibilisant.<br \/>\nHaute Tol\u00e9rance.<br \/>\nConvient aux b\u00e9b\u00e9s.<\/p>\n<p>SANS PARFUM &#8211; SANS ALCOOL*<\/p>\n<p>Test\u00e9 sous contr\u00f4le dermatologique, p\u00e9diatrique et ophtalmologique.<\/p>\n<p>Apr\u00e8s 4 semaines<\/p>\n<p>Apaise les peaux sensibles et r\u00e9duit les inconforts* :<\/p>\n<p>&#8211; Picotements<\/p>\n<p>&#8211; Tiraillements<\/p>\n<p>&#8211; Sensations de d\u00e9mangeaison<\/p>\n<p>&#8211; S\u00e9cheresse<\/p>\n<p>*Test in vivo en clinique par un dermatologue, n = 54 femmes \u00e0 la peau sensible, 4 semaines, 2 applications \/ jour matin et soir<\/p>\n<h3><strong>UTILISATION CONSEIL<\/strong><\/h3>\n<p>Appliquer sur le visage et cou matin et soir apr\u00e8s le nettoyage.<br \/>\nTexture riche pour les peaux sensibles \u00e0 tendance s\u00e8ches.<\/p>\n<p><strong>COMPOSITION<\/strong><\/p>\n<p>AQUA \/ WATER<br \/>\nISOCETYL STEARATE<br \/>\nCOCO-CAPRYLATE\/CAPRATE<br \/>\nSQUALANE<br \/>\nBUTYROSPERMUM PARKII BUTTER \/ SHEA BUTTER<br \/>\nGLYCERIN<br \/>\nPROPANEDIOL<br \/>\nCETYL ALCOHOL<br \/>\nALUMINUM STARCH OCTENYLSUCCINATE<br \/>\nGLYCERYL STEARATE<br \/>\nPENTYLENE GLYCOL<br \/>\nPEG-100 STEARATE<br \/>\nNIACINAMIDE<br \/>\nCETEARYL ALCOHOL<br \/>\nSODIUM HYDROXIDE<br \/>\nCAPRYLYL GLYCOL<br \/>\nCITRIC ACID<br \/>\nACRYLATES\/C10-30 ALKYL ACRYLATE CROSSPOLYMER<\/p>\n","protected":false},"excerpt":{"rendered":"<p>DESCRIPTION Pour les peaux sensibles \u00e0 tendance s\u00e8che \u00e0 tr\u00e8s s\u00e8che. Rougeurs occasionnelles, tiraillements, picotements, s\u00e9cheresse. Convient au b\u00e9b\u00e9s. TOLERIANE SENSITIVE : &#8211; Hydrate pendant 48 heures. Prot\u00e8ge la barri\u00e8re cutan\u00e9e au quotidien. &#8211; Apaise et r\u00e9duit les irritations cutan\u00e9es. Diminue les sensations de tiraillements, de picotements, de s\u00e9cheresse et les rougeurs occasionnelles. ACTIFS APAISANTS [&hellip;]<\/p>\n","protected":false},"featured_media":6501,"comment_status":"open","ping_status":"closed","template":"","meta":{"_acf_changed":false},"product_brand":[],"product_cat":[102,137],"product_tag":[],"class_list":{"0":"post-6500","1":"product","2":"type-product","3":"status-publish","4":"has-post-thumbnail","6":"product_cat-soin-et-bien-etre","7":"product_cat-visage","9":"first","10":"outofstock","11":"sale","12":"taxable","13":"shipping-taxable","14":"purchasable","15":"product-type-simple"},"acf":[],"_links":{"self":[{"href":"https:\/\/pharmacima.com\/ar\/wp-json\/wp\/v2\/product\/6500","targetHints":{"allow":["GET"]}}],"collection":[{"href":"https:\/\/pharmacima.com\/ar\/wp-json\/wp\/v2\/product"}],"about":[{"href":"https:\/\/pharmacima.com\/ar\/wp-json\/wp\/v2\/types\/product"}],"replies":[{"embeddable":true,"href":"https:\/\/pharmacima.com\/ar\/wp-json\/wp\/v2\/comments?post=6500"}],"wp:featuredmedia":[{"embeddable":true,"href":"https:\/\/pharmacima.com\/ar\/wp-json\/wp\/v2\/media\/6501"}],"wp:attachment":[{"href":"https:\/\/pharmacima.com\/ar\/wp-json\/wp\/v2\/media?parent=6500"}],"wp:term":[{"taxonomy":"product_brand","embeddable":true,"href":"https:\/\/pharmacima.com\/ar\/wp-json\/wp\/v2\/product_brand?post=6500"},{"taxonomy":"product_cat","embeddable":true,"href":"https:\/\/pharmacima.com\/ar\/wp-json\/wp\/v2\/product_cat?post=6500"},{"taxonomy":"product_tag","embeddable":true,"href":"https:\/\/pharmacima.com\/ar\/wp-json\/wp\/v2\/product_tag?post=6500"}],"curies":[{"name":"wp","href":"https:\/\/api.w.org\/{rel}","templated":true}]}}