{"id":6650,"date":"2021-03-10T13:13:37","date_gmt":"2021-03-10T12:13:37","guid":{"rendered":"https:\/\/pharmacima.dz\/?post_type=product&#038;p=6650"},"modified":"2026-05-02T11:35:51","modified_gmt":"2026-05-02T10:35:51","slug":"lip-active-stick-levres-48g-spf-20-eucerin","status":"publish","type":"product","link":"https:\/\/pharmacima.com\/ar\/product\/lip-active-stick-levres-48g-spf-20-eucerin\/","title":{"rendered":"\u0642\u0644\u0645 \u0627\u0644\u0634\u0641\u0627\u0647 \u0627\u0644\u0646\u0634\u0637 4.8G SPF 20 Eucerin"},"content":{"rendered":"<div id=\"description\">\n<h1 class=\"titre_zone_desc\"><strong>\u0648\u0635\u0641 :<\/strong><\/h1>\n<div class=\"content_zone_desc tabcontent\">\n<div id=\"type_info_prio_11_1\">\n<h2>Eucerin Lip Active Soin Actif L\u00e8vres SPF 20 4,8 g est un soin qui prot\u00e8ge et prend soin des l\u00e8vres ab\u00eem\u00e9es et gerc\u00e9es et plus particuli\u00e8rement les peaux sensibles.<\/h2>\n<p>Il est enrichi en Dexpanth\u00e9nol et vitamine E pour apaiser et hydrater les l\u00e8vres tout en les prot\u00e9geant des agressions quotidiennes par des facteurs externes comme l&rsquo;exposition aux UV. Son application r\u00e9guli\u00e8re hydratera rapidement les l\u00e8vres tout en assurant une protection continue de leur fine couche sup\u00e9rieure.<\/p>\n<p>\u0628\u062f\u0648\u0646 \u0639\u0637\u0631.<\/p>\n<p>\u0647\u064a\u0628\u0648\u0627\u0644\u0631\u062c\u064a\u0646\u064a\u0643.<\/p>\n<\/div>\n<\/div>\n<\/div>\n<div>\n<div class=\"bloc_depliable\">\n<div class=\"titre_zone_desc bloc_depliable_zone_click\">\n<h2><strong>\u0627\u0633\u062a\u062e\u062f\u0627\u0645 \u0627\u0644\u0645\u0634\u0648\u0631\u0629:<\/strong><\/h2>\n<\/div>\n<div class=\"content_zone_desc bloc_depliable_cnt cnt_deplie tabcontent\">\n<div>\n<div id=\"type_info_prio_6_1\">\n<p>\u062a\u0646\u0637\u0628\u0642 \u0628\u0642\u062f\u0631 \u0627\u0644\u0636\u0631\u0648\u0631\u0629.<\/p>\n<\/div>\n<div class=\"description_indication\"><span class=\"bold\">\u0625\u0634\u0627\u0631\u0629<\/span>\u00a0:\u00a0<span id=\"type_info_prio_6_2_1\">\u0627\u0644\u0639\u0646\u0627\u064a\u0629 \u0628\u0627\u0644\u0634\u0641\u0627\u0647 \u0627\u0644\u062c\u0627\u0641\u0629\u060c \u0648\u0627\u0644\u0634\u0641\u0627\u0647 \u0627\u0644\u062a\u0627\u0644\u0641\u0629.<\/span><\/div>\n<div><\/div>\n<h2><strong>\u0627\u0644\u062a\u0631\u0643\u064a\u0628\u0629 :<\/strong><\/h2>\n<\/div>\n<\/div>\n<\/div>\n<div class=\"bloc_depliable\">\n<div class=\"content_zone_desc bloc_depliable_cnt tabcontent cnt_deplie\">\n<div class=\"longcompo\">\n<p>\u0633\u064a\u0631\u0627 \u0645\u064a\u0643\u0631\u0648\u0643\u0631\u064a\u0633\u062a\u0627\u0644\u064a\u0646\u060c \u0623\u0648\u0643\u062a\u064a\u0644 \u062f\u0648\u062f\u064a\u0643\u0627\u0646\u0648\u0644\u060c \u0628\u0648\u0644\u064a\u062f\u064a\u0633\u064a\u0646 \u0645\u0647\u062f\u0631\u062c\u060c \u0632\u064a\u062a \u0628\u0630\u0648\u0631 \u0631\u064a\u0633\u064a\u0646\u0648\u0633 \u0643\u0648\u0645\u0648\u0646\u064a\u0633\u060c \u0633\u064a\u062a\u064a\u0644 \u0628\u0627\u0644\u0645\u064a\u062a\u0627\u062a\u060c \u0628\u0648\u0644\u064a \u062c\u0644\u064a\u0633\u0631\u064a\u0644 -3 \u062b\u0646\u0627\u0626\u064a \u0625\u064a\u0632\u0648\u0633\u062a\u064a\u0631\u0627\u062a\u060c \u0628\u0627\u0646\u062b\u064a\u0646\u0648\u0644\u060c \u0625\u064a\u062b\u064a\u0644 \u0647\u0643\u0633\u064a\u0644 \u062a\u0631\u064a\u0627\u0632\u0648\u0646\u060c \u0628\u0648\u062a\u064a\u0644 \u0645\u064a\u062b\u0648\u0643\u0633\u064a \u062f\u064a\u0628\u0646\u0632\u0648\u064a\u0644 \u0645\u064a\u062b\u0627\u0646\u060c \u0643\u062d\u0648\u0644 \u0633\u064a\u062a\u0631\u064a\u0644\u060c \u0628\u064a\u0633-\u062f\u064a\u062c\u0644\u064a\u0633\u064a\u0631\u064a\u0644 \u0628\u0648\u0644\u064a \u0623\u0633\u064a\u0644\u0627\u062f\u064a\u0628\u0627\u062a -2\u060c \u0645\u064a\u0631\u064a\u0633\u062a\u064a\u0644 \u0645\u064a\u0631\u064a\u0633\u062a\u0627\u062a\u060c C20-40 \u0623\u0644\u0643\u064a\u0644 \u0633\u062a\u064a\u0631\u0627\u062a\u060c \u062c\u064a. \u0627\u0644\u0644\u064a\u0633\u0631\u064a\u0646, \u0643\u0648\u0628\u0631\u0646\u064a\u0633\u064a\u0627 \u0633\u064a\u0631\u064a\u0641\u064a\u0631\u0627 \u0633\u064a\u0631\u0627\u060c \u0623\u0643\u0648\u0627\u060c \u0623\u0633\u064a\u062a\u0627\u062a \u0627\u0644\u062a\u0648\u0643\u0648\u0641\u064a\u0631\u0648\u0644\u060c \u0632\u064a\u062a \u0628\u0630\u0648\u0631 \u0633\u064a\u0645\u0648\u0646\u062f\u0633\u064a\u0627 \u062a\u0634\u064a\u0646\u064a\u0646\u0633\u064a\u0633\u060c \u0632\u0628\u062f\u0629 \u0628\u0648\u062a\u064a\u0631\u0648\u0633\u0628\u064a\u0631\u0645\u0648\u0645 \u0628\u0627\u0631\u0643\u064a\u060c \u0628\u064a\u0633\u0627\u0628\u0648\u0644\u0648\u0644\u060c \u0633\u064a\u0631\u0627 \u0623\u0644\u0628\u0627.<\/p>\n<\/div>\n<\/div>\n<\/div>\n<\/div>","protected":false},"excerpt":{"rendered":"<h3><span style=\"color: #993366;\"><strong>\u064a\u062d\u0645\u064a \u0648\u064a\u0639\u062a\u0646\u064a \u0628\u0633\u0631\u0639\u0629 \u0628\u0627\u0644\u0634\u0641\u0627\u0647 \u0627\u0644\u062a\u0627\u0644\u0641\u0629 \u0648\u0627\u0644\u0645\u062a\u0634\u0642\u0642\u0629.<\/strong><\/span><\/h3>\n<h3><span style=\"color: #ff6600;\"><strong>\u0639\u0627\u0645\u0644 \u062d\u0645\u0627\u064a\u0629 \u0645\u0646 \u0627\u0644\u0634\u0645\u0633 20<\/strong><\/span><\/h3>\n<p><strong>\u0627\u0644\u0633\u0639\u0629: 4.8 \u062c\u0631\u0627\u0645<\/strong><\/p>","protected":false},"featured_media":71208,"comment_status":"open","ping_status":"closed","template":"","meta":{"_acf_changed":false},"product_brand":[1419],"product_cat":[102,710],"product_tag":[741,1028,1135,785,786,1115,920,957,803,866,804,983,878],"class_list":{"0":"post-6650","1":"product","2":"type-product","3":"status-publish","4":"has-post-thumbnail","6":"product_brand-eucerin","7":"product_cat-soin-et-bien-etre","8":"product_cat-levres","9":"product_tag-Antidessechement","10":"product_tag-Baume-a-levres","11":"product_tag-FiltresUVAUVB","12":"product_tag-Hydratant","13":"product_tag-Hypoallergenique","14":"product_tag-Levressensibles","15":"product_tag-Peauxsensibles","16":"product_tag-Protecteur","17":"product_tag-Reparateur","18":"product_tag-Sansparfum","19":"product_tag-SoinApaisant","20":"product_tag-SPF15","21":"product_tag-VitamineE","23":"first","24":"instock","25":"sale","26":"taxable","27":"shipping-taxable","28":"purchasable","29":"product-type-simple"},"acf":[],"_links":{"self":[{"href":"https:\/\/pharmacima.com\/ar\/wp-json\/wp\/v2\/product\/6650","targetHints":{"allow":["GET"]}}],"collection":[{"href":"https:\/\/pharmacima.com\/ar\/wp-json\/wp\/v2\/product"}],"about":[{"href":"https:\/\/pharmacima.com\/ar\/wp-json\/wp\/v2\/types\/product"}],"replies":[{"embeddable":true,"href":"https:\/\/pharmacima.com\/ar\/wp-json\/wp\/v2\/comments?post=6650"}],"wp:featuredmedia":[{"embeddable":true,"href":"https:\/\/pharmacima.com\/ar\/wp-json\/wp\/v2\/media\/71208"}],"wp:attachment":[{"href":"https:\/\/pharmacima.com\/ar\/wp-json\/wp\/v2\/media?parent=6650"}],"wp:term":[{"taxonomy":"product_brand","embeddable":true,"href":"https:\/\/pharmacima.com\/ar\/wp-json\/wp\/v2\/product_brand?post=6650"},{"taxonomy":"product_cat","embeddable":true,"href":"https:\/\/pharmacima.com\/ar\/wp-json\/wp\/v2\/product_cat?post=6650"},{"taxonomy":"product_tag","embeddable":true,"href":"https:\/\/pharmacima.com\/ar\/wp-json\/wp\/v2\/product_tag?post=6650"}],"curies":[{"name":"wp","href":"https:\/\/api.w.org\/{rel}","templated":true}]}}