{"id":6761,"date":"2021-03-13T15:55:32","date_gmt":"2021-03-13T14:55:32","guid":{"rendered":"https:\/\/pharmacima.dz\/?post_type=product&#038;p=6761"},"modified":"2024-02-03T11:20:00","modified_gmt":"2024-02-03T10:20:00","slug":"cicalfate-creme-100ml-avene","status":"publish","type":"product","link":"https:\/\/pharmacima.com\/ar\/product\/cicalfate-creme-100ml-avene\/","title":{"rendered":"\u0633\u064a\u0643\u0627\u0644\u0641\u0627\u062a + 100 \u0645\u0644 \u0623\u0641\u064a\u0646"},"content":{"rendered":"<h2><strong>DESCRIPTION :<\/strong><\/h2>\n<p>Cr\u00e8me r\u00e9paratrice protectrice.<\/p>\n<p>Apaise, prot\u00e8ge et favorise la r\u00e9paration* des peaux irrit\u00e9es de toute la famille. Elle forme un film protecteur au niveau des irritations des couches superficielles de l\u2019\u00e9piderme, et cr\u00e9e un effet \u00ab pansement \u00bb qui prot\u00e8ge la peau. Sa formule contient une combinaison d&rsquo;Eau thermale d&rsquo;Av\u00e8ne, de [C\u207a-Restore]\u2122 r\u00e9parateur et d&rsquo;ingr\u00e9dients purifiants: Sulfate de cuivre et Sulfate de zinc. Cicalfate+ Cr\u00e8me r\u00e9paratrice protectrice convient \u00e9galement aux zones intimes externes.<\/p>\n<h3><strong>Avantage<\/strong><\/h3>\n<p>Une formule qui apaise imm\u00e9diatement et r\u00e9pare* d\u00e8s 48h**. Permet une r\u00e9paration quatre fois plus efficace***, gr\u00e2ce \u00e0 [C\u207a-Restore]\u2122, premier actif r\u00e9parateur postbiotique issu de l\u2019Eau thermale d\u2019Av\u00e8ne.<\/p>\n<h3><strong>B\u00e9n\u00e9fices<\/strong><\/h3>\n<ul>\n<li>R\u00c9PARATION des peaux irrit\u00e9es. [C\u207a-Restore]\u2122, premier actif r\u00e9parateur postbiotique issu de l\u2019Eau thermale d\u2019Av\u00e8ne, favorise la r\u00e9paration \u00e9pidermique.<br \/>\u2022 ASSAINISSEMENT des zones irrit\u00e9es. Les Sulfates de cuivre et de zinc limitent le risque de prolif\u00e9ration bact\u00e9rienne.<br \/>\u2022 APAISEMENT des sensations d\u2019inconfort. Riche en Eau thermale d\u2019Av\u00e8ne, Cicalfate+ Cr\u00e8me r\u00e9paratrice protectrice est recommand\u00e9e dans le cadre de l\u2019am\u00e9lioration du confort des peaux sensibilis\u00e9es, des rougeurs et irritations.<\/li>\n<\/ul>\n<h2><strong>CONSEIL D&rsquo;UTILISATION :<\/strong><\/h2>\n<p>Nettoyer la zone s\u00e8che \u00e0 traiter et appliquer par-dessus, une \u00e0 deux fois par jour, la cr\u00e8me en massant d\u00e9licatement. Laisser le soin p\u00e9n\u00e9trer la zone. La cr\u00e8me r\u00e9paratrice Cicalfate+ Av\u00e8ne peut \u00eatre utilis\u00e9e tant lorsque la peau est irrit\u00e9e ou s\u00e8che que lorsqu\u2019elle a subi une petite chirurgie (extraction de verrues, chirurgie au laser\u2026 ).<\/p>\n<h2><strong>COMPOSITION :<\/strong><\/h2>\n<p>AVENE THERMAL SPRING WATER (AVENE AQUA). CAPRYLIC\/CAPRIC TRIGLYCERIDE. MINERAL OIL (PARAFFINUM LIQUIDUM). GLYCERIN. HYDROGENATED VEGETABLE OIL. ZINC OXIDE. PROPYLENE GLYCOL. POLYGLYCERYL-2 SESQUIISOSTEARATE. PEG-22\/DODECYL GLYCOL COPOLYMER. ALUMINUM STEARATE. AQUAPHILUS DOLOMIAE FERMENT FILTRATE. ARGININE. BEESWAX (CERA ALBA). COPPER SULFATE. MAGNESIUM STEARATE. MAGNESIUM SULFATE. MICROCRYSTALLINE WAX (CERA MICROCRISTALLINA). TROMETHAMINE. ZINC SULFATE<\/p>\n<p>Il est recommand\u00e9 au consommateur de v\u00e9rifier syst\u00e9matiquement la composition du produit avant son achat.<\/p>\n","protected":false},"excerpt":{"rendered":"<h3><em><strong><span style=\"color: #ff6600\" data-mce-style=\"color: #ff6600;\">\u00a0\u0625\u0635\u0644\u0627\u062d \u0648\u062a\u0637\u0647\u064a\u0631 \u0627\u0644\u0628\u0644\u0633\u0645 \u0639\u0644\u0649 \u0627\u0644\u0641\u0648\u0631.<\/span><\/strong><\/em><\/h3>\n<p><strong>\u0627\u0644\u0633\u0639\u0629: 100 \u0645\u0644<\/strong><\/p>","protected":false},"featured_media":115430,"comment_status":"open","ping_status":"closed","template":"","meta":{"_acf_changed":false},"product_brand":[],"product_cat":[102],"product_tag":[920],"class_list":{"0":"post-6761","1":"product","2":"type-product","3":"status-publish","4":"has-post-thumbnail","6":"product_cat-soin-et-bien-etre","7":"product_tag-Peauxsensibles","9":"first","10":"outofstock","11":"sale","12":"taxable","13":"shipping-taxable","14":"purchasable","15":"product-type-simple"},"acf":[],"_links":{"self":[{"href":"https:\/\/pharmacima.com\/ar\/wp-json\/wp\/v2\/product\/6761","targetHints":{"allow":["GET"]}}],"collection":[{"href":"https:\/\/pharmacima.com\/ar\/wp-json\/wp\/v2\/product"}],"about":[{"href":"https:\/\/pharmacima.com\/ar\/wp-json\/wp\/v2\/types\/product"}],"replies":[{"embeddable":true,"href":"https:\/\/pharmacima.com\/ar\/wp-json\/wp\/v2\/comments?post=6761"}],"wp:featuredmedia":[{"embeddable":true,"href":"https:\/\/pharmacima.com\/ar\/wp-json\/wp\/v2\/media\/115430"}],"wp:attachment":[{"href":"https:\/\/pharmacima.com\/ar\/wp-json\/wp\/v2\/media?parent=6761"}],"wp:term":[{"taxonomy":"product_brand","embeddable":true,"href":"https:\/\/pharmacima.com\/ar\/wp-json\/wp\/v2\/product_brand?post=6761"},{"taxonomy":"product_cat","embeddable":true,"href":"https:\/\/pharmacima.com\/ar\/wp-json\/wp\/v2\/product_cat?post=6761"},{"taxonomy":"product_tag","embeddable":true,"href":"https:\/\/pharmacima.com\/ar\/wp-json\/wp\/v2\/product_tag?post=6761"}],"curies":[{"name":"wp","href":"https:\/\/api.w.org\/{rel}","templated":true}]}}