{"id":6965,"date":"2021-03-27T13:58:05","date_gmt":"2021-03-27T12:58:05","guid":{"rendered":"https:\/\/pharmacima.dz\/?post_type=product&#038;p=6965"},"modified":"2026-05-08T22:59:37","modified_gmt":"2026-05-08T21:59:37","slug":"sun-secure-teinte-spf-50-peaux-normales-a-mixtes-60g-svr","status":"publish","type":"product","link":"https:\/\/pharmacima.com\/ar\/product\/sun-secure-teinte-spf-50-peaux-normales-a-mixtes-60g-svr\/","title":{"rendered":"\u062d\u0645\u0627\u064a\u0629 \u0645\u0646 \u0627\u0644\u0634\u0645\u0633\u060c \u0645\u0644\u0648\u0646 SPF 50 \u0644\u0644\u0628\u0634\u0631\u0629 \u0627\u0644\u0639\u0627\u062f\u064a\u0629 \u0625\u0644\u0649 \u0627\u0644\u0645\u062e\u062a\u0644\u0637\u0629 60 \u062c\u0631\u0627\u0645 SVR"},"content":{"rendered":"<h2><strong>DESCRIPTION :<br \/>\n<\/strong><\/h2>\n<div class=\"product__main\">\n<div class=\"product__sidebar product__sidebar--is-sticky\">\n<div class=\"inner-wrapper-sticky\">\n<div class=\"product__actions\">\n<div class=\"product__quantity-switcher\">\n<p>SUN SECURE \u00c9cran Min\u00e9ral Teint\u00e9 SPF50+ est un soin qui allie tr\u00e8s haute protection SPF50+ 100% min\u00e9rale et maquillage. Il convient aux peaux intol\u00e9rantes mais aussi \u00e0 tous ceux qui souhaitent se maquiller au soleil toute l\u2019ann\u00e9e. Gr\u00e2ce \u00e0 sa bonne couvrance, les imperfections sont camoufl\u00e9es, le teint unifi\u00e9 toute la journ\u00e9e. Il existe en deux versions : cr\u00e8me toucher sec peaux normales \u00e0 mixtes et cr\u00e8me confort peaux s\u00e8ches \u00e0 tr\u00e8s s\u00e8ches.<\/p>\n<p>Gr\u00e2ce \u00e0 sa teinte universelle, il convient \u00e0 toutes les carnations. Ce soin r\u00e9siste \u00e0 l\u2019eau, \u00e0 la transpiration et aux frottements pour une protection optimale.<\/p>\n<\/div>\n<\/div>\n<\/div>\n<\/div>\n<\/div>\n<div class=\"product__content\">\n<div class=\"product__tab expanded\" data-drawer-container=\"\">\n<div class=\"product__tab-content\" data-drawer-content=\"\">\n<h2><strong>CONSEIL D&rsquo;UTILISATION:<\/strong><\/h2>\n<p>Appliquer matin et avant chaque exposition au soleil sur le visage. Renouveler fr\u00e9quemment lors d\u2019exposition prolong\u00e9e.<\/p>\n<h2><strong>COMPOSITION :<\/strong><\/h2>\n<p>INCI : LAB15.31\/B.17 &#8211; INGREDIENTS (CONTAINS) : AQUA (PURIFIED WATER), ZINC OXIDE [NANO], TITANIUM DIOXIDE [NANO], CYCLOPENTASILOXANE, HEXYLDECYL STEARATE, CI 77891, DIMETHICONE, PROPANEDIOL, SODIUM CHLORIDE, CAPRYLYL DIMETHICONE ETHOXY GLUCOSIDE, POLYGLYCERYL-4 ISOSTEARATE, SILICA, ALUMINA, CETYL DIMETHICONE, NIACINAMIDE, TRIDECYL SALICYLATE, BETACAROTENE, CAPRYLHYDROXAMIC ACID, DAUCUS CAROTA SATIVA (CARROT) ROOT EXTRACT, GLYCINE SOJA OIL, HYDROGENATED PHOSPHATIDYLCHOLINE, LECITHIN, LEPIDIUM SATIVUM SPROUT EXTRACT, PHENETHYL ALCOHOL, POLYHYDROXYSTEARIC ACID, GLYCERIN, TITANIUM DIOXIDE, TOCOPHEROL, TOCOPHERYL ACETATE, 1,2-HEXANEDIOL, ALCOHOL, CAPRYLYL GLYCOL, DIMETHICONE\/VINYL DIMETHICONE CROSSPOLYMER, DIMETHICONOL, DISODIUM EDTA, LYSOLECITHIN, MAGNESIUM SULFATE, QUATERNIUM-90 BENTONITE, STEARIC ACID, TRIETHOXYCAPRYLYLSILANE, PHENOXYETHANOL, CI 77491, CI 77492, CI 77499<\/p>\n<p>La liste des ingr\u00e9dients peut \u00eatre soumise \u00e0 des modifications, nous vous conseillons de v\u00e9rifier la liste figurant sur le produit achet\u00e9.<\/p>\n<h3><\/h3>\n<\/div>\n<\/div>\n<\/div>\n","protected":false},"excerpt":{"rendered":"<p><span style=\"color: #ff9900;\"><strong>SUN SECURE Tinted Mineral Screen SPF50+ \u0647\u0648 \u0639\u0644\u0627\u062c \u064a\u062c\u0645\u0639 \u0628\u064a\u0646 \u0627\u0644\u062d\u0645\u0627\u064a\u0629 \u0627\u0644\u0639\u0627\u0644\u064a\u0629 \u062c\u062f\u064b\u0627 SPF50+ 100% \u0627\u0644\u0645\u0639\u062f\u0646\u064a\u0629 \u0648\u0627\u0644\u0645\u0643\u064a\u0627\u062c.<\/strong><\/span><\/p>\n<p><strong>\u0627\u0644\u0633\u0639\u0629: 60 \u062c\u0631\u0627\u0645<\/strong><\/p>","protected":false},"featured_media":22288,"comment_status":"open","ping_status":"closed","template":"","meta":{"_acf_changed":false},"product_brand":[],"product_cat":[102,1383,137],"product_tag":[738,1135,925,933,957,846,893,814],"class_list":{"0":"post-6965","1":"product","2":"type-product","3":"status-publish","4":"has-post-thumbnail","6":"product_cat-soin-et-bien-etre","7":"product_cat-gros","8":"product_cat-visage","9":"product_tag-AntiBrillances","10":"product_tag-FiltresUVAUVB","11":"product_tag-PeauxMixte","12":"product_tag-peauxNormales","13":"product_tag-Protecteur","14":"product_tag-Protectionsolaire","15":"product_tag-Spf50","16":"product_tag-teinte","18":"first","19":"instock","20":"sale","21":"taxable","22":"shipping-taxable","23":"purchasable","24":"product-type-simple"},"acf":[],"_links":{"self":[{"href":"https:\/\/pharmacima.com\/ar\/wp-json\/wp\/v2\/product\/6965","targetHints":{"allow":["GET"]}}],"collection":[{"href":"https:\/\/pharmacima.com\/ar\/wp-json\/wp\/v2\/product"}],"about":[{"href":"https:\/\/pharmacima.com\/ar\/wp-json\/wp\/v2\/types\/product"}],"replies":[{"embeddable":true,"href":"https:\/\/pharmacima.com\/ar\/wp-json\/wp\/v2\/comments?post=6965"}],"wp:featuredmedia":[{"embeddable":true,"href":"https:\/\/pharmacima.com\/ar\/wp-json\/wp\/v2\/media\/22288"}],"wp:attachment":[{"href":"https:\/\/pharmacima.com\/ar\/wp-json\/wp\/v2\/media?parent=6965"}],"wp:term":[{"taxonomy":"product_brand","embeddable":true,"href":"https:\/\/pharmacima.com\/ar\/wp-json\/wp\/v2\/product_brand?post=6965"},{"taxonomy":"product_cat","embeddable":true,"href":"https:\/\/pharmacima.com\/ar\/wp-json\/wp\/v2\/product_cat?post=6965"},{"taxonomy":"product_tag","embeddable":true,"href":"https:\/\/pharmacima.com\/ar\/wp-json\/wp\/v2\/product_tag?post=6965"}],"curies":[{"name":"wp","href":"https:\/\/api.w.org\/{rel}","templated":true}]}}