{"id":6979,"date":"2021-03-27T16:46:41","date_gmt":"2021-03-27T15:46:41","guid":{"rendered":"https:\/\/pharmacima.dz\/?post_type=product&#038;p=6979"},"modified":"2025-03-04T14:48:41","modified_gmt":"2025-03-04T13:48:41","slug":"svr-sun-secure-fluide-spf-50-50-ml-svr","status":"publish","type":"product","link":"https:\/\/pharmacima.com\/ar\/product\/svr-sun-secure-fluide-spf-50-50-ml-svr\/","title":{"rendered":"\u0633\u0627\u0626\u0644 \u0627\u0644\u062d\u0645\u0627\u064a\u0629 \u0645\u0646 \u0627\u0644\u0634\u0645\u0633 SPF 50+ 50 \u0645\u0644 SVR SV"},"content":{"rendered":"<h2><strong>DESCRIPTION :<\/strong><\/h2>\n<p>Notre SUN SECURE Fluide SPF50+ offre une tr\u00e8s haute protection dermatologique dans une texture super fluide au toucher sec.<\/p>\n<p>Sa texture l\u00e9g\u00e8re, particuli\u00e8rement adapt\u00e9e aux peaux normales \u00e0 mixtes, p\u00e9n\u00e8tre instantan\u00e9ment pour laisser la peau mat, non grasse et non collante.<\/p>\n<p>Son d\u00e9licat parfum d\u2019\u00e9t\u00e9 donne envie d\u2019en r\u00e9appliquer encore et encore. R\u00e9siste \u00e0 l\u2019eau, \u00e0 la transpiration et aux frottements pour une protection optimale.<\/p>\n<h2><strong>CONSEILS D&rsquo;UTILISATION :<\/strong><\/h2>\n<p>Appliquer matin et avant chaque exposition au soleil sur le visage. Renouveler fr\u00e9quemment lors d\u2019exposition prolong\u00e9e.<\/p>\n<h2><strong>INGR\u00c9DIENTS :<\/strong><\/h2>\n<p>AQUA (PURIFIED WATER), DIISOPROPYL ADIPATE, ETHYLHEXYL METHOXYCINNAMATE, DIETHYLAMINO HYDROXYBENZOYL HEXYL BENZOATE, HOMOSALATE, METHYL METHACRYLATE CROSSPOLYMER, METHYLENE BIS-BENZOTRIAZOLYL TETRAMETHYLBUTYLPHENOL [NANO], BIS-ETHYLHEXYLOXYPHENOL METHOXYPHENYL TRIAZINE, C12-15 ALKYL BENZOATE, CYCLOPENTASILOXANE, SILICA, BEHENETH-25, ETHYLHEXYL TRIAZONE, POLYMETHYL METHACRYLATE, DIMETHICONE, GLYCERYL STEARATE CITRATE, POLYESTER-7, NIACINAMIDE, AMINOMETHYL PROPANOL, BETA-CAROTENE, CAPRYLHYDROXAMIC ACID, CETEARYL DIMETHICONE CROSSPOLYMER, DAUCUS CAROTA SATIVA (CARROT) ROOT EXTRACT, DECYL GLUCOSIDE, GLYCINE SOJA (SOYBEAN) OIL, HYDROGENATED PHOSPHATIDYLCHOLINE, LECITHIN, LEPIDIUM SATIVUM SPROUT EXTRACT, PHENETHYL ALCOHOL, GLYCERIN, SQUALANE, TOCOPHEROL, TOCOPHERYL ACETATE, 1,2-HEXANEDIOL, CAPRYLYL GLYCOL, CITRIC ACID, DISODIUM EDTA, HYDROXYETHYL ACRYLATE\/SODIUM ACRYLOYLDIMETHYL TAURATE COPOLYMER, LYSOLECITHIN, NEOPENTYL GLYCOL DIHEPTANOATE, PENTYLENE GLYCOL, POLYSORBATE 60, SODIUM LAURETH SULFATE, SORBITAN ISOSTEARATE, XANTHAN GUM, PHENOXYETHANOL, PARFUM (FRAGRANCE)<\/p>\n<p>La liste des ingr\u00e9dients peut \u00eatre soumise \u00e0 des modifications, nous vous conseillons de v\u00e9rifier la liste figurant sur le produit achet\u00e9.<\/p>\n","protected":false},"excerpt":{"rendered":"<h3><span style=\"color: #ff6600;\"><em><strong>\u064a\u0648\u0641\u0631 SUN SECURE Fluid SPF50+ \u062d\u0645\u0627\u064a\u0629 \u062c\u0644\u062f\u064a\u0629 \u0639\u0627\u0644\u064a\u0629 \u062c\u062f\u064b\u0627 \u0641\u064a \u0646\u0633\u064a\u062c \u0641\u0627\u0626\u0642 \u0627\u0644\u0633\u0648\u0627\u0626\u0644 \u0645\u0639 \u0644\u0645\u0633\u0629 \u062c\u0627\u0641\u0629.<\/strong><\/em><\/span><\/h3>\n<p><strong>\u0627\u0644\u0633\u0639\u0629: 50 \u0645\u0644\u00a0<\/strong><\/p>","protected":false},"featured_media":50284,"comment_status":"open","ping_status":"closed","template":"","meta":{"_acf_changed":false},"product_brand":[],"product_cat":[102,1383,136,137],"product_tag":[1199,920],"class_list":{"0":"post-6979","1":"product","2":"type-product","3":"status-publish","4":"has-post-thumbnail","6":"product_cat-soin-et-bien-etre","7":"product_cat-gros","8":"product_cat-protection-solaire","9":"product_cat-visage","10":"product_tag-nourrissant-bebe","11":"product_tag-Peauxsensibles","13":"first","14":"outofstock","15":"sale","16":"taxable","17":"shipping-taxable","18":"purchasable","19":"product-type-simple"},"acf":[],"_links":{"self":[{"href":"https:\/\/pharmacima.com\/ar\/wp-json\/wp\/v2\/product\/6979","targetHints":{"allow":["GET"]}}],"collection":[{"href":"https:\/\/pharmacima.com\/ar\/wp-json\/wp\/v2\/product"}],"about":[{"href":"https:\/\/pharmacima.com\/ar\/wp-json\/wp\/v2\/types\/product"}],"replies":[{"embeddable":true,"href":"https:\/\/pharmacima.com\/ar\/wp-json\/wp\/v2\/comments?post=6979"}],"wp:featuredmedia":[{"embeddable":true,"href":"https:\/\/pharmacima.com\/ar\/wp-json\/wp\/v2\/media\/50284"}],"wp:attachment":[{"href":"https:\/\/pharmacima.com\/ar\/wp-json\/wp\/v2\/media?parent=6979"}],"wp:term":[{"taxonomy":"product_brand","embeddable":true,"href":"https:\/\/pharmacima.com\/ar\/wp-json\/wp\/v2\/product_brand?post=6979"},{"taxonomy":"product_cat","embeddable":true,"href":"https:\/\/pharmacima.com\/ar\/wp-json\/wp\/v2\/product_cat?post=6979"},{"taxonomy":"product_tag","embeddable":true,"href":"https:\/\/pharmacima.com\/ar\/wp-json\/wp\/v2\/product_tag?post=6979"}],"curies":[{"name":"wp","href":"https:\/\/api.w.org\/{rel}","templated":true}]}}