{"id":7041,"date":"2021-03-31T16:04:31","date_gmt":"2021-03-31T15:04:31","guid":{"rendered":"https:\/\/pharmacima.dz\/?post_type=product&#038;p=7041"},"modified":"2025-11-22T09:57:53","modified_gmt":"2025-11-22T08:57:53","slug":"huile-de-soin-cictarice-et-vergeture-60ml-bi-oil","status":"publish","type":"product","link":"https:\/\/pharmacima.com\/ar\/product\/huile-de-soin-cictarice-et-vergeture-60ml-bi-oil\/","title":{"rendered":"Huile de soin cictarice et vergeture 60ml Bi oil"},"content":{"rendered":"<div class=\"product-tabs\">\n<div class=\"std new-std\">\n<h3><strong>\u0648\u0635\u0641 :<\/strong><\/h3>\n<p>Bio-Oil\u00ae \u0647\u0648 \u0645\u0646\u062a\u062c \u0645\u062a\u062e\u0635\u0635 \u0644\u0644\u0639\u0646\u0627\u064a\u0629 \u0628\u0627\u0644\u0628\u0634\u0631\u0629 \u064a\u0648\u0635\u0649 \u0628\u0647 \u0644\u0645\u0633\u0627\u0647\u0645\u062a\u0647 \u0641\u064a \u062a\u0642\u0644\u064a\u0644 \u0627\u0644\u0646\u062f\u0628\u0627\u062a \u0648\u062e\u0637\u0648\u0637 \u0627\u0644\u062c\u0644\u062f \u0648\u0627\u0644\u0628\u0642\u0639 \u0627\u0644\u062a\u0635\u0628\u063a\u064a\u0629. \u0628\u0627\u0644\u0625\u0636\u0627\u0641\u0629 \u0625\u0644\u0649 \u0630\u0644\u0643\u060c \u064a\u0648\u0635\u0649 \u0628\u0627\u0633\u062a\u062e\u062f\u0627\u0645 Bio-Oil\u00ae \u0644\u0639\u0644\u0627\u062c \u0627\u0644\u0634\u064a\u062e\u0648\u062e\u0629 \u0648\u0627\u0644\u0628\u0634\u0631\u0629 \u0627\u0644\u062c\u0627\u0641\u0629.<\/p>\n<p>il\u00a0 contient l\u2019ingr\u00e9dient unique PurCellin Oil\u2122 qui aide \u00e0 faciliter l\u2019absorption et qui stimule la bonne administration des\u00a0 composants principaux: la vitamine A et E et les huiles v\u00e9g\u00e9tales naturelles du souci, de la lavande, du romarin et de la camomille.<\/p>\n<p>\u064a\u062a\u0645 \u0627\u0645\u062a\u0635\u0627\u0635 Bio-Oil\u00ae \u0628\u0633\u0647\u0648\u0644\u0629 \u0648\u0644\u064a\u0633 \u0644\u0647 \u0645\u0644\u0645\u0633 \u062f\u0647\u0646\u064a. \u062a\u0631\u0643\u064a\u0628\u062a\u0647 \u0645\u0636\u0627\u062f\u0629 \u0644\u0644\u062d\u0633\u0627\u0633\u064a\u0629 \u0648\u0645\u0646\u0627\u0633\u0628\u0629 \u0644\u062c\u0645\u064a\u0639 \u0623\u0646\u0648\u0627\u0639 \u0627\u0644\u0628\u0634\u0631\u0629. \u062a\u0631\u0643\u064a\u0628\u062a\u0647 \u0645\u062e\u0635\u0635\u0629 \u0644\u0644\u062a\u0637\u0628\u064a\u0642 \u0639\u0644\u0649 \u0627\u0644\u0648\u062c\u0647 \u0648\u0627\u0644\u062c\u0633\u0645.<\/p>\n<hr \/>\n<h3><strong><u>\u062f\u0648\u0627\u0639\u064a \u0627\u0644\u0625\u0633\u062a\u0639\u0645\u0627\u0644:<\/u><\/strong><\/h3>\n<h4><span style=\"color: #ff0000;\"><strong>\u062c\u0631\u0627\u062d<\/strong><\/span><\/h4>\n<p>contribue \u00e0 amoindrir les cicatrices tant r\u00e9centes qu\u2019anciennes caus\u00e9es par des interventions chirurgicales, des accidents, des br\u00fblures ou des piq\u00fbres d\u2019insectes. Amoindrit \u00e9galement les effets secondaires des cicatrices comme une peau fig\u00e9e, squameuse ou dess\u00e9ch\u00e9e.<\/p>\n<p>\u0642\u0645 \u0628\u062a\u062f\u0644\u064a\u0643 Bio-Oil\u00ae \u0645\u0631\u062a\u064a\u0646 \u064a\u0648\u0645\u064a\u064b\u0627 \u0628\u0627\u0633\u062a\u062e\u062f\u0627\u0645 \u062d\u0631\u0643\u0627\u062a \u062f\u0627\u0626\u0631\u064a\u0629 \u062e\u0641\u064a\u0641\u0629 \u0628\u0623\u0637\u0631\u0627\u0641 \u0623\u0635\u0627\u0628\u0639\u0643 \u0639\u0644\u0649 \u0627\u0644\u0646\u062f\u0628\u0629 \u062d\u062a\u0649 \u064a\u062a\u0645 \u0627\u0645\u062a\u0635\u0627\u0635 \u0627\u0644\u0645\u0646\u062a\u062c \u0628\u0627\u0644\u0643\u0627\u0645\u0644. \u0627\u0633\u062a\u062e\u062f\u0645 \u0644\u0645\u062f\u0629 \u0644\u0627 \u062a\u0642\u0644 \u0639\u0646 3 \u0623\u0634\u0647\u0631. \u0644\u0627 \u062a\u0646\u0637\u0628\u0642 \u0639\u0644\u0649 \u0627\u0644\u062c\u0644\u062f \u0627\u0644\u062a\u0627\u0644\u0641.<\/p>\n<p><span style=\"color: #ff0000;\"><strong>\u062e\u0637\u0648\u0637 \u0627\u0644\u062c\u0644\u062f<\/strong><\/span><\/p>\n<p>compos\u00e9 pour que la peau retrouve son pouvoir r\u00e9parateur et pour l\u2019aider \u00e0 combattre l\u2019apparition des stries durant les p\u00e9riodes de grands changements pour le corps, notamment pendant la grossesse, pendant la croissance lors de la pubert\u00e9 et lors de la charge pond\u00e9rale.<\/p>\n<p>Appliquer deux fois par jour aux endroits les plus sensibles \u00e0 l\u2019apparition des stries.Pendant la grossesse, massez\u00a0 sur le ventre, les hanches, les seins, le bas du dos et le haut des cuisses d\u00e8s le d\u00e9but du 2\u00e8me trimestre.<\/p>\n<p>Pour amoindrir les stries existantes de la peau, appliquer deux fois par jour du bout des doigts par des mouvements circulaires jusqu\u2019\u00e0 ce que le produit soit compl\u00e8tement absorb\u00e9. Utiliser pour une p\u00e9riode minimale de 3 mois.<\/p>\n<p><span style=\"color: #ff0000;\"><strong>\u0628\u0642\u0639 \u0627\u0644\u062a\u0635\u0628\u063a<\/strong><\/span><\/p>\n<p>aide \u00e0 amoindrir les taches pigment\u00e9es et les boutons caus\u00e9s par des changements hormonaux, des moyens pour blanchir la peau ou une exposition trop longue au soleil.Appliquer\u00a0 deux fois par jour du bout des doigts par des mouvements circulaires jusqu\u2019\u00e0 ce que le produit soit compl\u00e8tement absorb\u00e9. Utiliser pour une p\u00e9riode minimale de 3 mois.<\/p>\n<p><span style=\"color: #ff0000;\"><strong>\u0628\u0634\u0631\u0629 \u0639\u062c\u0648\u0632<\/strong><\/span><\/p>\n<p>\u064a\u0633\u0627\u0639\u062f Bio-Oil\u00ae \u0639\u0644\u0649 \u062c\u0639\u0644 \u0627\u0644\u0628\u0634\u0631\u0629 \u0627\u0644\u0645\u062a\u0642\u062f\u0645\u0629 \u0641\u064a \u0627\u0644\u0633\u0646 \u0648\u0627\u0644\u0645\u062a\u0631\u0647\u0644\u0629 \u0648\u0627\u0644\u0645\u062a\u062c\u0639\u062f\u0629 \u0639\u0644\u0649 \u0627\u0644\u0648\u062c\u0647 \u0648\u0627\u0644\u062c\u0633\u0645 \u0623\u0643\u062b\u0631 \u0646\u0639\u0648\u0645\u0629 \u0648\u0646\u0639\u0648\u0645\u0629<\/p>\n<p>\u0623\u0643\u062b\u0631 \u062a\u062c\u0627\u0646\u0633\u064b\u0627. \u0636\u0639\u064a Bio-Oil\u00ae \u0645\u0631\u062a\u064a\u0646 \u064a\u0648\u0645\u064a\u064b\u0627 \u0628\u0623\u0637\u0631\u0627\u0641 \u0623\u0635\u0627\u0628\u0639\u0643 \u0628\u0627\u0633\u062a\u062e\u062f\u0627\u0645 \u062d\u0631\u0643\u0627\u062a \u062f\u0627\u0626\u0631\u064a\u0629 \u062e\u0641\u064a\u0641\u0629 \u062d\u062a\u0649 \u064a\u062a\u0645 \u0627\u0645\u062a\u0635\u0627\u0635 \u0627\u0644\u0645\u0646\u062a\u062c \u0628\u0627\u0644\u0643\u0627\u0645\u0644.<\/p>\n<p><span style=\"color: #ff0000;\"><strong>\u062c\u0644\u062f \u062c\u0627\u0641<\/strong><\/span><\/p>\n<p>reconstitue les huiles naturelles de la peau et prot\u00e8ge la peau par tous temps, contre les lavages fr\u00e9quents et les effets dess\u00e9chants du chauffage central et de la climatisation.Utiliser\u00a0 apr\u00e8s le bain, la douche, le bain de soleil ou la natation. Faire p\u00e9n\u00e9trer en massant soigneusement la peau, surtout aux endroits o\u00f9 la peau est s\u00e8che ou craquel\u00e9e. convient \u00e9galement comme huile de bain.<\/p>\n<hr \/>\n<h3><strong>\u0627\u0644\u062c\u0631\u0639\u0629:<\/strong><\/h3>\n<p>\u0644\u0644\u0627\u0633\u062a\u062e\u062f\u0627\u0645 \u0627\u0644\u062e\u0627\u0631\u062c\u064a \u0641\u0642\u0637. \u0644\u0627 \u062a\u0646\u0637\u0628\u0642 \u0639\u0644\u0649 \u0627\u0644\u062c\u0644\u062f \u0627\u0644\u062a\u0627\u0644\u0641. \u0641\u064a \u062d\u0627\u0644\u0629 \u0627\u062d\u062a\u0645\u0627\u0644\u064a\u0629 \u062a\u0647\u064a\u062c \u0627\u0644\u062c\u0644\u062f\u060c \u064a\u062c\u0628 \u0639\u0644\u064a\u0643 \u0627\u0644\u062a\u0648\u0642\u0641 \u0639\u0646 \u0627\u0633\u062a\u062e\u062f\u0627\u0645 \u0627\u0644\u0645\u0646\u062a\u062c.<\/p>\n<p>\u0642\u062f \u062a\u062e\u062a\u0644\u0641 \u0627\u0644\u0646\u062a\u0627\u0626\u062c \u062d\u0633\u0628 \u0627\u0644\u0645\u0633\u062a\u062e\u062f\u0645.<\/p>\n<p>\u064a\u064f\u062e\u0632\u0646 \u0641\u064a \u0645\u0643\u0627\u0646 \u0628\u0627\u0631\u062f\u060c \u0628\u0639\u064a\u062f\u064b\u0627 \u0639\u0646 \u0623\u0634\u0639\u0629 \u0627\u0644\u0634\u0645\u0633 \u0627\u0644\u0645\u0628\u0627\u0634\u0631\u0629.<\/p>\n<hr \/>\n<h3 class=\"tabs-title\"><strong>\u0646\u0635\u0627\u0626\u062d \u0627\u0644\u0627\u0633\u062a\u0639\u0645\u0627\u0644 :<\/strong><\/h3>\n<div class=\"std new-std\">\n<p>\u064a\u0633\u062a\u062e\u062f\u0645 \u0645\u0646 \u0628\u062f\u0627\u064a\u0629 \u0627\u0644\u062b\u0644\u062b \u0627\u0644\u062b\u0627\u0646\u064a \u0645\u0646 \u0627\u0644\u062d\u0645\u0644. \u0645\u062d\u0641\u0648\u0638\u0629 \u0644\u0644\u0627\u0633\u062a\u062e\u062f\u0627\u0645 \u0627\u0644\u062e\u0627\u0631\u062c\u064a \u0641\u0642\u0637.<br \/>\n\u0644\u0627 \u062a\u0633\u062a\u062e\u062f\u0645 \u0639\u0644\u0649 \u0627\u0644\u062c\u0644\u062f \u0627\u0644\u062a\u0627\u0644\u0641.<br \/>\n\u0625\u0630\u0627 \u0643\u0627\u0646 \u0645\u0646 \u0627\u0644\u0645\u0645\u0643\u0646 \u062a\u0647\u064a\u062c \u0627\u0644\u062c\u0644\u062f\u060c \u062a\u0648\u0642\u0641 \u0639\u0646 \u0627\u0644\u0627\u0633\u062a\u062e\u062f\u0627\u0645.<br \/>\n\u062a\u062c\u0646\u0628 \u0645\u0644\u0627\u0645\u0633\u0629 \u0627\u0644\u0639\u064a\u0646\u064a\u0646.<br \/>\n\u0625\u0630\u0627 \u062f\u062e\u0644 \u0627\u0644\u0645\u0646\u062a\u062c \u0625\u0644\u0649 \u0627\u0644\u0639\u064a\u0646\u064a\u0646\u060c \u0627\u0634\u0637\u0641\u064a\u0647 \u0628\u0643\u0645\u064a\u0629 \u0643\u0628\u064a\u0631\u0629 \u0645\u0646 \u0627\u0644\u0645\u0627\u0621.<br \/>\n\u064a\u062d\u0641\u0638 \u0628\u0639\u064a\u062f\u0627 \u0639\u0646 \u0645\u062a\u0646\u0627\u0648\u0644 \u0627\u0644\u0623\u0637\u0641\u0627\u0644.<br \/>\n\u0644\u0627 \u062a\u0646\u0637\u0628\u0642 \u0639\u0644\u0649 \u0627\u0644\u0623\u0637\u0641\u0627\u0644 \u062f\u0648\u0646 \u0633\u0646 3 \u0633\u0646\u0648\u0627\u062a.<br \/>\n\u0627\u0644\u0627\u0628\u062a\u0639\u0627\u062f \u0639\u0646 \u0627\u0644\u062d\u0631\u0627\u0631\u0629 \u0648\u0623\u0634\u0639\u0629 \u0627\u0644\u0634\u0645\u0633<\/p>\n<\/div>\n<hr \/>\n<h3><strong>\u0627\u0644\u062a\u0631\u0643\u064a\u0628\u0629:<\/strong><\/h3>\n<p>\u0628\u0627\u0631\u0627\u0641\u064a\u0646\u0648\u0645 \u0633\u0627\u0626\u0644 (\u0632\u064a\u062a \u0645\u0639\u062f\u0646\u064a)\u060c \u062a\u0631\u064a\u0633\u0648\u0646\u0648\u0646\u0627\u0646\u0648\u064a\u0646\u060c \u0633\u064a\u062a\u0631\u064a\u0644 \u0625\u064a\u062b\u064a\u0644 \u0647\u0643\u0633\u0627\u0646\u0648\u0627\u062a\u060c \u0625\u064a\u0632\u0648\u0628\u0631\u0648\u0628\u064a\u0644 \u0645\u064a\u0631\u064a\u0633\u062a\u0627\u062a\u060c \u0631\u064a\u062a\u064a\u0646\u064a\u0644 \u0628\u0627\u0644\u0645\u064a\u062a\u0627\u062a (\u0641\u064a\u062a\u0627\u0645\u064a\u0646 \u0623)\u060c \u0632\u064a\u062a \u0628\u0630\u0648\u0631 \u0647\u064a\u0644\u064a\u0627\u0646\u062b\u0648\u0633 \u0623\u0646\u0648\u0633\u060c \u0623\u0633\u064a\u062a\u0627\u062a \u0627\u0644\u062a\u0648\u0643\u0648\u0641\u064a\u0631\u0644 (\u0641\u064a\u062a\u0627\u0645\u064a\u0646 \u0647\u0640)\u060c \u0632\u064a\u062a \u0632\u0647\u0631\u0629 \u0623\u0646\u062b\u064a\u0645\u064a\u0633 \u0646\u0648\u0628\u064a\u0644\u064a\u0633 \u0627\u0644\u0639\u0637\u0631\u064a\u060c \u0632\u064a\u062a \u0644\u0627\u0641\u0627\u0646\u062f\u0648\u0644\u0627 \u0623\u0646\u062c\u0648\u0633\u062a\u064a\u0641\u0648\u0644\u064a\u0627 (\u0632\u064a\u062a \u0627\u0644\u0644\u0627\u0641\u0646\u062f\u0631)\u060c \u0625\u0643\u0644\u064a\u0644 \u0627\u0644\u062c\u0628\u0644. \u0632\u064a\u062a \u0623\u0648\u0631\u0627\u0642 \u0646\u0628\u0627\u062a \u0623\u0648\u0641\u064a\u0633\u064a\u0646\u0627\u0644\u064a\u0633 (\u0632\u064a\u062a \u0623\u0648\u0631\u0627\u0642 \u0625\u0643\u0644\u064a\u0644 \u0627\u0644\u062c\u0628\u0644)\u060c \u0645\u0633\u062a\u062e\u0644\u0635 \u0622\u0630\u0631\u064a\u0648\u0646 \u0623\u0648\u0641\u064a\u0633\u064a\u0646\u0627\u0644\u064a\u0633 (\u0632\u064a\u062a \u0627\u0644\u0642\u0637\u064a\u0641\u0629)\u060c \u0632\u064a\u062a \u062c\u0644\u064a\u0633\u064a\u0646 \u0633\u0648\u062c\u0627 (\u0632\u064a\u062a \u0641\u0648\u0644 \u0627\u0644\u0635\u0648\u064a\u0627)\u060c \u0628\u064a \u0625\u062a\u0634 \u062a\u064a\u060c \u0628\u064a\u0633\u0627\u0628\u0648\u0644\u0648\u0644\u060c \u0639\u0637\u0631\u060c \u0623\u0645\u064a\u0644 \u0633\u064a\u0646\u0627\u0645\u0627\u0644\u060c \u0628\u0646\u0632\u064a\u0644 \u0633\u0627\u0644\u064a\u0633\u064a\u0644\u0627\u062a\u060c \u0633\u064a\u062a\u0631\u0648\u0646\u064a\u0644\u0648\u0644\u060c \u0643\u0648\u0645\u0627\u0631\u064a\u0646\u060c \u064a\u0648\u062c\u064a\u0646\u0648\u0644\u060c \u0641\u0627\u0631\u0646\u064a\u0633\u0648\u0644\u060c \u062c\u064a\u0631\u0627\u0646\u064a\u0648\u0644\u060c \u0647\u064a\u062f\u0631\u0648\u0643\u0633\u064a \u0633\u064a\u062a\u0631\u0648\u0646\u064a\u0644\u0627\u0644\u060c \u0647\u064a\u062f\u0631\u0648\u0643\u0633\u064a \u0623\u064a\u0632\u0648\u0647\u0643\u0633\u064a\u0644. 3-\u0633\u064a\u0643\u0644\u0648\u0647\u064a\u0643\u0633\u064a\u0646 \u0643\u0627\u0631\u0628\u0648\u0643\u0633\u0627\u0644\u062f\u064a\u0647\u064a\u062f\u060c \u0644\u064a\u0645\u0648\u0646\u064a\u0646\u060c \u0644\u064a\u0646\u0627\u0644\u0648\u0644\u060c \u0623\u0644\u0641\u0627 \u0625\u064a\u0632\u0648\u0645\u064a\u062b\u064a\u0644 \u0623\u064a\u0648\u0646\u0648\u0646\u060c CI 26100c<\/p>\n<\/div>\n<\/div>\n<div class=\"product-tabs\">\n<div class=\"std new-std\"><\/div>\n<\/div>","protected":false},"excerpt":{"rendered":"<p><span style=\"color: #eb6363;\"><strong>\u0632\u064a\u062a \u064a\u0633\u0627\u0639\u062f \u0639\u0644\u0649 \u062a\u062d\u0633\u064a\u0646 \u0645\u0638\u0647\u0631 \u0627\u0644\u0646\u062f\u0628\u0627\u062a \u0648\u0639\u0644\u0627\u0645\u0627\u062a \u0627\u0644\u062a\u0645\u062f\u062f \u0648\u062a\u0641\u0627\u0648\u062a \u0644\u0648\u0646 \u0627\u0644\u0628\u0634\u0631\u0629.<\/strong><\/span><\/p>\n<p><em><strong>60 \u0645\u0644<\/strong><\/em><\/p>","protected":false},"featured_media":147868,"comment_status":"open","ping_status":"closed","template":"","meta":{"_acf_changed":false},"product_brand":[1415],"product_cat":[102,139,137],"product_tag":[735,767,762,834,847,845,899,785,936,811],"class_list":{"0":"post-7041","1":"product","2":"type-product","3":"status-publish","4":"has-post-thumbnail","6":"product_brand-bio-oil","7":"product_cat-soin-et-bien-etre","8":"product_cat-corps_","9":"product_cat-visage","10":"product_tag-Antiage","11":"product_tag-AntiVergetures","12":"product_tag-Anti-pigments","13":"product_tag-bio","14":"product_tag-Huile","15":"product_tag-HuileVegetale","16":"product_tag-Huileuse","17":"product_tag-Hydratant","18":"product_tag-TousTypesDePeaux","19":"product_tag-Traitementcicatrisant","21":"first","22":"outofstock","23":"sale","24":"taxable","25":"shipping-taxable","26":"purchasable","27":"product-type-simple"},"acf":[],"_links":{"self":[{"href":"https:\/\/pharmacima.com\/ar\/wp-json\/wp\/v2\/product\/7041","targetHints":{"allow":["GET"]}}],"collection":[{"href":"https:\/\/pharmacima.com\/ar\/wp-json\/wp\/v2\/product"}],"about":[{"href":"https:\/\/pharmacima.com\/ar\/wp-json\/wp\/v2\/types\/product"}],"replies":[{"embeddable":true,"href":"https:\/\/pharmacima.com\/ar\/wp-json\/wp\/v2\/comments?post=7041"}],"wp:featuredmedia":[{"embeddable":true,"href":"https:\/\/pharmacima.com\/ar\/wp-json\/wp\/v2\/media\/147868"}],"wp:attachment":[{"href":"https:\/\/pharmacima.com\/ar\/wp-json\/wp\/v2\/media?parent=7041"}],"wp:term":[{"taxonomy":"product_brand","embeddable":true,"href":"https:\/\/pharmacima.com\/ar\/wp-json\/wp\/v2\/product_brand?post=7041"},{"taxonomy":"product_cat","embeddable":true,"href":"https:\/\/pharmacima.com\/ar\/wp-json\/wp\/v2\/product_cat?post=7041"},{"taxonomy":"product_tag","embeddable":true,"href":"https:\/\/pharmacima.com\/ar\/wp-json\/wp\/v2\/product_tag?post=7041"}],"curies":[{"name":"wp","href":"https:\/\/api.w.org\/{rel}","templated":true}]}}