{"id":7133,"date":"2021-04-06T16:09:27","date_gmt":"2021-04-06T15:09:27","guid":{"rendered":"https:\/\/pharmacima.dz\/?post_type=product&#038;p=7133"},"modified":"2024-12-12T14:58:24","modified_gmt":"2024-12-12T13:58:24","slug":"suspension-de-vitamine-c-30-dans-de-lasilicone-vitamine-c-the-ordinary","status":"publish","type":"product","link":"https:\/\/pharmacima.com\/ar\/product\/suspension-de-vitamine-c-30-dans-de-lasilicone-vitamine-c-the-ordinary\/","title":{"rendered":"\u062a\u0639\u0644\u064a\u0642 \u0641\u064a\u062a\u0627\u0645\u064a\u0646 C 30% \u0641\u064a \u0641\u064a\u062a\u0627\u0645\u064a\u0646 C \u0627\u0644\u0633\u064a\u0644\u064a\u0643\u0648\u0646 \u0627\u0644\u0639\u0627\u062f\u064a"},"content":{"rendered":"<h3><strong>\u0648\u0635\u0641<\/strong><\/h3>\n<p><strong>\u0623\u0646\u0628\u0648\u0628 30 \u0645\u0644<\/strong><\/p>\n<p>\u0646\u0638\u0627\u0645 \u062a\u0639\u0644\u064a\u0642 \u0645\u0633\u062a\u0642\u0631 \u0648\u062e\u0627\u0644\u064a \u0645\u0646 \u0627\u0644\u0645\u0627\u0621<\/p>\n<p>\u062a\u062d\u062a\u0648\u064a \u0647\u0630\u0647 \u0627\u0644\u062a\u0631\u0643\u064a\u0628\u0629 \u0639\u0644\u0649 30% \u0645\u0646 \u062d\u0645\u0636 \u0627\u0644\u0623\u0633\u0643\u0648\u0631\u0628\u064a\u0643 \u0627\u0644\u0646\u0642\u064a\u060c \u0648\u0647\u0648 \u0645\u0633\u062a\u0642\u0631 \u062c\u062f\u064b\u0627 \u0644\u0623\u0646\u0647 \u0644\u0627 \u064a\u062d\u062a\u0648\u064a \u0639\u0644\u0649 \u0645\u0627\u0621. \u0625\u0646 \u0648\u062c\u0648\u062f \u0627\u0644\u0633\u064a\u0644\u064a\u0643\u0648\u0646 \u0627\u0644\u062e\u0641\u064a\u0641 \u062c\u062f\u064b\u0627 \u064a\u0645\u0646\u062d\u0647 \u0645\u0644\u0645\u0633\u064b\u0627 \u0646\u0627\u0639\u0645\u064b\u0627 \u0639\u0644\u0649 \u0627\u0644\u062c\u0644\u062f \u0648\u0647\u0648 \u0628\u062f\u064a\u0644 \u0644\u0641\u064a\u062a\u0627\u0645\u064a\u0646 C Suspension 23% + AH 2% \u0627\u0644\u0630\u064a \u064a\u0643\u0648\u0646 \u0642\u0648\u0627\u0645\u0647 \u0645\u062d\u0628\u0628\u064b\u0627 \u0639\u0646\u062f \u0627\u0644\u0627\u0633\u062a\u062e\u062f\u0627\u0645.<\/p>\n<p>\u062a\u0642\u062f\u0645 \u0645\u0639\u0638\u0645 \u0627\u0644\u0639\u0644\u0627\u062c\u0627\u062a \u0627\u0644\u0628\u062f\u064a\u0644\u0629 \u0627\u0644\u0645\u062a\u0648\u0641\u0631\u0629 \u0641\u064a \u0627\u0644\u0633\u0648\u0642 \u0645\u0639\u0644\u0642\u0627\u062a \u0641\u064a\u062a\u0627\u0645\u064a\u0646 \u0633\u064a \u0645\u0639 \u0642\u0648\u0627\u0639\u062f \u0633\u064a\u0644\u064a\u0643\u0648\u0646 \u0623\u0643\u0628\u0631 \u0628\u0643\u062b\u064a\u0631 \u0645\u0645\u0627 \u064a\u0642\u0644\u0644 \u0645\u0646 \u0641\u0639\u0627\u0644\u064a\u062a\u0647\u0627. \u064a\u0633\u0645\u062d \u0627\u0633\u062a\u062e\u062f\u0627\u0645 \u0627\u0644\u0633\u064a\u0644\u064a\u0643\u0648\u0646 \u0627\u0644\u062e\u0641\u064a\u0641 \u062c\u062f\u064b\u0627 \u0641\u064a \u062a\u0631\u0643\u064a\u0628\u062a\u0646\u0627 \u0628\u062a\u0639\u0631\u064a\u0636 \u0627\u0644\u062c\u0644\u062f \u0628\u0634\u0643\u0644 \u0623\u0641\u0636\u0644 \u0644\u0641\u064a\u062a\u0627\u0645\u064a\u0646 C. \u0648\u0644\u0627 \u064a\u0632\u0627\u0644 \u0627\u0644\u062a\u0639\u0631\u0636 \u0623\u0642\u0644 \u0645\u0646 \u0641\u064a\u062a\u0627\u0645\u064a\u0646 C Suspension 23% + AH 2% Spheres.<\/p>\n<hr \/>\n<p>\u0648\u0645\u0639 \u0630\u0644\u0643\u060c \u0641\u0625\u0646 \u0627\u0633\u062a\u062e\u062f\u0627\u0645 \u0641\u064a\u062a\u0627\u0645\u064a\u0646 C \u0627\u0644\u0625\u0636\u0627\u0641\u064a (30%) \u0641\u064a \u0647\u0630\u0647 \u0627\u0644\u062a\u0631\u0643\u064a\u0628\u0629 \u064a\u0633\u0627\u0639\u062f \u0639\u0644\u0649 \u0645\u0648\u0627\u0632\u0646\u0629 \u0648\u062c\u0648\u062f \u0627\u0644\u0633\u064a\u0644\u064a\u0643\u0648\u0646.<\/p>\n<div class=\"prdct__details-benefits\">\n<hr \/>\n<h3 class=\"prdct__details-title\"><span style=\"color: #ff0000;\"><strong>\u0641\u0627\u0626\u062f\u0629 \u0627\u0644\u0645\u0646\u062a\u062c<\/strong><\/span><\/h3>\n<p>- \u0641\u064a\u062a\u0627\u0645\u064a\u0646 C \u0647\u0648 \u0623\u062d\u062f \u0645\u0636\u0627\u062f\u0627\u062a \u0627\u0644\u0623\u0643\u0633\u062f\u0629 \u0627\u0644\u0641\u0639\u0627\u0644\u0629 \u0627\u0644\u062a\u064a \u062a\u0639\u0645\u0644 \u0639\u0644\u0649 \u062a\u0641\u062a\u064a\u062d \u0627\u0644\u0628\u0634\u0631\u0629 \u0648\u062a\u0642\u0644\u064a\u0644 \u0638\u0647\u0648\u0631 \u0639\u0644\u0627\u0645\u0627\u062a \u0627\u0644\u0634\u064a\u062e\u0648\u062e\u0629. \u062a\u0648\u0641\u0631 \u0647\u0630\u0647 \u0627\u0644\u062a\u0631\u0643\u064a\u0628\u0629 \u0627\u0644\u062e\u0627\u0644\u064a\u0629 \u0645\u0646 \u0627\u0644\u0645\u0627\u0621 \u062d\u0645\u0636 \u0627\u0644\u0623\u0633\u0643\u0648\u0631\u0628\u064a\u0643 \u0627\u0644\u0646\u0642\u064a \u0628\u0646\u0633\u0628\u0629 30 % \u0648\u0627\u0644\u0630\u064a \u064a\u0638\u0644 \u062b\u0627\u0628\u062a\u064b\u0627 \u062a\u0645\u0627\u0645\u064b\u0627 \u0628\u0633\u0628\u0628 \u063a\u064a\u0627\u0628 \u0627\u0644\u0645\u0627\u0621.<\/p>\n<p>- \u0646\u0638\u0631\u064b\u0627 \u0644\u0648\u062c\u0648\u062f \u0627\u0644\u0633\u064a\u0644\u064a\u0643\u0648\u0646 \u0627\u0644\u062e\u0641\u064a\u0641 \u062c\u062f\u064b\u0627\u060c \u0641\u0625\u0646 \u0647\u0630\u0647 \u0627\u0644\u062a\u0631\u0643\u064a\u0628\u0629 \u0646\u0627\u0639\u0645\u0629 \u0639\u0644\u0649 \u0627\u0644\u062c\u0644\u062f \u0639\u0644\u0649 \u0627\u0644\u0631\u063a\u0645 \u0645\u0646 \u0634\u0643\u0644 \u0627\u0644\u062a\u0639\u0644\u064a\u0642\u060c \u0645\u0645\u0627 \u064a\u062a\u062c\u0646\u0628 \u0627\u0644\u0634\u0639\u0648\u0631 \u0628\u0627\u0644\u0647\u0632\u0627\u062a \u0633\u0631\u064a\u0639\u0629 \u0627\u0644\u0632\u0648\u0627\u0644 \u0644\u062a\u0631\u0643\u064a\u0628\u062a\u0646\u0627 \u0627\u0644\u0645\u0639\u0644\u0642\u0629 \u0627\u0644\u0623\u0635\u0644\u064a\u0629 \u0627\u0644\u0645\u0643\u0648\u0646\u0629 \u0645\u0646 \u0643\u0631\u0627\u062a \u0641\u064a\u062a\u0627\u0645\u064a\u0646 C 23 % + HA \u0639\u0646\u062f 2 %.<\/p>\n<p>\u2013 \u064a\u062a\u0645 \u062a\u0637\u0628\u064a\u0642 \u0647\u0630\u0627 \u0627\u0644\u0639\u0644\u0627\u062c \u0628\u0634\u0643\u0644 \u0645\u062b\u0627\u0644\u064a \u0639\u0646\u062f \u0627\u0644\u0646\u0648\u0645.<\/p>\n<p>- \u064a\u0633\u062a\u0647\u062f\u0641 \u0628\u0634\u0643\u0644 \u0648\u0627\u0636\u062d \u0644\u0648\u0646 \u0627\u0644\u0628\u0634\u0631\u0629 \u063a\u064a\u0631 \u0627\u0644\u0645\u0648\u062d\u062f \u0648\u0639\u0644\u0627\u0645\u0627\u062a \u0627\u0644\u0634\u064a\u062e\u0648\u062e\u0629<\/p>\n<\/div>\n<hr \/>\n<h3><span style=\"color: #808080;\"><strong>\u064a\u0633\u062a\u062e\u062f\u0645<\/strong><\/span><\/h3>\n<div><\/div>\n<div>\u0636\u0639\u064a \u0643\u0645\u064a\u0629 \u0635\u063a\u064a\u0631\u0629 \u0639\u0644\u0649 \u0627\u0644\u0648\u062c\u0647 \u0635\u0628\u0627\u062d\u0627\u064b \u0623\u0648 \u0645\u0633\u0627\u0621\u064b (\u064a\u0641\u0636\u0644 \u0641\u064a \u0627\u0644\u0645\u0633\u0627\u0621). \u062a\u062c\u0646\u0628 \u0627\u0644\u0627\u062a\u0635\u0627\u0644<br \/>\n\u0645\u0639 \u0627\u0644\u0639\u064a\u0648\u0646. \u064a\u0645\u0643\u0646 \u0627\u0644\u0634\u0639\u0648\u0631 \u0628\u0627\u0644\u0648\u062e\u0632 \u0628\u0639\u062f \u0627\u0644\u062a\u0637\u0628\u064a\u0642. \u0627\u0630\u0627 \u0647\u0630\u0627<br \/>\n\u0625\u0630\u0627 \u0643\u0627\u0646 \u0627\u0644\u0625\u062d\u0633\u0627\u0633 \u0642\u0648\u064a\u064b\u0627 \u062c\u062f\u064b\u0627\u060c \u064a\u0645\u0643\u0646 \u062a\u062e\u0641\u064a\u0641 \u0627\u0644\u062a\u0631\u0643\u064a\u0628\u0629 \u0641\u064a \u0645\u0635\u0644 \u0623\u0648 \u0643\u0631\u064a\u0645 \u0645\u0646 \u0627\u062e\u062a\u064a\u0627\u0631\u0643 \u0623\u062b\u0646\u0627\u0621 \u0643\u0644 \u062a\u0637\u0628\u064a\u0642.<\/div>\n<div>\n<hr \/>\n<\/div>\n<div><\/div>\n<h3><span style=\"color: #333399;\"><strong>\u0627\u0644\u062a\u0631\u0643\u064a\u0628\u0629<\/strong><\/span><\/h3>\n<div><\/div>\n<div>\n<div class=\"prdct__content go-back\">\n<div id=\"prdct-details\" class=\"prdct__details\">\n<div class=\"prdct__details-wrap\">\n<div id=\"ingredients\" class=\"prdct__details-content\">\n<p>\u062b\u0646\u0627\u0626\u064a \u0627\u0644\u0645\u064a\u062b\u064a\u0643\u0648\u0646\u060c \u062d\u0645\u0636 \u0627\u0644\u0623\u0633\u0643\u0648\u0631\u0628\u064a\u0643\u060c \u0628\u0648\u0644\u064a \u0633\u064a\u0644\u064a\u0643\u0648\u0646-11\u060c \u0628\u0648\u0644\u064a \u0625\u064a\u062b\u064a\u0644\u064a\u0646 \u062c\u0644\u0627\u064a\u0643\u0648\u0644-10 \u062b\u0646\u0627\u0626\u064a \u0645\u064a\u062b\u064a\u0643\u0648\u0646.<\/p>\n<\/div>\n<\/div>\n<\/div>\n<\/div>\n<div><\/div>\n<\/div>","protected":false},"excerpt":{"rendered":"<p>DESCRIPTION Tube 30ml Une Suspension Stable et Sans Eau Cette formule contient 30% d&rsquo;Acide L-Ascorbique pur, tr\u00e8s stable car elle ne contient pas d&rsquo;eau. La pr\u00e9sence de silicones tr\u00e8s l\u00e9g\u00e8res lui conf\u00e8re une texture douce sur la peau et est une alternative \u00e0 notre Suspension de Vitamine C 23% + Sph\u00e8res AH 2% dont la [&hellip;]<\/p>\n","protected":false},"featured_media":7134,"comment_status":"open","ping_status":"closed","template":"","meta":{"_acf_changed":false},"product_brand":[],"product_cat":[102,137],"product_tag":[],"class_list":{"0":"post-7133","1":"product","2":"type-product","3":"status-publish","4":"has-post-thumbnail","6":"product_cat-soin-et-bien-etre","7":"product_cat-visage","9":"first","10":"outofstock","11":"sale","12":"taxable","13":"shipping-taxable","14":"purchasable","15":"product-type-simple"},"acf":[],"_links":{"self":[{"href":"https:\/\/pharmacima.com\/ar\/wp-json\/wp\/v2\/product\/7133","targetHints":{"allow":["GET"]}}],"collection":[{"href":"https:\/\/pharmacima.com\/ar\/wp-json\/wp\/v2\/product"}],"about":[{"href":"https:\/\/pharmacima.com\/ar\/wp-json\/wp\/v2\/types\/product"}],"replies":[{"embeddable":true,"href":"https:\/\/pharmacima.com\/ar\/wp-json\/wp\/v2\/comments?post=7133"}],"wp:featuredmedia":[{"embeddable":true,"href":"https:\/\/pharmacima.com\/ar\/wp-json\/wp\/v2\/media\/7134"}],"wp:attachment":[{"href":"https:\/\/pharmacima.com\/ar\/wp-json\/wp\/v2\/media?parent=7133"}],"wp:term":[{"taxonomy":"product_brand","embeddable":true,"href":"https:\/\/pharmacima.com\/ar\/wp-json\/wp\/v2\/product_brand?post=7133"},{"taxonomy":"product_cat","embeddable":true,"href":"https:\/\/pharmacima.com\/ar\/wp-json\/wp\/v2\/product_cat?post=7133"},{"taxonomy":"product_tag","embeddable":true,"href":"https:\/\/pharmacima.com\/ar\/wp-json\/wp\/v2\/product_tag?post=7133"}],"curies":[{"name":"wp","href":"https:\/\/api.w.org\/{rel}","templated":true}]}}