{"id":7154,"date":"2021-04-06T20:31:11","date_gmt":"2021-04-06T19:31:11","guid":{"rendered":"https:\/\/pharmacima.dz\/?post_type=product&#038;p=7154"},"modified":"2024-07-16T11:29:21","modified_gmt":"2024-07-16T10:29:21","slug":"acide-lactique-10-ha-acide-direct-the-ordinary","status":"publish","type":"product","link":"https:\/\/pharmacima.com\/ar\/product\/acide-lactique-10-ha-acide-direct-the-ordinary\/","title":{"rendered":"\u062d\u0645\u0636 \u0627\u0644\u0644\u0627\u0643\u062a\u064a\u0643 10% + \u062d\u0645\u0636 HA \u0627\u0644\u0645\u0628\u0627\u0634\u0631 \u0627\u0644\u0639\u0627\u062f\u064a"},"content":{"rendered":"<h3><strong>\u0648\u0635\u0641<\/strong><\/h3>\n<p><strong>\u0632\u062c\u0627\u062c\u0629 30 \u0645\u0644<\/strong><\/p>\n<p>\u062a\u0631\u0643\u064a\u0628\u0629 \u062a\u0642\u0634\u064a\u0631 \u0633\u0637\u062d\u064a\u0629 \u0634\u062f\u064a\u062f\u0629 \u0627\u0644\u062a\u0631\u0643\u064a\u0632 \u062a\u0639\u062a\u0645\u062f \u0639\u0644\u0649 \u062d\u0645\u0636 \u0627\u0644\u0644\u0627\u0643\u062a\u064a\u0643<\/p>\n<p>\u062a\u0631\u0643\u064a\u0628\u0629 \u062e\u0641\u064a\u0641\u0629 \u0648\u0645\u062a\u0648\u0633\u0637\u0629 \u0644\u0644\u062a\u0642\u0634\u064a\u0631 \u0627\u0644\u0633\u0637\u062d\u064a. \u062d\u0645\u0636 \u0627\u0644\u0644\u0627\u0643\u062a\u064a\u0643 \u0647\u0648 \u062d\u0645\u0636 \u0623\u0644\u0641\u0627 \u0647\u064a\u062f\u0631\u0648\u0643\u0633\u064a\u0644\u064a \u0627\u0644\u0630\u064a \u064a\u0642\u0634\u0631 \u0627\u0644\u062c\u0644\u062f.<\/p>\n<p>\u062a\u0648\u0641\u0631 \u0647\u0627\u062a\u0627\u0646 \u0627\u0644\u0635\u064a\u063a\u062a\u0627\u0646 (5% \u064810%) \u062a\u0642\u0634\u064a\u0631\u064b\u0627 \u062e\u0641\u064a\u0641\u064b\u0627 \u0625\u0644\u0649 \u0645\u062a\u0648\u0633\u0637 \u0645\u062f\u0639\u0648\u0645\u064b\u0627 \u0628\u0627\u0644\u0641\u0644\u0641\u0644 \u0627\u0644\u062a\u0633\u0645\u0627\u0646\u064a \u0627\u0644\u0630\u064a \u064a\u0642\u0644\u0644 \u0627\u0644\u0627\u0644\u062a\u0647\u0627\u0628 \u0648\u0627\u0644\u062d\u0633\u0627\u0633\u064a\u0629 \u0627\u0644\u062a\u064a \u063a\u0627\u0644\u0628\u064b\u0627 \u0645\u0627 \u062a\u0646\u062a\u062c \u0639\u0646 \u0627\u0644\u062a\u0642\u0634\u064a\u0631.<\/p>\n<p>\u0645\u0648\u0627\u0646\u0639 \u0627\u0644\u0627\u0633\u062a\u0639\u0645\u0627\u0644: \u0644\u0627 \u064a\u0646\u0628\u063a\u064a \u0627\u0633\u062a\u062e\u062f\u0627\u0645 \u062d\u0645\u0636 \u0627\u0644\u0644\u0627\u0643\u062a\u064a\u0643 \u0639\u0644\u0649 \u0627\u0644\u0628\u0634\u0631\u0629 \u0627\u0644\u062d\u0633\u0627\u0633\u0629 \u0623\u0648 \u0627\u0644\u062a\u0627\u0644\u0641\u0629 \u0623\u0648 \u0627\u0644\u062c\u0644\u062f \u0627\u0644\u0645\u062a\u0642\u0634\u0631.<br \/>\n\u062a\u0646\u0628\u064a\u0647 \u062d\u0631\u0648\u0642 \u0627\u0644\u0634\u0645\u0633:<br \/>\n\u064a\u062d\u062a\u0648\u064a \u0647\u0630\u0627 \u0627\u0644\u0645\u0646\u062a\u062c \u0639\u0644\u0649 \u062d\u0645\u0636 \u0623\u0644\u0641\u0627 \u0647\u064a\u062f\u0631\u0648\u0643\u0633\u064a\u0644 (AHA) \u0627\u0644\u0630\u064a \u0642\u062f \u064a\u0632\u064a\u062f \u0645\u0646 \u062d\u0633\u0627\u0633\u064a\u0629 \u0627\u0644\u062c\u0644\u062f \u0644\u0644\u0634\u0645\u0633 \u0648\u062e\u0637\u0631 \u0627\u0644\u0625\u0635\u0627\u0628\u0629 \u0628\u062d\u0631\u0648\u0642 \u0627\u0644\u0634\u0645\u0633.<\/p>\n<p>\u0627\u0633\u062a\u062e\u062f\u0645\u064a \u0648\u0627\u0642\u064a \u0627\u0644\u0634\u0645\u0633 \u0623\u062b\u0646\u0627\u0621 \u0627\u0644\u0646\u0647\u0627\u0631 \u0648\u062a\u062c\u0646\u0628\u064a \u0627\u0644\u062a\u0639\u0631\u0636 \u0644\u0623\u0634\u0639\u0629 \u0627\u0644\u0634\u0645\u0633 \u0623\u062b\u0646\u0627\u0621 \u0627\u0633\u062a\u062e\u062f\u0627\u0645 \u0647\u0630\u0627 \u0627\u0644\u0645\u0646\u062a\u062c \u0648\u0644\u0645\u062f\u0629 \u0623\u0633\u0628\u0648\u0639 \u0628\u0639\u062f \u0627\u0644\u0627\u0633\u062a\u062e\u062f\u0627\u0645.<\/p>\n<div class=\"prdct__details-benefits\">\n<hr \/>\n<h3 class=\"prdct__details-title\"><span style=\"color: #ff0000;\"><strong>\u0641\u0627\u0626\u062f\u0629 \u0627\u0644\u0645\u0646\u062a\u062c<\/strong><\/span><\/h3>\n<p>-\u062a\u0631\u0643\u064a\u0628\u0629 \u062a\u0642\u0634\u064a\u0631 \u0644\u0637\u064a\u0641\u0629 \u062a\u0639\u062a\u0645\u062f \u0639\u0644\u0649 \u062d\u0645\u0636 \u0627\u0644\u0644\u0627\u0643\u062a\u064a\u0643 \u0644\u0625\u0632\u0627\u0644\u0629 \u0627\u0644\u0637\u0628\u0642\u0627\u062a \u0627\u0644\u0633\u0637\u062d\u064a\u0629 \u0645\u0646 \u0627\u0644\u062c\u0644\u062f.<\/p>\n<p>- \u062d\u0645\u0636 \u0627\u0644\u0644\u0627\u0643\u062a\u064a\u0643 \u0647\u0648 \u062d\u0645\u0636 \u0623\u0644\u0641\u0627 \u0647\u064a\u062f\u0631\u0648\u0643\u0633\u064a \u0627\u0644\u0630\u064a \u064a\u0645\u0627\u0631\u0633 \u0639\u0645\u0644 \u062a\u0642\u0634\u064a\u0631 \u0639\u0644\u0649 \u0627\u0644\u062c\u0644\u062f. \u062a\u0648\u0641\u0631 \u0647\u0630\u0647 \u0627\u0644\u062a\u0631\u0643\u064a\u0628\u0629 \u0627\u0644\u0645\u0631\u0643\u0632\u0629 5 % \u062a\u0642\u0634\u064a\u0631\u064b\u0627 \u0644\u0637\u064a\u0641\u064b\u0627 \u0645\u0639 \u0625\u0636\u0627\u0641\u0629 \u062a\u0648\u062a \u0627\u0644\u0641\u0644\u0641\u0644 \u0627\u0644\u062a\u0633\u0645\u0627\u0646\u064a \u0627\u0644\u0645\u0646\u0642\u0649 \u0627\u0644\u0645\u0639\u0631\u0648\u0641 \u0628\u062a\u0642\u0644\u064a\u0644 \u0639\u0644\u0627\u0645\u0627\u062a \u0627\u0644\u0627\u0644\u062a\u0647\u0627\u0628 \u0648\u0627\u0644\u062d\u0633\u0627\u0633\u064a\u0629 \u0627\u0644\u0645\u0631\u062a\u0628\u0637\u0629 \u0639\u0627\u062f\u0629 \u0628\u0627\u0644\u062a\u0642\u0634\u064a\u0631.<\/p>\n<p>- \u062a\u062d\u062a\u0648\u064a \u0627\u0644\u062a\u0631\u0643\u064a\u0628\u0629 \u0639\u0644\u0649 \u0645\u0634\u062a\u0642 \u0633\u0631\u064a\u0631\u064a \u0645\u0646 \u0627\u0644\u0641\u0644\u0641\u0644 \u0627\u0644\u062a\u0633\u0645\u0627\u0646\u064a \u0644\u062a\u0642\u0644\u064a\u0644 \u0627\u0644\u062a\u0647\u064a\u062c \u0627\u0644\u0645\u0631\u062a\u0628\u0637 \u0628\u0627\u0633\u062a\u062e\u062f\u0627\u0645 \u0627\u0644\u062d\u0645\u0636. \u0647\u0630\u0627 \u0627\u0644\u0645\u0634\u062a\u0642 \u0644\u0647 \u0623\u0635\u0644 \u0646\u0628\u0627\u062a\u064a \u0648\u064a\u062e\u062a\u0644\u0641 \u0644\u0648\u0646\u0647 \u062d\u0633\u0628 \u0627\u0644\u0645\u0648\u0633\u0645. \u0642\u062f \u064a\u0638\u0647\u0631 \u0647\u0630\u0627 \u0627\u0644\u062a\u063a\u064a\u064a\u0631 \u0641\u064a \u0627\u0644\u0644\u0648\u0646 \u0641\u064a \u0627\u0644\u0635\u064a\u063a\u0629 \u0645\u0646 \u0648\u0642\u062a \u0644\u0622\u062e\u0631.<\/p>\n<p>- \u0627\u0644\u0631\u0642\u0645 \u0627\u0644\u0647\u064a\u062f\u0631\u0648\u062c\u064a\u0646\u064a \u0644\u0647\u0630\u0647 \u0627\u0644\u0635\u064a\u063a\u0629 \u062d\u0648\u0627\u0644\u064a 3.8. \u062d\u0645\u0636 \u0627\u0644\u0644\u0628\u0646\u064a\u0643 \u0644\u062f\u064a\u0647 \u062b\u0628\u0627\u062a \u0627\u0644\u062d\u0645\u0648\u0636\u0629 (pKa) \u0645\u0646 3.8. \u064a\u0639\u062f \u0627\u062a\u0633\u0627\u0642 \u0627\u0644\u062d\u0645\u0648\u0636\u0629 \u0647\u0648 \u0627\u0644\u0639\u0646\u0635\u0631 \u0627\u0644\u0623\u0643\u062b\u0631 \u0623\u0647\u0645\u064a\u0629 \u0627\u0644\u0630\u064a \u064a\u062c\u0628 \u0645\u0631\u0627\u0639\u0627\u062a\u0647 \u0639\u0646\u062f \u062a\u0637\u0648\u064a\u0631 \u062a\u0631\u0643\u064a\u0628\u0629 \u062a\u062d\u062a\u0648\u064a \u0639\u0644\u0649 \u0627\u0644\u0623\u062d\u0645\u0627\u0636. \u064a\u0634\u064a\u0631 \u062b\u0627\u0628\u062a \u0627\u0644\u062d\u0645\u0648\u0636\u0629 \u0625\u0644\u0649 \u062a\u0648\u0641\u0631 \u0627\u0644\u062d\u0645\u0636. \u0639\u0646\u062f\u0645\u0627 \u064a\u0643\u0648\u0646 \u062b\u0628\u0627\u062a \u0627\u0644\u062d\u0645\u0648\u0636\u0629 \u0642\u0631\u064a\u0628\u064b\u0627 \u0645\u0646 \u0627\u0644\u0631\u0642\u0645 \u0627\u0644\u0647\u064a\u062f\u0631\u0648\u062c\u064a\u0646\u064a\u060c \u064a\u062a\u0634\u0643\u0644 \u062a\u0648\u0627\u0632\u0646 \u0645\u062b\u0627\u0644\u064a \u0628\u064a\u0646 \u0627\u0644\u0645\u0644\u062d \u0648\u0627\u0644\u062d\u0645\u0648\u0636\u0629\u060c \u0645\u0645\u0627 \u064a\u0633\u0627\u0639\u062f \u0639\u0644\u0649 \u0632\u064a\u0627\u062f\u0629 \u0641\u0639\u0627\u0644\u064a\u0629 \u0627\u0644\u062d\u0645\u0636 \u0648\u062a\u0642\u0644\u064a\u0644 \u0627\u0644\u062a\u0647\u064a\u062c. \u0641\u064a \u0645\u062b\u0644 \u0647\u0630\u0647 \u0627\u0644\u062d\u0627\u0644\u0629\u060c \u0641\u0625\u0646 \u0642\u064a\u0645\u0629 \u0627\u0644\u0631\u0642\u0645 \u0627\u0644\u0647\u064a\u062f\u0631\u0648\u062c\u064a\u0646\u064a \u0627\u0644\u0623\u0639\u0644\u0649 \u0633\u064a\u0643\u0648\u0646 \u0644\u0647\u0627 \u062a\u0623\u062b\u064a\u0631 \u0639\u0644\u0649 \u0632\u064a\u0627\u062f\u0629 \u062a\u0631\u0643\u064a\u0632 \u0627\u0644\u0645\u0644\u062d\u060c \u0627\u0644\u0623\u0645\u0631 \u0627\u0644\u0630\u064a\u060c \u0639\u0644\u0649 \u0639\u0643\u0633 \u0645\u0627 \u0647\u0648 \u0645\u062a\u0648\u0642\u0639\u060c \u0645\u0646 \u0634\u0623\u0646\u0647 \u0623\u0646 \u064a\u062c\u0639\u0644 \u0627\u0644\u0635\u064a\u063a\u0629 \u0623\u0643\u062b\u0631 \u062a\u0647\u064a\u062c\u064b\u0627 \u0645\u0645\u0627 \u0644\u0648 \u0643\u0627\u0646\u062a \u0623\u0643\u062b\u0631 \u062d\u0645\u0636\u064a\u0629.<\/p>\n<\/div>\n<div class=\"prdct__details-ref\"><\/div>\n<div>\n<hr \/>\n<\/div>\n<div><\/div>\n<h3><span style=\"color: #808080;\"><strong>\u064a\u0633\u062a\u062e\u062f\u0645<\/strong><\/span><\/h3>\n<div><\/div>\n<div>\u064a\u0633\u062a\u062e\u062f\u0645 \u0645\u0631\u0629 \u0648\u0627\u062d\u062f\u0629 \u064a\u0648\u0645\u064a\u0627\u064b\u060c \u0648\u064a\u0641\u0636\u0644 \u0641\u064a \u0627\u0644\u0645\u0633\u0627\u0621. \u064a\u0645\u0643\u0646 \u062a\u062e\u0641\u064a\u0641\u0647 \u0645\u0639 \u0639\u0644\u0627\u062c\u0627\u062a \u0623\u062e\u0631\u0649 \u0644\u062a\u0642\u0644\u064a\u0644 \u062a\u0631\u0643\u064a\u0632 \u0627\u0644\u0645\u0646\u062a\u062c \u062d\u062a\u0649<br \/>\n\u0623\u0646 \u064a\u0635\u0628\u062d \u0627\u0644\u062c\u0644\u062f \u0623\u0643\u062b\u0631 \u062a\u062d\u0645\u0644\u0627\u064b.<br \/>\n\u062a\u062c\u0646\u0628 \u0645\u0644\u0627\u0645\u0633\u0629 \u0627\u0644\u0639\u064a\u0646\u064a\u0646. \u062a\u0648\u0642\u0641 \u0639\u0646 \u0627\u0644\u0627\u0633\u062a\u062e\u062f\u0627\u0645 \u0648\u0627\u0633\u062a\u0634\u0631 \u0627\u0644\u0637\u0628\u064a\u0628 \u0641\u064a \u062d\u0627\u0644\u0629 \u0627\u0633\u062a\u0645\u0631\u0627\u0631 \u0627\u0644\u062a\u0647\u064a\u062c. \u0627\u0633\u062a\u062e\u062f\u0645 \u0641\u0642\u0637 \u0648\u0641\u0642\u0627<br \/>\n\u0644\u062a\u0639\u0644\u064a\u0645\u0627\u062a \u0627\u0644\u0627\u0633\u062a\u062e\u062f\u0627\u0645.<\/div>\n<div>\u0627\u0644\u062d\u062f \u0645\u0646 \u0648\u062a\u064a\u0631\u0629 \u0648\u0645\u062f\u0629 \u0627\u0644\u0627\u0633\u062a\u062e\u062f\u0627\u0645.<\/div>\n<div>\n<hr \/>\n<\/div>\n<div><\/div>\n<h3><span style=\"color: #333399;\"><strong>\u0627\u0644\u062a\u0631\u0643\u064a\u0628\u0629<\/strong><\/span><\/h3>\n<div>\n<div class=\"prdct__content go-back\">\n<div id=\"prdct-details\" class=\"prdct__details\">\n<div class=\"prdct__details-wrap\">\n<div id=\"ingredients\" class=\"prdct__details-content\">\n<p>\u0623\u0643\u0648\u0627 (\u0645\u0627\u0621)\u060c \u062d\u0645\u0636 \u0627\u0644\u0644\u0628\u0646\u064a\u0643\u060c \u062c\u0644\u064a\u0633\u0631\u064a\u0646\u060c \u0628\u0646\u062a\u064a\u0644\u064a\u0646 \u062c\u0644\u0627\u064a\u0643\u0648\u0644\u060c \u0628\u0631\u0648\u0628\u0627\u0646\u062f\u064a\u0648\u0644\u060c \u0647\u064a\u062f\u0631\u0648\u0643\u0633\u064a\u062f \u0627\u0644\u0635\u0648\u062f\u064a\u0648\u0645\u060c \u0647\u064a\u0627\u0644\u0648\u0631\u0648\u0646\u064a\u0643 \u0627\u0644\u0635\u0648\u062f\u064a\u0648\u0645 \u0643\u0631\u0648\u0633\u0628\u0648\u0644\u064a\u0645\u0631\u060c \u0645\u0633\u062a\u062e\u0644\u0635 \u0641\u0627\u0643\u0647\u0629\/\u0623\u0648\u0631\u0627\u0642 \u062a\u0633\u0645\u0627\u0646\u064a\u0627 \u0644\u0627\u0646\u0633\u0648\u0644\u0627\u062a\u0627\u060c \u0635\u0645\u063a \u0627\u0644\u0633\u0646\u063a\u0627\u0644 \u0627\u0644\u0633\u0646\u063a\u0627\u0644\u064a\u060c \u0635\u0645\u063a \u0627\u0644\u0632\u0627\u0646\u062b\u0627\u0646\u060c \u0625\u064a\u0632\u0648\u0633\u064a\u062a\u064a\u062b-20\u060c \u062b\u0644\u0627\u062b\u064a \u0625\u064a\u062b\u064a\u0644\u064a\u0646\u064a\u062f\u064a\u0627\u0645\u064a\u0646 \u062f\u064a\u0633\u0648\u0633\u064a\u0646\u0627\u062a\u060c ET \u0647\u064a\u0644\u0643\u0633\u064a\u0644\u062c\u0644\u064a \u0633\u064a\u0631\u064a\u0646\u060c 1.2- \u0647\u064a\u0643\u0633\u0627\u0646\u064a\u062f\u064a\u0648\u0644 \u200e\u0643\u0627\u0628\u0631\u064a\u0644\u064a\u0644 \u062c\u0644\u0627\u064a\u0643\u0648\u0644.<\/p>\n<\/div>\n<\/div>\n<\/div>\n<\/div>\n<div><\/div>\n<\/div>","protected":false},"excerpt":{"rendered":"<p>DESCRIPTION Flacon 30ml Une Formulation Ultra-Concentr\u00e9e de Peeling Superficiel \u00e0 Base d&rsquo;Acide Lactique Formulation l\u00e9g\u00e8re et moyenne de peeling superficiel. L\u2019Acide Lactique est un Acide Alpha-Hydroxyl\u00e9 qui exfolie la peau. Ces deux formules (5% et 10%) offrent une exfoliation l\u00e9g\u00e8re \u00e0 moyenne soutenue par de la baie poivr\u00e9e de Tasmanie qui r\u00e9duit l\u2019inflammation et la [&hellip;]<\/p>\n","protected":false},"featured_media":7155,"comment_status":"open","ping_status":"closed","template":"","meta":{"_acf_changed":false},"product_brand":[],"product_cat":[102,137],"product_tag":[],"class_list":{"0":"post-7154","1":"product","2":"type-product","3":"status-publish","4":"has-post-thumbnail","6":"product_cat-soin-et-bien-etre","7":"product_cat-visage","9":"first","10":"outofstock","11":"taxable","12":"shipping-taxable","13":"purchasable","14":"product-type-simple"},"acf":[],"_links":{"self":[{"href":"https:\/\/pharmacima.com\/ar\/wp-json\/wp\/v2\/product\/7154","targetHints":{"allow":["GET"]}}],"collection":[{"href":"https:\/\/pharmacima.com\/ar\/wp-json\/wp\/v2\/product"}],"about":[{"href":"https:\/\/pharmacima.com\/ar\/wp-json\/wp\/v2\/types\/product"}],"replies":[{"embeddable":true,"href":"https:\/\/pharmacima.com\/ar\/wp-json\/wp\/v2\/comments?post=7154"}],"wp:featuredmedia":[{"embeddable":true,"href":"https:\/\/pharmacima.com\/ar\/wp-json\/wp\/v2\/media\/7155"}],"wp:attachment":[{"href":"https:\/\/pharmacima.com\/ar\/wp-json\/wp\/v2\/media?parent=7154"}],"wp:term":[{"taxonomy":"product_brand","embeddable":true,"href":"https:\/\/pharmacima.com\/ar\/wp-json\/wp\/v2\/product_brand?post=7154"},{"taxonomy":"product_cat","embeddable":true,"href":"https:\/\/pharmacima.com\/ar\/wp-json\/wp\/v2\/product_cat?post=7154"},{"taxonomy":"product_tag","embeddable":true,"href":"https:\/\/pharmacima.com\/ar\/wp-json\/wp\/v2\/product_tag?post=7154"}],"curies":[{"name":"wp","href":"https:\/\/api.w.org\/{rel}","templated":true}]}}