{"id":7335,"date":"2021-04-15T22:20:53","date_gmt":"2021-04-15T21:20:53","guid":{"rendered":"https:\/\/pharmacima.dz\/?post_type=product&#038;p=7335"},"modified":"2024-07-16T11:28:37","modified_gmt":"2024-07-16T10:28:37","slug":"poudre-acide-ascorbique-100-vitamine-c-the-ordinary","status":"publish","type":"product","link":"https:\/\/pharmacima.com\/ar\/product\/poudre-acide-ascorbique-100-vitamine-c-the-ordinary\/","title":{"rendered":"Poudre Acide Ascorbique 100% Vitamine C THE ORDINARY"},"content":{"rendered":"<h3><strong>\u0648\u0635\u0641<\/strong><\/h3>\n<p><strong>\u062c\u0631\u0629 20 \u062c\u0631\u0627\u0645<\/strong><\/p>\n<p>\u0645\u0633\u062d\u0648\u0642 \u0641\u064a\u062a\u0627\u0645\u064a\u0646 C \u0627\u0644\u0646\u0627\u0639\u0645 \u0644\u0644\u062a\u0637\u0628\u064a\u0642 \u0627\u0644\u062c\u0644\u062f\u064a<\/p>\n<p>\u0641\u064a\u062a\u0627\u0645\u064a\u0646 C \u0647\u0648 \u0623\u062d\u062f \u0645\u0636\u0627\u062f\u0627\u062a \u0627\u0644\u0623\u0643\u0633\u062f\u0629 \u0627\u0644\u0642\u0648\u064a\u0629 \u0627\u0644\u062a\u064a \u062a\u0633\u062a\u0647\u062f\u0641 \u0625\u0634\u0631\u0627\u0642 \u0627\u0644\u0628\u0634\u0631\u0629 \u0648\u0639\u0644\u0627\u0645\u0627\u062a \u0634\u064a\u062e\u0648\u062e\u0629 \u0627\u0644\u062c\u0644\u062f.<\/p>\n<p>\u062a\u062d\u062a\u0648\u064a \u0627\u0644\u062a\u0631\u0643\u064a\u0628\u0629 \u0639\u0644\u0649 \u0645\u0633\u062d\u0648\u0642 \u062d\u0645\u0636 \u0627\u0644\u0623\u0633\u0643\u0648\u0631\u0628\u064a\u0643 L \u0627\u0644\u0630\u064a \u064a\u0639\u0645\u0644 \u0639\u0644\u0649 \u0645\u0639\u0627\u0644\u062c\u0629 \u0639\u062f\u0645 \u0627\u0646\u062a\u0638\u0627\u0645 \u0627\u0644\u0645\u0644\u0645\u0633 \u0648\u0627\u0644\u0628\u0634\u0631\u0629 \u0627\u0644\u0628\u0627\u0647\u062a\u0629 \u0648\u0639\u0644\u0627\u0645\u0627\u062a \u0627\u0644\u0634\u064a\u062e\u0648\u062e\u0629.<\/p>\n<p>\u062a\u0645 \u062a\u0631\u0643\u064a\u0628\u0647 \u0644\u064a\u062a\u0645 \u0645\u0632\u062c\u0647 \u0645\u0639 \u0639\u0644\u0627\u062c\u0627\u062a \u0623\u062e\u0631\u0649 (\u0628\u0627\u0633\u062a\u062b\u0646\u0627\u0621 \u0627\u0644\u0639\u0644\u0627\u062c\u0627\u062a \u0627\u0644\u062a\u064a \u062a\u062d\u062a\u0648\u064a \u0639\u0644\u0649 Niacinamide \u0648 EUH 134).<\/p>\n<p>\u064a\u0623\u062a\u064a \u0647\u0630\u0627 \u0627\u0644\u0645\u0646\u062a\u062c \u0639\u0644\u0649 \u0634\u0643\u0644 \u0645\u0633\u062d\u0648\u0642 \u0646\u0627\u0639\u0645 \u062c\u062f\u064b\u0627 \u0648\u0644\u0627 \u0645\u0627\u0626\u064a \u0645\u0646 \u062d\u0645\u0636 \u0627\u0644\u0623\u0633\u0643\u0648\u0631\u0628\u064a\u0643 L \u0648\u0627\u0644\u0630\u064a \u064a\u0633\u0645\u062d \u0628\u0627\u0644\u062a\u0639\u0631\u0636 \u0627\u0644\u0645\u0628\u0627\u0634\u0631 \u0648\u0627\u0644\u0645\u0631\u0643\u0651\u0632 \u062c\u062f\u064b\u0627 \u0644\u0641\u064a\u062a\u0627\u0645\u064a\u0646 C \u0644\u0644\u0628\u0634\u0631\u0629.<\/p>\n<p>\u064a\u0633\u0628\u0628 \u0642\u0648\u0627\u0645 \u0627\u0644\u0628\u0648\u062f\u0631\u0629 \u0641\u0627\u0626\u0642 \u0627\u0644\u062a\u0631\u0643\u064a\u0632 \u0625\u062d\u0633\u0627\u0633\u064b\u0627 \u0628\u0627\u0644\u0648\u062e\u0632 \u0628\u0634\u0643\u0644 \u0645\u0644\u062d\u0648\u0638 \u062e\u0644\u0627\u0644 \u0627\u0644\u0623\u0633\u0627\u0628\u064a\u0639 \u0627\u0644\u0623\u0648\u0644\u0649 \u0645\u0646 \u0627\u0644\u0627\u0633\u062a\u062e\u062f\u0627\u0645\u060c \u062d\u062a\u0649 \u064a\u0639\u062a\u0627\u062f \u0627\u0644\u062c\u0644\u062f \u0639\u0644\u064a\u0647.<\/p>\n<p>\u0645\u0644\u062d\u0648\u0638\u0629 :<br \/>\n\u0644\u0627 \u062a\u0633\u062a\u062e\u062f\u0645\u0647 \u0641\u064a \u0646\u0641\u0633 \u0627\u0644\u0648\u0642\u062a \u0645\u0639 EUK 134 \u0623\u0648 Niacinamide (\u064a\u0641\u0636\u0644 \u0641\u064a\u062a\u0627\u0645\u064a\u0646 C \u0641\u064a \u0627\u0644\u0645\u0633\u0627\u0621\u060c \u0648 EUK 134 \u0648 Niacinamide \u0641\u064a \u0627\u0644\u0635\u0628\u0627\u062d). \u0628\u062e\u0644\u0627\u0641 \u0630\u0644\u0643\u060c \u0642\u062f \u064a\u063a\u064a\u0631 EUK 134 \/ \u0627\u0644\u0646\u064a\u0627\u0633\u064a\u0646\u0627\u0645\u064a\u062f \u0645\u0646 \u0627\u0633\u062a\u0642\u0631\u0627\u0631 \u0641\u064a\u062a\u0627\u0645\u064a\u0646 C \u0627\u0644\u0646\u0642\u064a (\u062d\u0645\u0636 \u0627\u0644\u0623\u0633\u0643\u0648\u0631\u0628\u064a\u0643).<\/p>\n<div class=\"prdct__details-benefits\">\n<hr \/>\n<h3 class=\"prdct__details-title\"><span style=\"color: #ff0000;\"><strong>\u0641\u0627\u0626\u062f\u0629 \u0627\u0644\u0645\u0646\u062a\u062c<\/strong><\/span><\/h3>\n<p>- \u0645\u0633\u062d\u0648\u0642 \u062d\u0645\u0636 \u0627\u0644\u0623\u0633\u0643\u0648\u0631\u0628\u064a\u0643 100 % \u062e\u0627\u0644\u064a \u0645\u0646 \u0627\u0644\u0643\u062d\u0648\u0644\u060c \u062e\u0627\u0644\u064a \u0645\u0646 \u0627\u0644\u0632\u064a\u0648\u062a\u060c \u062e\u0627\u0644\u064a \u0645\u0646 \u0627\u0644\u0633\u064a\u0644\u064a\u0643\u0648\u0646\u060c \u062e\u0627\u0644\u064a \u0645\u0646 \u0627\u0644\u063a\u0644\u0648\u062a\u064a\u0646.<br \/>\n\u0645\u0633\u062d\u0648\u0642 \u064a\u062d\u062a\u0648\u064a \u0639\u0644\u0649 \u0641\u064a\u062a\u0627\u0645\u064a\u0646 C \u064a\u0639\u0645\u0644 \u0639\u0644\u0649 \u062a\u062d\u0633\u064a\u0646 \u0625\u0634\u0631\u0627\u0642 \u0627\u0644\u0628\u0634\u0631\u0629 \u0648\u062a\u0648\u062d\u064a\u062f \u0644\u0648\u0646\u0647\u0627. \u064a\u0633\u0627\u0639\u062f \u0647\u0630\u0627 \u0627\u0644\u0645\u0633\u062d\u0648\u0642 \u0641\u0627\u0626\u0642 \u0627\u0644\u0646\u0639\u0648\u0645\u0629 \u0623\u064a\u0636\u064b\u0627 \u0639\u0644\u0649 \u0627\u0644\u062d\u0645\u0627\u064a\u0629 \u0645\u0646 \u0627\u0644\u0627\u0639\u062a\u062f\u0627\u0621\u0627\u062a \u0627\u0644\u062e\u0627\u0631\u062c\u064a\u0629 \u0628\u0641\u0636\u0644 \u062e\u0635\u0627\u0626\u0635\u0647 \u0627\u0644\u0645\u0636\u0627\u062f\u0629 \u0644\u0644\u0623\u0643\u0633\u062f\u0629.<\/p>\n<p>- \u062a\u0648\u0641\u0631 \u0647\u0630\u0647 \u0627\u0644\u062a\u0631\u0643\u064a\u0628\u0629 \u0645\u0633\u062d\u0648\u0642 \u062d\u0645\u0636 \u0627\u0644\u0623\u0633\u0643\u0648\u0631\u0628\u064a\u0643 L \u0627\u0644\u0646\u0627\u0639\u0645 \u0644\u0644\u063a\u0627\u064a\u0629 \u0627\u0644\u0630\u064a \u064a\u0633\u062a\u0647\u062f\u0641 \u0628\u0634\u0643\u0644 \u0648\u0627\u0636\u062d \u0645\u0638\u0647\u0631 \u0639\u062f\u0645 \u062a\u0646\u0627\u0633\u0642 \u0644\u0648\u0646 \u0627\u0644\u0628\u0634\u0631\u0629 \u0648\u0627\u0644\u0628\u0647\u062a\u0627\u0646 \u0648\u0639\u0644\u0627\u0645\u0627\u062a \u0627\u0644\u0634\u064a\u062e\u0648\u062e\u0629\u060c \u0648\u0642\u062f \u062a\u0645 \u062a\u0631\u0643\u064a\u0628\u0647 \u0644\u064a\u0645\u062a\u0632\u062c \u0645\u0639 \u0639\u0644\u0627\u062c\u0627\u062a \u0623\u062e\u0631\u0649 (\u0628\u0627\u0633\u062a\u062b\u0646\u0627\u0621 \u062a\u0644\u0643 \u0627\u0644\u062a\u064a \u062a\u062d\u062a\u0648\u064a \u0639\u0644\u0649 \u0627\u0644\u0646\u064a\u0627\u0633\u064a\u0646\u0627\u0645\u064a\u062f \u0623\u0648 EUK 134).<\/p>\n<p>- \u064a\u0633\u062a\u0647\u062f\u0641 \u0628\u0634\u0643\u0644 \u0648\u0627\u0636\u062d \u0644\u0648\u0646 \u0627\u0644\u0628\u0634\u0631\u0629 \u063a\u064a\u0631 \u0627\u0644\u0645\u0648\u062d\u062f \u0648\u0639\u0644\u0627\u0645\u0627\u062a \u0627\u0644\u0634\u064a\u062e\u0648\u062e\u0629<\/p>\n<\/div>\n<div>\n<hr \/>\n<\/div>\n<div><\/div>\n<h3><span style=\"color: #808080;\"><strong>\u0646\u0635\u064a\u062d\u0629 \u0627\u0644\u0627\u0633\u062a\u062e\u062f\u0627\u0645<\/strong><\/span><\/h3>\n<div><\/div>\n<div>\u0627\u0645\u0632\u062c \u0643\u0645\u064a\u0629 \u0635\u063a\u064a\u0631\u0629 \u0645\u0639 \u0639\u0644\u0627\u062c\u0627\u062a \u0623\u062e\u0631\u0649<br \/>\n\u0641\u064a \u0631\u0627\u062d\u0629 \u0627\u0644\u064a\u062f\u060c \u062b\u0645 \u064a\u0648\u0636\u0639 \u0639\u0644\u0649 \u0627\u0644\u0648\u062c\u0647<br \/>\n\u0635\u0628\u0627\u062d\u0627 \u0627\u0645 \u0645\u0633\u0627\u0621. \u062a\u062c\u0646\u0628 \u0645\u0644\u0627\u0645\u0633\u0629 \u0627\u0644\u0639\u064a\u0646\u064a\u0646. \u0623<br \/>\n\u064a\u0645\u0643\u0646 \u0627\u0644\u0634\u0639\u0648\u0631 \u0628\u0627\u0644\u0648\u062e\u0632<br \/>\n\u0628\u0639\u062f \u0627\u0644\u062a\u0637\u0628\u064a\u0642. \u0644\u0627 \u062a\u062e\u0644\u0637 \u0645\u0639 \u0627\u0644\u0639\u0644\u0627\u062c\u0627\u062a<br \/>\n\u062a\u062d\u062a\u0648\u064a \u0639\u0644\u0649 \u0646\u064a\u0627\u0633\u064a\u0646\u0627\u0645\u064a\u062f \u0623\u0648 EUK 134<\/div>\n<div><\/div>\n<div>\n<hr \/>\n<\/div>\n<h3><span style=\"color: #333399;\"><strong>\u0627\u0644\u062a\u0631\u0643\u064a\u0628\u0629<\/strong><\/span><\/h3>\n<div><\/div>\n<div>\n<div class=\"prdct__content go-back\">\n<div id=\"prdct-details\" class=\"prdct__details\">\n<div class=\"prdct__details-wrap\">\n<div id=\"ingredients\" class=\"prdct__details-content\">\n<p>\u062d\u0645\u0636 \u0627\u0644\u0627\u0633\u0643\u0648\u0631\u0628\u064a\u0643.<\/p>\n<\/div>\n<\/div>\n<\/div>\n<\/div>\n<div><\/div>\n<\/div>","protected":false},"excerpt":{"rendered":"<p>DESCRIPTION Pot 20g Poudre Fine de Vitamine C pour Application Cutan\u00e9e La Vitamine C est un antioxydant puissant qui cible l&rsquo;\u00e9clat du teint et les signes du vieillissement cutan\u00e9. La formule contient une poudre d&rsquo;Acide L-Ascorbique qui agit sur les irr\u00e9gularit\u00e9s de texture, le teint terne et les signes de l&rsquo;\u00e2ge. Elle est formul\u00e9e pour [&hellip;]<\/p>\n","protected":false},"featured_media":7338,"comment_status":"open","ping_status":"closed","template":"","meta":{"_acf_changed":false},"product_brand":[],"product_cat":[102,137],"product_tag":[],"class_list":{"0":"post-7335","1":"product","2":"type-product","3":"status-publish","4":"has-post-thumbnail","6":"product_cat-soin-et-bien-etre","7":"product_cat-visage","9":"first","10":"outofstock","11":"taxable","12":"shipping-taxable","13":"purchasable","14":"product-type-simple"},"acf":[],"_links":{"self":[{"href":"https:\/\/pharmacima.com\/ar\/wp-json\/wp\/v2\/product\/7335","targetHints":{"allow":["GET"]}}],"collection":[{"href":"https:\/\/pharmacima.com\/ar\/wp-json\/wp\/v2\/product"}],"about":[{"href":"https:\/\/pharmacima.com\/ar\/wp-json\/wp\/v2\/types\/product"}],"replies":[{"embeddable":true,"href":"https:\/\/pharmacima.com\/ar\/wp-json\/wp\/v2\/comments?post=7335"}],"wp:featuredmedia":[{"embeddable":true,"href":"https:\/\/pharmacima.com\/ar\/wp-json\/wp\/v2\/media\/7338"}],"wp:attachment":[{"href":"https:\/\/pharmacima.com\/ar\/wp-json\/wp\/v2\/media?parent=7335"}],"wp:term":[{"taxonomy":"product_brand","embeddable":true,"href":"https:\/\/pharmacima.com\/ar\/wp-json\/wp\/v2\/product_brand?post=7335"},{"taxonomy":"product_cat","embeddable":true,"href":"https:\/\/pharmacima.com\/ar\/wp-json\/wp\/v2\/product_cat?post=7335"},{"taxonomy":"product_tag","embeddable":true,"href":"https:\/\/pharmacima.com\/ar\/wp-json\/wp\/v2\/product_tag?post=7335"}],"curies":[{"name":"wp","href":"https:\/\/api.w.org\/{rel}","templated":true}]}}