{"id":74915,"date":"2023-05-28T12:13:49","date_gmt":"2023-05-28T11:13:49","guid":{"rendered":"https:\/\/pharmacima.dz\/?post_type=product&#038;p=74915"},"modified":"2024-12-12T14:59:12","modified_gmt":"2024-12-12T13:59:12","slug":"mascara-mac-stack-mini-mac-cosmetics","status":"publish","type":"product","link":"https:\/\/pharmacima.com\/ar\/product\/mascara-mac-stack-mini-mac-cosmetics\/","title":{"rendered":"\u0645\u0627\u0633\u0643\u0627\u0631\u0627 \u0645\u0627\u0643\u0633\u062a\u0627\u0643 \u0645\u064a\u0646\u064a \u0645\u0627\u0643 \u0644\u0645\u0633\u062a\u062d\u0636\u0631\u0627\u062a \u0627\u0644\u062a\u062c\u0645\u064a\u0644"},"content":{"rendered":"<h2><strong>DESCRIPTION :<\/strong><\/h2>\n<h3>Test consommateur sur 111 femmes apr\u00e8s avoir utilis\u00e9 le Superstack Mega Brush pendant une semaine :<\/h3>\n<ul>\n<li>95% ont vu un volume d\u00e9fiant la gravit\u00e9<\/li>\n<li>95% ont d\u00e9clar\u00e9 que le mascara s&rsquo;applique \u00e0 l&rsquo;infini<\/li>\n<li>Tenue de 24 heures<\/li>\n<li>Ne colle pas<\/li>\n<li>L\u00e9ger<\/li>\n<li>R\u00e9sistant \u00e0 l&rsquo;humidit\u00e9<\/li>\n<\/ul>\n<h3 class=\"product-full__short-desc\">Un mascara qui se superpose \u00e0 l&rsquo;infini pour un volume intense et une longueur extr\u00eame<\/h3>\n<h2><strong>CONSEIL D&rsquo;UTILISATION :<\/strong><\/h2>\n<ul>\n<li>Nettoyez votre peau et \u00e9liminez tout exc\u00e8s de s\u00e9bum ou de r\u00e9sidu de mascara sur vos cils \u00e0 l\u2019aide d\u2019un coton imbib\u00e9 de Fix+.Essuyez l\u2019exc\u00e9dent du mascara sur la brosse.<\/li>\n<li>Exercez une pression sur les cils pr\u00e8s de la racine et faites-la glisser en zigzag de la racine \u00e0 la pointe. Appliquez autant de couches que n\u00e9cessaire pour obtenir l&rsquo;effet d\u00e9sir\u00e9.<\/li>\n<\/ul>\n<h2><strong>COMPOSITION :<\/strong><\/h2>\n<p><span class=\"sku-ingredients js-sku-ingredients\">\u00a0WaterAquaEau, Silica, Stearic Acid, Glyceryl Stearate, Synthetic Beeswax, Paraffin, Polyisobutene, Kaolin, Acrylates\/Ethylhexyl Acrylate Copolymer, Aminomethyl Propanediol, Copernicia Cerifera (Carnauba) Wax Copernicia Cerifera Cera Cire De Carnauba, Vp\/Eicosene Copolymer, Isostearic Acid, Tocopheryl Acetate, Panthenol, Pantethine, Trimethylpentanediol\/Adipic Acid\/Glycerin Crosspolymer, Peg-9 Dimethicone, Caprylyl Glycol, Hydroxyethylcellulose, Nylon-6, Pvp, Laureth-21, Simethicone, Phenethyl Alcohol, 1,2-Hexanediol, Disodium Edta, Chloroxylenol, Potassium Sorbate, Phenoxyethanol, [+\/- Iron Oxides (Ci 77491), Iron Oxides (Ci 77492), Iron Oxides (Ci 77499), Mica, Yellow 5 Lake (Ci 19140), Chromium Oxide Greens (Ci 77288), Chromium Hydroxide Green (Ci 77289), Carmine (Ci 75470), Titanium Dioxide (Ci 77891), Bismuth Oxychloride (Ci 77163), Yellow 5 (Ci 19140), Blue 1 (Ci 42090), Blue 1 Lake (Ci 42090), Ultramarines (Ci 77007), Black 2 (Ci 77266)]\u00a0<\/span><span class=\"sku-ingredients-number js-sku-ingredients-number\">\u00a0ILN49102\u00a0<\/span><\/p>\n","protected":false},"excerpt":{"rendered":"<h3><span style=\"color: #800080\" data-mce-style=\"color: #800080;\"><em><strong>\u0642\u0645 \u0628\u062a\u0643\u0628\u064a\u0631 \u0639\u064a\u0646\u064a\u0643 \u0628\u0627\u0633\u062a\u062e\u062f\u0627\u0645 \u0627\u0644\u0645\u0627\u0633\u0643\u0627\u0631\u0627 \u0630\u0627\u062a \u0627\u0644\u0637\u0628\u0642\u0627\u062a \u0627\u0644\u062a\u064a \u0644\u0627 \u0646\u0647\u0627\u064a\u0629 \u0644\u0647\u0627.<\/strong><\/em><\/span><\/h3>\n<p><strong>\u0627\u0644\u0633\u0639\u0629: 8 \u0645\u0644\u00a0<\/strong><\/p>","protected":false},"featured_media":74935,"comment_status":"open","ping_status":"closed","template":"","meta":{"_acf_changed":false},"product_brand":[],"product_cat":[296,1230],"product_tag":[],"class_list":{"0":"post-74915","1":"product","2":"type-product","3":"status-publish","4":"has-post-thumbnail","6":"product_cat-maquillage","7":"product_cat-yeux-maquillage","9":"first","10":"outofstock","11":"sale","12":"taxable","13":"shipping-taxable","14":"purchasable","15":"product-type-simple"},"acf":[],"_links":{"self":[{"href":"https:\/\/pharmacima.com\/ar\/wp-json\/wp\/v2\/product\/74915","targetHints":{"allow":["GET"]}}],"collection":[{"href":"https:\/\/pharmacima.com\/ar\/wp-json\/wp\/v2\/product"}],"about":[{"href":"https:\/\/pharmacima.com\/ar\/wp-json\/wp\/v2\/types\/product"}],"replies":[{"embeddable":true,"href":"https:\/\/pharmacima.com\/ar\/wp-json\/wp\/v2\/comments?post=74915"}],"wp:featuredmedia":[{"embeddable":true,"href":"https:\/\/pharmacima.com\/ar\/wp-json\/wp\/v2\/media\/74935"}],"wp:attachment":[{"href":"https:\/\/pharmacima.com\/ar\/wp-json\/wp\/v2\/media?parent=74915"}],"wp:term":[{"taxonomy":"product_brand","embeddable":true,"href":"https:\/\/pharmacima.com\/ar\/wp-json\/wp\/v2\/product_brand?post=74915"},{"taxonomy":"product_cat","embeddable":true,"href":"https:\/\/pharmacima.com\/ar\/wp-json\/wp\/v2\/product_cat?post=74915"},{"taxonomy":"product_tag","embeddable":true,"href":"https:\/\/pharmacima.com\/ar\/wp-json\/wp\/v2\/product_tag?post=74915"}],"curies":[{"name":"wp","href":"https:\/\/api.w.org\/{rel}","templated":true}]}}