{"id":74956,"date":"2023-05-28T12:42:06","date_gmt":"2023-05-28T11:42:06","guid":{"rendered":"https:\/\/pharmacima.dz\/?post_type=product&#038;p=74956"},"modified":"2023-08-16T11:22:59","modified_gmt":"2023-08-16T11:22:59","slug":"rouge-a-levres-mat-velvet-teddy-mac-cosmetics","status":"publish","type":"product","link":"https:\/\/pharmacima.com\/ar\/product\/rouge-a-levres-mat-velvet-teddy-mac-cosmetics\/","title":{"rendered":"\u0623\u062d\u0645\u0631 \u0634\u0641\u0627\u0647 \u0641\u064a\u0644\u0641\u064a\u062a \u062a\u064a\u062f\u064a \u0645\u0637\u0641\u064a \u0645\u0646 \u0645\u0627\u0643 \u0644\u0645\u0633\u062a\u062d\u0636\u0631\u0627\u062a \u0627\u0644\u062a\u062c\u0645\u064a\u0644"},"content":{"rendered":"<h2><strong>DESCRIPTION :<\/strong><\/h2>\n<p><b>Le rouge \u00e0 l\u00e8vres mat\u00a0<\/b>: une formule riche et cr\u00e9meuse au fini mat et sans brillance. Une couleur intense et ultra pigment\u00e9e.\u00a0 Existe en une multitude de teinte: Des roses nudes, rouges intenses ou bordeaux fonc\u00e9s.<\/p>\n<p>Sa texture cr\u00e9meuse hydratante vous offre un rendu mat sans dess\u00e9cher les l\u00e8vres. Sa pigmentation unique offre une couvrance homog\u00e8ne d\u00e8s la premi\u00e8re application.<\/p>\n<p><b>R\u00e9sultat:<\/b>\u00a0Un Rouge \u00e0 L\u00e8vres mat \u00e0 la formule riche ultra pigment\u00e9e, au fini mat sans brillance. Il vous offre un maquillage aux couleurs intenses et longue tenue. Notre formule de rouge \u00e0 l\u00e8vres mat est longue tenue.<\/p>\n<p><b>Pourquoi on aime le Rouge \u00e0 L\u00e8vres Mat ?<\/b><br \/>&#8211; Mat : fini mat longue tenue<br \/>&#8211; Pigmentation extr\u00eame<br \/>&#8211; Sans transfert<br \/>&#8211; Application facile<br \/>&#8211; Formule riche qui sublime sans dess\u00e9cher<\/p>\n<h2><strong>CONSEIL D&rsquo;UTILISATION :<\/strong><\/h2>\n<p>Appliquer directement sur les l\u00e8vres ou utiliser la base Prep+Prime L\u00e8vres avant l&rsquo;application.<\/p>\n<h2><strong>COMPOSITION :<\/strong><\/h2>\n<p>DIMETHICONE, ISOEICOSANE, KAOLIN, CERESIN, PARAFFIN, ISONONYL ISONONANOATE, MICROCRYSTALLINE WAX (CERA MICROCRISTALLINA), SILICA, CAPRYLIC\/CAPRIC TRIGLYCERIDE, CARNAUBA (COPERNICIA CERIFERA) WAX, HYDROGENATED POLYISOBUTENE, VANILLIN, TOCOPHEROL, GLYCERYL LINOLEATE, GLYCERYL LINOLENATE, PVP\/HEXADECENE COPOLYMER, METHICONE, TRIETHOXYCAPRYLYLSILANE, [+\/-(MAY CONTAIN) MICA, TITANIUM DIOXIDE (CI 77891), IRON OXIDES (CI 77491, CI 77492, CI 77499), BISMUTH OXYCHLORIDE (CI 77163), CARMINE (CI 75470), RED 6 (CI 15850), RED 7 LAKE (CI 15850), RED 28 LAKE (CI 45410), YELLOW 5 LAKE (CI 19140), YELLOW 6 LAKE (CI 15985), YELLOW 10 LAKE (CI 47005), RED 33 LAKE (CI 17200), BLUE 1 LAKE (CI 42090), RED 30 LAKE (CI 73360), RED 6 LAKE (CI 15850), ORANGE 5 LAKE (CI 45370)]<\/p>\n","protected":false},"excerpt":{"rendered":"<h3><em><strong>\u062a\u0631\u0643\u064a\u0628\u0629 \u063a\u0646\u064a\u0629 \u0648\u0643\u0631\u064a\u0645\u064a\u0629 \u0645\u0639 \u0644\u0645\u0633\u0629 \u0646\u0647\u0627\u0626\u064a\u0629 \u063a\u064a\u0631 \u0644\u0627\u0645\u0639\u0629 \u0648\u062e\u0627\u0644\u064a\u0629 \u0645\u0646 \u0627\u0644\u0644\u0645\u0639\u0627\u0646.<\/strong><\/em><\/h3>\n<p><strong>\u0627\u0644\u0633\u0639\u0629: 3 \u062c\u0631\u0627\u0645<\/strong><\/p>","protected":false},"featured_media":74957,"comment_status":"open","ping_status":"closed","template":"","meta":{"_acf_changed":false},"product_brand":[],"product_cat":[296,1233],"product_tag":[],"class_list":{"0":"post-74956","1":"product","2":"type-product","3":"status-publish","4":"has-post-thumbnail","6":"product_cat-maquillage","7":"product_cat-levres_maquillage","9":"first","10":"outofstock","11":"taxable","12":"shipping-taxable","13":"purchasable","14":"product-type-simple"},"acf":[],"_links":{"self":[{"href":"https:\/\/pharmacima.com\/ar\/wp-json\/wp\/v2\/product\/74956","targetHints":{"allow":["GET"]}}],"collection":[{"href":"https:\/\/pharmacima.com\/ar\/wp-json\/wp\/v2\/product"}],"about":[{"href":"https:\/\/pharmacima.com\/ar\/wp-json\/wp\/v2\/types\/product"}],"replies":[{"embeddable":true,"href":"https:\/\/pharmacima.com\/ar\/wp-json\/wp\/v2\/comments?post=74956"}],"wp:featuredmedia":[{"embeddable":true,"href":"https:\/\/pharmacima.com\/ar\/wp-json\/wp\/v2\/media\/74957"}],"wp:attachment":[{"href":"https:\/\/pharmacima.com\/ar\/wp-json\/wp\/v2\/media?parent=74956"}],"wp:term":[{"taxonomy":"product_brand","embeddable":true,"href":"https:\/\/pharmacima.com\/ar\/wp-json\/wp\/v2\/product_brand?post=74956"},{"taxonomy":"product_cat","embeddable":true,"href":"https:\/\/pharmacima.com\/ar\/wp-json\/wp\/v2\/product_cat?post=74956"},{"taxonomy":"product_tag","embeddable":true,"href":"https:\/\/pharmacima.com\/ar\/wp-json\/wp\/v2\/product_tag?post=74956"}],"curies":[{"name":"wp","href":"https:\/\/api.w.org\/{rel}","templated":true}]}}