{"id":75019,"date":"2023-05-28T14:30:02","date_gmt":"2023-05-28T13:30:02","guid":{"rendered":"https:\/\/pharmacima.dz\/?post_type=product&#038;p=75019"},"modified":"2026-05-03T00:19:56","modified_gmt":"2026-05-02T23:19:56","slug":"creme-5-bebe-100g-bepanthen","status":"publish","type":"product","link":"https:\/\/pharmacima.com\/ar\/product\/creme-5-bebe-100g-bepanthen\/","title":{"rendered":"Cr\u00e8me 5% Bebe 100g Bepanthen"},"content":{"rendered":"<h2><strong>\u0648\u0635\u0641 :<\/strong><\/h2>\n<p>\u0635\u064a\u063a\u0629\u00a0<span class=\"coh-color-primary-pink\"><b>\u0628\u064a\u0628\u0627\u0646\u062b\u064a\u0646<sup>\u00ae\u00a0<\/sup>\u0645\u0631\u0647\u0645<\/b><\/span>\u00a0\u064a\u063a\u0637\u064a \u0627\u0644\u0623\u062c\u0632\u0627\u0621 \u0627\u0644\u0645\u0635\u0627\u0628\u0629 \u0628\u0634\u0643\u0644 \u0645\u062b\u0627\u0644\u064a \u0628\u064a\u0646\u0645\u0627 \u064a\u0633\u0645\u062d \u0644\u0644\u0628\u0634\u0631\u0629 \u0628\u0627\u0644\u062a\u0646\u0641\u0633. \u0642\u0648\u0627\u0645\u0647 \u0627\u0644\u0643\u0631\u064a\u0645\u064a \u0644\u0627 \u064a\u0644\u062a\u0635\u0642 \u0648\u0633\u0647\u0644 \u0627\u0644\u062a\u0637\u0628\u064a\u0642 \u0648\u0627\u0644\u062a\u0646\u0638\u064a\u0641. \u0634\u0641\u0627\u0641\u0629\u060c \u0641\u0647\u064a \u062a\u0633\u0645\u062d \u0644\u0643 \u0628\u0631\u0624\u064a\u0629 \u062a\u0637\u0648\u0631\u00a0<b><span class=\"coh-color-primary-pink\"><u>\u0627\u0644\u0637\u0641\u062d<\/u><\/span>.<\/b><\/p>\n<p><span class=\"coh-color-primary-pink\"><b>\u0628\u064a\u0628\u0627\u0646\u062b\u064a\u0646<sup>\u00ae<\/sup>\u00a0\u0645\u0631\u0647\u0645<\/b><\/span>\u060c \u064a\u0648\u0636\u0639 \u0639\u0644\u0649 \u0645\u0624\u062e\u0631\u0629 \u0627\u0644\u0637\u0641\u0644 \u0627\u0644\u0645\u062a\u0647\u064a\u062c\u0629 \u0639\u0646\u062f \u0643\u0644 \u062a\u063a\u064a\u064a\u0631:<\/p>\n<ul>\n<li>\u064a\u0647\u062f\u0626 \u0645\u0646 \u0627\u0644\u062a\u0637\u0628\u064a\u0642 \u0627\u0644\u0623\u0648\u0644<\/li>\n<li>\u064a\u062e\u0644\u0642 \u062d\u0627\u062c\u0632\u064b\u0627 \u0648\u0642\u0627\u0626\u064a\u064b\u0627 \u0636\u062f \u0627\u0644\u0627\u0639\u062a\u062f\u0627\u0621\u0627\u062a \u0627\u0644\u062e\u0627\u0631\u062c\u064a\u0629\u060c \u0645\u062b\u0644 \u0627\u0644\u0628\u0648\u0644 \u0623\u0648 \u0627\u0644\u0628\u0631\u0627\u0632 \u0623\u0648 \u0627\u0644\u0627\u062d\u062a\u0643\u0627\u0643<\/li>\n<li>\u0625\u0635\u0644\u0627\u062d\u0627\u062a \u0645\u0646 \u062e\u0644\u0627\u0644 \u062a\u0639\u0632\u064a\u0632 \u0627\u0644\u062a\u062c\u062f\u064a\u062f \u0627\u0644\u0637\u0628\u064a\u0639\u064a \u0644\u0644\u0628\u0634\u0631\u0629<\/li>\n<\/ul>\n<h3 class=\"coh-heading heading ssa-instance-0f7bb26a90dae53c469eb0f23ddac124 coh-ce-cpt_anchor_link_content-b3e39f17\">\u0641\u0648\u0627\u0626\u062f:<\/h3>\n<div class=\"coh-container ssa-component coh-component ssa-component-instance-381b1abc-88af-4437-a0d0-709bf6f4c693 coh-component-instance-381b1abc-88af-4437-a0d0-709bf6f4c693 coh-style-wysiwyg text-left text-mobile-left background-show margin-bottom-hide border-hide ssa-instance-d3646d0c318a9efac048f00d23e65391 coh-ce-cpt_wysiwyg-5af44548\" data-wow-offset=\"\" data-wow-iteration=\"\" data-wow-duration=\"s\" data-wow-delay=\"s\">\n<div class=\"coh-container WYSIWYG-container padding-none coh-container-boxed\">\n<div class=\"coh-wysiwyg wysiwyg-content\">\n<ul>\n<li>Apaise d\u00e8s la 1<sup>\u0648\u0642\u062a<\/sup>\u00a0application<\/li>\n<li>Cr\u00e9e une barri\u00e8re protectrice<\/li>\n<li>Favorise la r\u00e9paration naturelle de la peau<\/li>\n<\/ul>\n<\/div>\n<\/div>\n<\/div>\n<h2><strong>\u0646\u0635\u0627\u0626\u062d \u0627\u0644\u0645\u0633\u062a\u062e\u062f\u0645:<\/strong><\/h2>\n<ul>\n<li>Pour les fesses rouges de b\u00e9b\u00e9 : appliquer\u00a0<span class=\"coh-color-primary-pink\">\u0628\u064a\u0628\u0627\u0646\u062b\u064a\u0646<sup>\u00ae<\/sup>\u00a0\u0645\u0631\u0647\u0645<\/span>\u00a0\u00e0 chaque change d\u00e8s les premiers signes de rougeurs en massant l\u00e9g\u00e8rement les fesses de b\u00e9b\u00e9.<\/li>\n<li>Pour les irritations du mamelon : Appliquer de pr\u00e9f\u00e9rence <span class=\"coh-color-primary-pink\">\u0645\u0631\u0647\u0645<\/span>\u00a0apr\u00e8s une t\u00e9t\u00e9e et nettoyer le mamelon avec une compresse d\u2019eau ti\u00e8de avant la t\u00e9t\u00e9e suivante.<\/li>\n<li>Pour les autres irritations de la peau : Appliquer\u00a0<span class=\"coh-color-primary-pink\">\u0628\u064a\u0628\u0627\u0646\u062b\u064a\u0646<sup>\u00ae<\/sup>\u00a0\u0645\u0631\u0647\u0645<\/span>\u00a0une \u00e0 plusieurs fois par jour.<\/li>\n<\/ul>\n<h2><strong>\u0627\u0644\u062a\u0631\u0643\u064a\u0628\u0629 :<\/strong><\/h2>\n<p>\u0628\u0631\u0648\u062a\u064a\u0646<sup>\u00ae<\/sup>\u060c \u0647\u0644\u0627\u0645 \u0627\u0644\u0628\u062a\u0631\u0648\u0644\u060c \u062f\u0647\u0646 \u0627\u0644\u0635\u0648\u0641\u060c \u0634\u0645\u0639 \u0627\u0644\u0639\u0633\u0644 \u0627\u0644\u0623\u0628\u064a\u0636\u060c \u0632\u064a\u062a \u0627\u0644\u0644\u0648\u0632\u060c \u0643\u062d\u0648\u0644 \u0633\u064a\u062a\u064a\u0644\u060c \u0643\u062d\u0648\u0644 \u0633\u062a\u064a\u0627\u0631\u064a\u0644\u064a\u060c \u0628\u0627\u0631\u0627\u0641\u064a\u0646 \u0633\u0627\u0626\u0644\u060c \u0645\u0627\u0621 \u0646\u0642\u064a.<\/p>","protected":false},"excerpt":{"rendered":"<p>DESCRIPTION : La formule de\u00a0Bepanthen\u00ae\u00a0Pommade\u00a0couvre parfaitement les parties l\u00e9s\u00e9es tout en laissant respirer la peau. Sa texture onctueuse ne colle pas et est facile \u00e0 appliquer et \u00e0 nettoyer. Translucide, elle permet de voir l\u2019\u00e9volution de\u00a0l\u2019\u00e9ryth\u00e8me fessier. Bepanthen\u00ae\u00a0Pommade, appliqu\u00e9e sur les fesses irrit\u00e9es de b\u00e9b\u00e9 \u00e0 chaque change : Apaise d\u00e8s la 1\u00e8re application Cr\u00e9e [&hellip;]<\/p>\n","protected":false},"featured_media":148595,"comment_status":"open","ping_status":"closed","template":"","meta":{"_acf_changed":false},"product_brand":[1549],"product_cat":[102],"product_tag":[1199],"class_list":{"0":"post-75019","1":"product","2":"type-product","3":"status-publish","4":"has-post-thumbnail","6":"product_brand-bepanthen","7":"product_cat-soin-et-bien-etre","8":"product_tag-nourrissant-bebe","10":"first","11":"instock","12":"sale","13":"taxable","14":"shipping-taxable","15":"purchasable","16":"product-type-simple"},"acf":[],"_links":{"self":[{"href":"https:\/\/pharmacima.com\/ar\/wp-json\/wp\/v2\/product\/75019","targetHints":{"allow":["GET"]}}],"collection":[{"href":"https:\/\/pharmacima.com\/ar\/wp-json\/wp\/v2\/product"}],"about":[{"href":"https:\/\/pharmacima.com\/ar\/wp-json\/wp\/v2\/types\/product"}],"replies":[{"embeddable":true,"href":"https:\/\/pharmacima.com\/ar\/wp-json\/wp\/v2\/comments?post=75019"}],"wp:featuredmedia":[{"embeddable":true,"href":"https:\/\/pharmacima.com\/ar\/wp-json\/wp\/v2\/media\/148595"}],"wp:attachment":[{"href":"https:\/\/pharmacima.com\/ar\/wp-json\/wp\/v2\/media?parent=75019"}],"wp:term":[{"taxonomy":"product_brand","embeddable":true,"href":"https:\/\/pharmacima.com\/ar\/wp-json\/wp\/v2\/product_brand?post=75019"},{"taxonomy":"product_cat","embeddable":true,"href":"https:\/\/pharmacima.com\/ar\/wp-json\/wp\/v2\/product_cat?post=75019"},{"taxonomy":"product_tag","embeddable":true,"href":"https:\/\/pharmacima.com\/ar\/wp-json\/wp\/v2\/product_tag?post=75019"}],"curies":[{"name":"wp","href":"https:\/\/api.w.org\/{rel}","templated":true}]}}