{"id":7504,"date":"2021-04-22T12:01:57","date_gmt":"2021-04-22T11:01:57","guid":{"rendered":"https:\/\/pharmacima.dz\/?post_type=product&#038;p=7504"},"modified":"2024-10-05T20:18:07","modified_gmt":"2024-10-05T19:18:07","slug":"nicorette-4mg-105-gommes-classique","status":"publish","type":"product","link":"https:\/\/pharmacima.com\/ar\/product\/nicorette-4mg-105-gommes-classique\/","title":{"rendered":"\u0646\u064a\u0643\u0648\u0631\u064a\u062a 4 \u0645\u062c\u0645 \u0643\u0644\u0627\u0633\u064a\u0643 105 \u0639\u0644\u0643\u0629"},"content":{"rendered":"<h2><strong>\u0648\u0635\u0641 :<\/strong><\/h2>\n<p><b>\u0646\u064a\u0643\u0648\u0631\u064a\u062a 4\u0645\u062c\u0645 \u0643\u0644\u0627\u0633\u064a\u0643<\/b>\u00a0\u0647\u0648 \u062f\u0648\u0627\u0621 \u0639\u0644\u0649 \u0634\u0643\u0644 \u0639\u0644\u0643\u0629 \u062e\u0627\u0644\u064a\u0629 \u0645\u0646 \u0627\u0644\u0633\u0643\u0631<strong>.<\/strong><\/p>\n<p>\u064a\u0634\u0627\u0631 \u0625\u0644\u064a\u0647 \u0643\u062c\u0632\u0621 \u0645\u0646 \u0623\u00a0<strong>\u0627\u0644\u0639\u0644\u0627\u062c \u0627\u0644\u0645\u0636\u0627\u062f \u0644\u0644\u062a\u062f\u062e\u064a\u0646<\/strong>\u00a0\u0648\u064a\u0633\u0645\u062d \u0644\u0643 \u0628\u0630\u0644\u0643\u00a0<strong>\u062a\u062e\u0641\u064a\u0641 \u0627\u0644\u0623\u0639\u0631\u0627\u0636 \u0627\u0644\u0646\u0627\u062a\u062c\u0629 \u0639\u0646 \u0627\u0646\u0633\u062d\u0627\u0628 \u0627\u0644\u0646\u064a\u0643\u0648\u062a\u064a\u0646<\/strong>\u00a0\u0641\u064a \u0627\u0644\u0645\u062f\u062e\u0646\u064a\u0646 \u0627\u0644\u0645\u0639\u062a\u0645\u062f\u064a\u0646 \u0628\u0634\u062f\u0629.<\/p>\n<h2>\u0627\u0644\u062c\u0631\u0639\u0629 \u0648\u0637\u0631\u064a\u0642\u0629 \u0627\u0644\u0625\u0639\u0637\u0627\u0621<\/h2>\n<p>\u064a\u0633\u062a\u062e\u062f\u0645 \u0647\u0630\u0627 \u0627\u0644\u062f\u0648\u0627\u0621 \u0639\u0646 \u0637\u0631\u064a\u0642 \u0627\u0644\u0641\u0645.<\/p>\n<p>\u064a\u062c\u0628 \u0639\u0644\u064a\u0643 \u0645\u0636\u063a \u0627\u0644\u0639\u0644\u0643\u0629 \u0645\u0631\u0629 \u0648\u0627\u062d\u062f\u0629\u060c \u062b\u0645 \u0648\u0636\u0639\u0647\u0627 \u0639\u0644\u0649 \u0627\u0644\u062e\u062f \u0644\u0645\u062f\u0629 10 \u062f\u0642\u0627\u0626\u0642 \u062a\u0642\u0631\u064a\u0628\u064b\u0627: \u062a\u0635\u0628\u062d \u0627\u0644\u0639\u0644\u0643\u0629 \u0637\u0631\u064a\u0629 \u0648\u062a\u0633\u0645\u062d \u0628\u0625\u0637\u0644\u0627\u0642 \u0627\u0644\u0646\u064a\u0643\u0648\u062a\u064a\u0646 \u062a\u062f\u0631\u064a\u062c\u064a\u064b\u0627.<\/p>\n<p>\u062b\u0645 \u0642\u0645 \u0628\u0645\u0636\u063a \u0627\u0644\u0639\u0644\u0643\u0629 \u0628\u0628\u0637\u0621 \u0634\u062f\u064a\u062f \u062d\u062a\u0649 \u064a\u0643\u0648\u0646 \u0627\u0645\u062a\u0635\u0627\u0635 \u0627\u0644\u0646\u064a\u0643\u0648\u062a\u064a\u0646 \u0645\u0646 \u062e\u0644\u0627\u0644 \u0627\u0644\u0623\u063a\u0634\u064a\u0629 \u0627\u0644\u0645\u062e\u0627\u0637\u064a\u0629 \u0644\u0644\u0641\u0645 \u0647\u0648 \u0627\u0644\u0623\u0645\u062b\u0644.<\/p>\n<p>\u0645\u0646 \u0627\u0644\u0645\u0647\u0645 \u062f\u0627\u0626\u0645\u064b\u0627 \u0627\u062a\u0628\u0627\u0639 \u0627\u0644\u062c\u0631\u0639\u0629 \u0627\u0644\u0645\u0648\u0636\u062d\u0629 \u0641\u064a \u0627\u0644\u062a\u0639\u0644\u064a\u0645\u0627\u062a \u0623\u0648 \u0645\u0646 \u0642\u0628\u0644 \u0627\u0644\u0637\u0628\u064a\u0628 \u0623\u0648 \u0627\u0644\u0635\u064a\u062f\u0644\u064a.<\/p>\n<p>\u062a\u0639\u062a\u0645\u062f \u0627\u0644\u062c\u0631\u0639\u0629 \u0639\u0644\u0649 \u062f\u0631\u062c\u0629 \u0625\u062f\u0645\u0627\u0646\u0643 \u0644\u0644\u0646\u064a\u0643\u0648\u062a\u064a\u0646. \u0644\u0645\u0639\u0631\u0641\u0629 \u0627\u0644\u062c\u0631\u0639\u0629 \u0627\u0644\u0645\u0646\u0627\u0633\u0628\u0629 \u0644\u062d\u0627\u0644\u062a\u0643\u060c \u0627\u062a\u0635\u0644 \u0628\u0637\u0628\u064a\u0628\u0643.<\/p>\n<p>\u0633\u062a\u062c\u062f \u0627\u0644\u062c\u0631\u0639\u0627\u062a \u0627\u0644\u0645\u062e\u062a\u0644\u0641\u0629 \u0627\u0644\u0645\u0630\u0643\u0648\u0631\u0629 \u0641\u064a \u0627\u0644\u062a\u0639\u0644\u064a\u0645\u0627\u062a.<\/p>\n<h2><strong>\u0627\u0633\u062a\u062e\u062f\u0627\u0645 \u0627\u0644\u0645\u0634\u0648\u0631\u0629:<\/strong><\/h2>\n<p>\u0644\u0627 \u062a\u0633\u062a\u062e\u062f\u0645 \u0623\u0628\u062f\u064b\u0627 Nicorette 4mg Classic \u0625\u0630\u0627 \u0643\u0627\u0646 \u0644\u062f\u064a\u0643 \u062d\u0633\u0627\u0633\u064a\u0629 \u062a\u062c\u0627\u0647 \u0623\u064a \u0645\u0646 \u0645\u0643\u0648\u0646\u0627\u062a \u0627\u0644\u062f\u0648\u0627\u0621 \u0623\u0648 \u0625\u0630\u0627 \u0643\u0646\u062a \u0645\u062f\u062e\u0646\u064b\u0627 \u0639\u0631\u0636\u064a\u064b\u0627.<\/p>\n<p>\u062a\u062a\u0648\u0641\u0631 \u062a\u062d\u0630\u064a\u0631\u0627\u062a \u062e\u0627\u0635\u0629 \u0648\u0642\u0627\u0626\u0645\u0629 \u0628\u0627\u0644\u062a\u0623\u062b\u064a\u0631\u0627\u062a \u063a\u064a\u0631 \u0627\u0644\u0645\u0631\u063a\u0648\u0628 \u0641\u064a\u0647\u0627 \u0641\u064a \u0646\u0634\u0631\u0629 \u0627\u0644\u0639\u0628\u0648\u0629. \u0644\u0645\u0632\u064a\u062f \u0645\u0646 \u0627\u0644\u0645\u0639\u0644\u0648\u0645\u0627\u062a\u060c \u0627\u062a\u0635\u0644 \u0628\u0637\u0628\u064a\u0628\u0643 \u0623\u0648 \u0627\u0644\u0635\u064a\u062f\u0644\u064a.<\/p>\n<p>\u0623\u062e\u0628\u0631 \u0637\u0628\u064a\u0628\u0643 \u0625\u0630\u0627 \u0643\u0646\u062a \u062a\u062a\u0646\u0627\u0648\u0644 \u0623\u0648 \u062a\u0646\u0627\u0648\u0644\u062a \u0645\u0624\u062e\u0631\u064b\u0627 \u0623\u064a \u0639\u0644\u0627\u062c\u060c \u062d\u062a\u0649 \u0644\u0648 \u062a\u0645 \u0627\u0644\u062d\u0635\u0648\u0644 \u0639\u0644\u064a\u0647 \u0628\u062f\u0648\u0646 \u0648\u0635\u0641\u0629 \u0637\u0628\u064a\u0629.<\/p>\n<p>\u0623\u0646\u062a \u062d\u0627\u0645\u0644: \u0644\u0627 \u064a\u0646\u0635\u062d \u0628\u0627\u0633\u062a\u062e\u062f\u0627\u0645 \u0646\u064a\u0643\u0648\u0631\u064a\u062a 4 \u0645\u0644\u063a \u0643\u0644\u0627\u0633\u064a\u0643.<br \/>\n\u0623\u0646\u062a \u062a\u0631\u0636\u0639\u064a\u0646 \u0637\u0641\u0644\u0643 \u0631\u0636\u0627\u0639\u0629 \u0637\u0628\u064a\u0639\u064a\u0629: \u064a\u0646\u062a\u0642\u0644 \u0627\u0644\u0646\u064a\u0643\u0648\u062a\u064a\u0646 \u0625\u0644\u0649 \u062d\u0644\u064a\u0628 \u0627\u0644\u062b\u062f\u064a. \u0648\u0644\u0630\u0644\u0643\u060c \u0644\u0627 \u062a\u0633\u062a\u062e\u062f\u0645 \u0647\u0630\u0627 \u0627\u0644\u062f\u0648\u0627\u0621 \u0623\u062b\u0646\u0627\u0621 \u0627\u0644\u0631\u0636\u0627\u0639\u0629 \u0627\u0644\u0637\u0628\u064a\u0639\u064a\u0629. \u0625\u0630\u0627 \u0643\u0646\u062a \u0644\u0627 \u062a\u0631\u063a\u0628\u064a\u0646 \u0641\u064a \u0627\u0644\u0625\u0642\u0644\u0627\u0639 \u0639\u0646 \u0627\u0644\u062a\u062f\u062e\u064a\u0646\u060c \u0641\u0627\u062e\u062a\u0627\u0631\u064a \u0627\u0644\u0631\u0636\u0627\u0639\u0629 \u0627\u0644\u0637\u0628\u064a\u0639\u064a\u0629 \u0628\u062f\u0644\u0627\u064b \u0645\u0646 \u0630\u0644\u0643.<\/p>\n<h2><strong>\u062a\u0643\u064a\u064a\u0641 :<\/strong><\/h2>\n<p>105 \u0639\u0644\u0643\u0629 \u0637\u0628\u064a\u0629.<\/p>","protected":false},"excerpt":{"rendered":"<p>DESCRIPTION : Nicorette 4mg Classique\u00a0est un m\u00e9dicament sous forme de gomme \u00e0 m\u00e2cher sans sucre. Il est indiqu\u00e9 dans le cadre d\u2019un\u00a0traitement anti-tabagique\u00a0et permet de\u00a0soulager les sympt\u00f4mes dus au sevrage nicotinique\u00a0chez les fumeurs fortement d\u00e9pendants. Posologie et voie d\u2019administration Ce m\u00e9dicament est \u00e0 utiliser par voie buccale. Il convient de m\u00e2cher une premi\u00e8re fois la [&hellip;]<\/p>\n","protected":false},"featured_media":7506,"comment_status":"open","ping_status":"closed","template":"","meta":{"_acf_changed":false},"product_brand":[],"product_cat":[135],"product_tag":[],"class_list":{"0":"post-7504","1":"product","2":"type-product","3":"status-publish","4":"has-post-thumbnail","6":"product_cat-sport-_sante","8":"first","9":"outofstock","10":"sale","11":"taxable","12":"shipping-taxable","13":"purchasable","14":"product-type-simple"},"acf":[],"_links":{"self":[{"href":"https:\/\/pharmacima.com\/ar\/wp-json\/wp\/v2\/product\/7504","targetHints":{"allow":["GET"]}}],"collection":[{"href":"https:\/\/pharmacima.com\/ar\/wp-json\/wp\/v2\/product"}],"about":[{"href":"https:\/\/pharmacima.com\/ar\/wp-json\/wp\/v2\/types\/product"}],"replies":[{"embeddable":true,"href":"https:\/\/pharmacima.com\/ar\/wp-json\/wp\/v2\/comments?post=7504"}],"wp:featuredmedia":[{"embeddable":true,"href":"https:\/\/pharmacima.com\/ar\/wp-json\/wp\/v2\/media\/7506"}],"wp:attachment":[{"href":"https:\/\/pharmacima.com\/ar\/wp-json\/wp\/v2\/media?parent=7504"}],"wp:term":[{"taxonomy":"product_brand","embeddable":true,"href":"https:\/\/pharmacima.com\/ar\/wp-json\/wp\/v2\/product_brand?post=7504"},{"taxonomy":"product_cat","embeddable":true,"href":"https:\/\/pharmacima.com\/ar\/wp-json\/wp\/v2\/product_cat?post=7504"},{"taxonomy":"product_tag","embeddable":true,"href":"https:\/\/pharmacima.com\/ar\/wp-json\/wp\/v2\/product_tag?post=7504"}],"curies":[{"name":"wp","href":"https:\/\/api.w.org\/{rel}","templated":true}]}}