{"id":7586,"date":"2021-04-25T18:23:07","date_gmt":"2021-04-25T17:23:07","guid":{"rendered":"https:\/\/pharmacima.dz\/?post_type=product&#038;p=7586"},"modified":"2026-04-21T11:22:32","modified_gmt":"2026-04-21T10:22:32","slug":"nicorette-4mg-105-gommes-menthe-fraiche","status":"publish","type":"product","link":"https:\/\/pharmacima.com\/ar\/product\/nicorette-4mg-105-gommes-menthe-fraiche\/","title":{"rendered":"Gomme a macher 4mg nicotine Menthe Fraiche 105 Gommes Nicorette"},"content":{"rendered":"<h1><strong>\u0648\u0635\u0641<\/strong> :<\/h1>\n<h2><strong data-start=\"177\" data-end=\"238\">Nicorette 4 mg \u2013 Gommes \u00e0 m\u00e2cher menthe fra\u00eeche (105 pcs)<\/strong> \u0647\u0648 <strong data-start=\"246\" data-end=\"282\">substitut nicotinique sans sucre<\/strong> con\u00e7u pour aider les fumeurs \u00e0 <strong data-start=\"314\" data-end=\"383\">r\u00e9duire leurs envies de fumer et \u00e0 g\u00e9rer les sympt\u00f4mes du sevrage<\/strong> lorsqu\u2019ils arr\u00eatent le tabac.\u00a0 La gomme lib\u00e8re lentement la nicotine en \u00e9tant m\u00e2ch\u00e9e doucement, apportant un <strong data-start=\"495\" data-end=\"535\">soutien progressif et rafra\u00eechissant<\/strong> pour diminuer les envies de cigarette.<\/h2>\n<p>&nbsp;<\/p>\n<p><strong>Composition pour une gomme \u00e0 m\u00e2cher nicorette\u00a0 :<\/strong><\/p>\n<p>- \u0646\u064a\u0643\u0648\u062a\u064a\u0646 4 \u0645\u0644\u063a (\u0639\u0644\u0649 \u0634\u0643\u0644 \u0631\u0627\u062a\u0646\u062c\u0627\u062a \u0627\u0644\u0646\u064a\u0643\u0648\u062a\u064a\u0646)<\/p>\n<p>\u2013 \u0633\u0648\u0627\u063a\u0627\u062a \u0623\u062e\u0631\u0649: \u0642\u0627\u0639\u062f\u0629 \u0627\u0644\u0639\u0644\u0643\u0629\u060c \u0625\u0643\u0633\u064a\u0644\u064a\u062a\u0648\u0644\u060c \u0632\u064a\u062a \u0627\u0644\u0646\u0639\u0646\u0627\u0639 \u0627\u0644\u0639\u0637\u0631\u064a\u060c \u0643\u0631\u0628\u0648\u0646\u0627\u062a \u0627\u0644\u0635\u0648\u062f\u064a\u0648\u0645 \u0627\u0644\u0644\u0627\u0645\u0627\u0626\u064a\u0629\u060c \u0623\u0633\u064a\u0633\u0648\u0644\u0641\u0627\u0645 \u0627\u0644\u0628\u0648\u062a\u0627\u0633\u064a\u0648\u0645\u060c \u0644\u064a\u0641\u0648\u0645\u0646\u062b\u0648\u0644\u060c \u0623\u0643\u0633\u064a\u062f \u0627\u0644\u0645\u063a\u0646\u064a\u0633\u064a\u0648\u0645 \u0627\u0644\u062e\u0641\u064a\u0641\u060c \u0628\u062d\u064a\u0631\u0629 \u0627\u0644\u0623\u0644\u0648\u0645\u0646\u064a\u0648\u0645 \u0627\u0644\u0635\u0641\u0631\u0627\u0621 \u0627\u0644\u0643\u064a\u0646\u0648\u0644\u064a\u0646 (E104).<\/p>\n<p>\u2013 \u0627\u0644\u0637\u0644\u0627\u0621 \u0627\u0644\u0641\u0631\u0639\u064a: \u0646\u0643\u0647\u0629 \u062a\u0648\u062a\u064a \u0641\u0631\u0648\u062a\u064a\u060c \u0647\u064a\u0628\u0631\u0648\u0645\u064a\u0644\u0648\u0632\u060c \u0633\u0643\u0631\u0627\u0644\u0648\u0632\u060c \u0628\u0648\u0644\u064a\u0633\u0648\u0631\u0628\u0627\u062a 80<\/p>\n<p>\u2013 \u0627\u0644\u063a\u0644\u0627\u0641: \u0632\u064a\u0644\u064a\u062a\u0648\u0644\u060c \u0635\u0645\u063a \u0639\u0631\u0628\u064a\u060c \u062b\u0627\u0646\u064a \u0623\u0643\u0633\u064a\u062f \u0627\u0644\u062a\u064a\u062a\u0627\u0646\u064a\u0648\u0645 (E171)\u060c \u0646\u0643\u0647\u0629 \u062a\u0648\u062a\u064a \u0641\u0631\u0648\u062a\u064a\u060c \u0634\u0645\u0639 \u0643\u0631\u0646\u0648\u0628\u0627\u060c \u0628\u062d\u064a\u0631\u0629 \u0627\u0644\u0623\u0644\u0648\u0645\u0646\u064a\u0648\u0645 \u0627\u0644\u0635\u0641\u0631\u0627\u0621 \u0627\u0644\u0643\u064a\u0646\u0648\u0644\u064a\u0646 (E104).<\/p>\n<p><strong>\u0627\u0644\u062c\u0631\u0639\u0629 \u0648\u0637\u0631\u064a\u0642\u0629 \u0627\u0644\u0625\u0639\u0637\u0627\u0621:<\/strong><\/p>\n<p>\u0645\u062d\u0641\u0648\u0638\u0629 \u0644\u0644\u0628\u0627\u0644\u063a\u064a\u0646 (\u0645\u0646 15 \u0633\u0646\u0629).<\/p>\n<p>\u0625\u0646 \u0645\u0636\u063a \u0627\u0644\u0639\u0644\u0643\u0629 \u0628\u062c\u0631\u0639\u0629 4 \u0645\u0644\u063a \u0645\u0646\u0627\u0633\u0628 \u0628\u0634\u0643\u0644 \u062e\u0627\u0635 \u0644\u0644\u0645\u062f\u062e\u0646\u064a\u0646 \u0627\u0644\u0630\u064a\u0646 \u064a\u0639\u062a\u0645\u062f\u0648\u0646 \u0628\u0634\u0643\u0644 \u0643\u0628\u064a\u0631 \u0623\u0648 \u0643\u0628\u064a\u0631 \u062c\u062f\u064b\u0627 \u0639\u0644\u0649 \u0627\u0644\u0646\u064a\u0643\u0648\u062a\u064a\u0646 (\u062f\u0631\u062c\u0629 \u0627\u062e\u062a\u0628\u0627\u0631 \u0641\u0627\u062c\u0631\u0633\u062a\u0631\u0648\u0645 \u0645\u0646 7 \u0625\u0644\u0649 10 \u0623\u0648 \u064a\u062f\u062e\u0646\u0648\u0646 \u0623\u0643\u062b\u0631 \u0645\u0646 20 \u0633\u064a\u062c\u0627\u0631\u0629 \u064a\u0648\u0645\u064a\u064b\u0627).<\/p>\n<p>\u0644\u0627 \u062a\u062a\u062c\u0627\u0648\u0632 15 \u0639\u0644\u0643\u0629 \u0628\u0645\u0639\u062f\u0644 4 \u0645\u0644\u063a \u064a\u0648\u0645\u064a\u064b\u0627.<\/p>\n<p>\u0644\u0627 \u064a\u0646\u0635\u062d \u0628\u0627\u0633\u062a\u062e\u062f\u0627\u0645 \u0639\u0644\u0643\u0629 \u0646\u064a\u0643\u0648\u0631\u064a\u062a \u0644\u0623\u0643\u062b\u0631 \u0645\u0646 12 \u0634\u0647\u0631\u064b\u0627.<\/p>\n<p>\u0628\u0634\u0643\u0644 \u0639\u0627\u0645\u060c \u064a\u062a\u0631\u0627\u0648\u062d \u0639\u062f\u062f \u0627\u0644\u0639\u0644\u0643\u0629 \u0628\u064a\u0646 8 \u064812 \u0639\u0644\u0643\u0629 \u064a\u0648\u0645\u064a\u064b\u0627 \u062e\u0644\u0627\u0644 \u0645\u0631\u062d\u0644\u0629 \u0645\u062f\u062a\u0647\u0627 3 \u0623\u0634\u0647\u0631\u060c \u062b\u0645 1 \u0625\u0644\u0649 2 \u0639\u0644\u0643\u0629 \u064a\u0648\u0645\u064a\u064b\u0627.<\/p>\n<p><strong>\u0627\u0644\u0634\u0643\u0644 \u0627\u0644\u0635\u064a\u062f\u0644\u0627\u0646\u064a :<\/strong><\/p>\n<p>\u0645\u0636\u063a \u0627\u0644\u0639\u0644\u0643\u0629 (\u0628\u0628\u0637\u0621).<\/p>\n<p><strong>\u0645\u0648\u0627\u0646\u0639 \u0627\u0644\u0627\u0633\u062a\u0639\u0645\u0627\u0644:<\/strong><\/p>\n<p>\u2013 \u0625\u0630\u0627 \u0643\u0646\u062a \u063a\u064a\u0631 \u0645\u062f\u062e\u0646 \u0623\u0648 \u0645\u062f\u062e\u0646 \u0639\u0631\u0636\u064a.<\/p>\n<p>\u2013 \u0641\u064a \u062d\u0627\u0644\u0629 \u0627\u0644\u062d\u0633\u0627\u0633\u064a\u0629 \u062a\u062c\u0627\u0647 \u0623\u062d\u062f \u0645\u0643\u0648\u0646\u0627\u062a \u0627\u0644\u062f\u0648\u0627\u0621 (\u0623\u0646\u0638\u0631 \u0627\u0644\u062a\u0639\u0644\u064a\u0645\u0627\u062a).<\/p>\n<p><strong>\u062a\u0643\u064a\u064a\u0641 :<\/strong><\/p>\n<p>105 \u0639\u0644\u0643\u0629 \u0637\u0628\u064a\u0629.<\/p>","protected":false},"excerpt":{"rendered":"<p><b>\u0627\u0644\u0637\u0639\u0645 \u2013 \u0627\u0644\u0639\u0637\u0631 <\/b>: 4 \u0645\u062c\u0645 105 \u0639\u0644\u0643\u0629 \u0646\u0639\u0646\u0627\u0639<\/p>","protected":false},"featured_media":150042,"comment_status":"open","ping_status":"closed","template":"","meta":{"_acf_changed":false},"product_brand":[1548],"product_cat":[135],"product_tag":[],"class_list":{"0":"post-7586","1":"product","2":"type-product","3":"status-publish","4":"has-post-thumbnail","6":"product_brand-nicorette","7":"product_cat-sport-_sante","9":"first","10":"outofstock","11":"taxable","12":"shipping-taxable","13":"purchasable","14":"product-type-simple"},"acf":[],"_links":{"self":[{"href":"https:\/\/pharmacima.com\/ar\/wp-json\/wp\/v2\/product\/7586","targetHints":{"allow":["GET"]}}],"collection":[{"href":"https:\/\/pharmacima.com\/ar\/wp-json\/wp\/v2\/product"}],"about":[{"href":"https:\/\/pharmacima.com\/ar\/wp-json\/wp\/v2\/types\/product"}],"replies":[{"embeddable":true,"href":"https:\/\/pharmacima.com\/ar\/wp-json\/wp\/v2\/comments?post=7586"}],"wp:featuredmedia":[{"embeddable":true,"href":"https:\/\/pharmacima.com\/ar\/wp-json\/wp\/v2\/media\/150042"}],"wp:attachment":[{"href":"https:\/\/pharmacima.com\/ar\/wp-json\/wp\/v2\/media?parent=7586"}],"wp:term":[{"taxonomy":"product_brand","embeddable":true,"href":"https:\/\/pharmacima.com\/ar\/wp-json\/wp\/v2\/product_brand?post=7586"},{"taxonomy":"product_cat","embeddable":true,"href":"https:\/\/pharmacima.com\/ar\/wp-json\/wp\/v2\/product_cat?post=7586"},{"taxonomy":"product_tag","embeddable":true,"href":"https:\/\/pharmacima.com\/ar\/wp-json\/wp\/v2\/product_tag?post=7586"}],"curies":[{"name":"wp","href":"https:\/\/api.w.org\/{rel}","templated":true}]}}