{"id":7890,"date":"2021-05-11T19:34:14","date_gmt":"2021-05-11T18:34:14","guid":{"rendered":"https:\/\/pharmacima.dz\/?post_type=product&#038;p=7890"},"modified":"2026-02-23T00:02:01","modified_gmt":"2026-02-22T23:02:01","slug":"minoxidil-5-anti-chute-bailleul","status":"publish","type":"product","link":"https:\/\/pharmacima.com\/ar\/product\/minoxidil-5-anti-chute-bailleul\/","title":{"rendered":"Minoxidil 5% Anti chute Bailleul"},"content":{"rendered":"<h1 class=\"product-title\"><strong>\u0648\u0635\u0641 :<\/strong><\/h1>\n<div>\n<h2><strong>\u0628\u0627\u064a\u0644\u0648\u0644 \u0645\u064a\u0646\u0648\u0643\u0633\u064a\u062f\u064a\u0644 5% <\/strong>\u0627\u0644\u062d\u0644 \u0644\u062a\u0637\u0628\u064a\u0642 \u0627\u0644\u062c\u0644\u062f<br \/>\n\u062f\u0648\u0627\u0621 \u0644\u062a\u0633\u0627\u0642\u0637 \u0627\u0644\u0634\u0639\u0631<br \/>\n\u064a\u062d\u0641\u0632 \u0646\u0645\u0648 \u0627\u0644\u062e\u0644\u0627\u064a\u0627 \u0627\u0644\u0643\u064a\u0631\u0627\u062a\u064a\u0646\u064a\u0629<br \/>\n\u0645\u062d\u0644\u0648\u0644 \u064a\u0648\u0636\u0639 \u0639\u0644\u0649 \u0627\u0644\u062c\u0644\u062f \u0639\u0644\u0649 \u0641\u0631\u0648\u0629 \u0627\u0644\u0631\u0623\u0633<\/h2>\n<p>\u0628\u0627\u064a\u0644\u0648\u0644 \u0645\u064a\u0646\u0648\u0643\u0633\u064a\u062f\u064a\u0644 5% \u0647\u0648 \u062f\u0648\u0627\u0621 \u0645\u062d\u062f\u062f \u0644\u062a\u0633\u0627\u0642\u0637 \u0627\u0644\u0634\u0639\u0631 \u0627\u0644\u0645\u0639\u062a\u062f\u0644 (\u0627\u0644\u062b\u0639\u0644\u0628\u0629 \u0627\u0644\u0623\u0646\u062f\u0631\u0648\u062c\u064a\u0646\u064a\u0629) \u0644\u062f\u0649 \u0627\u0644\u0631\u062c\u0627\u0644. \u064a\u0639\u0632\u0632 \u0646\u0645\u0648 \u0627\u0644\u0634\u0639\u0631 \u0648\u064a\u0628\u0637\u0626 \u062a\u0633\u0627\u0642\u0637 \u0627\u0644\u0634\u0639\u0631 \u0641\u064a \u0645\u0646\u0627\u0637\u0642 \u0627\u0644\u0635\u0644\u0639.<\/p>\n<p>\u0627\u0644\u00a0<strong>\u064a\u0648\u0635\u0649 \u0628\u0627\u0633\u062a\u062e\u062f\u0627\u0645 \u0645\u064a\u0646\u0648\u0643\u0633\u064a\u0644 5% \u0644\u0644\u0631\u062c\u0627\u0644<\/strong>\u00a0\u0644\u0648\u0642\u0641 \u062a\u0633\u0627\u0642\u0637 \u0627\u0644\u0634\u0639\u0631. \u0639\u0646\u062f \u0627\u0644\u0646\u0633\u0627\u0621\u060c \u0646\u0648\u0635\u064a \u0628\u0627\u0633\u062a\u062e\u062f\u0627\u0645 \u062c\u0631\u0639\u0629 \u0623\u0642\u0644 \u0644\u062a\u062c\u0646\u0628 \u0623\u064a \u062e\u0637\u0631 \u0644\u0641\u0631\u0637 \u0627\u0644\u0634\u0639\u0631: Bailleul Minoxydil 2%<br \/>\n\u0647\u0630\u0627 \u0627\u0644\u062f\u0648\u0627\u0621 \u0627\u0644\u062c\u0644\u062f\u064a \u0627\u0644\u0645\u0639\u062a\u0645\u062f \u0639\u0644\u0649 \u0627\u0644\u0645\u064a\u0646\u0648\u0643\u0633\u064a\u062f\u064a\u0644 \u0628\u062c\u0631\u0639\u0629 5% \u0645\u062a\u0648\u0641\u0631 \u0644\u0644\u062e\u062f\u0645\u0629 \u0627\u0644\u0630\u0627\u062a\u064a\u0629 \u0641\u064a \u0627\u0644\u0635\u064a\u062f\u0644\u064a\u0627\u062a.\u0625\u0630\u0627 \u0643\u0646\u062a \u0641\u064a \u0634\u0643\u060c \u0641\u0644\u0627 \u062a\u062a\u0631\u062f\u062f \u0641\u064a \u0627\u0644\u0627\u062a\u0635\u0627\u0644 \u0628\u0646\u0627 \u0623\u0648 \u0637\u0644\u0628 \u0627\u0644\u0645\u0634\u0648\u0631\u0629 \u0645\u0646 \u0635\u064a\u062f\u0644\u064a \u0623\u0648 \u0637\u0628\u064a\u0628 \u0623\u0645\u0631\u0627\u0636 \u062c\u0644\u062f\u064a\u0629.<\/p>\n<p>\u062a\u0628\u062f\u0623 \u0627\u0644\u0646\u062a\u0627\u0626\u062c \u0627\u0644\u0623\u0648\u0644\u0649 \u0628\u0627\u0644\u0638\u0647\u0648\u0631 \u0628\u0639\u062f 2 \u0625\u0644\u0649 4 \u0623\u0634\u0647\u0631 \u0645\u0646 \u0627\u0644\u0627\u0633\u062a\u062e\u062f\u0627\u0645 \u0627\u0644\u064a\u0648\u0645\u064a.<br \/>\n\u0639\u0644\u0627\u062c \u0627\u0644\u062b\u0639\u0644\u0628\u0629 \u0627\u0644\u0627\u0646\u062f\u0631\u0648\u062c\u064a\u0646\u064a\u0629 \u0639\u0646\u062f \u0627\u0644\u0631\u062c\u0627\u0644<br \/>\n<strong>\u064a\u062d\u0627\u0641\u0638 \u0639\u0644\u0649 \u0645\u0631\u062d\u0644\u0629 anagen \u0627\u0644\u0634\u0639\u0631\u060c \u0645\u0631\u062d\u0644\u0629 \u0627\u0644\u0646\u0645\u0648<\/strong><\/p>\n<\/div>\n<div>\n<div class=\"desc-longue\">\n<h2><span style=\"color: #315bb0;\">\u0645\u0642\u062a\u0637\u0641 \u0645\u0646 \u062a\u0639\u0644\u064a\u0645\u0627\u062a \u0645\u064a\u0646\u0648\u0643\u0633\u064a\u062f\u064a\u0644 5%<\/span><\/h2>\n<h3>\u0645\u0624\u0634\u0631\u0627\u062a \u0645\u064a\u0646\u0648\u0643\u0633\u064a\u062f\u064a\u0644 5% \u0628\u0627\u064a\u0648\u0644<\/h3>\n<p>\u064a\u0633\u062a\u062e\u062f\u0645 \u0647\u0630\u0627 \u0627\u0644\u062f\u0648\u0627\u0621 \u0641\u064a \u062d\u0627\u0644\u0627\u062a \u062a\u0633\u0627\u0642\u0637 \u0627\u0644\u0634\u0639\u0631 \u0627\u0644\u0645\u0639\u062a\u062f\u0644 \u0648\u0627\u0644\u062b\u0639\u0644\u0628\u0629 \u0627\u0644\u0623\u0646\u062f\u0631\u0648\u062c\u064a\u0646\u064a\u0629 \u0639\u0646\u062f \u0627\u0644\u0630\u0643\u0648\u0631.<\/p>\n<h3>\u062c\u0631\u0639\u0629 \u0645\u064a\u0646\u0648\u0643\u0633\u064a\u062f\u064a\u0644 5% \u0628\u0627\u064a\u0648\u0644<\/h3>\n<p>\u062a\u0648\u0636\u0639 \u062c\u0631\u0639\u0629 1 \u0645\u0644 \u0645\u0631\u062a\u064a\u0646 \u064a\u0648\u0645\u064a\u0627\u064b \u0639\u0644\u0649 \u0641\u0631\u0648\u0629 \u0627\u0644\u0631\u0623\u0633\u060c \u0628\u062f\u0621\u0627\u064b \u0645\u0646 \u0645\u0646\u062a\u0635\u0641 \u0627\u0644\u0645\u0646\u0637\u0642\u0629 \u0627\u0644\u0645\u0631\u0627\u062f \u0639\u0644\u0627\u062c\u0647\u0627. \u0648\u064a\u062c\u0628 \u0627\u062d\u062a\u0631\u0627\u0645 \u0647\u0630\u0647 \u0627\u0644\u062c\u0631\u0639\u0629 \u0628\u063a\u0636 \u0627\u0644\u0646\u0638\u0631 \u0639\u0646 \u0645\u062f\u0649 \u0627\u0644\u0645\u0646\u0637\u0642\u0629 \u0627\u0644\u0645\u0639\u0646\u064a\u0629. \u064a\u062c\u0628 \u0623\u0644\u0627 \u062a\u062a\u062c\u0627\u0648\u0632 \u0627\u0644\u062c\u0631\u0639\u0629 \u0627\u0644\u064a\u0648\u0645\u064a\u0629 \u0627\u0644\u0625\u062c\u0645\u0627\u0644\u064a\u0629 2 \u0645\u0644.<\/p>\n<p>\u0642\u0645 \u0628\u062a\u0648\u0632\u064a\u0639 \u0627\u0644\u0645\u0646\u062a\u062c \u0628\u0623\u0637\u0631\u0627\u0641 \u0623\u0635\u0627\u0628\u0639\u0643 \u0644\u062a\u063a\u0637\u064a\u0629 \u0627\u0644\u0645\u0646\u0637\u0642\u0629 \u0627\u0644\u0645\u0631\u0627\u062f \u0639\u0644\u0627\u062c\u0647\u0627 \u0628\u0627\u0644\u0643\u0627\u0645\u0644. \u0628\u0639\u062f \u062a\u0637\u0628\u064a\u0642 \u0627\u0644\u062d\u0644\u060c \u0627\u063a\u0633\u0644 \u064a\u062f\u064a\u0643 \u062c\u064a\u062f\u0627.<\/p>\n<p>\u0644\u0627 \u062a\u0636\u0639 \u0627\u0644\u0645\u0646\u062a\u062c \u0639\u0644\u0649 \u0623\u064a \u062c\u0632\u0621 \u0622\u062e\u0631 \u0645\u0646 \u0627\u0644\u062c\u0633\u0645.<\/p>\n<p>\u064a\u062c\u0628 \u062a\u0637\u0628\u064a\u0642 \u0627\u0644\u0645\u064a\u0646\u0648\u0643\u0633\u064a\u062f\u064a\u0644 5% \u0639\u0644\u0649 \u0627\u0644\u0634\u0639\u0631 \u0648\u0641\u0631\u0648\u0629 \u0627\u0644\u0631\u0623\u0633 \u0627\u0644\u062c\u0627\u0641\u0629 \u062a\u0645\u0627\u0645\u064b\u0627.<\/p>\n<p>\u0642\u062f \u064a\u0643\u0648\u0646 \u0627\u0644\u0639\u0644\u0627\u062c \u0627\u0644\u0630\u064a \u064a\u0633\u062a\u0645\u0631 \u0644\u0645\u062f\u0629 \u0634\u0647\u0631\u064a\u0646 \u0628\u0645\u0639\u062f\u0644 \u062a\u0637\u0628\u064a\u0642\u064a\u0646 \u064a\u0648\u0645\u064a\u064b\u0627 \u0636\u0631\u0648\u0631\u064a\u064b\u0627 \u0642\u0628\u0644 \u0638\u0647\u0648\u0631 \u062a\u062d\u0641\u064a\u0632 \u0646\u0645\u0648 \u0627\u0644\u0634\u0639\u0631. \u0628\u062f\u0627\u064a\u0629 \u0648\u062f\u0631\u062c\u0629 \u0627\u0644\u0627\u0633\u062a\u062c\u0627\u0628\u0629 \u062a\u062e\u062a\u0644\u0641 \u0628\u064a\u0646 \u0627\u0644\u0645\u0648\u0627\u0636\u064a\u0639.<\/p>\n<p>\u0644\u0627 \u062a\u062a\u0648\u0642\u0641 \u0627\u0644\u062a\u0637\u0628\u064a\u0642\u0627\u062a \u062a\u062d\u062a \u062e\u0637\u0631 \u0627\u0644\u0639\u0648\u062f\u0629 \u0625\u0644\u0649 \u0627\u0644\u062d\u0627\u0644\u0629 \u0627\u0644\u0633\u0627\u0628\u0642\u0629 \u0628\u0639\u062f \u0641\u062a\u0631\u0629 3 \u0623\u0648 4 \u0623\u0634\u0647\u0631.<\/p>\n<h2>\u0627\u0633\u062a\u062e\u062f\u0627\u0645 \u0627\u0644\u0645\u0634\u0648\u0631\u0629:<\/h2>\n<p>\u062a\u062e\u062a\u0644\u0641 \u0637\u0631\u064a\u0642\u0629 \u0627\u0644\u062a\u0637\u0628\u064a\u0642 \u062d\u0633\u0628 \u0646\u0638\u0627\u0645 \u0627\u0644\u062a\u0648\u0635\u064a\u0644 \u0627\u0644\u0645\u0633\u062a\u062e\u062f\u0645 \u0645\u0639 \u0627\u0644\u0632\u062c\u0627\u062c\u0629 \u0627\u0644\u0645\u0642\u062f\u0645\u0629 \u0645\u0646 \u0645\u062e\u062a\u0628\u0631 Bailleul\u060c \u0648\u0641\u064a \u062c\u0645\u064a\u0639 \u0627\u0644\u062d\u0627\u0644\u0627\u062a \u0645\u0646 \u0627\u0644\u0645\u0647\u0645 \u0639\u062f\u0645 \u0627\u0633\u062a\u0646\u0634\u0627\u0642 \u0627\u0644\u0645\u0646\u062a\u062c.<\/p>\n<p>\u0645\u064a\u0646\u0648\u0643\u0633\u064a\u062f\u064a\u0644 5% \u0645\u0639 \u0628\u062e\u0627\u062e \u0639\u0644\u0649 \u0634\u0643\u0644 \u0631\u0630\u0627\u0630: \u0647\u0630\u0627 \u0627\u0644\u0646\u0638\u0627\u0645 \u0645\u0646\u0627\u0633\u0628 \u0644\u0644\u062a\u0637\u0628\u064a\u0642 \u0639\u0644\u0649 \u0627\u0644\u0623\u0633\u0637\u062d \u0627\u0644\u0643\u0628\u064a\u0631\u0629.<\/p>\n<p>1. \u0642\u0645 \u0628\u0625\u0632\u0627\u0644\u0629 \u063a\u0637\u0627\u0621 \u0627\u0644\u0632\u062c\u0627\u062c\u0629.<br \/>\n2. \u0642\u0645 \u0628\u062a\u0648\u062c\u064a\u0647 \u0627\u0644\u0645\u0636\u062e\u0629 \u0646\u062d\u0648 \u0645\u0646\u062a\u0635\u0641 \u0627\u0644\u0633\u0637\u062d \u0627\u0644\u0645\u0631\u0627\u062f \u0645\u0639\u0627\u0644\u062c\u062a\u0647\u060c \u0648\u0642\u0645 \u0628\u062a\u0646\u0634\u064a\u0637\u0647\u0627 \u0645\u0631\u0629 \u0648\u0627\u062d\u062f\u0629 \u062b\u0645 \u0642\u0645 \u0628\u062a\u0648\u0632\u064a\u0639 \u0627\u0644\u0645\u0646\u062a\u062c \u0628\u0623\u0637\u0631\u0627\u0641 \u0623\u0635\u0627\u0628\u0639\u0643 \u0644\u062a\u063a\u0637\u064a\u0629 \u0627\u0644\u0645\u0646\u0637\u0642\u0629 \u0627\u0644\u0645\u0631\u0627\u062f \u0645\u0639\u0627\u0644\u062c\u062a\u0647\u0627 \u0628\u0627\u0644\u0643\u0627\u0645\u0644. \u0643\u0631\u0631 \u0627\u0644\u0639\u0645\u0644\u064a\u0629 6 \u0645\u0631\u0627\u062a \u0644\u062a\u0637\u0628\u064a\u0642 \u062c\u0631\u0639\u0629 \u0642\u062f\u0631\u0647\u0627 1 \u0645\u0644 (\u0623\u064a 7 \u0628\u062e\u0627\u062a \u0641\u064a \u0627\u0644\u0645\u062c\u0645\u0648\u0639).<br \/>\n3. \u0627\u0634\u0637\u0641 \u0627\u0644\u0628\u062e\u0627\u062e \u0648\u0623\u0639\u062f \u063a\u0637\u0627\u0621 \u0627\u0644\u0632\u062c\u0627\u062c\u0629 \u0628\u0639\u062f \u0643\u0644 \u0627\u0633\u062a\u062e\u062f\u0627\u0645.<\/p>\n<p>\u0642\u0645 \u0628\u062a\u0637\u0628\u064a\u0642 \u0645\u064a\u0646\u0648\u0643\u0633\u064a\u062f\u064a\u0644 5% \u0628\u0627\u0633\u062a\u062e\u062f\u0627\u0645 \u0627\u0644\u0628\u062e\u0627\u062e \u0627\u0644\u0645\u0632\u0648\u062f \u0628\u0623\u062f\u0627\u0629 \u062a\u0637\u0628\u064a\u0642: \u0647\u0630\u0627 \u0627\u0644\u0646\u0638\u0627\u0645 \u0645\u0646\u0627\u0633\u0628 \u0644\u0644\u062a\u0637\u0628\u064a\u0642 \u0639\u0644\u0649 \u0627\u0644\u0645\u0646\u0627\u0637\u0642 \u0627\u0644\u0635\u063a\u064a\u0631\u0629 \u0623\u0648 \u062a\u062d\u062a \u0627\u0644\u0634\u0639\u0631.<\/p>\n<p>1. \u0642\u0645 \u0628\u0625\u0632\u0627\u0644\u0629 \u063a\u0637\u0627\u0621 \u0627\u0644\u0632\u062c\u0627\u062c\u0629.<br \/>\n2. \u0642\u0645 \u0628\u0625\u0632\u0627\u0644\u0629 \u0627\u0644\u0639\u0646\u0635\u0631 \u0627\u0644\u0639\u0644\u0648\u064a \u0645\u0646 \u0627\u0644\u0645\u0636\u062e\u0629. \u0642\u0645 \u0628\u062a\u0639\u062f\u064a\u0644 \u0623\u062f\u0627\u0629 \u0627\u0644\u062a\u0637\u0628\u064a\u0642 \u0648\u0627\u0636\u063a\u0637 \u0628\u0642\u0648\u0629.<br \/>\n3. \u0642\u0645 \u0628\u062a\u0648\u062c\u064a\u0647 \u0627\u0644\u0645\u0636\u062e\u0629 \u0646\u062d\u0648 \u0645\u0646\u062a\u0635\u0641 \u0627\u0644\u0633\u0637\u062d \u0627\u0644\u0645\u0631\u0627\u062f \u0645\u0639\u0627\u0644\u062c\u062a\u0647\u060c \u0648\u0642\u0645 \u0628\u062a\u0646\u0634\u064a\u0637\u0647\u0627 \u0645\u0631\u0629 \u0648\u0627\u062d\u062f\u0629 \u062b\u0645 \u0642\u0645 \u0628\u062a\u0648\u0632\u064a\u0639 \u0627\u0644\u0645\u0646\u062a\u062c \u0628\u0623\u0637\u0631\u0627\u0641 \u0623\u0635\u0627\u0628\u0639\u0643 \u0644\u062a\u063a\u0637\u064a\u0629 \u0627\u0644\u0645\u0646\u0637\u0642\u0629 \u0627\u0644\u0645\u0631\u0627\u062f \u0645\u0639\u0627\u0644\u062c\u062a\u0647\u0627 \u0628\u0627\u0644\u0643\u0627\u0645\u0644. \u0643\u0631\u0631 \u0627\u0644\u0639\u0645\u0644\u064a\u0629 6 \u0645\u0631\u0627\u062a \u0644\u062a\u0637\u0628\u064a\u0642 \u062c\u0631\u0639\u0629 \u0642\u062f\u0631\u0647\u0627 1 \u0645\u0644 (\u0623\u064a 7 \u0628\u062e\u0627\u062a \u0641\u064a \u0627\u0644\u0645\u062c\u0645\u0648\u0639).<br \/>\n4. \u0627\u0634\u0637\u0641 \u0623\u062f\u0627\u0629 \u0627\u0644\u062a\u0637\u0628\u064a\u0642 \u0648\u0623\u0639\u062f \u0627\u0644\u063a\u0637\u0627\u0621 \u0627\u0644\u0645\u0648\u062c\u0648\u062f \u0639\u0644\u0649 \u0627\u0644\u0632\u062c\u0627\u062c\u0629 \u0628\u0639\u062f \u0643\u0644 \u0627\u0633\u062a\u062e\u062f\u0627\u0645.<\/p>\n<p><u>\u0627\u0644\u0639\u0631\u0636 \u0627\u0644\u062a\u0642\u062f\u064a\u0645\u064a \u0627\u0644\u0630\u064a \u062a\u0642\u062f\u0645\u0647 \u0627\u0644\u0635\u064a\u062f\u0644\u064a\u0629 \u0627\u0644\u062e\u0627\u0635\u0629 \u0628\u0643 \u0639\u0644\u0649 \u0627\u0644\u0625\u0646\u062a\u0631\u0646\u062a<\/u>: \u0645\u064a\u0646\u0648\u0643\u0633\u064a\u062f\u064a\u0644 5% \u0628\u0627\u064a\u0644\u0648\u0644 3 \u0642\u0648\u0627\u0631\u064a\u0631 \u0633\u0639\u0629 60 \u0645\u0644<\/p>\n<hr \/>\n<h2><i class=\"fa fa-fw fa-user-md\"><\/i>\u00a0<span style=\"color: #0266f2;\"><strong>\u0646\u0635\u064a\u062d\u0629 \u0627\u0644\u0635\u064a\u062f\u0644\u064a \u0628\u0634\u0623\u0646 \u0645\u064a\u0646\u0648\u0643\u0633\u064a\u062f\u064a\u0644 5%<\/strong><\/span><\/h2>\n<h3>\u0643\u064a\u0641\u064a\u0629 \u0627\u0633\u062a\u062e\u062f\u0627\u0645 \u0645\u064a\u0646\u0648\u0643\u0633\u064a\u062f\u064a\u0644 \u0628\u0627\u064a\u0644\u0648\u0644 5%\u061f<\/h3>\n<p>\u0628\u0627\u0644\u0646\u0633\u0628\u0629 \u0644\u0644\u0631\u062c\u0627\u0644 \u0627\u0644\u0628\u0627\u0644\u063a\u064a\u0646 \u0627\u0644\u0630\u064a\u0646 \u062a\u0632\u064a\u062f \u0623\u0639\u0645\u0627\u0631\u0647\u0645 \u0639\u0646 18 \u0639\u0627\u0645\u064b\u0627 \u0648\u0623\u0642\u0644 \u0645\u0646 65 \u0639\u0627\u0645\u064b\u0627\u060c \u0639\u0644\u0649 \u0627\u0644\u0634\u0639\u0631 \u0627\u0644\u062c\u0627\u0641 \u062a\u0645\u0627\u0645\u064b\u0627\u060c \u0636\u0639 1 \u0645\u0644 \u0645\u0646 \u0645\u062d\u0644\u0648\u0644 \u0645\u064a\u0646\u0648\u0643\u0633\u064a\u062f\u064a\u0644 5% \u0645\u0646 \u0627\u0644\u0645\u0631\u0643\u0632 \u0625\u0644\u0649 \u062d\u0627\u0641\u0629 \u0627\u0644\u0645\u0646\u0637\u0642\u0629 \u0627\u0644\u0645\u0631\u0627\u062f \u0639\u0644\u0627\u062c\u0647\u0627. \u064a\u062a\u0645 \u062a\u0646\u0641\u064a\u0630 \u0647\u0630\u0627 \u0627\u0644\u062a\u0637\u0628\u064a\u0642 \u0635\u0628\u0627\u062d\u064b\u0627 \u0648\u0645\u0633\u0627\u0621\u064b\u0627\u060c \u0648\u0644\u0627 \u062a\u062a\u062c\u0627\u0648\u0632 \u062c\u0631\u0639\u0629 1 \u0645\u0644\u060c \u0645\u0647\u0645\u0627 \u0643\u0627\u0646 \u0627\u0644\u0633\u0637\u062d \u0627\u0644\u0645\u0631\u0627\u062f \u0645\u0639\u0627\u0644\u062c\u062a\u0647. \u0627\u063a\u0633\u0644 \u064a\u062f\u064a\u0643 \u062c\u064a\u062f\u064b\u0627 \u0628\u0639\u062f \u0627\u0644\u0627\u0633\u062a\u062e\u062f\u0627\u0645.<\/p>\n<p>\u064a\u062a\u0645 \u062a\u062d\u0641\u064a\u0632 \u0646\u0645\u0648 \u0627\u0644\u0634\u0639\u0631 \u0628\u0634\u0643\u0644 \u0639\u0627\u0645 \u0628\u0639\u062f \u0634\u0647\u0631\u064a\u0646 \u0645\u0646 \u0627\u0644\u0639\u0644\u0627\u062c\u060c \u0645\u0639 \u062a\u0637\u0628\u064a\u0642\u064a\u0646 \u0641\u064a \u0627\u0644\u064a\u0648\u0645. \u064a\u062e\u062a\u0644\u0641 \u0638\u0647\u0648\u0631 \u0648\u062f\u0631\u062c\u0629 \u0627\u0644\u0627\u0633\u062a\u062c\u0627\u0628\u0629 \u0644\u0644\u0645\u0646\u062a\u062c \u0628\u064a\u0646 \u0627\u0644\u0623\u0641\u0631\u0627\u062f.<\/p>\n<p><u>\u0627\u062d\u062a\u064a\u0627\u0637\u0627\u062a \u0627\u0644\u0639\u0645\u0644<\/u>\u00a0: \u0636\u0639\u064a \u0627\u0644\u0645\u064a\u0646\u0648\u0643\u0633\u064a\u062f\u064a\u0644 5% \u0641\u0642\u0637 \u0639\u0644\u0649 \u0641\u0631\u0648\u0629 \u0627\u0644\u0631\u0623\u0633 \u0627\u0644\u0635\u062d\u064a\u0629. \u062a\u062c\u0646\u0628 \u0627\u0644\u0627\u0633\u062a\u062e\u062f\u0627\u0645 \u0641\u064a \u062d\u0627\u0644\u0629 \u0627\u0644\u062a\u0647\u064a\u062c \u0623\u0648 \u0627\u0644\u0627\u062d\u0645\u0631\u0627\u0631 \u0627\u0644\u0645\u0633\u062a\u0645\u0631 \u0623\u0648 \u0627\u0644\u0627\u0644\u062a\u0647\u0627\u0628 \u0623\u0648 \u0627\u0644\u0625\u062d\u0633\u0627\u0633 \u0627\u0644\u0645\u0624\u0644\u0645 \u0628\u0641\u0631\u0648\u0629 \u0627\u0644\u0631\u0623\u0633. \u0644\u0627 \u062a\u0636\u0639 \u0627\u0644\u0645\u0646\u062a\u062c \u0639\u0644\u0649 \u0623\u064a \u062c\u0632\u0621 \u0622\u062e\u0631 \u0645\u0646 \u0627\u0644\u062c\u0633\u0645.<\/p>\n<\/div>\n<\/div>","protected":false},"excerpt":{"rendered":"<h3><span style=\"color: #0470db;\"><strong>\u00a0\u062a\u0633\u0627\u0642\u0637 \u0627\u0644\u0634\u0639\u0631 \u0627\u0644\u0634\u062f\u064a\u062f.<\/strong><\/span><\/h3>\n<p>Minoxidil 5% est un m\u00e9dicament indiqu\u00e9 chez l&rsquo;homme en cas de chute de cheveux mod\u00e9r\u00e9e (alop\u00e9cie androg\u00e9n\u00e9tique).<\/p>\n<h3><span style=\"color: #ff0000;\"><strong>Pour Homme<\/strong><\/span><\/h3>","protected":false},"featured_media":7891,"comment_status":"open","ping_status":"closed","template":"","meta":{"_acf_changed":false},"product_brand":[1546],"product_cat":[102,138],"product_tag":[740,946,1013,917],"class_list":{"0":"post-7890","1":"product","2":"type-product","3":"status-publish","4":"has-post-thumbnail","6":"product_brand-baileul","7":"product_cat-soin-et-bien-etre","8":"product_cat-cheveux_","9":"product_tag-Antichute","10":"product_tag-CheveuxEnChute","11":"product_tag-chutesevere","12":"product_tag-Solution","14":"first","15":"outofstock","16":"taxable","17":"shipping-taxable","18":"purchasable","19":"product-type-simple"},"acf":[],"_links":{"self":[{"href":"https:\/\/pharmacima.com\/ar\/wp-json\/wp\/v2\/product\/7890","targetHints":{"allow":["GET"]}}],"collection":[{"href":"https:\/\/pharmacima.com\/ar\/wp-json\/wp\/v2\/product"}],"about":[{"href":"https:\/\/pharmacima.com\/ar\/wp-json\/wp\/v2\/types\/product"}],"replies":[{"embeddable":true,"href":"https:\/\/pharmacima.com\/ar\/wp-json\/wp\/v2\/comments?post=7890"}],"wp:featuredmedia":[{"embeddable":true,"href":"https:\/\/pharmacima.com\/ar\/wp-json\/wp\/v2\/media\/7891"}],"wp:attachment":[{"href":"https:\/\/pharmacima.com\/ar\/wp-json\/wp\/v2\/media?parent=7890"}],"wp:term":[{"taxonomy":"product_brand","embeddable":true,"href":"https:\/\/pharmacima.com\/ar\/wp-json\/wp\/v2\/product_brand?post=7890"},{"taxonomy":"product_cat","embeddable":true,"href":"https:\/\/pharmacima.com\/ar\/wp-json\/wp\/v2\/product_cat?post=7890"},{"taxonomy":"product_tag","embeddable":true,"href":"https:\/\/pharmacima.com\/ar\/wp-json\/wp\/v2\/product_tag?post=7890"}],"curies":[{"name":"wp","href":"https:\/\/api.w.org\/{rel}","templated":true}]}}