{"id":8084,"date":"2021-05-21T21:22:03","date_gmt":"2021-05-21T20:22:03","guid":{"rendered":"https:\/\/pharmacima.dz\/?post_type=product&#038;p=8084"},"modified":"2026-04-09T00:26:37","modified_gmt":"2026-04-08T23:26:37","slug":"detranspirant-pieds-mains-lotion-etiaxil","status":"publish","type":"product","link":"https:\/\/pharmacima.com\/ar\/product\/detranspirant-pieds-mains-lotion-etiaxil\/","title":{"rendered":"Detranspirant Pieds et Mains Lotion Peaux Normales 100 ml Etiaxil"},"content":{"rendered":"<div id=\"description\">\n<h3 class=\"titre_zone_desc\"><strong>\u0648\u0635\u0641<\/strong><\/h3>\n<div class=\"content_zone_desc tabcontent\">\n<div id=\"type_info_prio_11_1\">\n<p>\u0644\u0648\u0634\u0646 \u0639\u0644\u0627\u062c \u0627\u0644\u0642\u062f\u0645 \u0627\u0644\u0645\u0636\u0627\u062f \u0644\u0644\u062a\u0639\u0631\u0642 \u0645\u0646 \u0625\u062a\u064a\u0627\u0643\u0633\u064a\u0644 \u0644\u0644\u0628\u0634\u0631\u0629 \u0627\u0644\u0639\u0627\u062f\u064a\u0629 100 \u0645\u0644 \u0645\u0635\u0645\u0645 \u062e\u0635\u064a\u0635\u064b\u0627 \u0644\u062a\u0646\u0638\u064a\u0645 \u062a\u0639\u0631\u0642 \u0627\u0644\u0642\u062f\u0645\u064a\u0646\u060c \u062f\u0648\u0646 \u0639\u0631\u0642\u0644\u0629 \u0647\u0630\u0647 \u0627\u0644\u0638\u0627\u0647\u0631\u0629 \u0627\u0644\u0637\u0628\u064a\u0639\u064a\u0629.<\/p>\n<p>\u064a\u0645\u0646\u0639 \u0647\u0630\u0627 \u0627\u0644\u0645\u0646\u062a\u062c \u0623\u064a\u0636\u064b\u0627 \u062a\u0643\u0648\u064a\u0646 \u0627\u0644\u0631\u0648\u0627\u0626\u062d \u0627\u0644\u0645\u0632\u0639\u062c\u0629. )<\/p>\n<p>pour \u00e9l\u00e9ment actif le chlorure d&rsquo;aluminium hexahydrat\u00e9 en solution dans l&rsquo;alcool, ce dernier permettant une optimisation de l&rsquo;action du chlorure d&rsquo;aluminium et assurant une fonction antibact\u00e9rienne.<\/p>\n<p>\u064a\u0633\u0627\u0639\u062f \u0647\u0630\u0627 \u0627\u0644\u0627\u0631\u062a\u0628\u0627\u0637 \u0623\u064a\u0636\u064b\u0627 \u0641\u064a \u062a\u062f\u0645\u064a\u0631 \u0627\u0644\u0639\u0648\u0627\u0645\u0644 \u0627\u0644\u0645\u0633\u0624\u0648\u0644\u0629 \u0639\u0646 \u0627\u0644\u0631\u0648\u0627\u0626\u062d \u0627\u0644\u0645\u0632\u0639\u062c\u0629.<\/p>\n<p>\u0639\u0646\u062f \u062a\u0637\u0628\u064a\u0642\u0647 \u0639\u0644\u0649 \u0627\u0644\u0642\u062f\u0645\u064a\u0646 \u0628\u0627\u0644\u062a\u0643\u0631\u0627\u0631 \u0627\u0644\u0645\u0637\u0644\u0648\u0628\u060c \u064a\u0639\u0645\u0644 \u0627\u0644\u0645\u0646\u062a\u062c \u0645\u0628\u0627\u0634\u0631\u0629 \u0639\u0644\u0649 \u0627\u0644\u063a\u062f\u062f \u0627\u0644\u0639\u0631\u0642\u064a\u0629 \u0648\u0628\u0627\u0644\u062a\u0627\u0644\u064a \u064a\u0646\u0638\u0645 \u062a\u062f\u0641\u0642 \u0627\u0644\u0639\u0631\u0642. \u0648\u062a\u063a\u0641\u0648 \u0627\u0644\u063a\u062f\u062f \u0627\u0644\u0645\u0639\u0627\u0644\u062c\u0629 \u0628\u0647\u0630\u0647 \u0627\u0644\u0637\u0631\u064a\u0642\u0629 \u0628\u064a\u0646\u0645\u0627 \u062a\u0638\u0644 \u0633\u0644\u064a\u0645\u0629.<\/p>\n<p>\u0628\u062f\u0648\u0646 \u0639\u0637\u0631.<\/p>\n<\/div>\n<\/div>\n<\/div>\n<div>\n<div class=\"bloc_depliable\">\n<div class=\"titre_zone_desc bloc_depliable_zone_click\">\n<h3><strong>\u0627\u0633\u062a\u062e\u062f\u0627\u0645 \u0627\u0644\u0645\u0634\u0648\u0631\u0629<\/strong><\/h3>\n<\/div>\n<div class=\"content_zone_desc bloc_depliable_cnt cnt_deplie tabcontent\">\n<div>\n<div id=\"type_info_prio_6_1\">\n<p>\u0644\u0644\u062d\u0635\u0648\u0644 \u0639\u0644\u0649 \u0641\u0639\u0627\u0644\u064a\u0629 \u0623\u0641\u0636\u0644\u060c \u0636\u0639\u064a \u0625\u064a\u062a\u064a\u0627\u0643\u0633\u064a\u0644 \u0641\u064a \u0627\u0644\u0645\u0633\u0627\u0621 \u0639\u0644\u0649 \u0628\u0634\u0631\u0629 \u062c\u0627\u0641\u0629 \u0648\u0635\u062d\u064a\u0629.<\/p>\n<p>\u0641\u064a \u0627\u0644\u0628\u062f\u0627\u064a\u0629\u060c \u0636\u0639\u064a Etiaxil Normal Skin \u0643\u0644 \u0645\u0633\u0627\u0621 \u062d\u062a\u0649 \u064a\u062a\u0645 \u0627\u0644\u062d\u0635\u0648\u0644 \u0639\u0644\u0649 \u0627\u0644\u0646\u062a\u064a\u062c\u0629 \u0627\u0644\u0645\u0631\u063a\u0648\u0628\u0629 (\u0639\u0627\u062f\u0629 \u062e\u0644\u0627\u0644 2 \u0625\u0644\u0649 3 \u0623\u064a\u0627\u0645). \u062b\u0645 \u0642\u0645 \u0628\u062a\u0637\u0628\u064a\u0642 Etiaxil 2 \u0625\u0644\u0649 3 \u0645\u0631\u0627\u062a \u0641\u064a \u0627\u0644\u0623\u0633\u0628\u0648\u0639 \u0623\u0648 \u0643\u0644\u0645\u0627 \u062f\u0639\u062a \u0627\u0644\u062d\u0627\u062c\u0629 \u0644\u0644\u062d\u0641\u0627\u0638 \u0639\u0644\u0649 \u0627\u0644\u062a\u0639\u0631\u0642 \u062a\u062d\u062a \u0627\u0644\u0633\u064a\u0637\u0631\u0629.<\/p>\n<\/div>\n<div class=\"description_indication\"><strong><span class=\"bold\">\u0625\u0634\u0627\u0631\u0629<\/span>\u00a0<\/strong>:\u00a0<span id=\"type_info_prio_6_2_1\">\u0627\u0644\u062a\u0639\u0631\u0642 \u0627\u0644\u0632\u0627\u0626\u062f \u0641\u064a \u0627\u0644\u0642\u062f\u0645\u064a\u0646\u060c \u0627\u0644\u062c\u0644\u062f \u0627\u0644\u0637\u0628\u064a\u0639\u064a.<\/span><\/div>\n<div><\/div>\n<\/div>\n<div><\/div>\n<\/div>\n<\/div>\n<div class=\"bloc_depliable\">\n<div class=\"titre_zone_desc bloc_depliable_zone_click\">\n<h3><strong>\u0627\u0644\u062a\u0631\u0643\u064a\u0628\u0629<\/strong><\/h3>\n<\/div>\n<div class=\"content_zone_desc bloc_depliable_cnt tabcontent cnt_deplie\">\n<div class=\"longcompo\">\n<p>\u062f\u064a\u0646\u0627\u062a \u0627\u0644\u0643\u062d\u0648\u0644\u060c \u0643\u0644\u0648\u0631\u064a\u062f \u0627\u0644\u0623\u0644\u0648\u0645\u0646\u064a\u0648\u0645\u060c PEG-12 \u062f\u0627\u064a\u0645\u064a\u062b\u064a\u0643\u0648\u0646.<\/p>\n<\/div>\n<\/div>\n<\/div>\n<\/div>","protected":false},"excerpt":{"rendered":"<p>DESCRIPTION Etiaxil Traitement D\u00e9transpirant Pieds Lotion Peaux Normales 100 ml est sp\u00e9cialement destin\u00e9 \u00e0 r\u00e9guler la transpiration des pieds, sans toutefois bloquer ce ph\u00e9nom\u00e8ne naturel. Ce produit pr\u00e9vient \u00e9galement la formation d&rsquo;odeurs g\u00eanantes. ) pour \u00e9l\u00e9ment actif le chlorure d&rsquo;aluminium hexahydrat\u00e9 en solution dans l&rsquo;alcool, ce dernier permettant une optimisation de l&rsquo;action du chlorure d&rsquo;aluminium [&hellip;]<\/p>\n","protected":false},"featured_media":147837,"comment_status":"open","ping_status":"closed","template":"","meta":{"_acf_changed":false},"product_brand":[1405],"product_cat":[102,140],"product_tag":[],"class_list":{"0":"post-8084","1":"product","2":"type-product","3":"status-publish","4":"has-post-thumbnail","6":"product_brand-etiaxil","7":"product_cat-soin-et-bien-etre","8":"product_cat-mains","10":"first","11":"outofstock","12":"sale","13":"taxable","14":"shipping-taxable","15":"purchasable","16":"product-type-simple"},"acf":[],"_links":{"self":[{"href":"https:\/\/pharmacima.com\/ar\/wp-json\/wp\/v2\/product\/8084","targetHints":{"allow":["GET"]}}],"collection":[{"href":"https:\/\/pharmacima.com\/ar\/wp-json\/wp\/v2\/product"}],"about":[{"href":"https:\/\/pharmacima.com\/ar\/wp-json\/wp\/v2\/types\/product"}],"replies":[{"embeddable":true,"href":"https:\/\/pharmacima.com\/ar\/wp-json\/wp\/v2\/comments?post=8084"}],"wp:featuredmedia":[{"embeddable":true,"href":"https:\/\/pharmacima.com\/ar\/wp-json\/wp\/v2\/media\/147837"}],"wp:attachment":[{"href":"https:\/\/pharmacima.com\/ar\/wp-json\/wp\/v2\/media?parent=8084"}],"wp:term":[{"taxonomy":"product_brand","embeddable":true,"href":"https:\/\/pharmacima.com\/ar\/wp-json\/wp\/v2\/product_brand?post=8084"},{"taxonomy":"product_cat","embeddable":true,"href":"https:\/\/pharmacima.com\/ar\/wp-json\/wp\/v2\/product_cat?post=8084"},{"taxonomy":"product_tag","embeddable":true,"href":"https:\/\/pharmacima.com\/ar\/wp-json\/wp\/v2\/product_tag?post=8084"}],"curies":[{"name":"wp","href":"https:\/\/api.w.org\/{rel}","templated":true}]}}