{"id":8329,"date":"2021-06-04T19:20:28","date_gmt":"2021-06-04T18:20:28","guid":{"rendered":"https:\/\/pharmacima.dz\/?post_type=product&#038;p=8329"},"modified":"2026-04-10T20:35:54","modified_gmt":"2026-04-10T19:35:54","slug":"creme-hydratante-ha-tube-30ml-the-ordinary","status":"publish","type":"product","link":"https:\/\/pharmacima.com\/ar\/product\/creme-hydratante-ha-tube-30ml-the-ordinary\/","title":{"rendered":"Cr\u00e8me Hydratante + HA Tube 30ml The Ordinary"},"content":{"rendered":"<h3><strong>\u0648\u0635\u0641<\/strong><\/h3>\n<p><strong>\u0623\u0646\u0628\u0648\u0628 30 \u0645\u0644<\/strong><\/p>\n<p>\u0635\u064a\u063a\u0629 \u0627\u0644\u062a\u0631\u0637\u064a\u0628 \u0627\u0644\u0633\u0637\u062d\u064a<\/p>\n<p>\u0639\u0648\u0627\u0645\u0644 \u0627\u0644\u062a\u0631\u0637\u064a\u0628 \u0627\u0644\u0637\u0628\u064a\u0639\u064a\u0629 (NHFs) \u0647\u064a \u0627\u0644\u0639\u0646\u0627\u0635\u0631 \u0627\u0644\u062a\u064a \u062a\u062d\u0645\u064a \u0633\u0637\u062d \u0627\u0644\u062c\u0644\u062f \u0648\u062a\u0628\u0642\u064a\u0647 \u0631\u0637\u0628\u064b\u0627.<\/p>\n<p>Les FNH sont compos\u00e9s de multiples acides amin\u00e9s, d&#039;acides gras, de triglyc\u00e9rides, d&#039;ur\u00e9e, de c\u00e9ramides, de phospholipides, de glyc\u00e9rine, de saccharides, de sodium PCA, d&#039;Acide Hyaluronique et encore d&#039;autres composants naturellement pr\u00e9sents dans \u0627\u0644\u062c\u0644\u062f.<\/p>\n<p>\u062a\u0648\u0641\u0631 \u0647\u0630\u0647 \u0627\u0644\u062a\u0631\u0643\u064a\u0628\u0629 \u062a\u0631\u0637\u064a\u0628\u064b\u0627 \u063a\u064a\u0631 \u062f\u0647\u0646\u064a \u064a\u062d\u0644 \u0645\u062d\u0644 \u0648\u064a\u0639\u0632\u0632 \u0645\u0631\u0643\u0628\u0627\u062a FNH \u0627\u0644\u0636\u0639\u064a\u0641\u0629.<\/p>\n<p>\u0623\u0646\u0647 \u064a\u062d\u062a\u0648\u064a \u0639\u0644\u0649 11 \u0645\u0646 \u0627\u0644\u0623\u062d\u0645\u0627\u0636 \u0627\u0644\u0623\u0645\u064a\u0646\u064a\u0629\u060c \u0627\u0644\u062f\u0647\u0648\u0646 \u0627\u0644\u0641\u0648\u0633\u0641\u0627\u062a\u064a\u0629\u060c \u0623\u062d\u0645\u0627\u0636 \u0623\u0644\u0641\u0627 \u0648\u0628\u064a\u062a\u0627 \u0648\u063a\u0627\u0645\u0627 \u0627\u0644\u062f\u0647\u0646\u064a\u0629\u060c \u0627\u0644\u062f\u0647\u0648\u0646 \u0627\u0644\u062b\u0644\u0627\u062b\u064a\u0629\u060c \u0633\u062a\u064a\u0631\u0648\u0644 \u0648\u0627\u0633\u062a\u0631\u0627\u062a \u0633\u062a\u064a\u0631\u0648\u0644\u060c \u0627\u0644\u062c\u0644\u0633\u0631\u064a\u0646\u060c \u0633\u0644\u0627\u0626\u0641 \u0633\u064a\u0631\u0627\u0645\u064a\u062f\u060c \u0627\u0644\u064a\u0648\u0631\u064a\u0627\u060c \u0627\u0644\u0633\u0643\u0631\u064a\u0627\u062a\u060c \u0627\u0644\u0635\u0648\u062f\u064a\u0648\u0645 PCA \u0648\u062d\u0645\u0636 \u0627\u0644\u0647\u064a\u0627\u0644\u0648\u0631\u0648\u0646\u064a\u0643. \u062a\u0648\u0641\u0631 \u0627\u0644\u062a\u0631\u0643\u064a\u0628\u0629 \u062a\u0631\u0637\u064a\u0628\u064b\u0627 \u0641\u0648\u0631\u064a\u064b\u0627 \u0648\u0637\u0648\u064a\u0644 \u0627\u0644\u0623\u0645\u062f.<\/p>\n<div class=\"prdct__details-benefits\">\n<hr \/>\n<h3 class=\"prdct__details-title\"><span style=\"color: #ff0000;\"><strong>\u0641\u0627\u0626\u062f\u0629 \u0627\u0644\u0645\u0646\u062a\u062c<\/strong><\/span><\/h3>\n<\/div>\n<div>\n<p>- \u0627\u0644\u062a\u0631\u0637\u064a\u0628 \u0627\u0644\u0623\u0645\u062b\u0644.<\/p>\n<p>- \u0644\u0627 \u064a\u0633\u0628\u0628 \u062a\u0647\u064a\u062c \u0627\u0644\u062c\u0644\u062f.<\/p>\n<p>- \u062a\u0631\u0637\u064a\u0628 \u064a\u062f\u0648\u0645 24 \u0633\u0627\u0639\u0629.<\/p>\n<p>- \u064a\u062d\u0645\u064a \u0645\u0646 \u0627\u0644\u062a\u0644\u0648\u062b.<\/p>\n<\/div>\n<div>\n<hr \/>\n<\/div>\n<h3><span style=\"color: #808080;\"><strong>\u0627\u0633\u062a\u062e\u062f\u0627\u0645 \u0627\u0644\u0645\u0634\u0648\u0631\u0629<\/strong><\/span><\/h3>\n<div>\u0636\u0639\u064a\u0647 \u0628\u0639\u062f \u0627\u0644\u0633\u064a\u0631\u0648\u0645 \u0648\u062d\u0633\u0628 \u0627\u0644\u062d\u0627\u062c\u0629<br \/>\n\u0644\u0644\u062d\u0635\u0648\u0644 \u0639\u0644\u0649 \u062a\u0631\u0637\u064a\u0628 \u0633\u0637\u062d\u064a \u0641\u0639\u0627\u0644<\/div>\n<div>\n<hr \/>\n<\/div>\n<div><\/div>\n<h3><span style=\"color: #333399;\"><strong>\u0627\u0644\u062a\u0631\u0643\u064a\u0628\u0629 :<\/strong><\/span><\/h3>\n<div><\/div>\n<div>\n<div class=\"prdct__content go-back\">\n<div id=\"prdct-details\" class=\"prdct__details\">\n<div class=\"prdct__details-wrap\">\n<div id=\"ingredients\" class=\"prdct__details-content\">\n<p>\u0623\u0643\u0648\u0627 (\u0645\u0627\u0621)\u060c \u0643\u0627\u0628\u0631\u064a\u0644\u064a\u0643\/\u0643\u0627\u0628\u0631\u064a\u0643 \u062b\u0644\u0627\u062b\u064a \u0627\u0644\u063a\u0644\u064a\u0633\u0631\u064a\u062f\u060c \u0643\u062d\u0648\u0644 \u0633\u064a\u062a\u064a\u0644\u060c \u0628\u0631\u0648\u0628\u0627\u0646\u062f\u064a\u0648\u0644\u060c \u0643\u062d\u0648\u0644 \u0633\u062a\u064a\u0631\u064a\u0644\u060c \u062c\u0644\u064a\u0633\u0631\u064a\u0646\u060c \u0647\u064a\u0627\u0644\u0648\u0631\u0648\u0646\u0627\u062a \u0627\u0644\u0635\u0648\u062f\u064a\u0648\u0645\u060c \u0623\u0631\u062c\u064a\u0646\u064a\u0646\u060c \u062d\u0645\u0636 \u0627\u0644\u0623\u0633\u0628\u0627\u0631\u062a\u064a\u0643\u060c \u062c\u0644\u064a\u0633\u064a\u0646\u060c \u0623\u0644\u0627\u0646\u064a\u0646\u060c \u0633\u064a\u0631\u064a\u0646\u060c \u0641\u0627\u0644\u064a\u0646\u060c \u0622\u064a\u0632\u0648\u0644\u064a\u0648\u0633\u064a\u0646\u060c \u0628\u0631\u0648\u0644\u064a\u0646\u060c \u062b\u0631\u064a\u0648\u0646\u064a\u0646\u060c \u0647\u064a\u0633\u062a\u064a\u062f\u064a\u0646\u060c \u0641\u064a\u0646\u064a\u0644 \u0623\u0644\u0627\u0646\u064a\u0646\u060c \u062c\u0644\u0648\u0643\u0648\u0632\u060c \u0645\u0627\u0644 \u062a\u0648\u0633\u060c \u0627\u0644\u0641\u0631\u0643\u062a\u0648\u0632\u060c \u062a\u0631\u064a\u0647\u0627\u0644\u0648\u0632\u060c PCA \u0627\u0644\u0635\u0648\u062f\u064a\u0648\u0645\u060c PCA\u060c \u0644\u0627\u0643\u062a\u0627\u062a \u0627\u0644\u0635\u0648\u062f\u064a\u0648\u0645\u060c \u0627\u0644\u064a\u0648\u0631\u064a\u0627\u060c \u0623\u0644\u0627\u0646\u062a\u0648\u064a\u0646\u060c \u062d\u0645\u0636 \u0627\u0644\u0644\u064a\u0646\u0648\u0644\u064a\u0643\u060c \u062d\u0645\u0636 \u0627\u0644\u0623\u0648\u0644\u064a\u0643\u060c \u062c\u0644\u0633\u0631\u064a\u062f\u0627\u062a \u0641\u064a\u062a\u0648\u0633\u062a\u0631\u064a\u0644 \u0643\u0627\u0646\u0648\u0644\u0627\u060c \u062d\u0645\u0636 \u0627\u0644\u0628\u0627\u0644\u0645\u062a\u064a\u0643\u060c \u062d\u0627\u0645\u0636 \u062f\u0647\u0646\u064a\u060c \u0644\u064a\u0633\u064a\u062b\u064a\u0646\u060c \u062a\u0631\u064a\u0648\u0644\u064a\u0646\u060c \u062a\u0648\u0643\u0648\u0641\u064a\u0631\u0648\u0644\u060c \u0643\u0631\u0628\u0648\u0645\u064a\u0631\u060c \u0625\u064a\u0632\u0648\u0633\u064a\u062a\u064a\u062b-20\u060c \u0628\u0648\u0644\u064a \u0633\u0648\u0631\u0628\u0627\u062a 60\u060c \u0635\u0648\u062f\u064a\u0648\u0645 \u0633\u064a. \u0643\u0644\u0648\u0631\u064a\u062f\u060c \u062d\u0627\u0645\u0636 \u0627\u0644\u0633\u062a\u0631\u064a\u0643\u060c \u062b\u0644\u0627\u062b\u064a \u0625\u064a\u062b\u064a\u0644\u064a\u0646\u062f\u064a\u0627\u0645\u064a\u0646 \u062f\u064a\u0633\u0648\u0633\u064a\u0646\u0627\u062a\u060c \u0628\u0646\u062a\u064a\u0644\u064a\u0646 \u062c\u0644\u064a\u0643\u0648\u0644\u060c \u062b\u0644\u0627\u062b\u064a \u0625\u064a\u062b\u0627\u0646\u0648\u0644\u0627\u0645\u064a\u0646\u060c \u0647\u064a\u062f\u0631\u0648\u0643\u0633\u064a\u062f \u0627\u0644\u0635\u0648\u062f\u064a\u0648\u0645\u060c \u0641\u064a\u0646\u0648\u0643\u0633\u064a \u0625\u064a\u062b\u0627\u0646\u0648\u0644\u060c \u0643\u0644\u0648\u0631\u0641\u064a\u0646\u064a\u0633\u064a\u0646.<\/p>\n<\/div>\n<\/div>\n<\/div>\n<\/div>\n<div><\/div>\n<\/div>","protected":false},"excerpt":{"rendered":"<ul class=\"prdct__datas-wrap\">\n<li class=\"prdct__datas-item\">\n<div class=\"prdct__datas-icon\"><img decoding=\"async\" class=\"prdct__datas-img\" src=\"https:\/\/www.nocibe.fr\/bibliotheque\/FicheProduit\/Pictos\/Type_de_peau.png?frz-v=3545\" \/><\/div>\n<p>\u0646\u0648\u0639 \u0627\u0644\u062c\u0644\u062f:<strong>\u062c\u0645\u064a\u0639 \u0623\u0646\u0648\u0627\u0639 \u0627\u0644\u0628\u0634\u0631\u0629\u060c \u062d\u062a\u0649 \u0627\u0644\u062c\u0627\u0641\u0629<\/strong><\/li>\n<li class=\"prdct__datas-item\">\n<div class=\"prdct__datas-icon\"><img decoding=\"async\" class=\"prdct__datas-img\" src=\"https:\/\/www.nocibe.fr\/bibliotheque\/FicheProduit\/Pictos\/Contenance.png?frz-v=3545\" \/><\/div>\n<p>\u0633\u0639\u0629:<strong>30 \u0645\u0644<\/strong><\/li>\n<li class=\"prdct__datas-item\">\n<div class=\"prdct__datas-icon\"><img decoding=\"async\" class=\"prdct__datas-img\" src=\"https:\/\/www.nocibe.fr\/bibliotheque\/FicheProduit\/Pictos\/Action.png?frz-v=3545\" \/><\/div>\n<p>\u0641\u0639\u0644 :<strong>\u0647\u064a\u062f\u0631\u0627\u062a<\/strong><\/li>\n<li class=\"prdct__datas-item\">\n<div class=\"prdct__datas-icon\"><img decoding=\"async\" class=\"prdct__datas-img\" src=\"https:\/\/www.nocibe.fr\/bibliotheque\/FicheProduit\/Pictos\/Format.png?frz-v=3545\" \/><\/div>\n<p>\u0634\u0643\u0644:<strong>\u0623\u0646\u0628\u0648\u0628<\/strong><\/li>\n<li class=\"prdct__datas-item\">\n<div class=\"prdct__datas-icon\"><img decoding=\"async\" class=\"prdct__datas-img\" src=\"https:\/\/www.nocibe.fr\/bibliotheque\/FicheProduit\/Pictos\/Formulation.png?frz-v=3545\" \/><\/div>\n<p>\u0627\u0644\u0635\u064a\u0627\u063a\u0629:<strong>\u062e\u0627\u0644\u064a \u0645\u0646 \u0627\u0644\u0639\u0637\u0648\u0631 \u0648\u0627\u0644\u0628\u0627\u0631\u0627\u0628\u064a\u0646<\/strong><\/li>\n<li class=\"prdct__datas-item\">\n<div class=\"prdct__datas-icon\"><img decoding=\"async\" class=\"prdct__datas-img\" src=\"https:\/\/www.nocibe.fr\/bibliotheque\/FicheProduit\/Pictos\/Soin_sp%C3%A9cifique.png?frz-v=3545\" \/><\/div>\n<p>\u0631\u0639\u0627\u064a\u0629 \u0645\u062d\u062f\u062f\u0629:<strong>\u0627\u0644\u062a\u0631\u0637\u064a\u0628<\/strong><\/li>\n<\/ul>","protected":false},"featured_media":8332,"comment_status":"open","ping_status":"closed","template":"","meta":{"_acf_changed":false},"product_brand":[1582],"product_cat":[102,139,137],"product_tag":[],"class_list":{"0":"post-8329","1":"product","2":"type-product","3":"status-publish","4":"has-post-thumbnail","6":"product_brand-the-ordinary-the-ordinary","7":"product_cat-soin-et-bien-etre","8":"product_cat-corps_","9":"product_cat-visage","11":"first","12":"instock","13":"taxable","14":"shipping-taxable","15":"purchasable","16":"product-type-simple"},"acf":[],"_links":{"self":[{"href":"https:\/\/pharmacima.com\/ar\/wp-json\/wp\/v2\/product\/8329","targetHints":{"allow":["GET"]}}],"collection":[{"href":"https:\/\/pharmacima.com\/ar\/wp-json\/wp\/v2\/product"}],"about":[{"href":"https:\/\/pharmacima.com\/ar\/wp-json\/wp\/v2\/types\/product"}],"replies":[{"embeddable":true,"href":"https:\/\/pharmacima.com\/ar\/wp-json\/wp\/v2\/comments?post=8329"}],"wp:featuredmedia":[{"embeddable":true,"href":"https:\/\/pharmacima.com\/ar\/wp-json\/wp\/v2\/media\/8332"}],"wp:attachment":[{"href":"https:\/\/pharmacima.com\/ar\/wp-json\/wp\/v2\/media?parent=8329"}],"wp:term":[{"taxonomy":"product_brand","embeddable":true,"href":"https:\/\/pharmacima.com\/ar\/wp-json\/wp\/v2\/product_brand?post=8329"},{"taxonomy":"product_cat","embeddable":true,"href":"https:\/\/pharmacima.com\/ar\/wp-json\/wp\/v2\/product_cat?post=8329"},{"taxonomy":"product_tag","embeddable":true,"href":"https:\/\/pharmacima.com\/ar\/wp-json\/wp\/v2\/product_tag?post=8329"}],"curies":[{"name":"wp","href":"https:\/\/api.w.org\/{rel}","templated":true}]}}