{"id":8496,"date":"2021-06-08T15:54:17","date_gmt":"2021-06-08T14:54:17","guid":{"rendered":"https:\/\/pharmacima.dz\/?post_type=product&#038;p=8496"},"modified":"2023-02-15T14:28:57","modified_gmt":"2023-02-15T14:28:57","slug":"dermablend-fond-de-teint-fluide-45-gold-30ml-vichy","status":"publish","type":"product","link":"https:\/\/pharmacima.com\/ar\/product\/dermablend-fond-de-teint-fluide-45-gold-30ml-vichy\/","title":{"rendered":"\u062f\u064a\u0631\u0645\u0627\u0628\u0644\u0646\u062f N45 \u0643\u0631\u064a\u0645 \u0623\u0633\u0627\u0633 \u0633\u0627\u0626\u0644 \u0630\u0647\u0628\u064a 30 \u0645\u0644 \u0641\u064a\u0634\u064a"},"content":{"rendered":"<h3><strong>Description :<\/strong><\/h3>\n<p>Dermablend Fond de Teint Fluide Correcteur corrige les d\u00e9fauts cutan\u00e9s l\u00e9gers \u00e0 mod\u00e9r\u00e9s : rougeurs, taches et cernes.<\/p>\n<p>Les imperfections sont totalement corrig\u00e9es sans d\u00e9marcation et sans effet masque.<\/p>\n<p>La peau retrouve sa souplesse, le teint est unifi\u00e9.<\/p>\n<h3><strong>Conseils d&rsquo;utilisation :<\/strong><\/h3>\n<p>Appliquer le fond de teint sur l\u2019ensemble du visage, de l&rsquo;int\u00e9rieur vers l&rsquo;ext\u00e9rieur.<\/p>\n<p>Pour un effet plus couvrant, tapoter la mati\u00e8re sur les zones \u00e0 imperfections.<\/p>\n<p>Le fond de teint peut \u00e9galement s&rsquo;appliquer au pinceau.<\/p>\n<p>Appliquer le fond de teint sur l\u2019ensemble du visage, de l&rsquo;int\u00e9rieur vers l&rsquo;ext\u00e9rieur.<\/p>\n<p>Pour un effet plus couvrant, tapoter la mati\u00e8re sur les zones \u00e0 imperfections.<\/p>\n<p>Le fond de teint peut \u00e9galement s&rsquo;appliquer au pinceau.<\/p>\n<p>Appliquer le fond de teint sur l\u2019ensemble du visage, de l&rsquo;int\u00e9rieur vers l&rsquo;ext\u00e9rieur.<\/p>\n<p>Pour un effet plus couvrant, tapoter la mati\u00e8re sur les zones \u00e0 imperfections.<\/p>\n<p>Le fond de teint peut \u00e9galement s&rsquo;appliquer au pinceau.<\/p>\n<h3><strong>Composition :<\/strong><\/h3>\n<p>Ingredients: Aqua \/ water , undecane , dimethicone , glycerin , tridecane , polyglyceryl-4 isostearate , pentylene glycol , cetyl peg\/ppg-10\/1 dimethicone , hexyl laurate , magnesium sulfate , disteardimonium hectorite , trihydroxystearin , cellulose gum , aluminum hydroxide , disodium stearoyl glutamate , acetylated glycol stearate , acrylonitrile\/methyl methacrylate\/vinylidene chloride copolymer , ethylhexylglycerin [+\/- may contain: ci 77891 \/ titanium dioxide , ci 77491, ci 77492, ci 77499 \/ iron oxides]. (f.i.l. b54769\/6).<\/p>\n","protected":false},"excerpt":{"rendered":"<p>\u064a\u0635\u062d\u062d \u0639\u064a\u0648\u0628 \u0627\u0644\u062c\u0644\u062f \u0627\u0644\u062e\u0641\u064a\u0641\u0629 \u0625\u0644\u0649 \u0627\u0644\u0645\u062a\u0648\u0633\u0637\u0629: \u0627\u0644\u0627\u062d\u0645\u0631\u0627\u0631 \u0648\u0627\u0644\u0628\u0642\u0639 \u0648\u0627\u0644\u0647\u0627\u0644\u0627\u062a \u0627\u0644\u0633\u0648\u062f\u0627\u0621.<\/p>\n<p>30 \u0645\u0644.<\/p>","protected":false},"featured_media":0,"comment_status":"open","ping_status":"closed","template":"","meta":{"_acf_changed":false},"product_brand":[],"product_cat":[137,136,102],"product_tag":[846,936],"class_list":{"0":"post-8496","1":"product","2":"type-product","3":"status-publish","5":"product_cat-visage","6":"product_cat-protection-solaire","7":"product_cat-soin-et-bien-etre","8":"product_tag-Protectionsolaire","9":"product_tag-TousTypesDePeaux","11":"first","12":"outofstock","13":"taxable","14":"shipping-taxable","15":"product-type-simple"},"acf":[],"_links":{"self":[{"href":"https:\/\/pharmacima.com\/ar\/wp-json\/wp\/v2\/product\/8496","targetHints":{"allow":["GET"]}}],"collection":[{"href":"https:\/\/pharmacima.com\/ar\/wp-json\/wp\/v2\/product"}],"about":[{"href":"https:\/\/pharmacima.com\/ar\/wp-json\/wp\/v2\/types\/product"}],"replies":[{"embeddable":true,"href":"https:\/\/pharmacima.com\/ar\/wp-json\/wp\/v2\/comments?post=8496"}],"wp:attachment":[{"href":"https:\/\/pharmacima.com\/ar\/wp-json\/wp\/v2\/media?parent=8496"}],"wp:term":[{"taxonomy":"product_brand","embeddable":true,"href":"https:\/\/pharmacima.com\/ar\/wp-json\/wp\/v2\/product_brand?post=8496"},{"taxonomy":"product_cat","embeddable":true,"href":"https:\/\/pharmacima.com\/ar\/wp-json\/wp\/v2\/product_cat?post=8496"},{"taxonomy":"product_tag","embeddable":true,"href":"https:\/\/pharmacima.com\/ar\/wp-json\/wp\/v2\/product_tag?post=8496"}],"curies":[{"name":"wp","href":"https:\/\/api.w.org\/{rel}","templated":true}]}}