{"id":8701,"date":"2021-06-15T15:14:56","date_gmt":"2021-06-15T14:14:56","guid":{"rendered":"https:\/\/pharmacima.dz\/?post_type=product&#038;p=8701"},"modified":"2026-04-28T16:34:44","modified_gmt":"2026-04-28T15:34:44","slug":"gouttes-probiotiques-5ml-biogaia","status":"publish","type":"product","link":"https:\/\/pharmacima.com\/ar\/product\/gouttes-probiotiques-5ml-biogaia\/","title":{"rendered":"Gouttes Probiotiques 5ml Biogaia"},"content":{"rendered":"<div class=\"wrap\">\n<section class=\"descr caracteristics\">\n<div class=\"product-tabs\">\n<h1 class=\"tabs-title\"><strong>\u0648\u0635\u0641 :<\/strong><\/h1>\n<div class=\"std new-std\">\n<div class=\"product__block__text\">\n<h2><span dir=\"auto\">L&rsquo;original Biogaia, toujours le meilleur ! Approuv\u00e9 par les parents du monde entier, le compl\u00e9ment probiotique BioGaia Protectis pour b\u00e9b\u00e9 est un produit de haute qualit\u00e9 qui apporte \u00e0 votre b\u00e9b\u00e9 de bonnes bact\u00e9ries, Offrez \u00e0 votre b\u00e9b\u00e9 le meilleur d\u00e9part dans la vie d\u00e8s aujourd&rsquo;hui !<\/span><\/h2>\n<\/div>\n<p><span style=\"color: #202124; font-family: arial, sans-serif;\">\u0641\u0639\u0627\u0644 \u0641\u064a \u062a\u062e\u0641\u064a\u0641 \u0627\u0644\u0627\u0636\u0637\u0631\u0627\u0628\u0627\u062a \u0627\u0644\u0645\u0639\u0648\u064a\u0629 \u0627\u0644\u0623\u0643\u062b\u0631 \u0634\u064a\u0648\u0639\u064b\u0627\u060c \u0645\u062b\u0644 \u0627\u0644\u0645\u063a\u0635 \u0648\u0627\u0644\u0642\u0644\u0633 \u0648\u0627\u0644\u0625\u0645\u0633\u0627\u0643 \u0648\u0627\u0644\u0625\u0633\u0647\u0627\u0644 \u0627\u0644\u0645\u0639\u062f\u064a\u060c \u0639\u0646\u062f \u0627\u0644\u0631\u0636\u0639 \u0645\u0646\u0630 \u0627\u0644\u0648\u0644\u0627\u062f\u0629.<\/span><\/p>\n<\/div>\n<\/div>\n<div class=\"product-tabs\">\n<hr \/>\n<h2 class=\"tabs-title\"><strong>\u0627\u0633\u062a\u062e\u062f\u0627\u0645 \u0627\u0644\u0645\u0634\u0648\u0631\u0629:<\/strong><\/h2>\n<div class=\"std new-std\">\n<ul>\n<li><span dir=\"auto\">Bien agiter avant utilisation.<\/span><\/li>\n<li><span dir=\"auto\">Pour administrer les gouttes, appuyez doucement sur le tube et administrer \u00e0 la cuill\u00e8re.<\/span><\/li>\n<li><span dir=\"auto\">Utiliser 5 gouttes une fois par jour.\u00a0\u00a0<\/span><\/li>\n<li><span dir=\"auto\">Ne pas administrer directement du flacon dans la bouche, car cela pourrait alt\u00e9rer la qualit\u00e9 du produit.<\/span><\/li>\n<\/ul>\n<\/div>\n<\/div>\n<div class=\"product-tabs\">\n<hr \/>\n<h2 class=\"tabs-title\"><strong>\u0627\u0644\u062a\u0631\u0643\u064a\u0628\u0629 :<\/strong><\/h2>\n<div class=\"std new-std\">\n<p><span dir=\"auto\">Huile de tournesol,\u00a0<\/span><em><span dir=\"auto\">Limosilactobacillus reuteri<\/span><\/em><span dir=\"auto\">\u00a0DSM 17938<\/span><\/p>\n<\/div>\n<\/div>\n<\/section>\n<\/div>","protected":false},"excerpt":{"rendered":"<p><strong>\u0633\u0639\u0629<\/strong>: 5 \u0645\u0644.<\/p>\n<h3 style=\"box-sizing: border-box; margin: 0px 0px 1rem; padding: 0px;\"><span style=\"color: #000000;\"><strong><i>\u00a0les coliques , la r\u00e9gurgitation , la constipation et la diarrh\u00e9e infectieuse , chez les nourrissons des la naissance .\u00a0<\/i><\/strong><\/span><\/h3>\n<p style=\"box-sizing: border-box; margin: 0px 0px 1rem; padding: 0px;\">","protected":false},"featured_media":148440,"comment_status":"open","ping_status":"closed","template":"","meta":{"_acf_changed":false},"product_brand":[1545],"product_cat":[135,102],"product_tag":[],"class_list":{"0":"post-8701","1":"product","2":"type-product","3":"status-publish","4":"has-post-thumbnail","6":"product_brand-biogaia","7":"product_cat-sport-_sante","8":"product_cat-soin-et-bien-etre","10":"first","11":"instock","12":"taxable","13":"shipping-taxable","14":"purchasable","15":"product-type-simple"},"acf":[],"_links":{"self":[{"href":"https:\/\/pharmacima.com\/ar\/wp-json\/wp\/v2\/product\/8701","targetHints":{"allow":["GET"]}}],"collection":[{"href":"https:\/\/pharmacima.com\/ar\/wp-json\/wp\/v2\/product"}],"about":[{"href":"https:\/\/pharmacima.com\/ar\/wp-json\/wp\/v2\/types\/product"}],"replies":[{"embeddable":true,"href":"https:\/\/pharmacima.com\/ar\/wp-json\/wp\/v2\/comments?post=8701"}],"wp:featuredmedia":[{"embeddable":true,"href":"https:\/\/pharmacima.com\/ar\/wp-json\/wp\/v2\/media\/148440"}],"wp:attachment":[{"href":"https:\/\/pharmacima.com\/ar\/wp-json\/wp\/v2\/media?parent=8701"}],"wp:term":[{"taxonomy":"product_brand","embeddable":true,"href":"https:\/\/pharmacima.com\/ar\/wp-json\/wp\/v2\/product_brand?post=8701"},{"taxonomy":"product_cat","embeddable":true,"href":"https:\/\/pharmacima.com\/ar\/wp-json\/wp\/v2\/product_cat?post=8701"},{"taxonomy":"product_tag","embeddable":true,"href":"https:\/\/pharmacima.com\/ar\/wp-json\/wp\/v2\/product_tag?post=8701"}],"curies":[{"name":"wp","href":"https:\/\/api.w.org\/{rel}","templated":true}]}}