{"id":9200,"date":"2021-07-04T14:26:23","date_gmt":"2021-07-04T13:26:23","guid":{"rendered":"https:\/\/pharmacima.dz\/?post_type=product&#038;p=9200"},"modified":"2023-10-02T16:53:46","modified_gmt":"2023-10-02T16:53:46","slug":"b-protect-spf-50-avene","status":"publish","type":"product","link":"https:\/\/pharmacima.com\/ar\/product\/b-protect-spf-50-avene\/","title":{"rendered":"\u0628\u064a \u0628\u0631\u0648\u062a\u0643\u062a SPF 50+ 30 \u0645\u0644- \u0623\u0641\u064a\u0646"},"content":{"rendered":"<h3><strong>Description:\u00a0<\/strong><\/h3>\n<p>Un soin solaire qui apporte beaut\u00e9 et protection. Une action 3-en-1 in\u00e9dite : B-Protect SPF 50+ offre \u00e0 la peau une large protection UVB-UVA, anti-pollution et un effet embellisseur imm\u00e9diat. Sa formule int\u00e8gre des micro-pigments encapsul\u00e9s teint\u00e9s qui se lib\u00e8rent d\u00e8s l&rsquo;application et r\u00e9v\u00e8lent un teint frais et lumineux. B-Protect SPF 50+ est parfaitement adapt\u00e9 \u00e0 toutes les peaux sensibles \u00e0 la recherche d&rsquo;une protection solaire embellisseur de teint.<\/p>\n<hr>\n<h3><span style=\"color: #ff6600\" data-mce-style=\"color: #ff6600;\">Avantage<\/span><\/h3>\n<p>Une action 3-en-1 in\u00e9dite : une large protection UVB-UVA, anti-pollution et un effet embellisseur gr\u00e2ce \u00e0 des micro-pigments encapsul\u00e9s, pour un teint frais et lumineux.<\/p>\n<hr>\n<h3><span style=\"color: #ff6600\" data-mce-style=\"color: #ff6600;\">B\u00e9n\u00e9fices:<\/span><\/h3>\n<p>\u2022 PHOTOPROTECTEUR : des filtres UVB-UVA photostables qui luttent contre les effets nocifs du rayonnement solaire.<br \/>\u2022 ANTIOXYDANT : contribue \u00e0 assurer une protection des cellules contre les radicaux libres.<br \/>\u2022 ANTI-POLLUTION : pour une protection parfaitement adapt\u00e9e \u00e0 un usage urbain.<br \/>\u2022 EMBELLISSEUR : un fini lumineux et un effet homog\u00e8ne.<\/p>\n<hr>\n<h3 class=\"ingredient-small-header\"><span style=\"color: #33cccc\" data-mce-style=\"color: #33cccc;\"><strong>Composition:<\/strong><\/span><i class=\"ingredient-btn minus \"><\/i><\/h3>\n<div id=\"ingredient-collapse\" class=\"collapse show\">\n<div class=\"composition-content\">\n<p><em>AVENE THERMAL SPRING WATER (AVENE AQUA). C12-15 ALKYL BENZOATE. DICAPRYLYL CARBONATE. METHYLENE BIS-BENZOTRIAZOLYL TETRAMETHYLBUTYLPHENOL [NANO]. WATER (AQUA). SILICA. BIS-ETHYLHEXYLOXYPHENOL METHOXYPHENYL TRIAZINE. DIETHYLHEXYL BUTAMIDO TRIAZONE. ALUMINUM STARCH OCTENYLSUCCINATE. DIISOPROPYL ADIPATE. BUTYL METHOXYDIBENZOYLMETHANE. TITANIUM DIOXIDE (CI 77891). DECYL GLUCOSIDE. GLYCERYL STEARATE. PEG-100 STEARATE. POTASSIUM CETYL PHOSPHATE. VP\/EICOSENE COPOLYMER. ACRYLATES\/AMMONIUM METHACRYLATE COPOLYMER. ACRYLATES\/C10-30 ALKYL ACRYLATE CROSSPOLYMER. ALUMINA. BENZOIC ACID. BUTYLENE GLYCOL. CAPRYLIC\/CAPRIC TRIGLYCERIDE. CAPRYLYL GLYCOL. DISODIUM EDTA. FRAGRANCE (PARFUM). GLYCERYL BEHENATE. GLYCERYL DIBEHENATE. IRON OXIDES (CI 77492) (CI 77491) (CI 77499). ISOPROPYL MYRISTATE. OXOTHIAZOLIDINE. PROPYLENE GLYCOL. SODIUM BENZOATE. SODIUM HYDROXIDE. STEARYL ALCOHOL. TOCOPHEROL. TOCOPHERYL GLUCOSIDE. TRIBEHENIN. TRIETHYL CITRATE. XANTHAN GUM<\/em><\/p>\n<\/div>\n<div class=\"composition-naturalite-content\">\n<p>Il est recommand\u00e9 au consommateur de v\u00e9rifier syst\u00e9matiquement la composition du produit avant son achat.<\/p>\n<\/div>\n<\/div>\n","protected":false},"excerpt":{"rendered":"<h4 class=\"product-capacity\"><span style=\"color: #ff6600\" data-mce-style=\"color: #ff6600;\">\u0623\u0646\u0628\u0648\u0628 30 \u0645\u0644<\/span><\/h4>\n<p>\u0627\u0644\u0639\u0646\u0627\u064a\u0629 \u0628\u0627\u0644\u0634\u0645\u0633 \u0644\u062a\u0643\u0648\u0646 \u062c\u0645\u064a\u0644\u0629 \u0648\u0645\u062d\u0645\u064a\u0629 \u0643\u0644 \u064a\u0648\u0645.<\/p>","protected":false},"featured_media":9201,"comment_status":"open","ping_status":"closed","template":"","meta":{"_acf_changed":false},"product_brand":[],"product_cat":[102,136,137],"product_tag":[920],"class_list":{"0":"post-9200","1":"product","2":"type-product","3":"status-publish","4":"has-post-thumbnail","6":"product_cat-soin-et-bien-etre","7":"product_cat-protection-solaire","8":"product_cat-visage","9":"product_tag-Peauxsensibles","11":"first","12":"outofstock","13":"taxable","14":"shipping-taxable","15":"product-type-simple"},"acf":[],"_links":{"self":[{"href":"https:\/\/pharmacima.com\/ar\/wp-json\/wp\/v2\/product\/9200","targetHints":{"allow":["GET"]}}],"collection":[{"href":"https:\/\/pharmacima.com\/ar\/wp-json\/wp\/v2\/product"}],"about":[{"href":"https:\/\/pharmacima.com\/ar\/wp-json\/wp\/v2\/types\/product"}],"replies":[{"embeddable":true,"href":"https:\/\/pharmacima.com\/ar\/wp-json\/wp\/v2\/comments?post=9200"}],"wp:featuredmedia":[{"embeddable":true,"href":"https:\/\/pharmacima.com\/ar\/wp-json\/wp\/v2\/media\/9201"}],"wp:attachment":[{"href":"https:\/\/pharmacima.com\/ar\/wp-json\/wp\/v2\/media?parent=9200"}],"wp:term":[{"taxonomy":"product_brand","embeddable":true,"href":"https:\/\/pharmacima.com\/ar\/wp-json\/wp\/v2\/product_brand?post=9200"},{"taxonomy":"product_cat","embeddable":true,"href":"https:\/\/pharmacima.com\/ar\/wp-json\/wp\/v2\/product_cat?post=9200"},{"taxonomy":"product_tag","embeddable":true,"href":"https:\/\/pharmacima.com\/ar\/wp-json\/wp\/v2\/product_tag?post=9200"}],"curies":[{"name":"wp","href":"https:\/\/api.w.org\/{rel}","templated":true}]}}