{"id":9282,"date":"2021-07-07T13:38:20","date_gmt":"2021-07-07T12:38:20","guid":{"rendered":"https:\/\/pharmacima.dz\/?post_type=product&#038;p=9282"},"modified":"2026-03-02T12:56:23","modified_gmt":"2026-03-02T11:56:23","slug":"cicalfate-creme-40-ml-avene","status":"publish","type":"product","link":"https:\/\/pharmacima.com\/ar\/product\/cicalfate-creme-40-ml-avene\/","title":{"rendered":"\u0633\u064a\u0643\u0627\u0644\u0641\u0627\u062a + \u0643\u0631\u064a\u0645 40 \u0645\u0644 \u0623\u0641\u064a\u0646"},"content":{"rendered":"<h3><strong>DESCRIPTION :\u00a0<\/strong><\/h3>\n<div class=\"content_zone_desc tabcontent\">\n<div id=\"type_info_prio_11_1\">\n<p>Av\u00e8ne Cicalfate+ Cr\u00e8me R\u00e9paratrice Protectrice 40 ml est une cr\u00e8me pour toute la famille au complexe r\u00e9parateur et antibact\u00e9rien d\u00e9di\u00e9e aux peaux sensibles irrit\u00e9es (irritations des couches superficielles de l&rsquo;\u00e9piderme \u00e0 la suite d&rsquo;agressions diverses notamment climatiques, actes dermatologiques superficiels, traumatismes superficiels ponctuels). Elle acc\u00e9l\u00e8re le processus naturel de r\u00e9paration gr\u00e2ce \u00e0 son trio d&rsquo;actifs : [C-Restore], association de sulfate de cuivre et sulfate de zinc. Tr\u00e8s riche en Eau Thermale d&rsquo;Av\u00e8ne, elle apaise les sensations d&rsquo;inconfort des \u00e9pidermes fragilis\u00e9s (peau et zones intimes externes).<\/p>\n<p>Sa texture onctueuse s&rsquo;\u00e9tale facilement et forme un film protecteur qui favorise une r\u00e9paration de qualit\u00e9.<\/p>\n<p>Sans parfum. Non com\u00e9dog\u00e8ne.<\/p>\n<p>Fabriqu\u00e9e en France.<\/p>\n<div class=\"titre_zone_desc bloc_depliable_zone_click\">\n<hr \/>\n<h3><span style=\"color: #ff6600;\"><strong>CONSEIL D&rsquo;UTILISATION :\u00a0<\/strong><\/span><\/h3>\n<\/div>\n<div class=\"content_zone_desc bloc_depliable_cnt cnt_deplie tabcontent\">\n<div>\n<div id=\"type_info_prio_6_1\">\n<p>Appliquer 2 fois par jour sur peau nettoy\u00e9e et s\u00e9ch\u00e9e.<\/p>\n<p>Ne pas exposer \u00e0 des temp\u00e9ratures inf\u00e9rieures \u00e0 0\u00b0C.<\/p>\n<p>Eviter tout contact avec les yeux.<\/p>\n<\/div>\n<div class=\"description_indication\">\n<p><span class=\"bold\">Indication<\/span>\u00a0:\u00a0<span id=\"type_info_prio_6_2_1\">Soin r\u00e9parateur et apaisant. Peaux sensibles. Visage et corps.<\/span><\/p>\n<hr \/>\n<\/div>\n<\/div>\n<div>\n<div class=\"titre_zone_desc bloc_depliable_zone_click\">\n<h3><span style=\"color: #008080;\"><strong>COMPOSITION :<\/strong><\/span><\/h3>\n<div class=\"div_arrow_desc\"><\/div>\n<\/div>\n<div class=\"content_zone_desc bloc_depliable_cnt tabcontent cnt_deplie\">\n<div class=\"longcompo\">\n<p>Avene Thermal Spring Water (Avene Aqua), Caprylic\/Capric Triglyceride, Mineral Oil (Paraffinum Liquidum), Glycerin, Hydrogenated Vegetable Oil, Zinc Oxide, Propylene Glycol, Polyglyceryl-2 Sesquisostearate, PEG-22\/Dodecyl (Glycol) Copolymer, Aluminum Stearate, PEG-22\/Dodecyl Glycol, Copolymer Aluminum Stearate, Aquaphilus Dolomiae, Ferment Filtrate, Arginine, Beeswax (Cera Alba), Copper Sulfate, Magnesium Stearate, Magnesium Sulfate, Microcrystalline Wax (Cera Microcristallina) Tromethamine, Zinc Sulfate.<\/p>\n<\/div>\n<\/div>\n<\/div>\n<\/div>\n<\/div>\n<\/div>\n","protected":false},"excerpt":{"rendered":"<h4><span style=\"color: #ff6600;\">40 \u0645\u0644.<\/span><\/h4>\n<p>\u0643\u0631\u064a\u0645 \u0625\u0635\u0644\u0627\u062d \u0648\u0642\u0627\u0626\u064a.<\/p>","protected":false},"featured_media":147849,"comment_status":"open","ping_status":"closed","template":"","meta":{"_acf_changed":false},"product_brand":[1414],"product_cat":[102,137],"product_tag":[920],"class_list":{"0":"post-9282","1":"product","2":"type-product","3":"status-publish","4":"has-post-thumbnail","6":"product_brand-avene","7":"product_cat-soin-et-bien-etre","8":"product_cat-visage","9":"product_tag-Peauxsensibles","11":"first","12":"instock","13":"taxable","14":"shipping-taxable","15":"purchasable","16":"product-type-simple"},"acf":[],"_links":{"self":[{"href":"https:\/\/pharmacima.com\/ar\/wp-json\/wp\/v2\/product\/9282","targetHints":{"allow":["GET"]}}],"collection":[{"href":"https:\/\/pharmacima.com\/ar\/wp-json\/wp\/v2\/product"}],"about":[{"href":"https:\/\/pharmacima.com\/ar\/wp-json\/wp\/v2\/types\/product"}],"replies":[{"embeddable":true,"href":"https:\/\/pharmacima.com\/ar\/wp-json\/wp\/v2\/comments?post=9282"}],"wp:featuredmedia":[{"embeddable":true,"href":"https:\/\/pharmacima.com\/ar\/wp-json\/wp\/v2\/media\/147849"}],"wp:attachment":[{"href":"https:\/\/pharmacima.com\/ar\/wp-json\/wp\/v2\/media?parent=9282"}],"wp:term":[{"taxonomy":"product_brand","embeddable":true,"href":"https:\/\/pharmacima.com\/ar\/wp-json\/wp\/v2\/product_brand?post=9282"},{"taxonomy":"product_cat","embeddable":true,"href":"https:\/\/pharmacima.com\/ar\/wp-json\/wp\/v2\/product_cat?post=9282"},{"taxonomy":"product_tag","embeddable":true,"href":"https:\/\/pharmacima.com\/ar\/wp-json\/wp\/v2\/product_tag?post=9282"}],"curies":[{"name":"wp","href":"https:\/\/api.w.org\/{rel}","templated":true}]}}